{"id":30568,"date":"2023-11-10T16:56:12","date_gmt":"2023-11-10T15:56:12","guid":{"rendered":"https:\/\/car4rent.fr\/location-voiture-sport-grimaud\/"},"modified":"2024-03-21T17:28:40","modified_gmt":"2024-03-21T16:28:40","slug":"location-de-voiture-de-sport-grimaud","status":"publish","type":"page","link":"https:\/\/car4rent.fr\/fr\/location-de-voiture-de-sport-grimaud\/","title":{"rendered":"Location de voiture de sport Grimaud"},"content":{"rendered":"\n<style type=\"text\/css\" data-created_by=\"avia_inline_auto\" id=\"style-css-av-k9iq87co-780d3980a58d47059319da6f1d2c37ad\">\n.avia-section.av-k9iq87co-780d3980a58d47059319da6f1d2c37ad{\nbackground-repeat:no-repeat;\nbackground-image:url(https:\/\/car4rent.fr\/wp-content\/uploads\/rent-a-sports-car-grimaud-Car4rent.jpg);\nbackground-position:50% 100%;\nbackground-attachment:scroll;\n}\n<\/style>\n<div id='header-section'  class='avia-section av-k9iq87co-780d3980a58d47059319da6f1d2c37ad main_color avia-section-huge avia-no-border-styling  avia-builder-el-0  el_before_av_one_full  avia-builder-el-first  avia-full-stretch avia-bg-style-scroll av-minimum-height av-minimum-height-custom av-height-custom  container_wrap fullsize'  data-section-bg-repeat='stretch' data-av_minimum_height_px='700'><div class='container av-section-cont-open' style='height:700px'><main  class='template-page content  av-content-full alpha units'><div class='post-entry post-entry-type-page post-entry-30568'><div class='entry-content-wrapper clearfix'>\n<div  class='flex_column av-mcnp4i-b4f1dfb776f19406668444c2e91af8d7 av_one_full  avia-builder-el-1  avia-builder-el-no-sibling  first flex_column_div  '     ><style type=\"text\/css\" data-created_by=\"avia_inline_auto\" id=\"style-css-av-lf8ejcs1-e93d1ec40e6785e8b93f10a9a5d5db96\">\n#top .av-special-heading.av-lf8ejcs1-e93d1ec40e6785e8b93f10a9a5d5db96{\npadding-bottom:10px;\n}\nbody .av-special-heading.av-lf8ejcs1-e93d1ec40e6785e8b93f10a9a5d5db96 .av-special-heading-tag .heading-char{\nfont-size:25px;\n}\n.av-special-heading.av-lf8ejcs1-e93d1ec40e6785e8b93f10a9a5d5db96 .av-subheading{\nfont-size:15px;\n}\n<\/style>\n<div  class='av-special-heading av-lf8ejcs1-e93d1ec40e6785e8b93f10a9a5d5db96 av-special-heading-h4  avia-builder-el-2  avia-builder-el-no-sibling '><h4 class='av-special-heading-tag '  >Location de voiture de sport Grimaud<\/h4><div class=\"special-heading-border\"><div class=\"special-heading-inner-border\"><\/div><\/div><\/div><\/div>\n<\/div><\/div><\/main><!-- close content main element --><\/div><\/div><div id='after_section_1'  class='main_color av_default_container_wrap container_wrap fullsize'  ><div class='container av-section-cont-open' ><div class='template-page content  av-content-full alpha units'><div class='post-entry post-entry-type-page post-entry-30568'><div class='entry-content-wrapper clearfix'>\n\n<style type=\"text\/css\" data-created_by=\"avia_inline_auto\" id=\"style-css-av-k9of881m-8b75821c00ec2c33f438de9a772a6e49\">\n.flex_column.av-k9of881m-8b75821c00ec2c33f438de9a772a6e49{\nborder-radius:0px 0px 0px 0px;\npadding:0px 0px 0px 0px;\nbackground-color:#ffffff;\n}\n<\/style>\n<div  class='flex_column av-k9of881m-8b75821c00ec2c33f438de9a772a6e49 av_one_full  avia-builder-el-3  el_after_av_section  el_before_av_hr  avia-builder-el-first  first flex_column_div av-zero-column-padding  '     ><section  class='av_textblock_section av-k9iq5tou-fd78dca57654a395cb569156408b77a5 '  ><div class='avia_textblock' ><h2>LOCATION DE VOITURE DE SPORT GRIMAUD<\/h2>\n<p>Louer une voiture de sport \u00e0 Grimaud est votre meilleure option pour partir \u00e0 la d\u00e9couverte de la presqu&rsquo;il de Saint-Tropez. D\u00e9placez-vous sur\u00a0 la C\u00f4te d&rsquo;Azur avec style<strong>. <\/strong><\/p>\n<p>Chez Car4rent, nous sommes fiers de la satisfaction de nos clients. Nous proposons large gamme de voitures de sport et de cabriolets \u00e0\u00a0<a href=\"https:\/\/www.grimaud-provence.com\/decouvrez\/de-1-a-7-jours-votre-sejour-a-la-carte\/grimaud-en-1-jour\/\" target=\"_blank\" rel=\"noopener\">Grimaud<\/a> au meilleur rapport qualit\u00e9\/prix.<\/p>\n<p>Sp\u00e9cialis\u00e9e dans la location de voitures de sport sur la C\u00f4te d&rsquo;Azur et dans les principales villes fran\u00e7aises, Car4rent propose les voitures de sport les plus performantes Ferrari, Lamborghini, Porsche, Land Rover, Mercedes AMG, Bentley, Rolls-Royceet autres <a class=\"wpil_keyword_link\" href=\"https:\/\/car4rent.fr\/fr\/categorie-produit\/marques-de-voitures\/audi\/\" title=\"Locations de voitures de luxe Audi\" data-wpil-keyword-link=\"linked\" data-wpil-monitor-id=\"122714\">Audi<\/a> et BMW \u00e0 la location. Nous pouvons \u00e9galement organiser des s\u00e9jours et des week-ends tr\u00e8s exclusifs en France.<\/p>\n<p><img loading=\"lazy\" decoding=\"async\" class=\"alignnone wp-image-29888\" src=\"https:\/\/car4rent.fr\/wp-content\/uploads\/488-plage.jpg\" alt=\"location de voiture de sport grimaud\" width=\"377\" height=\"208\" title=\"Car4Rent Cannes\" srcset=\"https:\/\/car4rent.fr\/wp-content\/uploads\/488-plage.jpg 750w, https:\/\/car4rent.fr\/wp-content\/uploads\/488-plage-450x248.jpg 450w, https:\/\/car4rent.fr\/wp-content\/uploads\/488-plage-300x166.jpg 300w, https:\/\/car4rent.fr\/wp-content\/uploads\/488-plage-248x137.jpg 248w, https:\/\/car4rent.fr\/wp-content\/uploads\/488-plage-126x70.jpg 126w, https:\/\/car4rent.fr\/wp-content\/uploads\/488-plage-705x389.jpg 705w\" sizes=\"auto, (max-width: 377px) 100vw, 377px\" \/><img loading=\"lazy\" decoding=\"async\" class=\"alignnone wp-image-29776 \" src=\"https:\/\/car4rent.fr\/wp-content\/uploads\/Lamborghini-rental-French-riviera-.jpg\" alt=\"location de voiture de sport grimaud, location de voitures de sport nice a\u00e9roport, Location Lamborghini C\u00f4te d&#039;Azur\" width=\"277\" height=\"208\" title=\"Car4Rent Cannes\" srcset=\"https:\/\/car4rent.fr\/wp-content\/uploads\/Lamborghini-rental-French-riviera-.jpg 320w, https:\/\/car4rent.fr\/wp-content\/uploads\/Lamborghini-rental-French-riviera--300x225.jpg 300w\" sizes=\"auto, (max-width: 277px) 100vw, 277px\" \/><\/p>\n<p>La location de voiture de sport Grimaud, vous permettra de profiter d&rsquo;une visite et de la vie tr\u00e9pidante de Saint-Tropez\u00a0situ\u00e9e \u00e0 quelques dizaines de minutes de la Cit\u00e9 lacustre, offrant une qui\u00e9tude intemporelle. Grimaud a su conserver son caract\u00e8re m\u00e9di\u00e9val.<\/p>\n<p>Situ\u00e9e en bord de mer, sur la commune de Grimaud, Port Grimaud a \u00e9t\u00e9 cr\u00e9\u00e9 par l&rsquo;architecte Fran\u00e7ois Spoerry dans les ann\u00e9es 1960, en am\u00e9nageant les marais de la Giscle sur la baie de Saint-Tropez.<\/p>\n<h2>Location de voiture de sport Grimaud, en route vers Saint-Tropez<\/h2>\n<p>Cette belle station baln\u00e9aire est une destination id\u00e9ale pour commencer une balade au volant d&rsquo;une voiture de sport. Nich\u00e9e au c\u0153ur du massif des Maures, en bordure du golfe de <a href=\"https:\/\/cotedazurfrance.fr\/decouvrir\/les-villes-de-la-cote-dazur\/visiter-saint-tropez-la-mythique\/top-des-10-choses-a-voir-et-a-faire-a-saint-tropez\/\" target=\"_blank\" rel=\"noopener\">Saint-Tropez<\/a>, le village s\u00e9duit par ses rues pav\u00e9es et fleuries en pente, qui m\u00e8nent \u00e0 peu pr\u00e8s tout droit de l&rsquo;\u00e9glise romane aux ruines de la forteresse m\u00e9di\u00e9vale.<\/p>\n<p>Rendez-vous \u00e0 Saint-Tropez, avec ses boutiques chics, ses clubs de plage \u00e0 la mode et sa vie nocturne haut de gamme.<\/p>\n<p><img loading=\"lazy\" decoding=\"async\" class=\"wp-image-30107 \" src=\"https:\/\/car4rent.fr\/wp-content\/uploads\/boxster-s-face-saint-tropez-1.jpg\" alt=\"location de voiture de sport grimaud, Location de Porsche Boxster\" width=\"325\" height=\"208\" title=\"Car4Rent Cannes\" srcset=\"https:\/\/car4rent.fr\/wp-content\/uploads\/boxster-s-face-saint-tropez-1.jpg 668w, https:\/\/car4rent.fr\/wp-content\/uploads\/boxster-s-face-saint-tropez-1-300x192.jpg 300w, https:\/\/car4rent.fr\/wp-content\/uploads\/boxster-s-face-saint-tropez-1-450x288.jpg 450w\" sizes=\"auto, (max-width: 325px) 100vw, 325px\" \/><img loading=\"lazy\" decoding=\"async\" class=\"alignnone wp-image-29708\" src=\"https:\/\/car4rent.fr\/wp-content\/uploads\/Sports-Car-Rental-Monaco-Car4rent.jpg\" alt=\"location de voiture de sport grimaud\" width=\"210\" height=\"208\" title=\"Car4Rent Cannes\"><\/p>\n<h3>Location de voiture de sport Grimaud<\/h3>\n<p>Une location de voiture de sport Grimaud est le meilleur moyen de d\u00e9couvrir le bord de mer et sa belle campagne o\u00f9 pulullent nombre de vignobles. Profitez d&rsquo;une promenade en bord de mer et admirez les m\u00e9ga yachts qui croisent sur la ligne d&rsquo;horizon azur.<\/p>\n<h3>Profitez d&rsquo;une location de voiture de sport Grimaud<\/h3>\n<p>Louer une voiture de sport \u00e0 Grimaud vous permettra de cr\u00e9er votre propre itin\u00e9raire unique avec style.<\/p>\n<p>Quel que soit votre d\u00e9sir, Car4rent vous permettra de r\u00e9aliser votre r\u00eave et de vivre une exp\u00e9rience inoubliable sur la C\u00f4te d&rsquo;Azur gr\u00e2ce \u00e0 une voiture de location sportive.<\/p>\n<p>Vous souhaitez louer une voiture de sport \u00e0 Grimaud, prenez <strong><span style=\"color: #0000ff\"><a style=\"color: #0000ff\" href=\"https:\/\/car4rent.fr\/fr\/contact\/\">contact<\/a><\/span><\/strong>\u00a0avec l&rsquo;un de nos collaborateurs pour un devis gratuit.<\/p>\n<\/div><\/section><\/div><div  class='hr av-r408yh-5fc29ed8e5abe90cc5953910efd3a584 hr-default  avia-builder-el-5  el_after_av_one_full  el_before_av_one_fourth '><span class='hr-inner '><span class=\"hr-inner-style\"><\/span><\/span><\/div><\/p>\n\n<style type=\"text\/css\" data-created_by=\"avia_inline_auto\" id=\"style-css-av-9j4h5a1-6e828a1197b9444f95d3c7ec7fb82938\">\n.flex_column.av-9j4h5a1-6e828a1197b9444f95d3c7ec7fb82938{\nborder-radius:0px 0px 0px 0px;\npadding:0px 0px 0px 0px;\n}\n<\/style>\n<div  class='flex_column av-9j4h5a1-6e828a1197b9444f95d3c7ec7fb82938 av_one_fourth  avia-builder-el-6  el_after_av_hr  el_before_av_one_fourth  first flex_column_div av-zero-column-padding  '     ><section  class='av_textblock_section av-8wzml89-2b80783706aabf533d7977da87f21ef0 '  ><div class='avia_textblock' ><h4>Location de voiture de sport Grimaud<\/h4>\n<hr \/>\n<p>Nous proposons \u00e0 la location des voitures de luxe et de sport, mais \u00e9galement une large gamme de SUV et de cabriolets. D\u00e9couvrez nos voitures de r\u00eave.<\/p>\n<p>Prix \u00e0 partir de 260\u20ac par jour<\/p>\n<\/div><\/section><\/div>\n\n<style type=\"text\/css\" data-created_by=\"avia_inline_auto\" id=\"style-css-av-8cxm7x5-0dfd1be948133d5958731c1141e89316\">\n.flex_column.av-8cxm7x5-0dfd1be948133d5958731c1141e89316{\nborder-radius:0px 0px 0px 0px;\npadding:0px 0px 0px 0px;\n}\n<\/style>\n<div  class='flex_column av-8cxm7x5-0dfd1be948133d5958731c1141e89316 av_one_fourth  avia-builder-el-8  el_after_av_one_fourth  el_before_av_one_fourth  flex_column_div av-zero-column-padding  '     ><section  class='av_textblock_section av-sl1yyh-58401a45bbfca01485bb12f5ae7e0e5f '  ><div class='avia_textblock' ><h4>Agences \u00e0 l\u2019a\u00e9roport de Nice, Cannes, Monaco et Saint-Tropez<\/h4>\n<hr \/>\n<p>Nous proposons \u00e0 la location des voitures de sport et de luxe, mais \u00e9galement une large gamme de SUV et de cabriolets. D\u00e9couvrez nos voitures de r\u00eave.<\/p>\n<\/div><\/section><\/div>\n\n<style type=\"text\/css\" data-created_by=\"avia_inline_auto\" id=\"style-css-av-7t2xhcp-04a64ffc63980df57546af05384a54fd\">\n.flex_column.av-7t2xhcp-04a64ffc63980df57546af05384a54fd{\nborder-radius:0px 0px 0px 0px;\npadding:0px 0px 0px 0px;\n}\n<\/style>\n<div  class='flex_column av-7t2xhcp-04a64ffc63980df57546af05384a54fd av_one_fourth  avia-builder-el-10  el_after_av_one_fourth  el_before_av_one_fourth  flex_column_div av-zero-column-padding  '     ><section  class='av_textblock_section av-77ozpuh-8dd1b37f5ec2cac52732881fc5014607 '  ><div class='avia_textblock' ><h4>Test Drive &#8211; Faites de votre r\u00eave une r\u00e9alit\u00e9<\/h4>\n<hr \/>\n<p>Offrez-vous une exp\u00e9rience de conduite unique au volant d&rsquo;une supercar. Prenez le volant d&rsquo;une Lamborghini, d&rsquo;une Ferrari ou d&rsquo;une Porsche sans vous ruiner. Pour des raisons de s\u00e9curit\u00e9, vous roulerez accompagn\u00e9. \u00c0 partir de 195\u20ac pp.<\/p>\n<h2><i>\u00a0<\/i><\/h2>\n<\/div><\/section><\/div>\n\n<style type=\"text\/css\" data-created_by=\"avia_inline_auto\" id=\"style-css-av-6mik0k9-58ba2370392ede1c671764d02dbf6948\">\n.flex_column.av-6mik0k9-58ba2370392ede1c671764d02dbf6948{\nborder-radius:0px 0px 0px 0px;\npadding:0px 0px 0px 0px;\n}\n<\/style>\n<div  class='flex_column av-6mik0k9-58ba2370392ede1c671764d02dbf6948 av_one_fourth  avia-builder-el-12  el_after_av_one_fourth  el_before_av_section  avia-builder-el-last  flex_column_div av-zero-column-padding  '     ><section  class='av_textblock_section av-64i2ogp-66548aea0352cdde9b58db15362b0175 '  ><div class='avia_textblock' ><h4>Un Service sur mesure<\/h4>\n<hr \/>\n<p>Une \u00e9quipe d\u00e9vou\u00e9e et attentive se tient \u00e0 votre disposition pour vous fournir toute information ou r\u00e9pondre \u00e0 vos demandes. Votre voiture peut \u00eatre livr\u00e9e sur demande directement \u00e0 votre arriv\u00e9e \u00e0 l&rsquo;a\u00e9roport de Nice, sur votre lieu de vill\u00e9giature, \u00e0 votre h\u00f4tel ou n&rsquo;importe o\u00f9 en France \u00e0 la destination de votre choix.de service \u00e0 la client\u00e8le de premier ordre.<\/p>\n<\/div><\/section><\/div>\n<\/div><\/div><\/div><!-- close content main div --><\/div><\/div>\n<style type=\"text\/css\" data-created_by=\"avia_inline_auto\" id=\"style-css-av-43kcsd5-d3ef79113910887a7bfd29c8c2ab4614\">\n.avia-section.av-43kcsd5-d3ef79113910887a7bfd29c8c2ab4614{\nbackground-color:#f3f3f3;\nbackground-image:unset;\n}\n<\/style>\n<div id='sectioncustom'  class='avia-section av-43kcsd5-d3ef79113910887a7bfd29c8c2ab4614 main_color avia-section-default avia-no-border-styling  avia-builder-el-14  el_after_av_one_fourth  el_before_av_google_map  avia-bg-style-scroll container_wrap fullsize'  ><div class='container av-section-cont-open' ><div class='template-page content  av-content-full alpha units'><div class='post-entry post-entry-type-page post-entry-30568'><div class='entry-content-wrapper clearfix'>\n\n<style type=\"text\/css\" data-created_by=\"avia_inline_auto\" id=\"style-css-av-3jspczd-8672a1d98376d35fd84a0ba947bf486a\">\n#top .av-special-heading.av-3jspczd-8672a1d98376d35fd84a0ba947bf486a{\npadding-bottom:0;\n}\nbody .av-special-heading.av-3jspczd-8672a1d98376d35fd84a0ba947bf486a .av-special-heading-tag .heading-char{\nfont-size:25px;\n}\n.av-special-heading.av-3jspczd-8672a1d98376d35fd84a0ba947bf486a .av-subheading{\nfont-size:15px;\n}\n<\/style>\n<div  class='av-special-heading av-3jspczd-8672a1d98376d35fd84a0ba947bf486a av-special-heading-h4 blockquote modern-quote modern-centered  avia-builder-el-15  avia-builder-el-no-sibling '><h4 class='av-special-heading-tag '  >Notre agence de location de voitures <\/h4><div class=\"special-heading-border\"><div class=\"special-heading-inner-border\"><\/div><\/div><\/div>\n\n<div  class='av_gmaps_sc_main_wrap av_gmaps_main_wrap '><div id='av_gmap_0' class='avia-google-map-container avia-google-map-sc av_gmaps_show_unconditionally av-no-fallback-img ' data-mapid='av_gmap_0'  style='height: 400px;'><a class=\"av_gmaps_browser_disabled av_text_confirm_link av_text_confirm_link_visible\" href=\"https:\/\/www.google.com\/maps\/search\/?api=1&#038;query=Quai%20Max%20Laubeuf%2006400%20%20%20Cannes%20%20France\" target=\"_blank\" rel=\"noopener\">Les cartes ont \u00e9t\u00e9 d\u00e9sactiv\u00e9es par le visiteur sur ce site. Cliquer pour ouvrir la carte dans une nouvelle fen\u00eatre.<\/a><\/div><\/div>\n\n<style type=\"text\/css\" data-created_by=\"avia_inline_auto\" id=\"style-css-av-2ddmnh5-bbd5dd00de2854828f851bcdfc153f73\">\n.avia-section.av-2ddmnh5-bbd5dd00de2854828f851bcdfc153f73{\nbackground-color:#6834bd;\nbackground-image:unset;\n}\n<\/style>\n<div id='av_section_3'  class='avia-section av-2ddmnh5-bbd5dd00de2854828f851bcdfc153f73 main_color avia-section-default avia-no-border-styling  avia-builder-el-17  el_after_av_google_map  el_before_av_section  avia-bg-style-scroll container_wrap fullsize'  ><div class='container av-section-cont-open' ><div class='template-page content  av-content-full alpha units'><div class='post-entry post-entry-type-page post-entry-30568'><div class='entry-content-wrapper clearfix'>\n\n<style type=\"text\/css\" data-created_by=\"avia_inline_auto\" id=\"style-css-av-28aqaft-2905555bdbcb2d6c53d6541f5b50ffe2\">\n#top .av-special-heading.av-28aqaft-2905555bdbcb2d6c53d6541f5b50ffe2{\npadding-bottom:10px;\ncolor:#ffffff;\nfont-size:30px;\n}\nbody .av-special-heading.av-28aqaft-2905555bdbcb2d6c53d6541f5b50ffe2 .av-special-heading-tag .heading-char{\nfont-size:25px;\n}\n#top #wrap_all .av-special-heading.av-28aqaft-2905555bdbcb2d6c53d6541f5b50ffe2 .av-special-heading-tag{\nfont-size:30px;\n}\n.av-special-heading.av-28aqaft-2905555bdbcb2d6c53d6541f5b50ffe2 .special-heading-inner-border{\nborder-color:#ffffff;\n}\n.av-special-heading.av-28aqaft-2905555bdbcb2d6c53d6541f5b50ffe2 .av-subheading{\nfont-size:15px;\n}\n\n@media only screen and (min-width: 480px) and (max-width: 767px){ \n#top #wrap_all .av-special-heading.av-28aqaft-2905555bdbcb2d6c53d6541f5b50ffe2 .av-special-heading-tag{\nfont-size:0.8em;\n}\n}\n\n@media only screen and (max-width: 479px){ \n#top #wrap_all .av-special-heading.av-28aqaft-2905555bdbcb2d6c53d6541f5b50ffe2 .av-special-heading-tag{\nfont-size:0.8em;\n}\n}\n<\/style>\n<div  class='av-special-heading av-28aqaft-2905555bdbcb2d6c53d6541f5b50ffe2 av-special-heading-h4 custom-color-heading blockquote modern-quote modern-centered  avia-builder-el-18  el_before_av_button  avia-builder-el-first  av-inherit-size'><h4 class='av-special-heading-tag '  >Profitez de l\u2019exp\u00e9rience de conduite ultime avec une voiture livr\u00e9e directement chez vous !<\/h4><div class=\"special-heading-border\"><div class=\"special-heading-inner-border\"><\/div><\/div><\/div>\n<div  class='avia-button-wrap av-1hycwxl-8817ba7b2960b6b95c98b72b12707988-wrap avia-button-center  avia-builder-el-19  el_after_av_heading  avia-builder-el-last '><a href=\"https:\/\/car4rent.fr\/fr\/contact\/\" class=\"avia-button av-1hycwxl-8817ba7b2960b6b95c98b72b12707988 av-link-btn avia-icon_select-yes-left-icon avia-size-large avia-position-center avia-color-grey\" aria-label=\"Contactez l\u2019un de nos experts !\"><span class='avia_button_icon avia_button_icon_left avia-iconfont avia-font-entypo-fontello' data-av_icon='\ue85d' data-av_iconfont='entypo-fontello' ><\/span><span class='avia_iconbox_title' >Contactez l\u2019un de nos experts !<\/span><\/a><\/div>\n\n<\/div><\/div><\/div><!-- close content main div --><\/div><\/div><div id='av_section_4'  class='avia-section av-1btao36-770bed57b5726800a21c6b62e73b9b2e main_color avia-section-default avia-no-border-styling  avia-builder-el-20  el_after_av_section  avia-builder-el-last  avia-bg-style-scroll container_wrap fullsize'  ><div class='container av-section-cont-open' ><div class='template-page content  av-content-full alpha units'><div class='post-entry post-entry-type-page post-entry-30568'><div class='entry-content-wrapper clearfix'>\n<div  class='avia-builder-widget-area clearfix  avia-builder-el-21  avia-builder-el-no-sibling '><div id=\"text-9\" class=\"widget clearfix widget_text\">\t\t\t<div class=\"textwidget\"><p style=\"text-align: center;\">    <div class=\"car4rent-share-block car4rent-fr\">\n        <a href=\"https:\/\/www.facebook.com\/sharer\/sharer.php?u=\" target=\"_blank\" rel=\"noopener\"><i class=\"fa-brands fa-facebook\"><\/i> Partager<\/a>\n        <a href=\"https:\/\/x.com\/intent\/tweet?url=&amp;text=\" target=\"_blank\" rel=\"noopener\"><i class=\"fa-brands fa-x-twitter\"><\/i> X<\/a>\n        <a href=\"https:\/\/wa.me\/?text=%20\" target=\"_blank\" rel=\"noopener\"><i class=\"fa-brands fa-whatsapp\"><\/i> WhatsApp<\/a>\n        <a href=\"https:\/\/www.instagram.com\/car4rent_cannes\/\" target=\"_blank\" rel=\"noopener\"><i class=\"fa-brands fa-instagram\"><\/i> Instagram<\/a>\n        <a href=\"https:\/\/www.linkedin.com\/company\/car4rent\/about\/\" target=\"_blank\" rel=\"noopener\"><i class=\"fa-brands fa-linkedin\"><\/i> LinkedIn<\/a>\n        <a href=\"https:\/\/www.youtube.com\/@car4rentcannes839\" target=\"_blank\" rel=\"noopener\"><i class=\"fa-brands fa-youtube\"><\/i> YouTube<\/a>\n    <\/div>\n    <\/p>\n<\/div>\n\t\t<\/div><\/div>\n\n","protected":false},"excerpt":{"rendered":"","protected":false},"author":3,"featured_media":29770,"parent":0,"menu_order":1850,"comment_status":"closed","ping_status":"closed","template":"","meta":{"_acf_changed":false,"footnotes":""},"class_list":["post-30568","page","type-page","status-publish","has-post-thumbnail","hentry"],"acf":[],"_links":{"self":[{"href":"https:\/\/car4rent.fr\/fr\/wp-json\/wp\/v2\/pages\/30568","targetHints":{"allow":["GET"]}}],"collection":[{"href":"https:\/\/car4rent.fr\/fr\/wp-json\/wp\/v2\/pages"}],"about":[{"href":"https:\/\/car4rent.fr\/fr\/wp-json\/wp\/v2\/types\/page"}],"author":[{"embeddable":true,"href":"https:\/\/car4rent.fr\/fr\/wp-json\/wp\/v2\/users\/3"}],"replies":[{"embeddable":true,"href":"https:\/\/car4rent.fr\/fr\/wp-json\/wp\/v2\/comments?post=30568"}],"version-history":[{"count":0,"href":"https:\/\/car4rent.fr\/fr\/wp-json\/wp\/v2\/pages\/30568\/revisions"}],"wp:featuredmedia":[{"embeddable":true,"href":"https:\/\/car4rent.fr\/fr\/wp-json\/wp\/v2\/media\/29770"}],"wp:attachment":[{"href":"https:\/\/car4rent.fr\/fr\/wp-json\/wp\/v2\/media?parent=30568"}],"curies":[{"name":"wp","href":"https:\/\/api.w.org\/{rel}","templated":true}]}}