{"id":30566,"date":"2023-11-10T16:56:12","date_gmt":"2023-11-10T15:56:12","guid":{"rendered":"https:\/\/car4rent.fr\/location-dune-voiture-de-luxe\/"},"modified":"2024-01-03T22:57:59","modified_gmt":"2024-01-03T21:57:59","slug":"location-dune-voiture-de-luxe","status":"publish","type":"page","link":"https:\/\/car4rent.fr\/fr\/location-dune-voiture-de-luxe\/","title":{"rendered":"Location d&rsquo;une voiture de luxe"},"content":{"rendered":"\n<style type=\"text\/css\" data-created_by=\"avia_inline_auto\" id=\"style-css-av-k9iq87co-f653271cb1114273a58b726412ffe798\">\n.avia-section.av-k9iq87co-f653271cb1114273a58b726412ffe798 .av-parallax .av-parallax-inner{\nbackground-repeat:no-repeat;\nbackground-image:url(https:\/\/car4rent.fr\/wp-content\/uploads\/luxury-car-hire-provence-1.jpg);\nbackground-position:50% 50%;\nbackground-attachment:scroll;\n}\n<\/style>\n<div id='header-section'  class='avia-section av-k9iq87co-f653271cb1114273a58b726412ffe798 main_color avia-section-huge avia-no-border-styling  avia-builder-el-0  el_before_av_one_full  avia-builder-el-first  avia-full-stretch av-parallax-section avia-bg-style-parallax av-minimum-height av-minimum-height-custom av-height-custom  container_wrap fullsize'  data-section-bg-repeat='stretch' data-av_minimum_height_px='450'><div class='av-parallax' data-avia-parallax-ratio='0.3' ><div class='av-parallax-inner main_color avia-full-stretch'><\/div><\/div><div class='container av-section-cont-open' style='height:450px'><main  class='template-page content  av-content-full alpha units'><div class='post-entry post-entry-type-page post-entry-30566'><div class='entry-content-wrapper clearfix'>\n<div  class='flex_column av-1ola69a-36226f9451a78c4b60bc75254917aaf1 av_one_full  avia-builder-el-1  avia-builder-el-no-sibling  first flex_column_div  '     ><style type=\"text\/css\" data-created_by=\"avia_inline_auto\" id=\"style-css-av-lffsja42-908dca428b43fadb3a6de1697b8a1a28\">\n#top .av-special-heading.av-lffsja42-908dca428b43fadb3a6de1697b8a1a28{\npadding-bottom:10px;\n}\nbody .av-special-heading.av-lffsja42-908dca428b43fadb3a6de1697b8a1a28 .av-special-heading-tag .heading-char{\nfont-size:25px;\n}\n.av-special-heading.av-lffsja42-908dca428b43fadb3a6de1697b8a1a28 .av-subheading{\nfont-size:15px;\n}\n<\/style>\n<div  class='av-special-heading av-lffsja42-908dca428b43fadb3a6de1697b8a1a28 av-special-heading-h1 meta-heading  avia-builder-el-2  avia-builder-el-no-sibling '><h1 class='av-special-heading-tag '  >Location d\u2019une voiture de luxe<\/h1><div class=\"special-heading-border\"><div class=\"special-heading-inner-border\"><\/div><\/div><\/div><\/div>\n<\/div><\/div><\/main><!-- close content main element --><\/div><\/div><div id='after_section_1'  class='main_color av_default_container_wrap container_wrap fullsize'  ><div class='container av-section-cont-open' ><div class='template-page content  av-content-full alpha units'><div class='post-entry post-entry-type-page post-entry-30566'><div class='entry-content-wrapper clearfix'>\n\n<style type=\"text\/css\" data-created_by=\"avia_inline_auto\" id=\"style-css-av-k9of881m-8b75821c00ec2c33f438de9a772a6e49\">\n.flex_column.av-k9of881m-8b75821c00ec2c33f438de9a772a6e49{\nborder-radius:0px 0px 0px 0px;\npadding:0px 0px 0px 0px;\nbackground-color:#ffffff;\n}\n<\/style>\n<div  class='flex_column av-k9of881m-8b75821c00ec2c33f438de9a772a6e49 av_one_full  avia-builder-el-3  el_after_av_section  el_before_av_hr  avia-builder-el-first  first flex_column_div av-zero-column-padding  '     ><section  class='av_textblock_section av-k9iq5tou-a3a1282c082146c43128296256d532aa '  ><div class='avia_textblock' ><h1><strong>Location d&rsquo;une voiture de luxe<\/strong><\/h1>\n<p>Pour la location d\u2019une voiture de luxe, faites appel \u00e0 Car4rent et prenez le volant des plus belles voitures de location. Nous disposons de nombreux mod\u00e8les de sport et de luxe disponibles \u00e0 la location, tels que <a href=\"https:\/\/car4rent.fr\/fr\/louer-une-ferrari\/\"><strong>Ferrari<\/strong><\/a>,\n            <a href=\"https:\/\/car4rent.fr\/fr\/louer-une-lamborghini\/\"><strong>Lamborghini<\/strong><\/a>,\n            <a href=\"https:\/\/car4rent.fr\/fr\/louer-une-porsche\/\"><strong>Porsche<\/strong><\/a>,\n            <a href=\"https:\/\/car4rent.fr\/fr\/louer-un-land-rover\/\"><strong>Land Rover<\/strong><\/a>,\n            <a href=\"https:\/\/car4rent.fr\/fr\/louer-une-mercedes\/\"><strong>Mercedes AMG<\/strong><\/a>,\n            <a href=\"https:\/\/car4rent.fr\/fr\/louer-une-bentley\/\"><strong>Bentley<\/strong><\/a>,\n            <a href=\"https:\/\/car4rent.fr\/fr\/louer-une-rolls-royce\/\"><strong>Rolls-Royce<\/strong><\/a>, et\n            <a href=\"https:\/\/car4rent.fr\/fr\/louer-une-audi\/\"><strong>Audi<\/strong><\/a>.. Toutes ces marques qui nous font r\u00eaver depuis qu\u2019on est gosse, sont synonymes de puissance, performance et de qualit\u00e9s routi\u00e8res exceptionnelles, et en un mot de l\u2019Excellence Automobile.<\/p>\n<h2><strong>Location d&rsquo;une voiture de luxe &#8211; Les plus belles voitures de location<\/strong><\/h2>\n<p>La location d\u2019une voiture de luxe est le meilleur moyen de visiter la France, mais \u00e9galement le plaisir de conduire la voiture de vos r\u00eaves. Lors de votre prochain s\u00e9jour, parcourez les plus belles routes du pays dans le confort et le luxe d\u2019une voiture de luxe de location.<\/p>\n<p>En posant le pied sur le tarmac, vous vous sentirez immerg\u00e9 par la culture fran\u00e7aise et vous serez impressionn\u00e9 par un pays qui gr\u00e2ce \u00e0 son histoire, offre une richesse exceptionnelle de sites et monuments \u00e0 visiter, de paysages \u00e0 couper le souffle, d\u2019attractions aussi diverses que vari\u00e9es, mais aussi d\u2019endroits aussi pittoresques que romantiques.<\/p>\n<p>La location d\u2019une voiture de luxe est votre point de d\u00e9part pour partir \u00e0 la d\u00e9couverte des principales villes du pays qui vous r\u00e9serveront toutes quelque chose de diff\u00e9rent, vous offrant le plaisir de d\u00e9velopper votre curiosit\u00e9. La diversit\u00e9 est un point commun \u00e0 toutes les r\u00e9gions que vous aurez l\u2019occasion de visiter.<\/p>\n<div id=\"attachment_36804\" style=\"width: 2570px\" class=\"wp-caption alignnone\"><img loading=\"lazy\" decoding=\"async\" aria-describedby=\"caption-attachment-36804\" class=\"size-full wp-image-36804\" src=\"https:\/\/car4rent.fr\/wp-content\/uploads\/about-Car4rent-2-1-scaled-1.jpg\" alt=\"Rent luxury Car Cannes, Rent Ferrari Cannes, Location d&#039;une voiture de luxe\" width=\"2560\" height=\"1920\" title=\"Car4Rent Cannes\" srcset=\"https:\/\/car4rent.fr\/wp-content\/uploads\/about-Car4rent-2-1-scaled-1.jpg 2560w, https:\/\/car4rent.fr\/wp-content\/uploads\/about-Car4rent-2-1-scaled-1-300x225.jpg 300w, https:\/\/car4rent.fr\/wp-content\/uploads\/about-Car4rent-2-1-scaled-1-1030x773.jpg 1030w, https:\/\/car4rent.fr\/wp-content\/uploads\/about-Car4rent-2-1-scaled-1-768x576.jpg 768w, https:\/\/car4rent.fr\/wp-content\/uploads\/about-Car4rent-2-1-scaled-1-1536x1152.jpg 1536w, https:\/\/car4rent.fr\/wp-content\/uploads\/about-Car4rent-2-1-scaled-1-2048x1536.jpg 2048w, https:\/\/car4rent.fr\/wp-content\/uploads\/about-Car4rent-2-1-scaled-1-1500x1125.jpg 1500w, https:\/\/car4rent.fr\/wp-content\/uploads\/about-Car4rent-2-1-scaled-1-705x529.jpg 705w, https:\/\/car4rent.fr\/wp-content\/uploads\/about-Car4rent-2-1-scaled-1-450x338.jpg 450w\" sizes=\"auto, (max-width: 2560px) 100vw, 2560px\" \/><p id=\"caption-attachment-36804\" class=\"wp-caption-text\">Rent luxury Car Cannes, Rent Ferrari Cannes<\/p><\/div>\n<h3><strong>Pays de contrastes<\/strong><\/h3>\n<p>Au niveau culturel, <a href=\"https:\/\/www.parisinfo.com\/\" target=\"_blank\" rel=\"noopener\"><strong>Paris<\/strong><\/a> est de loin la destination qui a le plus \u00e0 vous offrir. Riche d\u2019un pass\u00e9 historique turbulent, la capitale fran\u00e7aise est surprenante. Le fait qu\u2019elle soit la ville la plus visit\u00e9e au monde se justifie largement. Ouverte sur le monde, offrant des installations a\u00e9roportuaires impressionnantes, elle peut accueillir nombre des millions de visiteurs qui conf\u00e8rent \u00e0 la m\u00e9tropole une culture pluriethnique et une diversit\u00e9 culturelle omnipr\u00e9sente.<\/p>\n<p>Vous trouverez pl\u00e9thore d\u2019activit\u00e9s et le temps vous sera compt\u00e9, il faudra donc op\u00e9rer des choix. Pour effectuer la travers\u00e9e de Paris, la location d\u2019une voiture de luxe sera id\u00e9ale pour voir les principaux monuments, dont la<strong> Tour Eiffel<\/strong>, l\u2019<strong>Arc de Triomphe<\/strong>, les <strong>Champs Elys\u00e9es<\/strong>, et le <strong>Mus\u00e9e du Louvre<\/strong> qui vous permettra de faire une rencontre avec Mona Lisa. La ville des Lumi\u00e8res a beaucoup \u00e0 vous offrir.<\/p>\n<p>Au coeur de l\u2019Europe, la France est compos\u00e9e de nombreuses r\u00e9gions. S\u2019il y a une \u00e0 ne pas manquer lors de votre road-trip, c\u2019est la <strong>C\u00f4te d\u2019Azur<\/strong>. Nich\u00e9e entre la Mer M\u00e9diterran\u00e9e et les Pr\u00e9-alpes du sud, faites une arriv\u00e9e remarqu\u00e9e avec une voiture de luxe de location \u00e0 <strong>Monte Carlo<\/strong>. La Principaut\u00e9 est le terrain de jeu des milliardaires ou vous vous r\u00e9galerez du luxe \u00e0 profusion qui s\u2019offrira \u00e0 vous. Poussez une pointe jusqu\u2019\u00e0 Cannes et embarquez pour une visite sur les <strong>Iles de L\u00e9rins<\/strong>, qui valent vraiment le d\u00e9tour.<\/p>\n<p>Si la vie de Jet setter vous attire, vous vous r\u00e9galerez en parcourant la route pour arriver \u00e0 <a href=\"https:\/\/www.provenceweb.fr\/f\/var\/sttropez\/sttropez.htm\" target=\"_blank\" rel=\"noopener\"><strong>Saint-Tropez<\/strong><\/a>. Le village de p\u00eacheurs situ\u00e9 sur une presqu\u2019\u00eele vous offrira las plus belles plages, mais \u00e9galement les plus belles soir\u00e9es mondaines de vos vacances.<\/p>\n<p>Le parc national du Mercantour, et les 13 autres parcs adjacents des Alpes Maritimes offre un vaste espace pour les promenades \u00e0 cheval, mais \u00e9galement pour la pratique de l\u2019escalade, de la sp\u00e9l\u00e9ologie, du VTT, du canyoning et bien s\u00fbr du ski en p\u00e9riode hivernale.<\/p>\n<p>Vous pourrez ainsi dans la m\u00eame journ\u00e9e vous adonner \u00e0 la pratique de vore sport pr\u00e9f\u00e9r\u00e9, le ski le matin, et prendre l\u2019ap\u00e9ro au coucher du soleil sur une plage de<a href=\"https:\/\/www.provenceweb.fr\/f\/alpmarit\/nice\/nice.htm\" target=\"_blank\" rel=\"noopener\"><strong> Nice<\/strong><\/a>. What else George ?<\/p>\n<h3><strong>Louer une voiture de luxe, c&rsquo;est maintenant!<\/strong><\/h3>\n<p>Vous projetez de passer vos vacances en France cette ann\u00e9e, c\u2019est alors le moment de bloquer la location de votre voiture de luxe. C\u2019est le moyen ideal pour partir \u00e0 la d\u00e9couverte de ce pays magnifique, dans le confort et avec style.<\/p>\n<p>Car4rent est sp\u00e9cialis\u00e9e de la location de voitures de luxe et la location de voitures de sport en France et sur la C\u00f4te d\u2019Azur.<\/p>\n<p>Louer une voiture de prestige avec Car4rent, c\u2019est l\u2019occasion de profiter d\u2019une exp\u00e9rience de conduite unique.<\/p>\n<p>La location de voiture luxe avec Car4rent, c\u2019est avoir le choix des plus beaux v\u00e9hicules de location.<\/p>\n<p>La location dune voiture de luxe avec Car4rent, c\u2019est acc\u00e9der aux meilleurs prix pour une voiture de location.<\/p>\n<p>N\u2019h\u00e9sitez pas \u00e0 prendre <a href=\"https:\/\/car4rent.fr\/fr\/contact\/\"><strong>contact<\/strong> <\/a>avec nous pour toute information ou effectuer une r\u00e9servation. Nous serons ravis de pouvoir vous aider.<\/p>\n<\/div><\/section><\/div><div  class='hr av-r408yh-5fc29ed8e5abe90cc5953910efd3a584 hr-default  avia-builder-el-5  el_after_av_one_full  el_before_av_one_fourth '><span class='hr-inner '><span class=\"hr-inner-style\"><\/span><\/span><\/div><\/p>\n\n<style type=\"text\/css\" data-created_by=\"avia_inline_auto\" id=\"style-css-av-9j4h5a1-6e828a1197b9444f95d3c7ec7fb82938\">\n.flex_column.av-9j4h5a1-6e828a1197b9444f95d3c7ec7fb82938{\nborder-radius:0px 0px 0px 0px;\npadding:0px 0px 0px 0px;\n}\n<\/style>\n<div  class='flex_column av-9j4h5a1-6e828a1197b9444f95d3c7ec7fb82938 av_one_fourth  avia-builder-el-6  el_after_av_hr  el_before_av_one_fourth  first flex_column_div av-zero-column-padding  '     ><section  class='av_textblock_section av-8wzml89-2b80783706aabf533d7977da87f21ef0 '  ><div class='avia_textblock' ><h4>Agences \u00e0 Paris, Cannes, Saint-Tropez, Monaco et \u00e0 l&rsquo;a\u00e9roport de Nice.<\/h4>\n<\/div><\/section><\/div>\n\n<style type=\"text\/css\" data-created_by=\"avia_inline_auto\" id=\"style-css-av-8cxm7x5-0dfd1be948133d5958731c1141e89316\">\n.flex_column.av-8cxm7x5-0dfd1be948133d5958731c1141e89316{\nborder-radius:0px 0px 0px 0px;\npadding:0px 0px 0px 0px;\n}\n<\/style>\n<div  class='flex_column av-8cxm7x5-0dfd1be948133d5958731c1141e89316 av_one_fourth  avia-builder-el-8  el_after_av_one_fourth  el_before_av_one_fourth  flex_column_div av-zero-column-padding  '     ><section  class='av_textblock_section av-sl1yyh-58401a45bbfca01485bb12f5ae7e0e5f '  ><div class='avia_textblock' ><h4>D\u00e9part et retour de votre voiture \u00e0 l&rsquo;endroit qui vous convient.<\/h4>\n<\/div><\/section><\/div>\n\n<style type=\"text\/css\" data-created_by=\"avia_inline_auto\" id=\"style-css-av-7t2xhcp-04a64ffc63980df57546af05384a54fd\">\n.flex_column.av-7t2xhcp-04a64ffc63980df57546af05384a54fd{\nborder-radius:0px 0px 0px 0px;\npadding:0px 0px 0px 0px;\n}\n<\/style>\n<div  class='flex_column av-7t2xhcp-04a64ffc63980df57546af05384a54fd av_one_fourth  avia-builder-el-10  el_after_av_one_fourth  el_before_av_one_fourth  flex_column_div av-zero-column-padding  '     ><section  class='av_textblock_section av-77ozpuh-8dd1b37f5ec2cac52732881fc5014607 '  ><div class='avia_textblock' ><h4>Large s\u00e9lection de voitures de prestige, de sport, de cabriolets et de SUV \u00e0 louer.<i><br \/>\n<\/i><\/h4>\n<\/div><\/section><\/div>\n<style type=\"text\/css\" data-created_by=\"avia_inline_auto\" id=\"style-css-av-6mik0k9-58ba2370392ede1c671764d02dbf6948\">\n.flex_column.av-6mik0k9-58ba2370392ede1c671764d02dbf6948{\nborder-radius:0px 0px 0px 0px;\npadding:0px 0px 0px 0px;\n}\n<\/style>\n<div  class='flex_column av-6mik0k9-58ba2370392ede1c671764d02dbf6948 av_one_fourth  avia-builder-el-12  el_after_av_one_fourth  el_before_av_section  avia-builder-el-last  flex_column_div av-zero-column-padding  '     ><section  class='av_textblock_section av-64i2ogp-66548aea0352cdde9b58db15362b0175 '  ><div class='avia_textblock' ><h4>Nous nous effor\u00e7ons de fournir un service de qualit\u00e9 sup\u00e9rieure \u00e0 chaque client.<\/h4>\n<\/div><\/section><\/div><\/p>\n<\/div><\/div><\/div><!-- close content main div --><\/div><\/div>\n<style type=\"text\/css\" data-created_by=\"avia_inline_auto\" id=\"style-css-av-43kcsd5-d3ef79113910887a7bfd29c8c2ab4614\">\n.avia-section.av-43kcsd5-d3ef79113910887a7bfd29c8c2ab4614{\nbackground-color:#f3f3f3;\nbackground-image:unset;\n}\n<\/style>\n<div id='sectioncustom'  class='avia-section av-43kcsd5-d3ef79113910887a7bfd29c8c2ab4614 main_color avia-section-default avia-no-border-styling  avia-builder-el-14  el_after_av_one_fourth  el_before_av_google_map  avia-bg-style-scroll container_wrap fullsize'  ><div class='container av-section-cont-open' ><div class='template-page content  av-content-full alpha units'><div class='post-entry post-entry-type-page post-entry-30566'><div class='entry-content-wrapper clearfix'>\n\n<style type=\"text\/css\" data-created_by=\"avia_inline_auto\" id=\"style-css-av-3jspczd-381a934ac4b7d0afddc25a7aaa6107e5\">\n#top .av-special-heading.av-3jspczd-381a934ac4b7d0afddc25a7aaa6107e5{\npadding-bottom:0;\n}\nbody .av-special-heading.av-3jspczd-381a934ac4b7d0afddc25a7aaa6107e5 .av-special-heading-tag .heading-char{\nfont-size:25px;\n}\n.av-special-heading.av-3jspczd-381a934ac4b7d0afddc25a7aaa6107e5 .av-subheading{\nfont-size:15px;\n}\n<\/style>\n<div  class='av-special-heading av-3jspczd-381a934ac4b7d0afddc25a7aaa6107e5 av-special-heading-h2 blockquote modern-quote modern-centered  avia-builder-el-15  avia-builder-el-no-sibling '><h2 class='av-special-heading-tag '  >Notre agence de location de voitures <\/h2><div class=\"special-heading-border\"><div class=\"special-heading-inner-border\"><\/div><\/div><\/div>\n\n<div  class='av_gmaps_sc_main_wrap av_gmaps_main_wrap '><div id='av_gmap_0' class='avia-google-map-container avia-google-map-sc av_gmaps_show_unconditionally av-no-fallback-img ' data-mapid='av_gmap_0'  style='height: 400px;'><a class=\"av_gmaps_browser_disabled av_text_confirm_link av_text_confirm_link_visible\" href=\"https:\/\/www.google.com\/maps\/search\/?api=1&#038;query=10%20Rue%20Hibert%2006400%20Cannes%20%20France\" target=\"_blank\" rel=\"noopener\">Les cartes ont \u00e9t\u00e9 d\u00e9sactiv\u00e9es par le visiteur sur ce site. Cliquer pour ouvrir la carte dans une nouvelle fen\u00eatre.<\/a><\/div><\/div>\n\n<style type=\"text\/css\" data-created_by=\"avia_inline_auto\" id=\"style-css-av-2ddmnh5-bbd5dd00de2854828f851bcdfc153f73\">\n.avia-section.av-2ddmnh5-bbd5dd00de2854828f851bcdfc153f73{\nbackground-color:#6834bd;\nbackground-image:unset;\n}\n<\/style>\n<div id='av_section_3'  class='avia-section av-2ddmnh5-bbd5dd00de2854828f851bcdfc153f73 main_color avia-section-default avia-no-border-styling  avia-builder-el-17  el_after_av_google_map  el_before_av_section  avia-bg-style-scroll container_wrap fullsize'  ><div class='container av-section-cont-open' ><div class='template-page content  av-content-full alpha units'><div class='post-entry post-entry-type-page post-entry-30566'><div class='entry-content-wrapper clearfix'>\n\n<style type=\"text\/css\" data-created_by=\"avia_inline_auto\" id=\"style-css-av-28aqaft-9e84cdc41b7ee8adc8c8b963f2d15ae8\">\n#top .av-special-heading.av-28aqaft-9e84cdc41b7ee8adc8c8b963f2d15ae8{\npadding-bottom:10px;\ncolor:#ffffff;\nfont-size:30px;\n}\nbody .av-special-heading.av-28aqaft-9e84cdc41b7ee8adc8c8b963f2d15ae8 .av-special-heading-tag .heading-char{\nfont-size:25px;\n}\n#top #wrap_all .av-special-heading.av-28aqaft-9e84cdc41b7ee8adc8c8b963f2d15ae8 .av-special-heading-tag{\nfont-size:30px;\n}\n.av-special-heading.av-28aqaft-9e84cdc41b7ee8adc8c8b963f2d15ae8 .special-heading-inner-border{\nborder-color:#ffffff;\n}\n.av-special-heading.av-28aqaft-9e84cdc41b7ee8adc8c8b963f2d15ae8 .av-subheading{\nfont-size:15px;\n}\n\n@media only screen and (min-width: 480px) and (max-width: 767px){ \n#top #wrap_all .av-special-heading.av-28aqaft-9e84cdc41b7ee8adc8c8b963f2d15ae8 .av-special-heading-tag{\nfont-size:0.8em;\n}\n}\n\n@media only screen and (max-width: 479px){ \n#top #wrap_all .av-special-heading.av-28aqaft-9e84cdc41b7ee8adc8c8b963f2d15ae8 .av-special-heading-tag{\nfont-size:0.8em;\n}\n}\n<\/style>\n<div  class='av-special-heading av-28aqaft-9e84cdc41b7ee8adc8c8b963f2d15ae8 av-special-heading-h4 custom-color-heading blockquote modern-quote modern-centered  avia-builder-el-18  el_before_av_button  avia-builder-el-first  av-inherit-size'><h4 class='av-special-heading-tag '  >Profitez de l\u2019exp\u00e9rience de conduite ultime en louant une voiture de luxe<\/h4><div class=\"special-heading-border\"><div class=\"special-heading-inner-border\"><\/div><\/div><\/div>\n<div  class='avia-button-wrap av-1hycwxl-8817ba7b2960b6b95c98b72b12707988-wrap avia-button-center  avia-builder-el-19  el_after_av_heading  avia-builder-el-last '><a href=\"https:\/\/car4rent.fr\/fr\/contact\/\" class=\"avia-button av-1hycwxl-8817ba7b2960b6b95c98b72b12707988 av-link-btn avia-icon_select-yes-left-icon avia-size-large avia-position-center avia-color-grey\" aria-label=\"Contactez l\u2019un de nos experts !\"><span class='avia_button_icon avia_button_icon_left avia-iconfont avia-font-entypo-fontello' data-av_icon='\ue85d' data-av_iconfont='entypo-fontello' ><\/span><span class='avia_iconbox_title' >Contactez l\u2019un de nos experts !<\/span><\/a><\/div>\n\n<\/div><\/div><\/div><!-- close content main div --><\/div><\/div><div id='av_section_4'  class='avia-section av-3x68ry-24ef3140979026bcc76bebb1a07f5bbd main_color avia-section-default avia-no-border-styling  avia-builder-el-20  el_after_av_section  avia-builder-el-last  avia-bg-style-scroll container_wrap fullsize'  ><div class='container av-section-cont-open' ><div class='template-page content  av-content-full alpha units'><div class='post-entry post-entry-type-page post-entry-30566'><div class='entry-content-wrapper clearfix'>\n<div  class='avia-builder-widget-area clearfix  avia-builder-el-21  avia-builder-el-no-sibling '><div id=\"text-9\" class=\"widget clearfix widget_text\">\t\t\t<div class=\"textwidget\"><p style=\"text-align: center;\">    <div class=\"car4rent-share-block car4rent-fr\">\n        <a href=\"https:\/\/www.facebook.com\/sharer\/sharer.php?u=\" target=\"_blank\" rel=\"noopener\"><i class=\"fa-brands fa-facebook\"><\/i> Partager<\/a>\n        <a href=\"https:\/\/x.com\/intent\/tweet?url=&amp;text=\" target=\"_blank\" rel=\"noopener\"><i class=\"fa-brands fa-x-twitter\"><\/i> X<\/a>\n        <a href=\"https:\/\/wa.me\/?text=%20\" target=\"_blank\" rel=\"noopener\"><i class=\"fa-brands fa-whatsapp\"><\/i> WhatsApp<\/a>\n        <a href=\"https:\/\/www.instagram.com\/car4rent_cannes\/\" target=\"_blank\" rel=\"noopener\"><i class=\"fa-brands fa-instagram\"><\/i> Instagram<\/a>\n        <a href=\"https:\/\/www.linkedin.com\/company\/car4rent\/about\/\" target=\"_blank\" rel=\"noopener\"><i class=\"fa-brands fa-linkedin\"><\/i> LinkedIn<\/a>\n        <a href=\"https:\/\/www.youtube.com\/@car4rentcannes839\" target=\"_blank\" rel=\"noopener\"><i class=\"fa-brands fa-youtube\"><\/i> YouTube<\/a>\n    <\/div>\n    <\/p>\n<\/div>\n\t\t<\/div><\/div>\n\n","protected":false},"excerpt":{"rendered":"","protected":false},"author":3,"featured_media":29804,"parent":0,"menu_order":625,"comment_status":"closed","ping_status":"closed","template":"","meta":{"_acf_changed":false,"footnotes":""},"class_list":["post-30566","page","type-page","status-publish","has-post-thumbnail","hentry"],"acf":[],"_links":{"self":[{"href":"https:\/\/car4rent.fr\/fr\/wp-json\/wp\/v2\/pages\/30566","targetHints":{"allow":["GET"]}}],"collection":[{"href":"https:\/\/car4rent.fr\/fr\/wp-json\/wp\/v2\/pages"}],"about":[{"href":"https:\/\/car4rent.fr\/fr\/wp-json\/wp\/v2\/types\/page"}],"author":[{"embeddable":true,"href":"https:\/\/car4rent.fr\/fr\/wp-json\/wp\/v2\/users\/3"}],"replies":[{"embeddable":true,"href":"https:\/\/car4rent.fr\/fr\/wp-json\/wp\/v2\/comments?post=30566"}],"version-history":[{"count":0,"href":"https:\/\/car4rent.fr\/fr\/wp-json\/wp\/v2\/pages\/30566\/revisions"}],"wp:featuredmedia":[{"embeddable":true,"href":"https:\/\/car4rent.fr\/fr\/wp-json\/wp\/v2\/media\/29804"}],"wp:attachment":[{"href":"https:\/\/car4rent.fr\/fr\/wp-json\/wp\/v2\/media?parent=30566"}],"curies":[{"name":"wp","href":"https:\/\/api.w.org\/{rel}","templated":true}]}}