{"id":30565,"date":"2023-11-10T16:56:12","date_gmt":"2023-11-10T15:56:12","guid":{"rendered":"https:\/\/car4rent.fr\/location-mercedes-monaco\/"},"modified":"2024-04-11T00:17:15","modified_gmt":"2024-04-10T22:17:15","slug":"location-mercedes-monaco","status":"publish","type":"page","link":"https:\/\/car4rent.fr\/fr\/location-mercedes-monaco\/","title":{"rendered":"Location Mercedes Monaco"},"content":{"rendered":"\n<style type=\"text\/css\" data-created_by=\"avia_inline_auto\" id=\"style-css-av-k9iq87co-7f0f89b65ae0bb1e9a696105e9be0eb4\">\n.avia-section.av-k9iq87co-7f0f89b65ae0bb1e9a696105e9be0eb4{\nbackground-repeat:no-repeat;\nbackground-image:url(https:\/\/car4rent.fr\/wp-content\/uploads\/Mercedes-AMG-Rental-Car4rent.jpg);\nbackground-position:50% 100%;\nbackground-attachment:scroll;\n}\n<\/style>\n<div id='header-section'  class='avia-section av-k9iq87co-7f0f89b65ae0bb1e9a696105e9be0eb4 main_color avia-section-huge avia-no-border-styling  avia-builder-el-0  el_before_av_one_full  avia-builder-el-first  avia-full-stretch avia-bg-style-scroll av-minimum-height av-minimum-height-custom av-height-custom  container_wrap fullsize'  data-section-bg-repeat='stretch' data-av_minimum_height_px='700'><div class='container av-section-cont-open' style='height:700px'><main  class='template-page content  av-content-full alpha units'><div class='post-entry post-entry-type-page post-entry-30565'><div class='entry-content-wrapper clearfix'>\n<div  class='flex_column av-av_one_full-7420270dda896a7728e3c90b94d24f81 av_one_full  avia-builder-el-1  avia-builder-el-no-sibling  first flex_column_div  '     ><style type=\"text\/css\" data-created_by=\"avia_inline_auto\" id=\"style-css-av-lm5xztfu-a76a2e83f987f2cdb33a0af4420fa14c\">\n#top .av-special-heading.av-lm5xztfu-a76a2e83f987f2cdb33a0af4420fa14c{\npadding-bottom:10px;\n}\nbody .av-special-heading.av-lm5xztfu-a76a2e83f987f2cdb33a0af4420fa14c .av-special-heading-tag .heading-char{\nfont-size:25px;\n}\n.av-special-heading.av-lm5xztfu-a76a2e83f987f2cdb33a0af4420fa14c .av-subheading{\nfont-size:15px;\n}\n<\/style>\n<div  class='av-special-heading av-lm5xztfu-a76a2e83f987f2cdb33a0af4420fa14c av-special-heading-h5  avia-builder-el-2  avia-builder-el-no-sibling '><h5 class='av-special-heading-tag '  >Location Mercedes Monaco<\/h5><div class=\"special-heading-border\"><div class=\"special-heading-inner-border\"><\/div><\/div><\/div><\/div>\n<\/div><\/div><\/main><!-- close content main element --><\/div><\/div><div id='after_section_1'  class='main_color av_default_container_wrap container_wrap fullsize'  ><div class='container av-section-cont-open' ><div class='template-page content  av-content-full alpha units'><div class='post-entry post-entry-type-page post-entry-30565'><div class='entry-content-wrapper clearfix'>\n\n<style type=\"text\/css\" data-created_by=\"avia_inline_auto\" id=\"style-css-av-k9of881m-8b75821c00ec2c33f438de9a772a6e49\">\n.flex_column.av-k9of881m-8b75821c00ec2c33f438de9a772a6e49{\nborder-radius:0px 0px 0px 0px;\npadding:0px 0px 0px 0px;\nbackground-color:#ffffff;\n}\n<\/style>\n<div  class='flex_column av-k9of881m-8b75821c00ec2c33f438de9a772a6e49 av_one_full  avia-builder-el-3  el_after_av_section  el_before_av_hr  avia-builder-el-first  first flex_column_div av-zero-column-padding  '     ><section  class='av_textblock_section av-k9iq5tou-fd78dca57654a395cb569156408b77a5 '  ><div class='avia_textblock' ><h1>Location Mercedes Monaco<\/h1>\n<p>Location Mercedes <a href=\"https:\/\/www.visitmonaco.com\/\" target=\"_blank\" rel=\"noopener\">Monaco <\/a>est la meilleure fa\u00e7on de quitter votre h\u00f4tel et de commencer l&rsquo;exploration des innombrables sites que la <a href=\"https:\/\/generationvoyage.fr\/visiter-cote-azur-faire-voir\/\" target=\"_blank\" rel=\"noopener\">C\u00f4te d&rsquo;Azur <\/a>vous offre.<\/p>\n<p>Monaco, assis sur le prestigieux \u00ab\u00a0The Rock\u00a0\u00bb &#8211; Le Rocher &#8211; est connu pour \u00eatre une petite Principaut\u00e9 dirig\u00e9e par le Prince, et s&rsquo;\u00e9tend sur deux kilom\u00e8tres carr\u00e9s. Et ce qui lui manque en termes de taille, il le compense certainement en termes de luxe.<\/p>\n<h2>Location Mercedes Monaco pour d\u00e9couvrir la Principaut\u00e9<\/h2>\n<p>Cet endroit tr\u00e8s cossu est le lieu de r\u00e9sidence des riches et des c\u00e9l\u00e8bres et leur terrain de jeu pour des divertissements luxuriants et des soir\u00e9es endiabl\u00e9es. C&rsquo;est l&rsquo;endroit r\u00eav\u00e9 pour les paillettes et le glamour, et si vous avez envie de tenter votre chance, vous pouvez vous promener dans le <a href=\"https:\/\/www.montecarlosbm.com\/fr\/casino-monaco\/casino-monte-carlo\" target=\"_blank\" rel=\"noopener\">Casino<\/a>\u00a0et cultiver le James Bond qui sommeille en vous.<\/p>\n<p>Monaco est bord\u00e9e d&rsquo;une mer bleue, le climat y est agr\u00e9able et id\u00e9al pour les palmiers qui pars\u00e8ment les rues. Dans toute la ville, vous trouverez des fleurs exotiques et une v\u00e9g\u00e9tation luxuriante.<\/p>\n<p>Louer une Mercedes \u00e0 Monaco est une excellente option pour voyager dans le confort \u00e0 chaque instant de votre voyage. Vous appr\u00e9cierez la polyvalence d&rsquo;une voiture de luxe. Louer une d\u00e9capotable et se d\u00e9placer dans la ville se transformera en une exp\u00e9rience de conduite m\u00e9morable.<\/p>\n<p>La combinaison de la sportivit\u00e9, du design d&rsquo;avant-garde et d&rsquo;un niveau de confort \u00e9lev\u00e9 donne naissance \u00e0 une marque exceptionnelle, parfaite pour s&rsquo;offrir une balade fantastique dans l&rsquo;arri\u00e8re-pays.<\/p>\n<p>Si vous louez une Mercedes \u00e0 Monaco, vous pourrez vous d\u00e9placer et atteindre des villes comme Nice, Antibes et <a href=\"https:\/\/www.cannes-destination.fr\/visites-incontournables\" target=\"_blank\" rel=\"noopener\">Cannes<\/a> qui valent la peine d&rsquo;\u00eatre visit\u00e9es.<\/p>\n<p>Vous n&rsquo;avez pas trouv\u00e9 la Mercedes-Benz id\u00e9ale et vous voulez essayer de la louer ? une autre marque de voiture ? Nous disposons de tous les mod\u00e8les sportifs et de luxe, tels que Ferrari, Lamborghini, Porsche, Land Rover, Mercedes AMG, Bentley, Rolls-Royce et autres Audi et BMW.<\/p>\n<p><a href=\"https:\/\/car4rent.fr\/fr\/louer-une-ferrari\/\"><strong>Ferrari<\/strong><\/a>,\n            <a href=\"https:\/\/car4rent.fr\/fr\/louer-une-lamborghini\/\"><strong>Lamborghini<\/strong><\/a>,\n            <a href=\"https:\/\/car4rent.fr\/fr\/louer-une-porsche\/\"><strong>Porsche<\/strong><\/a>,\n            <a href=\"https:\/\/car4rent.fr\/fr\/louer-un-land-rover\/\"><strong>Land Rover<\/strong><\/a>,\n            <a href=\"https:\/\/car4rent.fr\/fr\/louer-une-mercedes\/\"><strong>Mercedes AMG<\/strong><\/a>,\n            <a href=\"https:\/\/car4rent.fr\/fr\/louer-une-bentley\/\"><strong>Bentley<\/strong><\/a>,\n            <a href=\"https:\/\/car4rent.fr\/fr\/louer-une-rolls-royce\/\"><strong>Rolls-Royce<\/strong><\/a>, et\n            <a href=\"https:\/\/car4rent.fr\/fr\/louer-une-audi\/\"><strong>Audi<\/strong><\/a>. et bien d&rsquo;autres choses encore. Consultez nos cat\u00e9gories de voitures de prestige au bas de cette page. Notre collection est particuli\u00e8rement ouverte aux amateurs de sensations fortes.<\/p>\n<p>Pr\u00eat pour une exp\u00e9rience de conduite sans faille, n&rsquo;h\u00e9sitez pas et <a href=\"https:\/\/car4rent.fr\/fr\/contact\/\" target=\"_blank\" rel=\"noopener\">r\u00e9servez<\/a> l&rsquo;une de nos Mercedes-Benz d\u00e8s aujourd&rsquo;hui !<\/p>\n<\/div><\/section><\/div><div  class='hr av-r408yh-5fc29ed8e5abe90cc5953910efd3a584 hr-default  avia-builder-el-5  el_after_av_one_full  el_before_av_one_fourth '><span class='hr-inner '><span class=\"hr-inner-style\"><\/span><\/span><\/div><\/p>\n\n<style type=\"text\/css\" data-created_by=\"avia_inline_auto\" id=\"style-css-av-9j4h5a1-6e828a1197b9444f95d3c7ec7fb82938\">\n.flex_column.av-9j4h5a1-6e828a1197b9444f95d3c7ec7fb82938{\nborder-radius:0px 0px 0px 0px;\npadding:0px 0px 0px 0px;\n}\n<\/style>\n<div  class='flex_column av-9j4h5a1-6e828a1197b9444f95d3c7ec7fb82938 av_one_fourth  avia-builder-el-6  el_after_av_hr  el_before_av_one_fourth  first flex_column_div av-zero-column-padding  '     ><section  class='av_textblock_section av-8wzml89-2b80783706aabf533d7977da87f21ef0 '  ><div class='avia_textblock' ><p>Location Mercedes Monaco<\/p>\n<hr \/>\n<p>Nous proposons \u00e0 la location des voitures de luxe et de sport, mais \u00e9galement une large gamme de SUV et de cabriolets. D\u00e9couvrez nos voitures de r\u00eave.<\/p>\n<p>Prix \u00e0 partir de 260\u20ac \/ jour.<\/p>\n<\/div><\/section><\/div>\n<style type=\"text\/css\" data-created_by=\"avia_inline_auto\" id=\"style-css-av-8cxm7x5-0dfd1be948133d5958731c1141e89316\">\n.flex_column.av-8cxm7x5-0dfd1be948133d5958731c1141e89316{\nborder-radius:0px 0px 0px 0px;\npadding:0px 0px 0px 0px;\n}\n<\/style>\n<div  class='flex_column av-8cxm7x5-0dfd1be948133d5958731c1141e89316 av_one_fourth  avia-builder-el-8  el_after_av_one_fourth  el_before_av_one_fourth  flex_column_div av-zero-column-padding  '     ><section  class='av_textblock_section av-sl1yyh-58401a45bbfca01485bb12f5ae7e0e5f '  ><div class='avia_textblock' ><p>Agences \u00e0 l\u2019a\u00e9roport de Nice, Cannes, Monaco et Saint-Tropez<\/p>\n<hr \/>\n<p>Nous livrons votre voiture o\u00f9 vous le souhaitez, \u00e0 votre arriv\u00e9e \u00e0 l&rsquo;a\u00e9roport de Nice, votre h\u00f4tel, votre lieu de vill\u00e9giature ou sur demande n&rsquo;importe o\u00f9 en France.<\/p>\n<\/div><\/section><\/div>\n<style type=\"text\/css\" data-created_by=\"avia_inline_auto\" id=\"style-css-av-7t2xhcp-04a64ffc63980df57546af05384a54fd\">\n.flex_column.av-7t2xhcp-04a64ffc63980df57546af05384a54fd{\nborder-radius:0px 0px 0px 0px;\npadding:0px 0px 0px 0px;\n}\n<\/style>\n<div  class='flex_column av-7t2xhcp-04a64ffc63980df57546af05384a54fd av_one_fourth  avia-builder-el-10  el_after_av_one_fourth  el_before_av_one_fourth  flex_column_div av-zero-column-padding  '     ><section  class='av_textblock_section av-77ozpuh-8dd1b37f5ec2cac52732881fc5014607 '  ><div class='avia_textblock' ><p>Test Drive &#8211; Faites de votre r\u00eave une r\u00e9alit\u00e9<\/p>\n<hr \/>\n<p>Offrez-vous une exp\u00e9rience de conduite unique au volant d&rsquo;une supercar. Prenez le volant d&rsquo;une Lamborghini, d&rsquo;une Ferrari ou d&rsquo;une Porsche sans vous ruiner. Pour des raisons de s\u00e9curit\u00e9, vous roulerez accompagn\u00e9. \u00c0 partir de 195\u20ac pp. uniquement sur Cannes<\/p>\n<\/div><\/section><\/div>\n<style type=\"text\/css\" data-created_by=\"avia_inline_auto\" id=\"style-css-av-6mik0k9-58ba2370392ede1c671764d02dbf6948\">\n.flex_column.av-6mik0k9-58ba2370392ede1c671764d02dbf6948{\nborder-radius:0px 0px 0px 0px;\npadding:0px 0px 0px 0px;\n}\n<\/style>\n<div  class='flex_column av-6mik0k9-58ba2370392ede1c671764d02dbf6948 av_one_fourth  avia-builder-el-12  el_after_av_one_fourth  el_before_av_section  avia-builder-el-last  flex_column_div av-zero-column-padding  '     ><section  class='av_textblock_section av-64i2ogp-66548aea0352cdde9b58db15362b0175 '  ><div class='avia_textblock' ><p>Un service sur mesure<\/p>\n<hr \/>\n<p>Une \u00e9quipe d\u00e9vou\u00e9e et attentive se tient \u00e0 votre disposition pour vous fournir toute information ou r\u00e9pondre \u00e0 vos demandes.<\/p>\n<\/div><\/section><\/div><\/div><\/div><\/div><!-- close content main div --><\/div><\/div>\n<style type=\"text\/css\" data-created_by=\"avia_inline_auto\" id=\"style-css-av-75jrstw-340acbe411e4c2dbeb340932703dbd80\">\n.avia-section.av-75jrstw-340acbe411e4c2dbeb340932703dbd80{\nbackground-color:#f3f3f3;\nbackground-image:unset;\n}\n<\/style>\n<div id='av_section_2'  class='avia-section av-75jrstw-340acbe411e4c2dbeb340932703dbd80 main_color avia-section-default avia-no-border-styling  avia-builder-el-14  el_after_av_one_fourth  el_before_av_section  avia-bg-style-scroll container_wrap fullsize'  ><div class='container av-section-cont-open' ><div class='template-page content  av-content-full alpha units'><div class='post-entry post-entry-type-page post-entry-30565'><div class='entry-content-wrapper clearfix'>\n\n<style type=\"text\/css\" data-created_by=\"avia_inline_auto\" id=\"style-css-av-6sduras-9fce900a91425dd92345f9e42be5172f\">\n#top .av-special-heading.av-6sduras-9fce900a91425dd92345f9e42be5172f{\npadding-bottom:10px;\n}\nbody .av-special-heading.av-6sduras-9fce900a91425dd92345f9e42be5172f .av-special-heading-tag .heading-char{\nfont-size:25px;\n}\n.av-special-heading.av-6sduras-9fce900a91425dd92345f9e42be5172f .av-subheading{\nfont-size:15px;\n}\n<\/style>\n<div  class='av-special-heading av-6sduras-9fce900a91425dd92345f9e42be5172f av-special-heading-h3 blockquote modern-quote modern-centered  avia-builder-el-15  el_before_av_one_half  avia-builder-el-first '><h3 class='av-special-heading-tag '  >Mercedes AMG<\/h3><div class=\"special-heading-border\"><div class=\"special-heading-inner-border\"><\/div><\/div><\/div>\n\n<style type=\"text\/css\" data-created_by=\"avia_inline_auto\" id=\"style-css-av-64lckfo-d09c67c388de34c1abac75b1f0d411b2\">\n.flex_column.av-64lckfo-d09c67c388de34c1abac75b1f0d411b2{\nborder-radius:0px 0px 0px 0px;\npadding:0px 0px 0px 0px;\n}\n<\/style>\n<div  class='flex_column av-64lckfo-d09c67c388de34c1abac75b1f0d411b2 av_one_half  avia-builder-el-16  el_after_av_heading  el_before_av_one_half  first flex_column_div av-zero-column-padding  '     ><div  class='avia-slideshow av-lfe0ulqm-85baf95615acf0ec4cb52613b781454c avia-slideshow-portfolio av_slideshow avia-slide-slider  avia-builder-el-17  avia-builder-el-no-sibling  av-slideshow-ui av-control-default av-slideshow-autoplay av-loop-endless av-loop-manual-endless av-default-height-applied avia-slideshow-1' data-slideshow-options=\"{&quot;animation&quot;:&quot;slide&quot;,&quot;autoplay&quot;:true,&quot;loop_autoplay&quot;:&quot;endless&quot;,&quot;interval&quot;:10,&quot;loop_manual&quot;:&quot;manual-endless&quot;,&quot;autoplay_stopper&quot;:false,&quot;noNavigation&quot;:false,&quot;bg_slider&quot;:false,&quot;keep_padding&quot;:false,&quot;hoverpause&quot;:false,&quot;show_slide_delay&quot;:0}\" ><ul class='avia-slideshow-inner ' style='padding-bottom: 80.808080808081%;'><li  class='avia-slideshow-slide av-lfe0ulqm-85baf95615acf0ec4cb52613b781454c__0  av-single-slide slide-1 slide-odd'><div data-rel='slideshow-1' class='avia-slide-wrap '   ><img decoding=\"async\" fetchpriority=\"high\" class=\"wp-image-36239 avia-img-lazy-loading-not-36239\"  src=\"https:\/\/car4rent.fr\/wp-content\/uploads\/mercedes-g63-hire-495x400.jpeg\" width=\"495\" height=\"400\" title='mercedes g63 hire' alt='location de mercedes cannes, rent mercedes cannes' srcset=\"https:\/\/car4rent.fr\/wp-content\/uploads\/mercedes-g63-hire-495x400.jpeg 495w, https:\/\/car4rent.fr\/wp-content\/uploads\/mercedes-g63-hire-845x684.jpeg 845w\" sizes=\"(max-width: 495px) 100vw, 495px\" \/><\/div><\/li><\/ul><\/div><\/div>\n<style type=\"text\/css\" data-created_by=\"avia_inline_auto\" id=\"style-css-av-1dbh47o-7100c9237da37a3531b1d297465d5ef6\">\n.flex_column.av-1dbh47o-7100c9237da37a3531b1d297465d5ef6{\nborder-radius:0px 0px 0px 0px;\npadding:0px 0px 0px 0px;\n}\n<\/style>\n<div  class='flex_column av-1dbh47o-7100c9237da37a3531b1d297465d5ef6 av_one_half  avia-builder-el-18  el_after_av_one_half  avia-builder-el-last  flex_column_div av-zero-column-padding  '     ><p><section  class='av_textblock_section av-k9ygqqyt-6d43acfea20031ee0276d85f8b43bafc '  ><div class='avia_textblock' ><p>AMG est la branche sportive des voitures Mercedes et est devenue une filiale. Depuis 1999, le fabricant a consid\u00e9rablement \u00e9largi son offre en proposant plus d&rsquo;une quinzaine de mod\u00e8les les plus exclusifs.<\/p>\n<p>&#8211; Cabriolets<\/p>\n<ul>\n<li>Mercedes E220d AMG Cabriolet<\/li>\n<li>Mercedes SL AMG roadster<\/li>\n<\/ul>\n<p>&#8211; SUV<\/p>\n<ul>\n<li>Mercedes G63 AMG<\/li>\n<li>Mercedes G500 4&#215;4\u00b2<\/li>\n<\/ul>\n<p>&#8211; Vans<\/p>\n<ul>\n<li>Mercedes V250d 4 Matic Extralong 7 seats<\/li>\n<\/ul>\n<p>Prix \u00e0 partir de 450 euros par jour.<\/p>\n<\/div><\/section><br \/>\n<div  class='avia-button-wrap av-uabh90-be417ed41658457cf605f83cbd541a77-wrap avia-button-left  avia-builder-el-20  el_after_av_textblock  avia-builder-el-last '><a href=\"https:\/\/car4rent.fr\/fr\/contact\/\" class=\"avia-button av-uabh90-be417ed41658457cf605f83cbd541a77 av-link-btn avia-icon_select-yes-right-icon avia-size-small avia-position-left av-icon-on-hover avia-color-red\" aria-label=\"Contact\"><span class='avia_iconbox_title' >Contact<\/span><span class='avia_button_icon avia_button_icon_right avia-iconfont avia-font-entypo-fontello' data-av_icon='\ue881' data-av_iconfont='entypo-fontello' ><\/span><\/a><\/div><\/p><\/div><\/div><\/div><\/div><!-- close content main div --><\/div><\/div>\n<style type=\"text\/css\" data-created_by=\"avia_inline_auto\" id=\"style-css-av-43kcsd5-d3ef79113910887a7bfd29c8c2ab4614\">\n.avia-section.av-43kcsd5-d3ef79113910887a7bfd29c8c2ab4614{\nbackground-color:#f3f3f3;\nbackground-image:unset;\n}\n<\/style>\n<div id='sectioncustom'  class='avia-section av-43kcsd5-d3ef79113910887a7bfd29c8c2ab4614 main_color avia-section-default avia-no-border-styling  avia-builder-el-21  el_after_av_section  el_before_av_google_map  avia-bg-style-scroll container_wrap fullsize'  ><div class='container av-section-cont-open' ><div class='template-page content  av-content-full alpha units'><div class='post-entry post-entry-type-page post-entry-30565'><div class='entry-content-wrapper clearfix'>\n\n<style type=\"text\/css\" data-created_by=\"avia_inline_auto\" id=\"style-css-av-3jspczd-381a934ac4b7d0afddc25a7aaa6107e5\">\n#top .av-special-heading.av-3jspczd-381a934ac4b7d0afddc25a7aaa6107e5{\npadding-bottom:0;\n}\nbody .av-special-heading.av-3jspczd-381a934ac4b7d0afddc25a7aaa6107e5 .av-special-heading-tag .heading-char{\nfont-size:25px;\n}\n.av-special-heading.av-3jspczd-381a934ac4b7d0afddc25a7aaa6107e5 .av-subheading{\nfont-size:15px;\n}\n<\/style>\n<div  class='av-special-heading av-3jspczd-381a934ac4b7d0afddc25a7aaa6107e5 av-special-heading-h2 blockquote modern-quote modern-centered  avia-builder-el-22  avia-builder-el-no-sibling '><h2 class='av-special-heading-tag '  >Notre agence de location de voitures <\/h2><div class=\"special-heading-border\"><div class=\"special-heading-inner-border\"><\/div><\/div><\/div>\n<\/p>\n<div  class='av_gmaps_sc_main_wrap av_gmaps_main_wrap '><div id='av_gmap_0' class='avia-google-map-container avia-google-map-sc av_gmaps_show_unconditionally av-no-fallback-img ' data-mapid='av_gmap_0'  style='height: 400px;'><a class=\"av_gmaps_browser_disabled av_text_confirm_link av_text_confirm_link_visible\" href=\"https:\/\/www.google.com\/maps\/search\/?api=1&#038;query=10,%20rue%20Hibert%2006400%20Cannes%20%20France\" target=\"_blank\" rel=\"noopener\">Les cartes ont \u00e9t\u00e9 d\u00e9sactiv\u00e9es par le visiteur sur ce site. Cliquer pour ouvrir la carte dans une nouvelle fen\u00eatre.<\/a><\/div><\/div>\n\n<style type=\"text\/css\" data-created_by=\"avia_inline_auto\" id=\"style-css-av-2ddmnh5-bbd5dd00de2854828f851bcdfc153f73\">\n.avia-section.av-2ddmnh5-bbd5dd00de2854828f851bcdfc153f73{\nbackground-color:#6834bd;\nbackground-image:unset;\n}\n<\/style>\n<div id='av_section_4'  class='avia-section av-2ddmnh5-bbd5dd00de2854828f851bcdfc153f73 main_color avia-section-default avia-no-border-styling  avia-builder-el-24  el_after_av_google_map  el_before_av_section  avia-bg-style-scroll container_wrap fullsize'  ><div class='container av-section-cont-open' ><div class='template-page content  av-content-full alpha units'><div class='post-entry post-entry-type-page post-entry-30565'><div class='entry-content-wrapper clearfix'>\n\n<style type=\"text\/css\" data-created_by=\"avia_inline_auto\" id=\"style-css-av-28aqaft-866b4c8459cc9d7affa68e43dfece33b\">\n#top .av-special-heading.av-28aqaft-866b4c8459cc9d7affa68e43dfece33b{\npadding-bottom:10px;\ncolor:#ffffff;\nfont-size:30px;\n}\nbody .av-special-heading.av-28aqaft-866b4c8459cc9d7affa68e43dfece33b .av-special-heading-tag .heading-char{\nfont-size:25px;\n}\n#top #wrap_all .av-special-heading.av-28aqaft-866b4c8459cc9d7affa68e43dfece33b .av-special-heading-tag{\nfont-size:30px;\n}\n.av-special-heading.av-28aqaft-866b4c8459cc9d7affa68e43dfece33b .special-heading-inner-border{\nborder-color:#ffffff;\n}\n.av-special-heading.av-28aqaft-866b4c8459cc9d7affa68e43dfece33b .av-subheading{\nfont-size:15px;\n}\n\n@media only screen and (min-width: 480px) and (max-width: 767px){ \n#top #wrap_all .av-special-heading.av-28aqaft-866b4c8459cc9d7affa68e43dfece33b .av-special-heading-tag{\nfont-size:0.8em;\n}\n}\n\n@media only screen and (max-width: 479px){ \n#top #wrap_all .av-special-heading.av-28aqaft-866b4c8459cc9d7affa68e43dfece33b .av-special-heading-tag{\nfont-size:0.8em;\n}\n}\n<\/style>\n<div  class='av-special-heading av-28aqaft-866b4c8459cc9d7affa68e43dfece33b av-special-heading-h2 custom-color-heading blockquote modern-quote modern-centered  avia-builder-el-25  el_before_av_button  avia-builder-el-first  av-inherit-size'><h2 class='av-special-heading-tag '  >Profitez de l\u2019exp\u00e9rience de conduite ultime avec une voiture livr\u00e9e directement chez vous !<\/h2><div class=\"special-heading-border\"><div class=\"special-heading-inner-border\"><\/div><\/div><\/div>\n<div  class='avia-button-wrap av-1hycwxl-8817ba7b2960b6b95c98b72b12707988-wrap avia-button-center  avia-builder-el-26  el_after_av_heading  avia-builder-el-last '><a href=\"https:\/\/car4rent.fr\/fr\/contact\/\" class=\"avia-button av-1hycwxl-8817ba7b2960b6b95c98b72b12707988 av-link-btn avia-icon_select-yes-left-icon avia-size-large avia-position-center avia-color-grey\" aria-label=\"Contactez l\u2019un de nos experts !\"><span class='avia_button_icon avia_button_icon_left avia-iconfont avia-font-entypo-fontello' data-av_icon='\ue85d' data-av_iconfont='entypo-fontello' ><\/span><span class='avia_iconbox_title' >Contactez l\u2019un de nos experts !<\/span><\/a><\/div>\n\n<\/div><\/div><\/div><!-- close content main div --><\/div><\/div><div id='av_section_5'  class='avia-section av-137tjx0-01638daeb4eda77d7c84a7f6df291411 main_color avia-section-default avia-no-border-styling  avia-builder-el-27  el_after_av_section  avia-builder-el-last  avia-bg-style-scroll container_wrap fullsize'  ><div class='container av-section-cont-open' ><div class='template-page content  av-content-full alpha units'><div class='post-entry post-entry-type-page post-entry-30565'><div class='entry-content-wrapper clearfix'>\n<div  class='avia-builder-widget-area clearfix  avia-builder-el-28  avia-builder-el-no-sibling '><div id=\"text-9\" class=\"widget clearfix widget_text\">\t\t\t<div class=\"textwidget\"><p style=\"text-align: center;\">    <div class=\"car4rent-share-block car4rent-fr\">\n        <a href=\"https:\/\/www.facebook.com\/sharer\/sharer.php?u=\" target=\"_blank\" rel=\"noopener\"><i class=\"fa-brands fa-facebook\"><\/i> Partager<\/a>\n        <a href=\"https:\/\/x.com\/intent\/tweet?url=&amp;text=\" target=\"_blank\" rel=\"noopener\"><i class=\"fa-brands fa-x-twitter\"><\/i> X<\/a>\n        <a href=\"https:\/\/wa.me\/?text=%20\" target=\"_blank\" rel=\"noopener\"><i class=\"fa-brands fa-whatsapp\"><\/i> WhatsApp<\/a>\n        <a href=\"https:\/\/www.instagram.com\/car4rent_cannes\/\" target=\"_blank\" rel=\"noopener\"><i class=\"fa-brands fa-instagram\"><\/i> Instagram<\/a>\n        <a href=\"https:\/\/www.linkedin.com\/company\/car4rent\/about\/\" target=\"_blank\" rel=\"noopener\"><i class=\"fa-brands fa-linkedin\"><\/i> LinkedIn<\/a>\n        <a href=\"https:\/\/www.youtube.com\/@car4rentcannes839\" target=\"_blank\" rel=\"noopener\"><i class=\"fa-brands fa-youtube\"><\/i> YouTube<\/a>\n    <\/div>\n    <\/p>\n<\/div>\n\t\t<\/div><\/div>\n\n","protected":false},"excerpt":{"rendered":"","protected":false},"author":3,"featured_media":29783,"parent":0,"menu_order":1220,"comment_status":"closed","ping_status":"closed","template":"","meta":{"_acf_changed":false,"footnotes":""},"class_list":["post-30565","page","type-page","status-publish","has-post-thumbnail","hentry"],"acf":[],"_links":{"self":[{"href":"https:\/\/car4rent.fr\/fr\/wp-json\/wp\/v2\/pages\/30565","targetHints":{"allow":["GET"]}}],"collection":[{"href":"https:\/\/car4rent.fr\/fr\/wp-json\/wp\/v2\/pages"}],"about":[{"href":"https:\/\/car4rent.fr\/fr\/wp-json\/wp\/v2\/types\/page"}],"author":[{"embeddable":true,"href":"https:\/\/car4rent.fr\/fr\/wp-json\/wp\/v2\/users\/3"}],"replies":[{"embeddable":true,"href":"https:\/\/car4rent.fr\/fr\/wp-json\/wp\/v2\/comments?post=30565"}],"version-history":[{"count":0,"href":"https:\/\/car4rent.fr\/fr\/wp-json\/wp\/v2\/pages\/30565\/revisions"}],"wp:featuredmedia":[{"embeddable":true,"href":"https:\/\/car4rent.fr\/fr\/wp-json\/wp\/v2\/media\/29783"}],"wp:attachment":[{"href":"https:\/\/car4rent.fr\/fr\/wp-json\/wp\/v2\/media?parent=30565"}],"curies":[{"name":"wp","href":"https:\/\/api.w.org\/{rel}","templated":true}]}}