{"id":30535,"date":"2023-11-10T16:56:12","date_gmt":"2023-11-10T15:56:12","guid":{"rendered":"https:\/\/car4rent.fr\/location-porsche-cannes\/"},"modified":"2025-05-30T18:35:51","modified_gmt":"2025-05-30T16:35:51","slug":"location-porsche","status":"publish","type":"page","link":"https:\/\/car4rent.fr\/fr\/location-porsche\/","title":{"rendered":"Location Porsche"},"content":{"rendered":"\n<style type=\"text\/css\" data-created_by=\"avia_inline_auto\" id=\"style-css-av-14wrjk8-8400daf65da11e9997f7267ac09bd5f3\">\n.avia-section.av-14wrjk8-8400daf65da11e9997f7267ac09bd5f3 .av-parallax .av-parallax-inner{\nbackground-repeat:no-repeat;\nbackground-image:url(https:\/\/car4rent.fr\/wp-content\/uploads\/porsche-palmbeach-targa-ouvert-1030x773.jpg);\nbackground-position:50% 50%;\nbackground-attachment:scroll;\n}\n<\/style>\n<div id='av_section_1'  class='avia-section av-14wrjk8-8400daf65da11e9997f7267ac09bd5f3 main_color avia-section-huge avia-no-border-styling  avia-builder-el-0  el_before_av_section  avia-builder-el-first  avia-full-stretch av-parallax-section avia-bg-style-parallax av-minimum-height av-minimum-height-50 av-height-50  container_wrap fullsize'  data-section-bg-repeat='stretch' data-av_minimum_height_pc='50' data-av_min_height_opt='50'><div class='av-parallax' data-avia-parallax-ratio='0.3' ><div class='av-parallax-inner main_color avia-full-stretch'><\/div><\/div><div class=\"av-section-color-overlay-wrap\"><a href='#next-section' title='' class='scroll-down-link  avia-svg-icon avia-font-svg_entypo-fontello' data-av_svg_icon='down-open-mini' data-av_iconset='svg_entypo-fontello'><svg version=\"1.1\" xmlns=\"http:\/\/www.w3.org\/2000\/svg\" width=\"15\" height=\"32\" viewBox=\"0 0 15 32\" preserveAspectRatio=\"xMidYMid meet\" aria-labelledby='av-svg-title-1' aria-describedby='av-svg-desc-1' role=\"graphics-symbol\" aria-hidden=\"true\">\n<title id='av-svg-title-1'>Scroller vers la prochaine section<\/title>\n<desc id='av-svg-desc-1'>Scroller vers la prochaine section<\/desc>\n<path d=\"M12.96 12.16q0.704-0.832 1.536 0 0.832 0.704 0 1.536l-6.272 6.144q-0.704 0.704-1.536 0l-6.272-6.144q-0.832-0.832 0-1.536 0.768-0.768 1.6 0l5.44 4.992z\"><\/path>\n<\/svg><\/a><div class='container av-section-cont-open' ><main  class='template-page content  av-content-full alpha units'><div class='post-entry post-entry-type-page post-entry-30535'><div class='entry-content-wrapper clearfix'>\n\n<style type=\"text\/css\" data-created_by=\"avia_inline_auto\" id=\"style-css-av-12qv6rs-de681792f2f5836ac3ee89a26fa00fc5\">\n.flex_column.av-12qv6rs-de681792f2f5836ac3ee89a26fa00fc5{\nborder-radius:0px 0px 0px 0px;\npadding:20px 20px 20px 20px;\nbackground-color:rgba(0,0,0,0.47);\n}\n<\/style>\n<div  class='flex_column av-12qv6rs-de681792f2f5836ac3ee89a26fa00fc5 av_two_third  avia-builder-el-1  avia-builder-el-no-sibling  first flex_column_div  '     ><style type=\"text\/css\" data-created_by=\"avia_inline_auto\" id=\"style-css-av-juocr57f-3cf24ffd2e0f631eff6710f101a3d43a\">\n#top .av-special-heading.av-juocr57f-3cf24ffd2e0f631eff6710f101a3d43a{\npadding-bottom:10px;\ncolor:#ffffff;\nfont-size:35px;\n}\nbody .av-special-heading.av-juocr57f-3cf24ffd2e0f631eff6710f101a3d43a .av-special-heading-tag .heading-char{\nfont-size:25px;\n}\n#top #wrap_all .av-special-heading.av-juocr57f-3cf24ffd2e0f631eff6710f101a3d43a .av-special-heading-tag{\nfont-size:35px;\n}\n.av-special-heading.av-juocr57f-3cf24ffd2e0f631eff6710f101a3d43a .special-heading-inner-border{\nborder-color:#ffffff;\n}\n.av-special-heading.av-juocr57f-3cf24ffd2e0f631eff6710f101a3d43a .av-subheading{\nfont-size:15px;\n}\n\n@media only screen and (min-width: 480px) and (max-width: 767px){ \n#top #wrap_all .av-special-heading.av-juocr57f-3cf24ffd2e0f631eff6710f101a3d43a .av-special-heading-tag{\nfont-size:0.8em;\n}\n}\n\n@media only screen and (max-width: 479px){ \n#top #wrap_all .av-special-heading.av-juocr57f-3cf24ffd2e0f631eff6710f101a3d43a .av-special-heading-tag{\nfont-size:0.8em;\n}\n}\n<\/style>\n<div  class='av-special-heading av-juocr57f-3cf24ffd2e0f631eff6710f101a3d43a av-special-heading-h4 custom-color-heading blockquote modern-quote modern-centered  avia-builder-el-2  avia-builder-el-no-sibling  av-inherit-size av-linked-heading'><h4 class='av-special-heading-tag '  >Location Porsche pour une exp\u00e9rience de conduite inoubliable<\/h4><div class=\"special-heading-border\"><div class=\"special-heading-inner-border\"><\/div><\/div><\/div><\/div>\n\n<\/div><\/div><\/main><!-- close content main element --><\/div><\/div><\/div><div id='av_section_2'  class='avia-section av-10dr24o-91f0129e5f41b15197662adbd4316fac main_color avia-section-default avia-no-shadow  avia-builder-el-3  el_after_av_section  el_before_av_section  avia-bg-style-scroll container_wrap fullsize'  ><div class='container av-section-cont-open' ><div class='template-page content  av-content-full alpha units'><div class='post-entry post-entry-type-page post-entry-30535'><div class='entry-content-wrapper clearfix'>\n\n<style type=\"text\/css\" data-created_by=\"avia_inline_auto\" id=\"style-css-av-lfd32eln-ac9e8c895386a0e5553de44f58806fba\">\n#top .av-special-heading.av-lfd32eln-ac9e8c895386a0e5553de44f58806fba{\npadding-bottom:10px;\n}\nbody .av-special-heading.av-lfd32eln-ac9e8c895386a0e5553de44f58806fba .av-special-heading-tag .heading-char{\nfont-size:25px;\n}\n.av-special-heading.av-lfd32eln-ac9e8c895386a0e5553de44f58806fba .av-subheading{\nfont-size:15px;\n}\n<\/style>\n<div  class='av-special-heading av-lfd32eln-ac9e8c895386a0e5553de44f58806fba av-special-heading-h1  avia-builder-el-4  el_before_av_hr  avia-builder-el-first '><h1 class='av-special-heading-tag '  >Location Porsche pour votre seul plaisir !<\/h1><div class=\"special-heading-border\"><div class=\"special-heading-inner-border\"><\/div><\/div><\/div>\n<div  class='hr av-wilmmg-add8b2055870f4edc7ee39241da2eb1d hr-default  avia-builder-el-5  el_after_av_heading  el_before_av_textblock '><span class='hr-inner '><span class=\"hr-inner-style\"><\/span><\/span><\/div>\n<section  class='av_textblock_section av-uwxsoo-01387b738cdda767f6ee7232e0c3aa71 '  ><div class='avia_textblock' ><section id=\"block0\" class=\"stripe row-content block0 fullwidth\">\n<div class=\"column small-five small-push-one reset last\">\n<div class=\"boxcontent\">\n<p>Location Porsche pour r\u00e9aliseer votre r\u00eave d&rsquo;enfant et profiter d&rsquo;une exp\u00e9rience de conduite inoubliable au volant de la charismatique Porsche 911. Performance, pr\u00e9cision et agilit\u00e9 sont les mots qui viennent \u00e0 l&rsquo;esprit lorsqu&rsquo;on \u00e9voque le l\u00e9gendaire constructeur automobile.<\/p>\n<div id=\"c125993\" class=\"t3-content-wrapper\">\n<p>Car4rent dispose d&rsquo;un large choix de Porsche \u00e0 Cannes et sur la C\u00f4te d&rsquo;Azur. Nous disposons d&rsquo;une des plus belles flottes de voitures de luxe et voitures de sport dans la r\u00e9gion Choisissez parmi les mod\u00e8les les plus prestigieux les uns que les autres, tels que Ferrari, Lamborghini, Porsche, Land Rover, Mercedes AMG, Bentley, Rolls-Royce et autres Audi et BMW.<\/p>\n<p>Au volant d&rsquo;une Porsche 911 &#8211; 992 cabriolet &#8211; vous pourrez d\u00e9couvrir <a href=\"https:\/\/www.cannes-destination.fr\/visites-incontournables\" target=\"_blank\" rel=\"noopener\">Cannes<\/a> : il y aura toujours un mod\u00e8le qui r\u00e9pondra \u00e0 vos besoins.Louer une Porsche \u00e0 Cannes pour une exp\u00e9rience de conduite passionnante<\/p>\n<h2>Location Porsche 992 &#8211; Location Porsche Boxster<\/h2>\n<\/div>\n<p>Que vous voyagiez pour affaires, que vous preniez des vacances en famille ou que vous souhaitiez agr\u00e9menter votre voyage, Car4rent est un nom auquel vous pouvez faire confiance pour organiser votre location Porsche dans le sud de la France. Nous pouvons en effet livrer votre v\u00e9hicule o\u00f9 vous le souhaitez. Vous aurez le choix entre diff\u00e9rents mod\u00e8les. La Boxster r\u00e9pond aux attentes des personnes qui ont budget \u00e0 respecter, alors que la 992 et le Cayenne sont \u00e9galement propos\u00e9s.<\/p>\n<p>Avez-vous d\u00e9j\u00e0 imagin\u00e9 vous rendre au festival international du film de Cannes\u00a0au volant d&rsquo;une Porsche 911 d\u00e9capotable ? Ou simplement en naviguant le long de la c\u00f4te pittoresque de la C\u00f4te d&rsquo;Azur dans l&rsquo;une de nos voitures de sport.<\/p>\n<p>Car4rent est un des leaders sur le march\u00e9 de la\u00a0 location de voitures de luxe en France. N&rsquo;h\u00e9sitez pas \u00e0 nous contacter pour votre prochaine location \u00e0\u00a0<a href=\"https:\/\/generationvoyage.fr\/endroits-visiter-monaco\/\" target=\"_blank\" rel=\"noopener\">Monaco<\/a>, Cannes, \u00e0 l&rsquo;<a href=\"https:\/\/www.nice.aeroport.fr\/\" target=\"_blank\" rel=\"noopener\">a\u00e9roport de Nice<\/a> et <a href=\"https:\/\/www.carnets-voyages.org\/visiter-saint-tropez\/\" target=\"_blank\" rel=\"noopener\">Saint-Tropez<\/a>.<\/p>\n<h3><strong>R\u00e9cup\u00e9rez votre Porsche en France<\/strong><\/h3>\n<p>Par ailleurs, votre Loaction Porsche peut vous \u00eatre livr\u00e9e \u00e0 votre h\u00f4tel, sur votre lieu de vill\u00e9giature, ou n&rsquo;importe o\u00f9 en France et dans le nord de l&rsquo;Italie.<\/p>\n<h3><strong>Un service \u00e0 la client\u00e8le de premier ordre<\/strong><\/h3>\n<p>R\u00e9servez une location Porsche avec Car4rent et profitez d&rsquo;une service de premier ordre. Notre personnel attentif se met en quatre pour faire de votre exp\u00e9rience de conduite une exp\u00e9rience exceptionnelle.<\/p>\n<p><span style=\"font-size: 14pt;\">Location Porsche pour mariage<\/span><\/p>\n<p>Nous sommes \u00e0 votre disposition pour vous louer la voiture pour le plus beau jour de votre vie. Nous pouvons bien entendu vous proposer une Porsche, mais \u00e9galement les joyaux de notre flotte, comme une Bentley Continental GTC ou une Roll-Royce Dawn. Sur demande, nous pouvons vous mettre un chauffeur qualifi\u00e9 afin de vous conduire en toute s\u00e9curit\u00e9 et s\u00e9r\u00e9nit\u00e9.<\/p>\n<p><a href=\"https:\/\/car4rent.fr\/fr\/contact\/\" target=\"_blank\" rel=\"noopener noreferrer\">Contactez <\/a>d\u00e8s \u00e0 pr\u00e9sent notre team pour toute information compl\u00e9mentaire.<\/p>\n<\/div>\n<\/div>\n<\/section>\n<section id=\"block1\" class=\"stripe row-content block1 fullwidth\">\n<\/section>\n<\/div><\/section>\n\n<style type=\"text\/css\" data-created_by=\"avia_inline_auto\" id=\"style-css-av-tr5dqg-3136297af906aa0ae617eec75bad93ca\">\n.flex_column.av-tr5dqg-3136297af906aa0ae617eec75bad93ca{\nborder-radius:0px 0px 0px 0px;\npadding:0px 0px 0px 0px;\n}\n<\/style>\n<div  class='flex_column av-tr5dqg-3136297af906aa0ae617eec75bad93ca av_one_third  avia-builder-el-7  el_after_av_textblock  el_before_av_one_third  first flex_column_div av-zero-column-padding  column-top-margin'     ><style type=\"text\/css\" data-created_by=\"avia_inline_auto\" id=\"style-css-av-rwoc1k-83bb1ae8172bcbc60ea8720ee5656bb0\">\n.iconbox.av-rwoc1k-83bb1ae8172bcbc60ea8720ee5656bb0 .iconbox_icon{\nbackground-color:#6834bd;\n}\n<\/style>\n<article  class='iconbox iconbox_top av-rwoc1k-83bb1ae8172bcbc60ea8720ee5656bb0  avia-builder-el-8  avia-builder-el-no-sibling  main_color' ><div class=\"iconbox_content\"><header class=\"entry-content-header\" aria-label=\"Ic\u00f4ne : \"><div class='iconbox_icon heading-color avia-iconfont avia-font-entypo-fontello' data-av_icon='\ue82a' data-av_iconfont='entypo-fontello'  ><\/div><\/header><div class='iconbox_content_container ' ><p><span style=\"font-size: 14pt;\">Location de voiture de luxe C\u00f4te d&rsquo;Azur<\/span><\/p>\n<hr \/>\n<p>Nous proposons une large gamme de SUV, cabriolets, voitures de sport et de luxe \u00e0 louer.<\/p>\n<p>Prenez livraison et restituez votre v\u00e9hicule \u00e0 l&rsquo;a\u00e9roport de Nice ou \u00e0 tout autre endroit hors de l&rsquo;a\u00e9roport.<\/p>\n<p>Une \u00e9quipe d\u00e9vou\u00e9e \u00e0 votre service. Vous appr\u00e9cierez notre approche sur mesure.<\/p>\n<hr \/>\n<p>Prix abordables \u00e0 partir de 260\u20ac\/jour.<\/p>\n<\/div><\/div><footer class=\"entry-footer\"><\/footer><\/article><\/div>\n<style type=\"text\/css\" data-created_by=\"avia_inline_auto\" id=\"style-css-av-p92jq0-8cd36a66a89a1e807f6f94d1466d2ebc\">\n.flex_column.av-p92jq0-8cd36a66a89a1e807f6f94d1466d2ebc{\nborder-radius:0px 0px 0px 0px;\npadding:0px 0px 0px 0px;\n}\n<\/style>\n<div  class='flex_column av-p92jq0-8cd36a66a89a1e807f6f94d1466d2ebc av_one_third  avia-builder-el-9  el_after_av_one_third  el_before_av_one_third  flex_column_div av-zero-column-padding  column-top-margin'     ><style type=\"text\/css\" data-created_by=\"avia_inline_auto\" id=\"style-css-av-no0ktk-3b045f791984241e8230a9b65d454b24\">\n.iconbox.av-no0ktk-3b045f791984241e8230a9b65d454b24 .iconbox_icon{\nbackground-color:#6834bd;\n}\n<\/style>\n<article  class='iconbox iconbox_top av-no0ktk-3b045f791984241e8230a9b65d454b24  avia-builder-el-10  avia-builder-el-no-sibling  main_color' ><div class=\"iconbox_content\"><header class=\"entry-content-header\" aria-label=\"Ic\u00f4ne : \"><div class='iconbox_icon heading-color avia-iconfont avia-font-entypo-fontello' data-av_icon='\ue842' data-av_iconfont='entypo-fontello'  ><\/div><\/header><div class='iconbox_content_container ' ><p><span style=\"font-size: 14pt;\">A\u00e9roport de Nice, St-Tropez, Cannes et Monaco<\/span><\/p>\n<hr \/>\n<p>Pour votre commodit\u00e9 et demande d&rsquo;informations, proche de chez vous<\/p>\n<\/div><\/div><footer class=\"entry-footer\"><\/footer><\/article><\/div>\n<style type=\"text\/css\" data-created_by=\"avia_inline_auto\" id=\"style-css-av-lpouug-149bdcc299b5a7de9ea29865a228b35c\">\n.flex_column.av-lpouug-149bdcc299b5a7de9ea29865a228b35c{\nborder-radius:0px 0px 0px 0px;\npadding:0px 0px 0px 0px;\n}\n<\/style>\n<div  class='flex_column av-lpouug-149bdcc299b5a7de9ea29865a228b35c av_one_third  avia-builder-el-11  el_after_av_one_third  avia-builder-el-last  flex_column_div av-zero-column-padding  column-top-margin'     ><style type=\"text\/css\" data-created_by=\"avia_inline_auto\" id=\"style-css-av-kfqmdk-39a65390d364b7e5a0ad596c0b56120e\">\n.iconbox.av-kfqmdk-39a65390d364b7e5a0ad596c0b56120e .iconbox_icon{\nbackground-color:#6834bd;\n}\n<\/style>\n<article  class='iconbox iconbox_top av-kfqmdk-39a65390d364b7e5a0ad596c0b56120e  avia-builder-el-12  avia-builder-el-no-sibling  main_color' ><div class=\"iconbox_content\"><header class=\"entry-content-header\" aria-label=\"Ic\u00f4ne : \"><div class='iconbox_icon heading-color avia-iconfont avia-font-entypo-fontello' data-av_icon='\ue80b' data-av_iconfont='entypo-fontello'  ><\/div><\/header><div class='iconbox_content_container ' ><p><span style=\"font-size: 14pt;\">Test Drive &#8211; Faites de votre r\u00eave une r\u00e9alit\u00e9<\/span><\/p>\n<hr \/>\n<p>Rejoignez-nous pour une exp\u00e9rience exclusive d\u00e9di\u00e9e aux passionn\u00e9s de voitures de luxe.asts. A partir de 195\u20ac pp\/une voiture.<\/p>\n<\/div><\/div><footer class=\"entry-footer\"><\/footer><\/article><\/div><\/div><\/div><\/div><!-- close content main div --><\/div><\/div><div id='contactez-nous'  class='avia-section av-1w34lk-ebfaaa35e5c65a6195aca485adcd05fe main_color avia-section-default avia-no-border-styling  avia-builder-el-13  el_after_av_section  el_before_av_section  avia-bg-style-scroll container_wrap fullsize'  ><div class='container av-section-cont-open' ><div class='template-page content  av-content-full alpha units'><div class='post-entry post-entry-type-page post-entry-30535'><div class='entry-content-wrapper clearfix'>\n<div  class='hr av-h6pfzs-725c0e13998887357f19f0b9ae5cb407 hr-default  avia-builder-el-14  el_before_av_heading  avia-builder-el-first '><span class='hr-inner '><span class=\"hr-inner-style\"><\/span><\/span><\/div>\n\n<style type=\"text\/css\" data-created_by=\"avia_inline_auto\" id=\"style-css-av-jugq1yal-2b346dde7b9eb4f6745cc5f187f9420b\">\n#top .av-special-heading.av-jugq1yal-2b346dde7b9eb4f6745cc5f187f9420b{\npadding-bottom:25px;\n}\nbody .av-special-heading.av-jugq1yal-2b346dde7b9eb4f6745cc5f187f9420b .av-special-heading-tag .heading-char{\nfont-size:25px;\n}\n.av-special-heading.av-jugq1yal-2b346dde7b9eb4f6745cc5f187f9420b .av-subheading{\nfont-size:20px;\n}\n<\/style>\n<div  class='av-special-heading av-jugq1yal-2b346dde7b9eb4f6745cc5f187f9420b av-special-heading-h3 blockquote modern-quote modern-centered  avia-builder-el-15  el_after_av_hr  el_before_av_hr  av-linked-heading'><h3 class='av-special-heading-tag '  >Vous souhaitez louer une Porsche en France ? Besoin d\u2019un conseil ?<\/h3><div class=\"special-heading-border\"><div class=\"special-heading-inner-border\"><\/div><\/div><\/div>\n\n<style type=\"text\/css\" data-created_by=\"avia_inline_auto\" id=\"style-css-av-enih9k-9c21c32e86a3f748c3a940fcc8bf5321\">\n#top .hr.hr-invisible.av-enih9k-9c21c32e86a3f748c3a940fcc8bf5321{\nheight:25px;\n}\n<\/style>\n<div  class='hr av-enih9k-9c21c32e86a3f748c3a940fcc8bf5321 hr-invisible  avia-builder-el-16  el_after_av_heading  el_before_av_two_third '><span class='hr-inner '><span class=\"hr-inner-style\"><\/span><\/span><\/div>\n\n<style type=\"text\/css\" data-created_by=\"avia_inline_auto\" id=\"style-css-av-bsbmp4-222b4a394b8517c4ffe0a762a096018a\">\n.flex_column.av-bsbmp4-222b4a394b8517c4ffe0a762a096018a{\nborder-radius:0px 0px 0px 0px;\npadding:0px 0px 0px 0px;\n}\n<\/style>\n<div  class='flex_column av-bsbmp4-222b4a394b8517c4ffe0a762a096018a av_two_third  avia-builder-el-17  el_after_av_hr  el_before_av_one_third  first flex_column_div av-zero-column-padding  '     ><p><section  class='av_textblock_section av-4f43a0-2d90bb92f721df023c899cf34fa3e253 '  ><div class='avia_textblock' ><p><span style=\"font-size: 14pt;\">Contactez-nous \u00e0 l\u2019aide du formulaire ci-dessous<\/span><\/p>\n<\/div><\/section><br \/>\n<section  class='av_textblock_section av-95hx6g-b56535dd8674f0fc86afe825c1dd3351 '  ><div class='avia_textblock' ><div class=\"wpforms-container wpforms-container-full\" id=\"wpforms-27233\"><form id=\"wpforms-form-27233\" class=\"wpforms-validate wpforms-form\" data-formid=\"27233\" method=\"post\" enctype=\"multipart\/form-data\" action=\"\/fr\/wp-json\/wp\/v2\/pages\/30535\" data-token=\"5737c7f36c8931de383f0636e2dec4f3\" data-token-time=\"1778345076\"><noscript class=\"wpforms-error-noscript\">Veuillez activer JavaScript dans votre navigateur pour remplir ce formulaire.<\/noscript><div class=\"wpforms-field-container\"><div id=\"wpforms-27233-field_5-container\" class=\"wpforms-field wpforms-field-name\" data-field-id=\"5\"><label class=\"wpforms-field-label\">Nom <span class=\"wpforms-required-label\">*<\/span><\/label><div class=\"wpforms-field-row wpforms-field-medium\"><div class=\"wpforms-field-row-block wpforms-first wpforms-one-half\"><input type=\"text\" id=\"wpforms-27233-field_5\" class=\"wpforms-field-name-first wpforms-field-required\" name=\"wpforms[fields][5][first]\" required><label for=\"wpforms-27233-field_5\" class=\"wpforms-field-sublabel after\">First<\/label><\/div><div class=\"wpforms-field-row-block wpforms-one-half\"><input type=\"text\" id=\"wpforms-27233-field_5-last\" class=\"wpforms-field-name-last wpforms-field-required\" name=\"wpforms[fields][5][last]\" required><label for=\"wpforms-27233-field_5-last\" class=\"wpforms-field-sublabel after\">Last<\/label><\/div><\/div><\/div><div id=\"wpforms-27233-field_9-container\" class=\"wpforms-field wpforms-field-layout\" data-field-id=\"9\"><div class=\"wpforms-field-layout-rows wpforms-field-large\"><div class=\"wpforms-layout-row\"><div class=\"wpforms-layout-column wpforms-layout-column-50\"><div id=\"wpforms-27233-field_7-container\" class=\"wpforms-field wpforms-field-email\" data-field-id=\"7\"><label class=\"wpforms-field-label\" for=\"wpforms-27233-field_7\">Courriel <span class=\"wpforms-required-label\">*<\/span><\/label><input type=\"email\" id=\"wpforms-27233-field_7\" class=\"wpforms-field-medium wpforms-field-required\" name=\"wpforms[fields][7]\" spellcheck=\"false\" required><\/div><\/div><div class=\"wpforms-layout-column wpforms-layout-column-50\"><div id=\"wpforms-27233-field_8-container\" class=\"wpforms-field wpforms-field-phone\" data-field-id=\"8\"><label class=\"wpforms-field-label\" for=\"wpforms-27233-field_8\">T\u00e9l\u00e9phone <span class=\"wpforms-required-label\">*<\/span><\/label><input type=\"tel\" id=\"wpforms-27233-field_8\" class=\"wpforms-field-medium wpforms-field-required\" data-rule-int-phone-field=\"true\" name=\"wpforms[fields][8]\" aria-label=\"T\u00e9l\u00e9phone\" required><\/div><\/div><\/div><\/div><\/div><div id=\"wpforms-27233-field_4-container\" class=\"wpforms-field wpforms-field-textarea\" data-field-id=\"4\"><label class=\"wpforms-field-label\" for=\"wpforms-27233-field_4\">Message<\/label><textarea id=\"wpforms-27233-field_4\" class=\"wpforms-field-medium\" name=\"wpforms[fields][4]\" ><\/textarea><\/div><\/div><!-- .wpforms-field-container --><div class=\"wpforms-recaptcha-container wpforms-is-recaptcha wpforms-is-recaptcha-type-v3\" ><input type=\"hidden\" name=\"wpforms[recaptcha]\" value=\"\"><\/div><div class=\"wpforms-submit-container\" ><input type=\"hidden\" name=\"wpforms[id]\" value=\"27233\"><input type=\"hidden\" name=\"page_title\" value=\"\"><input type=\"hidden\" name=\"page_url\" value=\"https:\/\/car4rent.fr\/fr\/wp-json\/wp\/v2\/pages\/30535\"><input type=\"hidden\" name=\"url_referer\" value=\"\"><button type=\"submit\" name=\"wpforms[submit]\" id=\"wpforms-submit-27233\" class=\"wpforms-submit\" data-alt-text=\"Envoi\" data-submit-text=\"Soumettre\" aria-live=\"assertive\" value=\"wpforms-submit\">Soumettre<\/button><\/div><\/form><\/div>  <!-- .wpforms-container -->\n<\/div><\/section><\/p><\/div>\n<style type=\"text\/css\" data-created_by=\"avia_inline_auto\" id=\"style-css-av-78shyw-c6dfaf4a53c04d3e4532ec448d202e41\">\n.flex_column.av-78shyw-c6dfaf4a53c04d3e4532ec448d202e41{\nborder-radius:0px 0px 0px 0px;\npadding:0px 0px 0px 0px;\n}\n<\/style>\n<div  class='flex_column av-78shyw-c6dfaf4a53c04d3e4532ec448d202e41 av_one_third  avia-builder-el-20  el_after_av_two_third  avia-builder-el-last  flex_column_div av-zero-column-padding  '     ><p><section  class='av_textblock_section av-av_textblock-564067357eb74c20cdd60b282c9b50bd '  ><div class='avia_textblock' ><p><span style=\"font-size: 14pt;\">Nous contacter par t\u00e9l\u00e9phone<\/span><\/p>\n<\/div><\/section><br \/>\n<section  class='av_textblock_section av-av_textblock-564067357eb74c20cdd60b282c9b50bd '  ><div class='avia_textblock' ><p>Agence de Cannes (09H-12H00 et 15H00-19H00)<br \/>\n10, rue Hibert &#8211; 06400 Cannes<br \/>\nT\u00e9l\u00e9phone : +<a href=\"tel:0033788278586\">33(0)7 88 27 85 86<\/a><br \/>\nMail : <a href=\"mailto:info@car4rent.fr\">info@car4rent.fr<\/a><\/p>\n<\/div><\/section><\/p><\/div>\n<\/p>\n<\/div><\/div><\/div><!-- close content main div --><\/div><\/div><div id='av_section_4'  class='avia-section av-3wkrhq-7616e2e2eac978d96594bdc99cdaaf75 main_color avia-section-default avia-no-border-styling  avia-builder-el-23  el_after_av_section  avia-builder-el-last  avia-bg-style-scroll container_wrap fullsize'  ><div class='container av-section-cont-open' ><div class='template-page content  av-content-full alpha units'><div class='post-entry post-entry-type-page post-entry-30535'><div class='entry-content-wrapper clearfix'>\n<div  class='avia-builder-widget-area clearfix  avia-builder-el-24  avia-builder-el-no-sibling '><div id=\"text-9\" class=\"widget clearfix widget_text\">\t\t\t<div class=\"textwidget\"><p style=\"text-align: center;\">    <div class=\"car4rent-share-block car4rent-fr\">\n        <a href=\"https:\/\/www.facebook.com\/sharer\/sharer.php?u=\" target=\"_blank\" rel=\"noopener\"><i class=\"fa-brands fa-facebook\"><\/i> Partager<\/a>\n        <a href=\"https:\/\/x.com\/intent\/tweet?url=&amp;text=\" target=\"_blank\" rel=\"noopener\"><i class=\"fa-brands fa-x-twitter\"><\/i> X<\/a>\n        <a href=\"https:\/\/wa.me\/?text=%20\" target=\"_blank\" rel=\"noopener\"><i class=\"fa-brands fa-whatsapp\"><\/i> WhatsApp<\/a>\n        <a href=\"https:\/\/www.instagram.com\/car4rent_cannes\/\" target=\"_blank\" rel=\"noopener\"><i class=\"fa-brands fa-instagram\"><\/i> Instagram<\/a>\n        <a href=\"https:\/\/www.linkedin.com\/company\/car4rent\/about\/\" target=\"_blank\" rel=\"noopener\"><i class=\"fa-brands fa-linkedin\"><\/i> LinkedIn<\/a>\n        <a href=\"https:\/\/www.youtube.com\/@car4rentcannes839\" target=\"_blank\" rel=\"noopener\"><i class=\"fa-brands fa-youtube\"><\/i> YouTube<\/a>\n    <\/div>\n    <\/p>\n<\/div>\n\t\t<\/div><\/div>\n\n","protected":false},"excerpt":{"rendered":"","protected":false},"author":3,"featured_media":29530,"parent":0,"menu_order":1015,"comment_status":"closed","ping_status":"closed","template":"","meta":{"_acf_changed":false,"footnotes":""},"class_list":["post-30535","page","type-page","status-publish","has-post-thumbnail","hentry"],"acf":[],"_links":{"self":[{"href":"https:\/\/car4rent.fr\/fr\/wp-json\/wp\/v2\/pages\/30535","targetHints":{"allow":["GET"]}}],"collection":[{"href":"https:\/\/car4rent.fr\/fr\/wp-json\/wp\/v2\/pages"}],"about":[{"href":"https:\/\/car4rent.fr\/fr\/wp-json\/wp\/v2\/types\/page"}],"author":[{"embeddable":true,"href":"https:\/\/car4rent.fr\/fr\/wp-json\/wp\/v2\/users\/3"}],"replies":[{"embeddable":true,"href":"https:\/\/car4rent.fr\/fr\/wp-json\/wp\/v2\/comments?post=30535"}],"version-history":[{"count":0,"href":"https:\/\/car4rent.fr\/fr\/wp-json\/wp\/v2\/pages\/30535\/revisions"}],"wp:featuredmedia":[{"embeddable":true,"href":"https:\/\/car4rent.fr\/fr\/wp-json\/wp\/v2\/media\/29530"}],"wp:attachment":[{"href":"https:\/\/car4rent.fr\/fr\/wp-json\/wp\/v2\/media?parent=30535"}],"curies":[{"name":"wp","href":"https:\/\/api.w.org\/{rel}","templated":true}]}}