{"id":30534,"date":"2023-11-10T16:56:12","date_gmt":"2023-11-10T15:56:12","guid":{"rendered":"https:\/\/car4rent.fr\/louer-une-lamborghini\/"},"modified":"2024-04-11T00:42:38","modified_gmt":"2024-04-10T22:42:38","slug":"louer-une-lamborghini","status":"publish","type":"page","link":"https:\/\/car4rent.fr\/fr\/louer-une-lamborghini\/","title":{"rendered":"Louer une Lamborghini"},"content":{"rendered":"\n<style type=\"text\/css\" data-created_by=\"avia_inline_auto\" id=\"style-css-av-k9iq87co-8a06a2d9aff0b00a27b033c465f391a9\">\n.avia-section.av-k9iq87co-8a06a2d9aff0b00a27b033c465f391a9{\nbackground-repeat:no-repeat;\nbackground-image:url(https:\/\/car4rent.fr\/wp-content\/uploads\/IMG_2015-scaled.jpg);\nbackground-position:50% 50%;\nbackground-attachment:scroll;\n}\n<\/style>\n<div id='header-section'  class='avia-section av-k9iq87co-8a06a2d9aff0b00a27b033c465f391a9 main_color avia-section-huge avia-no-border-styling  avia-builder-el-0  el_before_av_one_full  avia-builder-el-first  avia-full-stretch avia-bg-style-scroll av-minimum-height av-minimum-height-custom av-height-custom  container_wrap fullsize'  data-section-bg-repeat='stretch' data-av_minimum_height_px='450'><div class='container av-section-cont-open' style='height:450px'><main  class='template-page content  av-content-full alpha units'><div class='post-entry post-entry-type-page post-entry-30534'><div class='entry-content-wrapper clearfix'>\n\n<style type=\"text\/css\" data-created_by=\"avia_inline_auto\" id=\"style-css-av-lm4zvdzx-13e198d92182b55ac5099802a513fbc3\">\n#top .av-special-heading.av-lm4zvdzx-13e198d92182b55ac5099802a513fbc3{\npadding-bottom:10px;\n}\nbody .av-special-heading.av-lm4zvdzx-13e198d92182b55ac5099802a513fbc3 .av-special-heading-tag .heading-char{\nfont-size:25px;\n}\n.av-special-heading.av-lm4zvdzx-13e198d92182b55ac5099802a513fbc3 .av-subheading{\nfont-size:15px;\n}\n<\/style>\n<div  class='av-special-heading av-lm4zvdzx-13e198d92182b55ac5099802a513fbc3 av-special-heading-h3  avia-builder-el-1  avia-builder-el-no-sibling '><h3 class='av-special-heading-tag '  >Louer une Lamborghini<\/h3><div class=\"special-heading-border\"><div class=\"special-heading-inner-border\"><\/div><\/div><\/div>\n<\/div><\/div><\/main><!-- close content main element --><\/div><\/div><div id='after_section_1'  class='main_color av_default_container_wrap container_wrap fullsize'  ><div class='container av-section-cont-open' ><div class='template-page content  av-content-full alpha units'><div class='post-entry post-entry-type-page post-entry-30534'><div class='entry-content-wrapper clearfix'>\n\n<style type=\"text\/css\" data-created_by=\"avia_inline_auto\" id=\"style-css-av-k9of881m-8b75821c00ec2c33f438de9a772a6e49\">\n.flex_column.av-k9of881m-8b75821c00ec2c33f438de9a772a6e49{\nborder-radius:0px 0px 0px 0px;\npadding:0px 0px 0px 0px;\nbackground-color:#ffffff;\n}\n<\/style>\n<div  class='flex_column av-k9of881m-8b75821c00ec2c33f438de9a772a6e49 av_one_full  avia-builder-el-2  el_after_av_section  el_before_av_hr  avia-builder-el-first  first flex_column_div av-zero-column-padding  '     ><section  class='av_textblock_section av-k9iq5tou-a3a1282c082146c43128296256d532aa '  ><div class='avia_textblock' ><h2>Louer une Lamborghini<\/h2>\n<p>Louer une Lamborghini et profitez d&rsquo;une exp\u00e9rience de conduite inoublibale. A la d\u00e9couverte de routes fantastiques au volant d&rsquo;une Lamborghini, la France est \u00e0 vous.<\/p>\n<p>Commencez votre voyage sur la C\u00f4te d\u2019Azur, qui s\u2019av\u00e8re \u00eatre un lieu exceptionnel \u00e0 d\u00e9couvrir. Visiter la c\u00f4te d\u2019Azur<strong>,<\/strong>\u00a0c\u2019est tout simplement d\u00e9couvrir l\u2019un des\u00a0plus beaux endroits du Sud de la France.<\/p>\n<p>R\u00e9put\u00e9e pour ses villes mondialement c\u00e9l\u00e8bres comme Monaco, Nice ou Cannes, son bord de mer, son arri\u00e8re pays et ses petits villages pittoresques comme Eze, Andon ou Tourette-sur-Loup, et surtout sa douceur de vivre. La C\u00f4te d&rsquo;Azur est la destination id\u00e9ale pour vos prochaines vacances et pour profiter du soleil. En effet, vous pourrez y b\u00e9n\u00e9ficier de plus de 300 jours d&rsquo;ensoleillement par an. Pour que vous profitiez un maximum de votre s\u00e9jour.<\/p>\n<p>Car4rent propose \u00e0 la location un large choix de voitures de luxe des marques automobiles les plus prestigieuses Ferrari, Lamborghini, Porsche, Land Rover, Mercedes AMG, Bentley, Rolls-Royce et autres <a class=\"wpil_keyword_link\" href=\"https:\/\/car4rent.fr\/fr\/categorie-produit\/marques-de-voitures\/audi\/\" title=\"Locations de voitures de luxe Audi\" data-wpil-keyword-link=\"linked\" data-wpil-monitor-id=\"122753\">Audi<\/a> et BMW. Faites votre choix et trouvez les meilleures offres de location de voitures en France, notamment sur la C\u00f4te d&rsquo;Azur.<\/p>\n<h3>Louer une Lamborghini en France et sur la C\u00f4te d&rsquo;Azur<\/h3>\n<p>Dans le si\u00e8ge conducteur de votre Lamborghini, \u00e9coutez le bruit caract\u00e9ristique du moteur V10 atmosph\u00e9rique, l&rsquo;un des derniers du genre.<\/p>\n<p>D\u00e9capot\u00e9z et lancez-vous pour une balade m\u00e9morable, cheveux au vent. Sinon, une fois la capote ferm\u00e9e, tous les poils de votre nuque se dressent tandis que le moteur hurle dans vos oreilles. Red\u00e9couvrez le plaisir de conduire et entrez dans un monde de luxe. Pas de mots, juste incroyable !<\/p>\n<p>Gr\u00e2ce \u00e0 son moteur, la Huracan Evo Spyder peut encore acc\u00e9l\u00e9rer de 0 \u00e0 100 km\/h en seulement 3,4 secondes, soit aussi vite que son homologue coup\u00e9.<\/p>\n<p>Louer une Lamborghini avec Car4rent, un r\u00eave \u00e0 r\u00e9aliser! Profitez de la voiture id\u00e9ale pour votre prochain voyage en France. Le prix pour louer une Lamborghini est \u00e0 votre port\u00e9e: A partir de 1.500\u20ac par jour suivant la saison.<\/p>\n<p>Vous faire vivire une exp\u00e9rience de conduite inoubliable est notre priorit\u00e9 \u00e0 tout moment. Si vous souhaitez louer une Lamborghini pour une journ\u00e9e, ou plus, n\u2019h\u00e9sitez pas \u00e0 nous contacter pour toute information ou demande particuli\u00e8re.<\/p>\n<\/div><\/section><\/div><div  class='hr av-r408yh-5fc29ed8e5abe90cc5953910efd3a584 hr-default  avia-builder-el-4  el_after_av_one_full  el_before_av_one_fourth '><span class='hr-inner '><span class=\"hr-inner-style\"><\/span><\/span><\/div><\/p>\n\n<style type=\"text\/css\" data-created_by=\"avia_inline_auto\" id=\"style-css-av-9j4h5a1-6e828a1197b9444f95d3c7ec7fb82938\">\n.flex_column.av-9j4h5a1-6e828a1197b9444f95d3c7ec7fb82938{\nborder-radius:0px 0px 0px 0px;\npadding:0px 0px 0px 0px;\n}\n<\/style>\n<div  class='flex_column av-9j4h5a1-6e828a1197b9444f95d3c7ec7fb82938 av_one_fourth  avia-builder-el-5  el_after_av_hr  el_before_av_one_fourth  first flex_column_div av-zero-column-padding  '     ><section  class='av_textblock_section av-8wzml89-2b80783706aabf533d7977da87f21ef0 '  ><div class='avia_textblock' ><p><span style=\"font-size: 14pt\">Agences \u00e0 Cannes, St Tropez, Monaco and Nice Airport.<\/span><\/p>\n<\/div><\/section><\/div>\n<style type=\"text\/css\" data-created_by=\"avia_inline_auto\" id=\"style-css-av-8cxm7x5-0dfd1be948133d5958731c1141e89316\">\n.flex_column.av-8cxm7x5-0dfd1be948133d5958731c1141e89316{\nborder-radius:0px 0px 0px 0px;\npadding:0px 0px 0px 0px;\n}\n<\/style>\n<div  class='flex_column av-8cxm7x5-0dfd1be948133d5958731c1141e89316 av_one_fourth  avia-builder-el-7  el_after_av_one_fourth  el_before_av_one_fourth  flex_column_div av-zero-column-padding  '     ><section  class='av_textblock_section av-sl1yyh-58401a45bbfca01485bb12f5ae7e0e5f '  ><div class='avia_textblock' ><p><span style=\"font-size: 14pt\">D\u00e9part et retour de votre v\u00e9hicule o\u00f9 vous le souhaitez.<\/span><\/p>\n<\/div><\/section><\/div>\n<style type=\"text\/css\" data-created_by=\"avia_inline_auto\" id=\"style-css-av-7t2xhcp-04a64ffc63980df57546af05384a54fd\">\n.flex_column.av-7t2xhcp-04a64ffc63980df57546af05384a54fd{\nborder-radius:0px 0px 0px 0px;\npadding:0px 0px 0px 0px;\n}\n<\/style>\n<div  class='flex_column av-7t2xhcp-04a64ffc63980df57546af05384a54fd av_one_fourth  avia-builder-el-9  el_after_av_one_fourth  el_before_av_one_fourth  flex_column_div av-zero-column-padding  '     ><section  class='av_textblock_section av-77ozpuh-8dd1b37f5ec2cac52732881fc5014607 '  ><div class='avia_textblock' ><p><span style=\"font-size: 14pt\">Grand choix de v\u00e9hicules de luxe, sport, d\u00e9capotables et SUV \u00e0 louer.<\/span><\/p>\n<\/div><\/section><\/div>\n<style type=\"text\/css\" data-created_by=\"avia_inline_auto\" id=\"style-css-av-6mik0k9-58ba2370392ede1c671764d02dbf6948\">\n.flex_column.av-6mik0k9-58ba2370392ede1c671764d02dbf6948{\nborder-radius:0px 0px 0px 0px;\npadding:0px 0px 0px 0px;\n}\n<\/style>\n<div  class='flex_column av-6mik0k9-58ba2370392ede1c671764d02dbf6948 av_one_fourth  avia-builder-el-11  el_after_av_one_fourth  el_before_av_section  avia-builder-el-last  flex_column_div av-zero-column-padding  '     ><section  class='av_textblock_section av-64i2ogp-66548aea0352cdde9b58db15362b0175 '  ><div class='avia_textblock' ><p><span style=\"font-size: 14pt\">Un service sur mesure avec une \u00e9quipe d\u00e9vou\u00e9e \u00e0 votre \u00e9coute,\u00a0 pour un service \u00e0 la client\u00e8le de premier ordre.<\/span><\/p>\n<\/div><\/section><\/div><\/div><\/div><\/div><!-- close content main div --><\/div><\/div>\n<style type=\"text\/css\" data-created_by=\"avia_inline_auto\" id=\"style-css-av-6258evh-c0cd50ae9ec8d4626cf0f11184f9f9c6\">\n.avia-section.av-6258evh-c0cd50ae9ec8d4626cf0f11184f9f9c6{\nbackground-color:#f3f3f3;\nbackground-image:unset;\n}\n<\/style>\n<div id='av_section_2'  class='avia-section av-6258evh-c0cd50ae9ec8d4626cf0f11184f9f9c6 main_color avia-section-default avia-no-border-styling  avia-builder-el-13  el_after_av_one_fourth  el_before_av_section  avia-bg-style-scroll container_wrap fullsize'  ><div class='container av-section-cont-open' ><div class='template-page content  av-content-full alpha units'><div class='post-entry post-entry-type-page post-entry-30534'><div class='entry-content-wrapper clearfix'>\n\n<style type=\"text\/css\" data-created_by=\"avia_inline_auto\" id=\"style-css-av-5y5osx9-6054904c82f934ad110f950dde3bdd55\">\n#top .av-special-heading.av-5y5osx9-6054904c82f934ad110f950dde3bdd55{\npadding-bottom:10px;\n}\nbody .av-special-heading.av-5y5osx9-6054904c82f934ad110f950dde3bdd55 .av-special-heading-tag .heading-char{\nfont-size:25px;\n}\n.av-special-heading.av-5y5osx9-6054904c82f934ad110f950dde3bdd55 .av-subheading{\nfont-size:15px;\n}\n<\/style>\n<div  class='av-special-heading av-5y5osx9-6054904c82f934ad110f950dde3bdd55 av-special-heading-h5 blockquote modern-quote modern-centered  avia-builder-el-14  el_before_av_one_half  avia-builder-el-first '><h5 class='av-special-heading-tag '  >Lamborghini<\/h5><div class=\"special-heading-border\"><div class=\"special-heading-inner-border\"><\/div><\/div><\/div>\n\n<style type=\"text\/css\" data-created_by=\"avia_inline_auto\" id=\"style-css-av-5aiyiml-fd6dfe0c8023c562c2a9518daa6f712e\">\n.flex_column.av-5aiyiml-fd6dfe0c8023c562c2a9518daa6f712e{\nborder-radius:0px 0px 0px 0px;\npadding:0px 0px 0px 0px;\n}\n<\/style>\n<div  class='flex_column av-5aiyiml-fd6dfe0c8023c562c2a9518daa6f712e av_one_half  avia-builder-el-15  el_after_av_heading  el_before_av_one_half  first flex_column_div av-zero-column-padding  '     ><\/div>\n<style type=\"text\/css\" data-created_by=\"avia_inline_auto\" id=\"style-css-av-1awwotp-f845b9a7da0ee5b71e4b00f0b02e9c9c\">\n.flex_column.av-1awwotp-f845b9a7da0ee5b71e4b00f0b02e9c9c{\nborder-radius:0px 0px 0px 0px;\npadding:0px 0px 0px 0px;\n}\n<\/style>\n<div  class='flex_column av-1awwotp-f845b9a7da0ee5b71e4b00f0b02e9c9c av_one_half  avia-builder-el-16  el_after_av_one_half  avia-builder-el-last  flex_column_div av-zero-column-padding  '     ><p><section  class='av_textblock_section av-k9vljcaa-74b1725decb306253659c31a8a99a1a9 '  ><div class='avia_textblock' ><p>La Lamborghini la plus exclusive \u00e0 louer<\/p>\n<ul>\n<li>Lamborghini Huracan LP580 Spyder<\/li>\n<li>Lamborghini Huracan EVO LP-610 Spyder<\/li>\n<li>Lamborghini Urus<\/li>\n<\/ul>\n<p>Prix : \u00e0 partir de 1 700 EUR\/jour<\/p>\n<\/div><\/section><br \/>\n<div  class='avia-button-wrap av-relrn1-27e610d658d8044d2db2e672d577f8bc-wrap avia-button-left  avia-builder-el-18  el_after_av_textblock  avia-builder-el-last '><a href='https:\/\/car4rent.fr\/fr\/contact\/'  class='avia-button av-relrn1-27e610d658d8044d2db2e672d577f8bc av-link-btn avia-icon_select-yes-right-icon avia-size-small avia-position-left av-icon-on-hover avia-color-red'   aria-label=\"Contacter Car4Rent\"><span class='avia_iconbox_title' >Contacter Car4Rent<\/span><span class='avia_button_icon avia_button_icon_right avia-iconfont avia-font-entypo-fontello' data-av_icon='\ue881' data-av_iconfont='entypo-fontello' ><\/span><\/a><\/div><\/p><\/div><\/div><\/div><\/div><!-- close content main div --><\/div><\/div>\n<style type=\"text\/css\" data-created_by=\"avia_inline_auto\" id=\"style-css-av-43kcsd5-d3ef79113910887a7bfd29c8c2ab4614\">\n.avia-section.av-43kcsd5-d3ef79113910887a7bfd29c8c2ab4614{\nbackground-color:#f3f3f3;\nbackground-image:unset;\n}\n<\/style>\n<div id='sectioncustom'  class='avia-section av-43kcsd5-d3ef79113910887a7bfd29c8c2ab4614 main_color avia-section-default avia-no-border-styling  avia-builder-el-19  el_after_av_section  el_before_av_google_map  avia-bg-style-scroll container_wrap fullsize'  ><div class='container av-section-cont-open' ><div class='template-page content  av-content-full alpha units'><div class='post-entry post-entry-type-page post-entry-30534'><div class='entry-content-wrapper clearfix'>\n\n<style type=\"text\/css\" data-created_by=\"avia_inline_auto\" id=\"style-css-av-3jspczd-381a934ac4b7d0afddc25a7aaa6107e5\">\n#top .av-special-heading.av-3jspczd-381a934ac4b7d0afddc25a7aaa6107e5{\npadding-bottom:0;\n}\nbody .av-special-heading.av-3jspczd-381a934ac4b7d0afddc25a7aaa6107e5 .av-special-heading-tag .heading-char{\nfont-size:25px;\n}\n.av-special-heading.av-3jspczd-381a934ac4b7d0afddc25a7aaa6107e5 .av-subheading{\nfont-size:15px;\n}\n<\/style>\n<div  class='av-special-heading av-3jspczd-381a934ac4b7d0afddc25a7aaa6107e5 av-special-heading-h2 blockquote modern-quote modern-centered  avia-builder-el-20  avia-builder-el-no-sibling '><h2 class='av-special-heading-tag '  >Notre agence de location de voitures <\/h2><div class=\"special-heading-border\"><div class=\"special-heading-inner-border\"><\/div><\/div><\/div>\n<div  class='av_gmaps_sc_main_wrap av_gmaps_main_wrap '><div id='av_gmap_0' class='avia-google-map-container avia-google-map-sc av_gmaps_show_unconditionally av-no-fallback-img ' data-mapid='av_gmap_0'  style='height: 400px;'><a class=\"av_gmaps_browser_disabled av_text_confirm_link av_text_confirm_link_visible\" href=\"https:\/\/www.google.com\/maps\/search\/?api=1&#038;query=10%20Rue%20Hibert%2006400%20Cannes%20Alpes-Maritimes%20France\" target=\"_blank\" rel=\"noopener\">Les cartes ont \u00e9t\u00e9 d\u00e9sactiv\u00e9es par le visiteur sur ce site. Cliquer pour ouvrir la carte dans une nouvelle fen\u00eatre.<\/a><\/div><\/div><\/p>\n<section  class='av_textblock_section av-lu32739d-1ce20c90aa8d75a24ebc0d59fc81f6db '  ><div class='avia_textblock' ><p style=\"text-align: center\"><span style=\"font-size: 14pt\">Profitez de l\u2019exp\u00e9rience de conduite ultime avec une voiture livr\u00e9e directement chez vous !<\/span><\/p>\n<\/div><\/section>\n<\/div><\/div><\/div><!-- close content main div --><\/div><\/div><div id='av_section_4'  class='avia-section av-14qrv0t-fcf716a909b96e918745e644eb8b5a13 main_color avia-section-default avia-no-border-styling  avia-builder-el-23  el_after_av_textblock  avia-builder-el-last  avia-bg-style-scroll container_wrap fullsize'  ><div class='container av-section-cont-open' ><div class='template-page content  av-content-full alpha units'><div class='post-entry post-entry-type-page post-entry-30534'><div class='entry-content-wrapper clearfix'>\n<div  class='avia-builder-widget-area clearfix  avia-builder-el-24  avia-builder-el-no-sibling '><div id=\"text-9\" class=\"widget clearfix widget_text\">\t\t\t<div class=\"textwidget\"><p style=\"text-align: center;\">    <div class=\"car4rent-share-block car4rent-fr\">\n        <a href=\"https:\/\/www.facebook.com\/sharer\/sharer.php?u=\" target=\"_blank\" rel=\"noopener\"><i class=\"fa-brands fa-facebook\"><\/i> Partager<\/a>\n        <a href=\"https:\/\/x.com\/intent\/tweet?url=&amp;text=\" target=\"_blank\" rel=\"noopener\"><i class=\"fa-brands fa-x-twitter\"><\/i> X<\/a>\n        <a href=\"https:\/\/wa.me\/?text=%20\" target=\"_blank\" rel=\"noopener\"><i class=\"fa-brands fa-whatsapp\"><\/i> WhatsApp<\/a>\n        <a href=\"https:\/\/www.instagram.com\/car4rent_cannes\/\" target=\"_blank\" rel=\"noopener\"><i class=\"fa-brands fa-instagram\"><\/i> Instagram<\/a>\n        <a href=\"https:\/\/www.linkedin.com\/company\/car4rent\/about\/\" target=\"_blank\" rel=\"noopener\"><i class=\"fa-brands fa-linkedin\"><\/i> LinkedIn<\/a>\n        <a href=\"https:\/\/www.youtube.com\/@car4rentcannes839\" target=\"_blank\" rel=\"noopener\"><i class=\"fa-brands fa-youtube\"><\/i> YouTube<\/a>\n    <\/div>\n    <\/p>\n<\/div>\n\t\t<\/div><\/div>\n\n","protected":false},"excerpt":{"rendered":"","protected":false},"author":3,"featured_media":29775,"parent":0,"menu_order":2600,"comment_status":"closed","ping_status":"closed","template":"","meta":{"_acf_changed":false,"footnotes":""},"class_list":["post-30534","page","type-page","status-publish","has-post-thumbnail","hentry"],"acf":[],"_links":{"self":[{"href":"https:\/\/car4rent.fr\/fr\/wp-json\/wp\/v2\/pages\/30534","targetHints":{"allow":["GET"]}}],"collection":[{"href":"https:\/\/car4rent.fr\/fr\/wp-json\/wp\/v2\/pages"}],"about":[{"href":"https:\/\/car4rent.fr\/fr\/wp-json\/wp\/v2\/types\/page"}],"author":[{"embeddable":true,"href":"https:\/\/car4rent.fr\/fr\/wp-json\/wp\/v2\/users\/3"}],"replies":[{"embeddable":true,"href":"https:\/\/car4rent.fr\/fr\/wp-json\/wp\/v2\/comments?post=30534"}],"version-history":[{"count":0,"href":"https:\/\/car4rent.fr\/fr\/wp-json\/wp\/v2\/pages\/30534\/revisions"}],"wp:featuredmedia":[{"embeddable":true,"href":"https:\/\/car4rent.fr\/fr\/wp-json\/wp\/v2\/media\/29775"}],"wp:attachment":[{"href":"https:\/\/car4rent.fr\/fr\/wp-json\/wp\/v2\/media?parent=30534"}],"curies":[{"name":"wp","href":"https:\/\/api.w.org\/{rel}","templated":true}]}}