{"id":30533,"date":"2023-11-10T16:56:12","date_gmt":"2023-11-10T15:56:12","guid":{"rendered":"https:\/\/car4rent.fr\/porsche-992-location-cote-dazur-france\/"},"modified":"2024-01-03T22:59:58","modified_gmt":"2024-01-03T21:59:58","slug":"louer-porsche","status":"publish","type":"page","link":"https:\/\/car4rent.fr\/fr\/louer-porsche\/","title":{"rendered":"Louer Porsche"},"content":{"rendered":"\n<style type=\"text\/css\" data-created_by=\"avia_inline_auto\" id=\"style-css-av-9atcu1r-1d06c0530b17c1c4c759fc9d8b186f29\">\n.avia-section.av-9atcu1r-1d06c0530b17c1c4c759fc9d8b186f29{\nbackground-color:#27202d;\nbackground-image:unset;\n}\n<\/style>\n<div id='av_section_1'  class='avia-section av-9atcu1r-1d06c0530b17c1c4c759fc9d8b186f29 main_color avia-section-large avia-no-shadow  avia-builder-el-0  el_before_av_one_full  avia-builder-el-first  avia-bg-style-scroll av-minimum-height av-minimum-height-75 av-height-75  container_wrap fullsize'   data-av_minimum_height_pc='75' data-av_min_height_opt='75'><div class='container av-section-cont-open' ><main  class='template-page content  av-content-full alpha units'><div class='post-entry post-entry-type-page post-entry-30533'><div class='entry-content-wrapper clearfix'>\n\n<style type=\"text\/css\" data-created_by=\"avia_inline_auto\" id=\"style-css-av-934g4lb-28ad965f1290ff415030ee32909f9d2e\">\n.flex_column.av-934g4lb-28ad965f1290ff415030ee32909f9d2e{\nborder-radius:0px 0px 0px 0px;\npadding:10px 10px 10px 0px;\n}\n<\/style>\n<div  class='flex_column av-934g4lb-28ad965f1290ff415030ee32909f9d2e av_two_third  avia-builder-el-1  el_before_av_two_third  avia-builder-el-first  first flex_column_div  '     ><section  class='av_textblock_section av-lpjx0w9w-cbd76a88bdd6b34c440b8fa0cbb44df8 '  ><div class='avia_textblock' ><h1><span style=\"font-size: 14pt\">Louer Porsche sur la C\u00f4te d&rsquo;Azur<\/span><\/h1>\n<\/div><\/section><\/div>\n<style type=\"text\/css\" data-created_by=\"avia_inline_auto\" id=\"style-css-av-ti3e4f-b4c9d5f5e160e0e08503bf25a7d5d70f\">\n#top .flex_column.av-ti3e4f-b4c9d5f5e160e0e08503bf25a7d5d70f{\nmargin-top:0px;\nmargin-bottom:0px;\n}\n.flex_column.av-ti3e4f-b4c9d5f5e160e0e08503bf25a7d5d70f{\nborder-radius:0px 0px 0px 0px;\npadding:0px 0px 0px 0px;\n}\n.responsive #top #wrap_all .flex_column.av-ti3e4f-b4c9d5f5e160e0e08503bf25a7d5d70f{\nmargin-top:0px;\nmargin-bottom:0px;\n}\n<\/style>\n<div  class='flex_column av-ti3e4f-b4c9d5f5e160e0e08503bf25a7d5d70f av_two_third  avia-builder-el-3  el_after_av_two_third  el_before_av_one_third  first flex_column_div av-zero-column-padding  column-top-margin'     ><style type=\"text\/css\" data-created_by=\"avia_inline_auto\" id=\"style-css-av-quybnj-a9cf621a59e13b331c0581ad0fc0af03\">\n.avia-image-container.av-quybnj-a9cf621a59e13b331c0581ad0fc0af03 img.avia_image{\nbox-shadow:none;\n}\n.avia-image-container.av-quybnj-a9cf621a59e13b331c0581ad0fc0af03 .av-image-caption-overlay-center{\ncolor:#ffffff;\nfont-size:14px;\n}\n<\/style>\n<div  class='avia-image-container av-quybnj-a9cf621a59e13b331c0581ad0fc0af03 av-styling- avia-align-center  avia-builder-el-4  avia-builder-el-no-sibling '  ><div class=\"avia-image-container-inner\"><div class=\"avia-image-overlay-wrap\"><img decoding=\"async\" fetchpriority=\"high\" class='wp-image-37318 avia-img-lazy-loading-not-37318 avia_image ' src=\"https:\/\/car4rent.fr\/wp-content\/uploads\/porsche-911-carrera1.jpg\" alt='Location de voiture de luxe \u00e0 Bordighera, Louer Porsche, Porsche-911 Carrera car4rent Cannes' title='Porsche-911-Carrera1'  height=\"1930\" width=\"2304\"  \/><\/div><\/div><\/div><\/div>\n<style type=\"text\/css\" data-created_by=\"avia_inline_auto\" id=\"style-css-av-6re2gsf-8fc39c948b3314325dc55766426083b9\">\n#top .flex_column.av-6re2gsf-8fc39c948b3314325dc55766426083b9{\nmargin-top:0px;\nmargin-bottom:0px;\n}\n.flex_column.av-6re2gsf-8fc39c948b3314325dc55766426083b9{\nborder-radius:0px 0px 0px 0px;\npadding:20px 40px 20px 30px;\nbackground-color:#cecece;\n}\n.responsive #top #wrap_all .flex_column.av-6re2gsf-8fc39c948b3314325dc55766426083b9{\nmargin-top:0px;\nmargin-bottom:0px;\n}\n<\/style>\n<div  class='flex_column av-6re2gsf-8fc39c948b3314325dc55766426083b9 av_one_third  avia-builder-el-5  el_after_av_two_third  avia-builder-el-last  flex_column_div  column-top-margin'     ><p>\n<style type=\"text\/css\" data-created_by=\"avia_inline_auto\" id=\"style-css-av-6aukpj3-e6284e2bfe65f16ca702a8f44f2c2bf4\">\n#top .av_textblock_section.av-6aukpj3-e6284e2bfe65f16ca702a8f44f2c2bf4 .avia_textblock{\nfont-size:13px;\n}\n<\/style>\n<section  class='av_textblock_section av-6aukpj3-e6284e2bfe65f16ca702a8f44f2c2bf4 '  ><div class='avia_textblock' ><p><span style=\"font-size: 14pt\">TARIFS <\/span><\/p>\n<hr \/>\n<p><strong>1-3 jours <\/strong> 900 \u20ac<\/p>\n<p><strong>4-7 jours <\/strong> 800 \u20ac<\/p>\n<p><strong>+8 jours <\/strong> 700\u20ac<\/p>\n<p><strong>km suppl\u00e9mentaire<\/strong> 4 \u20ac<\/p>\n<p><strong>D\u00e9p\u00f4t<\/strong> 10.000 \u20ac<\/p>\n<p><strong>\u00c2ge minimum <\/strong>27 ans<\/p>\n<hr \/>\n<p>Prix par jour &#8211; 200km inclus<\/p>\n<\/div><\/section><br \/>\n<div  class='hr av-kk6bbz-bc27a636eccd0bec3a15f4b2de996832 hr-default  avia-builder-el-7  el_after_av_textblock  el_before_av_textblock '><span class='hr-inner '><span class=\"hr-inner-style\"><\/span><\/span><\/div><br \/>\n\n<style type=\"text\/css\" data-created_by=\"avia_inline_auto\" id=\"style-css-av-5b1etcv-083e14e01519bb1b6b46df910a299121\">\n#top .av_textblock_section.av-5b1etcv-083e14e01519bb1b6b46df910a299121 .avia_textblock{\nfont-size:13px;\n}\n<\/style>\n<section  class='av_textblock_section av-5b1etcv-083e14e01519bb1b6b46df910a299121 '  ><div class='avia_textblock' ><p><span style=\"font-size: 14pt\">SP\u00c9CIFICATIONS<\/span><\/p>\n<hr \/>\n<ul>\n<li><strong>Nombre de places : 2+2<\/strong><\/li>\n<li><strong>Espace pour les bagages : 2<\/strong><\/li>\n<li><strong>Moteur : 3 <\/strong>.0L Flat 6 &#8211; 450bhp \/ 6.500 rpm 4WD<\/li>\n<li><strong>Transmission :<\/strong> Auto<\/li>\n<li><strong>0-100 km\/h : 3 <\/strong>,8 sec.<\/li>\n<li><strong>Max. Vitesse : <\/strong>304 km\/h<\/li>\n<li><strong>Carburant : <\/strong>Essence<\/li>\n<\/ul>\n<\/div><\/section><\/p><\/div><\/div><\/div><\/main><!-- close content main element --><\/div><\/div><div id='after_section_1'  class='main_color av_default_container_wrap container_wrap fullsize'  ><div class='container av-section-cont-open' ><div class='template-page content  av-content-full alpha units'><div class='post-entry post-entry-type-page post-entry-30533'><div class='entry-content-wrapper clearfix'>\n<style type=\"text\/css\" data-created_by=\"avia_inline_auto\" id=\"style-css-av-51tlxxb-9976aa2488024b1f0405bb0dfd1f470e\">\n#top .flex_column.av-51tlxxb-9976aa2488024b1f0405bb0dfd1f470e{\nmargin-top:0px;\nmargin-bottom:0px;\n}\n.flex_column.av-51tlxxb-9976aa2488024b1f0405bb0dfd1f470e{\nborder-radius:0px 0px 0px 0px;\npadding:0px 0px 0px 0px;\nbackground-color:#ffffff;\n}\n.responsive #top #wrap_all .flex_column.av-51tlxxb-9976aa2488024b1f0405bb0dfd1f470e{\nmargin-top:0px;\nmargin-bottom:0px;\n}\n<\/style>\n<div  class='flex_column av-51tlxxb-9976aa2488024b1f0405bb0dfd1f470e av_one_full  avia-builder-el-9  el_after_av_section  el_before_av_one_full  avia-builder-el-first  first flex_column_div av-zero-column-padding  '     ><section  class='av_textblock_section av-4ay6p27-7405761561666d178bf571be8624f503 '  ><div class='avia_textblock' ><section id=\"block0\" class=\"stripe row-content block0 fullwidth\">\n<div class=\"column small-five small-push-one reset last\">\n<div class=\"boxcontent\">\n<section id=\"block0\" class=\"stripe row-content block0 fullwidth\">\n<div class=\"column small-five small-push-one reset last\">\n<div class=\"boxcontent\">\n<h1>Louer Porsche 992 Cabriolet<\/h1>\n<p>Envie d&rsquo;une exp\u00e9rience de conduite inoubliable ? Louer une Porsche est un r\u00eave que vous pouvez r\u00e9aliser avec Car4rent. Ne cherchez pas plus loin que la location Porsche 911. La Porsche 911 &#8211; dont la 992 est la derni\u00e8re version de la l\u00e9gendaire voiture de sport &#8211; offre une exp\u00e9rience de conduite in\u00e9gal\u00e9e. Avec ses lignes \u00e9pur\u00e9es, son moteur puissant et sa technologie de pointe, la Porsche 992 est un v\u00e9ritable chef-d&rsquo;\u0153uvre automobile.<\/p>\n<p>Si vous avez l&rsquo;envie de vous faire plaisir, de voyager et un peu de temps libre, rien de tel qu&rsquo;un road trip en France. Vous appr\u00e9cierez la diversit\u00e9 du pays \u00e0 un rythme plus soutenu, mais toutefois d\u00e9tendu. Au volant d&rsquo;une Porsche 992, partez \u00e0 la d\u00e9couverte des routes fran\u00e7aises. Des Alpes \u00e0 la C\u00f4te d&rsquo;Azur, de l&rsquo;oc\u00e9an Atlantique aux jolis villages m\u00e9di\u00e9vaux de l&rsquo;arri\u00e8re-pays, des itin\u00e9raires inoubliables vous plongeront directement dans le c\u0153ur et l&rsquo;\u00e2me du pays.<\/p>\n<h2>Louer Porsche 992 pour une performance in\u00e9gal\u00e9e<\/h2>\n<p>La Porsche 992 a \u00e9t\u00e9 con\u00e7ue dans un souci de performance. Son moteur lib\u00e8re 450 ch et peut acc\u00e9l\u00e9rer de 0 \u00e0 100 km\/h en seulement 3,4 secondes. Avec une vitesse de pointe de 305 km\/h sur circuit, la Porsche 992 satisfera les amateurs de conduite les plus exigeants.<\/p>\n<h2>Location Porsche 992 pour faire impression<\/h2>\n<p>La Porsche 992 est imm\u00e9diatement reconnaissable gr\u00e2ce \u00e0 son design embl\u00e9matique. La silhouette de la voiture est rest\u00e9e largement inchang\u00e9e depuis sa cr\u00e9ation en 1963, et la 992 ne fait pas exception. Les lignes \u00e9pur\u00e9es et les courbes a\u00e9rodynamiques de la voiture font d&rsquo;elle une v\u00e9ritable t\u00eate d&rsquo;affiche sur la route.<\/p>\n<p>Location Porsche 992 pour sa technologie de pointe<\/p>\n<p>La Porsche 992 est dot\u00e9e des derni\u00e8res technologies, notamment d&rsquo;un \u00e9cran tactile de 10,9 pouces, d&rsquo;un syst\u00e8me audio Bose et de l&rsquo;int\u00e9gration d&rsquo;Apple CarPlay. La voiture est \u00e9galement \u00e9quip\u00e9e de dispositifs de s\u00e9curit\u00e9 avanc\u00e9s tels que le r\u00e9gulateur de vitesse adaptatif, l&rsquo;alerte de franchissement de ligne et une cam\u00e9ra de recul.<\/p>\n<h3>Louer une Porsche 992 pour une exp\u00e9rience inoubliable<\/h3>\n<p>Louer une Porsche 992, ce n&rsquo;est pas seulement aller d&rsquo;un point A \u00e0 un point B, c&rsquo;est aussi vivre l&rsquo;\u00e9motion de conduire l&rsquo;une des voitures de sport les plus embl\u00e9matiques au monde. Que vous rouliez sur l&rsquo;autoroute ou sur une route de montagne sinueuse, la Porsche 992 vous garantit une exp\u00e9rience de conduite inoubliable.<\/p>\n<p><span style=\"font-size: 14pt\"><strong>La location Porsche 992 en quelques mots<\/strong><\/span><\/p>\n<p>Il n&rsquo;y a pas d&rsquo;autre raison de ne pas franchir le pas, si vous avez envie de louer une Porsche 992 \u00e0 toit ouvert. Elle se conduit extraordinairement bien et reste silencieuse m\u00eame lorsqu&rsquo;elle est sollicit\u00e9e sur une route tr\u00e8s exigeante. Quelle voiture impressionnante. Elle offre une vitesse \u00e9tonnante et une maniabilit\u00e9 surprenante. Ouvrez le toit et profitez du soleil tout en vous d\u00e9lectant de la sonorit\u00e9 du flat-six. Avec deux places suppl\u00e9mentaires \u00e0 l&rsquo;arri\u00e8re et, bien s\u00fbr, un volume de coffre inchang\u00e9, elle fait m\u00eame toutes les choses pratiques qu&rsquo;une 911 fait toujours. Reconnaissable au premier coup d&rsquo;\u0153il depuis plus d&rsquo;un demi-si\u00e8cle, l&#8217;embl\u00e9matique Porsche 911 ne cesse de s&rsquo;am\u00e9liorer.<\/p>\n<\/div>\n<\/div>\n<\/section>\n<section id=\"block1\" class=\"stripe row-content block1 fullwidth\">\n<div class=\"column small-five small-push-six reset last\">\n<div class=\"boxcontent\">\n<p><span style=\"font-size: 14pt\">Location Porsche 992 pour son moteur in\u00e9puisable<\/span><\/p>\n<p>Le flat six 3,0 litres turbo de la 992 d\u00e9veloppe 450 ch. La voiture passe de 0 \u00e0 100 km\/h en seulement 3,9 secondes. Le moteur est fondamentalement le m\u00eame que celui qui a \u00e9t\u00e9 am\u00e9lior\u00e9 avec l&rsquo;arriv\u00e9e des turbos. Les turbos et les refroidisseurs interm\u00e9diaires sont nouveaux et plus gros, et tous sont positionn\u00e9s plus avantageusement pour une r\u00e9ponse plus vive.<\/p>\n<p>La transmission PDK est une toute nouvelle bo\u00eete \u00e0 huit vitesses. Les changements de vitesse sont plus rapides, mais il s&rsquo;agit surtout d&rsquo;\u00e9conomiser du carburant \u00e0 vitesse \u00e9lev\u00e9e. Le septi\u00e8me et le huiti\u00e8me rapport sont tr\u00e8s longs.<\/p>\n<h5>Louer une Porsche Panamera ou louer un Porsche Cayenne<\/h5>\n<p>Un besoin de plus de place? Pourquoi ne pas louer une Porsche Panamera. Vous b\u00e9n\u00e9ficera de 5 places pour un confort in\u00e9gal\u00e9. Un vrai salon roulant.<\/p>\n<p>Louer Porsche Boxster<\/p>\n<p>Comme ses a\u00een\u00e9es, la Porsche Boxster offre de nombreuses qualit\u00e9s mais est disponible \u00e0 un prix plus abordable.<\/p>\n<h5>Louer une Porsche entre particulier<\/h5>\n<p>L&rsquo;option de louer une Porsche \u00e0 un particulier repr\u00e9sente toujours un risque.\u00a0 Cependant, en faisant appel \u00e0 un professionnel de la location vous serez toujors sur de r\u00e9server le v\u00e9hicule qui vous convient en parfait \u00e9tat d&rsquo;entretien, tant m\u00e9canique que de carrosserie. De plus, l&rsquo;assurance du loueur vous prot\u00e8ge en cas d&rsquo;accident, ce qui n&rsquo;est pas s\u00fbr d&rsquo;\u00eatre le cas pour de la location entre particuliers, la majorit\u00e9 des contrats d&rsquo;assurance interdisant la sous-location.<\/p>\n<p>Vous ne trouvez pas la Porsche \u00e0 votre go\u00fbt, nous pouvons vous proposer d&rsquo;autres marques aussi prestigeieuses, telles que Ferrari, Lamborghini, Porsche, Land Rover, Mercedes AMG, Bentley, Rolls-Royce, et autres <a class=\"wpil_keyword_link\" href=\"https:\/\/car4rent.fr\/fr\/categorie-produit\/marques-de-voitures\/audi\/\" title=\"Locations de voitures de luxe Audi\" data-wpil-keyword-link=\"linked\" data-wpil-monitor-id=\"122873\">Audi<\/a> et BMW.<\/p>\n<p>Notre agence principale est \u00e0 <a href=\"https:\/\/www.cannes-destination.fr\/visites-incontournables\" target=\"_blank\" rel=\"noopener\">Cannes<\/a> sur la C\u00f4te d&rsquo;Azur, mais votre v\u00e9hicule peut vous \u00eatre livr\u00e9 \u00e0 la destination de votre choix, partout en France ou dans le\u00a0 nord de l&rsquo;Italie.<\/p>\n<\/div>\n<\/div>\n<\/section>\n<\/div>\n<\/div>\n<\/section>\n<section id=\"block1\" class=\"stripe row-content block1 fullwidth\">\n<div class=\"column small-five small-push-six reset last\">\n<\/div>\n<\/section>\n<\/div><\/section><br \/>\n<div  class='avia-button-wrap av-3qlvizj-6e8383fa08822d6df588d110a63dc4f1-wrap avia-button-left  avia-builder-el-11  el_after_av_textblock  avia-builder-el-last '><a href=\"https:\/\/car4rent.fr\/fr\/contact\/\" class=\"avia-button av-3qlvizj-6e8383fa08822d6df588d110a63dc4f1 av-link-btn avia-icon_select-yes-left-icon avia-size-small avia-position-left avia-color-theme-color\" aria-label=\"Demande un devis gratuit !\"><span class='avia_button_icon avia_button_icon_left avia-iconfont avia-font-entypo-fontello' data-av_icon='\ue889' data-av_iconfont='entypo-fontello' ><\/span><span class='avia_iconbox_title' >Demande un devis gratuit !<\/span><\/a><\/div><\/p><\/div><\/p>\n<div  class='flex_column av-av_one_full-7420270dda896a7728e3c90b94d24f81 av_one_full  avia-builder-el-12  el_after_av_one_full  el_before_av_section  avia-builder-el-last  first flex_column_div  column-top-margin'     ><section  class='av_textblock_section av-lpjwkjs6-a88822782e27838b6dc52c26e90868e8 '  ><div class='avia_textblock' ><p style=\"text-align: center\"><span style=\"font-size: 14pt\">D\u00e9couvrez notre collection de voitures de r\u00eave: des voitures de luxe, d\u00e9capotables et sportives \u00e0 louer<\/span><\/p>\n<\/div><\/section><\/div>\n<\/div><\/div><\/div><!-- close content main div --><\/div><\/div><div id='av_section_2'  class='avia-section av-1b4vv38-3db6b35454de04a79bb00362f97db9c9 main_color avia-section-default avia-no-border-styling  avia-builder-el-14  el_after_av_one_full  avia-builder-el-last  avia-bg-style-scroll container_wrap fullsize'  ><div class='container av-section-cont-open' ><div class='template-page content  av-content-full alpha units'><div class='post-entry post-entry-type-page post-entry-30533'><div class='entry-content-wrapper clearfix'>\n<div  class='avia-builder-widget-area clearfix  avia-builder-el-15  avia-builder-el-no-sibling '><div id=\"text-9\" class=\"widget clearfix widget_text\">\t\t\t<div class=\"textwidget\"><p style=\"text-align: center;\">    <div class=\"car4rent-share-block car4rent-fr\">\n        <a href=\"https:\/\/www.facebook.com\/sharer\/sharer.php?u=\" target=\"_blank\" rel=\"noopener\"><i class=\"fa-brands fa-facebook\"><\/i> Partager<\/a>\n        <a href=\"https:\/\/x.com\/intent\/tweet?url=&amp;text=\" target=\"_blank\" rel=\"noopener\"><i class=\"fa-brands fa-x-twitter\"><\/i> X<\/a>\n        <a href=\"https:\/\/wa.me\/?text=%20\" target=\"_blank\" rel=\"noopener\"><i class=\"fa-brands fa-whatsapp\"><\/i> WhatsApp<\/a>\n        <a href=\"https:\/\/www.instagram.com\/car4rent_cannes\/\" target=\"_blank\" rel=\"noopener\"><i class=\"fa-brands fa-instagram\"><\/i> Instagram<\/a>\n        <a href=\"https:\/\/www.linkedin.com\/company\/car4rent\/about\/\" target=\"_blank\" rel=\"noopener\"><i class=\"fa-brands fa-linkedin\"><\/i> LinkedIn<\/a>\n        <a href=\"https:\/\/www.youtube.com\/@car4rentcannes839\" target=\"_blank\" rel=\"noopener\"><i class=\"fa-brands fa-youtube\"><\/i> YouTube<\/a>\n    <\/div>\n    <\/p>\n<\/div>\n\t\t<\/div><\/div>\n\n","protected":false},"excerpt":{"rendered":"","protected":false},"author":3,"featured_media":0,"parent":0,"menu_order":2030,"comment_status":"closed","ping_status":"closed","template":"","meta":{"_acf_changed":false,"footnotes":""},"class_list":["post-30533","page","type-page","status-publish","hentry"],"acf":[],"_links":{"self":[{"href":"https:\/\/car4rent.fr\/fr\/wp-json\/wp\/v2\/pages\/30533","targetHints":{"allow":["GET"]}}],"collection":[{"href":"https:\/\/car4rent.fr\/fr\/wp-json\/wp\/v2\/pages"}],"about":[{"href":"https:\/\/car4rent.fr\/fr\/wp-json\/wp\/v2\/types\/page"}],"author":[{"embeddable":true,"href":"https:\/\/car4rent.fr\/fr\/wp-json\/wp\/v2\/users\/3"}],"replies":[{"embeddable":true,"href":"https:\/\/car4rent.fr\/fr\/wp-json\/wp\/v2\/comments?post=30533"}],"version-history":[{"count":0,"href":"https:\/\/car4rent.fr\/fr\/wp-json\/wp\/v2\/pages\/30533\/revisions"}],"wp:attachment":[{"href":"https:\/\/car4rent.fr\/fr\/wp-json\/wp\/v2\/media?parent=30533"}],"curies":[{"name":"wp","href":"https:\/\/api.w.org\/{rel}","templated":true}]}}