{"id":30498,"date":"2023-11-10T16:56:12","date_gmt":"2023-11-10T15:56:12","guid":{"rendered":"https:\/\/car4rent.fr\/location-de-bentley\/"},"modified":"2024-04-11T00:36:46","modified_gmt":"2024-04-10T22:36:46","slug":"louer-une-bentley","status":"publish","type":"page","link":"https:\/\/car4rent.fr\/fr\/louer-une-bentley\/","title":{"rendered":"Louer une Bentley"},"content":{"rendered":"\n<style type=\"text\/css\" data-created_by=\"avia_inline_auto\" id=\"style-css-av-llcrt1il-90577024d415b60744a5e57a8850941a\">\n.avia-section.av-llcrt1il-90577024d415b60744a5e57a8850941a .av-parallax .av-parallax-inner{\nbackground-repeat:no-repeat;\nbackground-image:url(https:\/\/car4rent.fr\/wp-content\/uploads\/hire-bentley-French-Riviera.jpg);\nbackground-position:50% 50%;\nbackground-attachment:scroll;\n}\n<\/style>\n<div id='av_section_1'  class='avia-section av-llcrt1il-90577024d415b60744a5e57a8850941a main_color avia-section-default avia-no-border-styling  avia-builder-el-0  el_before_av_one_full  avia-builder-el-first  avia-full-stretch av-parallax-section avia-bg-style-parallax av-minimum-height av-minimum-height-custom av-height-custom  container_wrap fullsize'  data-section-bg-repeat='stretch' data-av_minimum_height_px='450'><div class='av-parallax' data-avia-parallax-ratio='0.3' ><div class='av-parallax-inner main_color avia-full-stretch'><\/div><\/div><div class='container av-section-cont-open' style='height:450px'><main  class='template-page content  av-content-full alpha units'><div class='post-entry post-entry-type-page post-entry-30498'><div class='entry-content-wrapper clearfix'>\n<div  class='flex_column av-av_three_fifth-7420270dda896a7728e3c90b94d24f81 av_three_fifth  avia-builder-el-1  avia-builder-el-no-sibling  first flex_column_div  '     ><style type=\"text\/css\" data-created_by=\"avia_inline_auto\" id=\"style-css-av-lmgdraij-c28ae70750f1dba02e7007c31e3f6f3e\">\n#top .av-special-heading.av-lmgdraij-c28ae70750f1dba02e7007c31e3f6f3e{\npadding-bottom:10px;\ncolor:#ffffff;\n}\nbody .av-special-heading.av-lmgdraij-c28ae70750f1dba02e7007c31e3f6f3e .av-special-heading-tag .heading-char{\nfont-size:25px;\n}\n.av-special-heading.av-lmgdraij-c28ae70750f1dba02e7007c31e3f6f3e .special-heading-inner-border{\nborder-color:#ffffff;\n}\n.av-special-heading.av-lmgdraij-c28ae70750f1dba02e7007c31e3f6f3e .av-subheading{\nfont-size:15px;\n}\n<\/style>\n<div  class='av-special-heading av-lmgdraij-c28ae70750f1dba02e7007c31e3f6f3e av-special-heading-h2 custom-color-heading blockquote modern-quote  avia-builder-el-2  avia-builder-el-no-sibling '><h2 class='av-special-heading-tag '  >Louer une Bentley<\/h2><div class=\"special-heading-border\"><div class=\"special-heading-inner-border\"><\/div><\/div><\/div><\/div>\n<\/div><\/div><\/main><!-- close content main element --><\/div><\/div><div id='after_section_1'  class='main_color av_default_container_wrap container_wrap fullsize'  ><div class='container av-section-cont-open' ><div class='template-page content  av-content-full alpha units'><div class='post-entry post-entry-type-page post-entry-30498'><div class='entry-content-wrapper clearfix'>\n\n<style type=\"text\/css\" data-created_by=\"avia_inline_auto\" id=\"style-css-av-aingj05-8396a4f11f36adebe378f9a53ad82250\">\n.flex_column.av-aingj05-8396a4f11f36adebe378f9a53ad82250{\nborder-radius:0px 0px 0px 0px;\npadding:0px 0px 0px 0px;\n}\n<\/style>\n<div  class='flex_column av-aingj05-8396a4f11f36adebe378f9a53ad82250 av_one_full  avia-builder-el-3  el_after_av_section  el_before_av_hr  avia-builder-el-first  first flex_column_div av-zero-column-padding  '     ><section  class='av_textblock_section av-k9iq5tou-a3a1282c082146c43128296256d532aa '  ><div class='avia_textblock' ><h2>Louer une Bentley<\/h2>\n<p>Louer une Bentley au meilleur prix sur la C\u00f4te d&rsquo;Azur, c&rsquo;est possible avec Car4rent.<\/p>\n<p>Louer une Bentley en France vous fera profiter de sensations uniques, dont il serait dommage de vous priver. D\u00e9couvrez sans attendre la <strong>Bentley<\/strong> de vos r\u00eaves que Car4rent vous propose \u00e0 la location et profitez- en pour voyager les cheveux au vent cet \u00e9t\u00e9. Luxueuse et puissante, voici ce qui caract\u00e9rise une Bentley, en plus de sa classe in\u00e9e.<\/p>\n<p>Le raffinement anglais se m\u00eame \u00e0 la qualit\u00e9 allemande pour vous livrer une des voitures les plus prestigieuses et surtout des plus enivrantes \u00e0 conduire.<\/p>\n<p>Profitez d&rsquo;une exp\u00e9rience inoubliable avec Car4rent. Chacun a sa marque de v\u00e9hicules de prestige de pr\u00e9dilection. Si vous aimez la clase et l\u2019\u00e9l\u00e9gance d&rsquo;une voiture de luxe, les voitures du constructeur britannique sont surement parmi vos voitures pr\u00e9f\u00e9r\u00e9es.<\/p>\n<p>Bentley allie le raffinement \u00e0 la puissance, le luxe \u00e0 la sobri\u00e9t\u00e9. Faites de votre r\u00eave une r\u00e9alit\u00e9 avec la location Bentley pendant un week-end ou m\u00eame une journ\u00e9e, ou plus.<\/p>\n<p>Profitez du confort que procurent ces voitures d\u2019exception \u00e0 la fois au conducteur mais aussi aux passagers.<\/p>\n<h3>Pourquoi louer une Bentley ?<\/h3>\n<p>Louer une Bentley ne vous laissera pas insensible au charme de ces magnifiques voitures de location et vous pourrez appr\u00e9cier l\u2019int\u00e9rieur en cuir, les nombreux inserts en aluminium poli et les boiseries de qualit\u00e9.<\/p>\n<p>Partez \u00e0 la d\u00e9couverte des plus belles destinations fran\u00e7aises au volant de la <strong>Bentley Continental GTC<\/strong>, le cabriolet le plus glamour du moment. Laissez-vous aller \u00e0 fl\u00e2ner sur la <strong>Riviera italienne<\/strong> \u00e0 la d\u00e9couverte de petits villages haut-perch\u00e9s. Arr\u00eatez-vous sur une terrasse ombrag\u00e9e pour d\u00e9jeuner un midi sur une plage anim\u00e9e. Rejoignez en soir\u00e9e les clubbers dans les bo\u00eetes de nuit select de la r\u00e9gion. Pour r\u00e9aliser vos d\u00e9sirs, Car4rent vous mettra votre Bentley de location \u00e0 disposition sur votre lieu de vill\u00e9giature, \u00e0 votre h\u00f4tel our directement \u00e0 votre arriv\u00e9e \u00e0 l\u2019a\u00e9roport.<\/p>\n<p>Louer une Bentley vous permettra d\u2019acc\u00e9der au monde privil\u00e9gi\u00e9 des amateurs de belles automobiles ainsi qu&rsquo;\u00e0 tous les haut-lieux du luxe.<\/p>\n<p>Car4rent dispose d&rsquo;une large gamme de voitures de grand luxe et de sport. Louer une Bentley est votre meilleur choix. La marque britannique fait partie de notre prestigieuse collection.<\/p>\n<p><span style=\"font-size: 14pt;\">Vous avez des questions ou encore vous souhaitez r\u00e9server une Bentley?<\/span><\/p>\n<p>Nous sommes \u00e0 votre \u00e9coute pour communiquer les informations dont vous avez besoin et vous faire livrer votre Bentley de location o\u00f9 vous le souhaitez en France et sur la <a href=\"https:\/\/generationvoyage.fr\/visiter-cote-azur-faire-voir\/\" target=\"_blank\" rel=\"noopener\"><strong>C\u00f4te d&rsquo;Azur<\/strong><\/a>.<\/p>\n<p>Et si toutefois vous ne trouviez pas la Bentley \u00e0 votre go\u00fbt, nous pouvons \u00e9galement vous proposer d&rsquo;autres marques aussi prestigieuses, comme <a href=\"https:\/\/car4rent.fr\/fr\/rent-ferrari\/\"><strong>Ferrari<\/strong><\/a>,\n            <a href=\"https:\/\/car4rent.fr\/fr\/rent-lamborghini\/\"><strong>Lamborghini<\/strong><\/a>,\n            <a href=\"https:\/\/car4rent.fr\/fr\/rent-porsche\/\"><strong>Porsche<\/strong><\/a>,\n            <a href=\"https:\/\/car4rent.fr\/fr\/range-rover-rental\/\"><strong>Range Rover<\/strong><\/a>,\n            <a href=\"https:\/\/car4rent.fr\/fr\/bentley-hire\/\"><strong>Bentley<\/strong><\/a>,\n            <a href=\"https:\/\/car4rent.fr\/fr\/rent-rolls-royce\/\"><strong>Rolls Royce<\/strong><\/a>, and\n            <a href=\"https:\/\/car4rent.fr\/fr\/mercedes-rental\/\"><strong>Mercedes AMG<\/strong><\/a>.<\/p>\n<p>Vous \u00eates \u00e0 la recherche d&rsquo;une location de Bentley, n&rsquo;h\u00e9sitez \u00e0 prendre <a href=\"https:\/\/car4rent.fr\/fr\/contact\/\"><strong>contact<\/strong><\/a> avec notre \u00e9quipe pour obtenir tout renseignement.<\/p>\n<\/div><\/section><\/div>\n<div  class='hr av-a1pdnf9-4ac98bcdee326bc019ee17c988b2e167 hr-default  avia-builder-el-5  el_after_av_one_full  el_before_av_one_fourth '><span class='hr-inner '><span class=\"hr-inner-style\"><\/span><\/span><\/div>\n\n<style type=\"text\/css\" data-created_by=\"avia_inline_auto\" id=\"style-css-av-y872k5-3a1cee232711aa429186fa8f181a096c\">\n.flex_column.av-y872k5-3a1cee232711aa429186fa8f181a096c{\nborder-radius:0px 0px 0px 0px;\npadding:0px 0px 0px 0px;\n}\n<\/style>\n<div  class='flex_column av-y872k5-3a1cee232711aa429186fa8f181a096c av_one_fourth  avia-builder-el-6  el_after_av_hr  el_before_av_one_fourth  first flex_column_div av-zero-column-padding  '     ><section  class='av_textblock_section av-8tb5n4l-7c9cec94714aaab0c5b8f0bec39e7118 '  ><div class='avia_textblock' ><p><span style=\"font-size: 14pt;\">Agences \u00e0 Paris, Cannes, Saint-Tropez, Monaco et \u00e0 l&rsquo;a\u00e9roport de Nice.<\/span><\/p>\n<\/div><\/section><\/div>\n\n<style type=\"text\/css\" data-created_by=\"avia_inline_auto\" id=\"style-css-av-8gtrnpx-04a15a90b79bab1f04ed802184811111\">\n.flex_column.av-8gtrnpx-04a15a90b79bab1f04ed802184811111{\nborder-radius:0px 0px 0px 0px;\npadding:0px 0px 0px 0px;\n}\n<\/style>\n<div  class='flex_column av-8gtrnpx-04a15a90b79bab1f04ed802184811111 av_one_fourth  avia-builder-el-8  el_after_av_one_fourth  el_before_av_one_fourth  flex_column_div av-zero-column-padding  '     ><section  class='av_textblock_section av-av_textblock-0165d6d04a7ef8dcb05aced91fa9179c '  ><div class='avia_textblock' ><p><span style=\"font-size: 14pt;\">Prenez livraison de votre voiture \u00e0 l&rsquo;endroit qui vous convient.<\/span><\/p>\n<\/div><\/section><\/div>\n\n<style type=\"text\/css\" data-created_by=\"avia_inline_auto\" id=\"style-css-av-7sc4z4l-47dadf12bde7c2e1fa7947f6a5421e8b\">\n.flex_column.av-7sc4z4l-47dadf12bde7c2e1fa7947f6a5421e8b{\nborder-radius:0px 0px 0px 0px;\npadding:0px 0px 0px 0px;\n}\n<\/style>\n<div  class='flex_column av-7sc4z4l-47dadf12bde7c2e1fa7947f6a5421e8b av_one_fourth  avia-builder-el-10  el_after_av_one_fourth  el_before_av_one_fourth  flex_column_div av-zero-column-padding  '     ><section  class='av_textblock_section av-70qedbp-74b9ebae429b731ada02d93e4e8d5c8a '  ><div class='avia_textblock' ><p><span style=\"font-size: 14pt;\">Grand choix de voitures de luxe, de sport et de cabriolets \u00e0 louer.<\/span><i><br \/>\n<\/i><\/p>\n<\/div><\/section><\/div>\n\n<style type=\"text\/css\" data-created_by=\"avia_inline_auto\" id=\"style-css-av-6lc83g5-d21315fa8dd3fc23e6cc8c2d8254bdca\">\n.flex_column.av-6lc83g5-d21315fa8dd3fc23e6cc8c2d8254bdca{\nborder-radius:0px 0px 0px 0px;\npadding:0px 0px 0px 0px;\n}\n<\/style>\n<div  class='flex_column av-6lc83g5-d21315fa8dd3fc23e6cc8c2d8254bdca av_one_fourth  avia-builder-el-12  el_after_av_one_fourth  el_before_av_section  avia-builder-el-last  flex_column_div av-zero-column-padding  '     ><section  class='av_textblock_section av-68csoet-fbe2587e86a8763ebd1f265dc12830a5 '  ><div class='avia_textblock' ><p><span style=\"font-size: 14pt;\">Un service sur mesure \u00e0 la hauteur de vos exigences<\/span><\/p>\n<\/div><\/section><\/div>\n<\/div><\/div><\/div><!-- close content main div --><\/div><\/div>\n<style type=\"text\/css\" data-created_by=\"avia_inline_auto\" id=\"style-css-av-4zppb79-c49752b713a5e9b8f75d1ffed87dc967\">\n.avia-section.av-4zppb79-c49752b713a5e9b8f75d1ffed87dc967{\nbackground-color:#f3f3f3;\nbackground-image:unset;\n}\n<\/style>\n<div id='av_section_2'  class='avia-section av-4zppb79-c49752b713a5e9b8f75d1ffed87dc967 main_color avia-section-default avia-no-border-styling  avia-builder-el-14  el_after_av_one_fourth  el_before_av_section  avia-bg-style-scroll container_wrap fullsize'  ><div class='container av-section-cont-open' ><div class='template-page content  av-content-full alpha units'><div class='post-entry post-entry-type-page post-entry-30498'><div class='entry-content-wrapper clearfix'>\n<section  class='av_textblock_section av-av_textblock-0165d6d04a7ef8dcb05aced91fa9179c '  ><div class='avia_textblock' ><p style=\"text-align: center;\"><span style=\"font-size: 14pt;\">BENTLEY<\/span><\/p>\n<\/div><\/section>\n\n<style type=\"text\/css\" data-created_by=\"avia_inline_auto\" id=\"style-css-av-3vpwqz9-723fc610dccaf73a5bfac87850b845a5\">\n.flex_column.av-3vpwqz9-723fc610dccaf73a5bfac87850b845a5{\nborder-radius:0px 0px 0px 0px;\npadding:0px 0px 0px 0px;\n}\n<\/style>\n<div  class='flex_column av-3vpwqz9-723fc610dccaf73a5bfac87850b845a5 av_one_half  avia-builder-el-16  el_after_av_textblock  el_before_av_one_half  first flex_column_div av-zero-column-padding  column-top-margin'     ><div  class='avia-slideshow av-lfjbejla-e048db5d6eed69aa0e44e6ee568a4088 avia-slideshow-portfolio av_slideshow avia-slide-slider  avia-builder-el-17  avia-builder-el-no-sibling  av-slideshow-ui av-control-default av-slideshow-autoplay av-loop-endless av-loop-manual-endless av-default-height-applied avia-slideshow-1' data-slideshow-options=\"{&quot;animation&quot;:&quot;slide&quot;,&quot;autoplay&quot;:true,&quot;loop_autoplay&quot;:&quot;endless&quot;,&quot;interval&quot;:10,&quot;loop_manual&quot;:&quot;manual-endless&quot;,&quot;autoplay_stopper&quot;:false,&quot;noNavigation&quot;:false,&quot;bg_slider&quot;:false,&quot;keep_padding&quot;:false,&quot;hoverpause&quot;:false,&quot;show_slide_delay&quot;:0}\" ><ul class='avia-slideshow-inner ' style='padding-bottom: 80.808080808081%;'><li  class='avia-slideshow-slide av-lfjbejla-e048db5d6eed69aa0e44e6ee568a4088__0  av-single-slide slide-1 slide-odd'><div data-rel='slideshow-1' class='avia-slide-wrap '   ><img decoding=\"async\" fetchpriority=\"high\" class=\"wp-image-29595 avia-img-lazy-loading-not-29595\" src=\"https:\/\/car4rent.fr\/wp-content\/uploads\/BENTLEY-GTC-INTERIEUR-AVT-495x400.jpg\" width=\"495\" height=\"400\" title=\"Bentley rental Saint-Tropez Car4Rent\" alt=\"Car4Rent\" srcset=\"https:\/\/car4rent.fr\/wp-content\/uploads\/BENTLEY-GTC-INTERIEUR-AVT-495x400.jpg 495w, https:\/\/car4rent.fr\/wp-content\/uploads\/BENTLEY-GTC-INTERIEUR-AVT-845x684.jpg 845w\" sizes=\"(max-width: 495px) 100vw, 495px\"><\/div><\/li><\/ul><\/div><\/div>\n<style type=\"text\/css\" data-created_by=\"avia_inline_auto\" id=\"style-css-av-zvfp91-52d2887eb71c0f872dc0328eef66cfc7\">\n.flex_column.av-zvfp91-52d2887eb71c0f872dc0328eef66cfc7{\nborder-radius:0px 0px 0px 0px;\npadding:0px 0px 0px 0px;\n}\n<\/style>\n<div  class='flex_column av-zvfp91-52d2887eb71c0f872dc0328eef66cfc7 av_one_half  avia-builder-el-18  el_after_av_one_half  avia-builder-el-last  flex_column_div av-zero-column-padding  column-top-margin'     ><section  class='av_textblock_section av-k9yka8dk-1271bfb1f0cbff6a5e97018488b787f9 '  ><div class='avia_textblock' ><p>Bentley est un constructeur automobile embl\u00e9matique. Les voitures les plus luxueuses et les plus \u00e9l\u00e9gantes du monde. Conduisez avec go\u00fbt.<\/p>\n<ul>\n<li>Bentley Continental GT (coup\u00e9) V8 S<\/li>\n<li>Bentley Continental GTC (cabriolet) V8<\/li>\n<li>Bentley Bentayaga (SUV) W12, gris<\/li>\n<\/ul>\n<p>Prix : \u00e0 partir de 2.300Euro\/jour<\/p>\n<\/div><\/section><\/div>\n\n<\/div><\/div><\/div><!-- close content main div --><\/div><\/div>\n<style type=\"text\/css\" data-created_by=\"avia_inline_auto\" id=\"style-css-av-5nxicb9-405b734bf05ccda8ba5dee0c78da1190\">\n.avia-section.av-5nxicb9-405b734bf05ccda8ba5dee0c78da1190{\nbackground-color:#ffffff;\nbackground-image:unset;\n}\n<\/style>\n<div id='av_section_3'  class='avia-section av-5nxicb9-405b734bf05ccda8ba5dee0c78da1190 main_color avia-section-default avia-no-shadow  avia-builder-el-20  el_after_av_section  el_before_av_section  avia-bg-style-scroll container_wrap fullsize'  ><div class='container av-section-cont-open' ><div class='template-page content  av-content-full alpha units'><div class='post-entry post-entry-type-page post-entry-30498'><div class='entry-content-wrapper clearfix'>\n<section  class='av_textblock_section av-av_textblock-0165d6d04a7ef8dcb05aced91fa9179c '  ><div class='avia_textblock' ><p style=\"text-align: center;\"><span style=\"font-size: 14pt;\">Nos voitures de luxe disponibles \u00e0 la location tri\u00e9es par cat\u00e9gorie<\/span><\/p>\n<\/div><\/section>\n<\/div><\/div><\/div><!-- close content main div --><\/div><\/div>\n<style type=\"text\/css\" data-created_by=\"avia_inline_auto\" id=\"style-css-av-3un9pth-7cd15be864cfcc02c6a65d33ad4db094\">\n.avia-section.av-3un9pth-7cd15be864cfcc02c6a65d33ad4db094{\nbackground-color:#f3f3f3;\nbackground-image:unset;\n}\n<\/style>\n<div id='sectioncustom'  class='avia-section av-3un9pth-7cd15be864cfcc02c6a65d33ad4db094 main_color avia-section-default avia-no-border-styling  avia-builder-el-22  el_after_av_section  el_before_av_google_map  avia-bg-style-scroll container_wrap fullsize'  ><div class='container av-section-cont-open' ><div class='template-page content  av-content-full alpha units'><div class='post-entry post-entry-type-page post-entry-30498'><div class='entry-content-wrapper clearfix'>\n<section  class='av_textblock_section av-7zh5sz9-75fcd2180f4c54d8471cb2ce63b9a42c '  ><div class='avia_textblock' ><p style=\"text-align: center;\"><span style=\"font-size: 14pt;\">Notre agence de location de voitures <\/span><\/p>\n<\/div><\/section>\n<\/p>\n<div  class='av_gmaps_sc_main_wrap av_gmaps_main_wrap '><div id='av_gmap_0' class='avia-google-map-container avia-google-map-sc av_gmaps_show_unconditionally av-no-fallback-img ' data-mapid='av_gmap_0'  style='height: 400px;'><a class=\"av_gmaps_browser_disabled av_text_confirm_link av_text_confirm_link_visible\" href=\"https:\/\/www.google.com\/maps\/search\/?api=1&#038;query=Quai%20Max%20Laubeuf%2006400%20%20%20Cannes%20%20France\" target=\"_blank\" rel=\"noopener\">Les cartes ont \u00e9t\u00e9 d\u00e9sactiv\u00e9es par le visiteur sur ce site. Cliquer pour ouvrir la carte dans une nouvelle fen\u00eatre.<\/a><\/div><\/div>\n\n<style type=\"text\/css\" data-created_by=\"avia_inline_auto\" id=\"style-css-av-2lzehit-2d13aa5f69cf4534d7501f1b358146b8\">\n.avia-section.av-2lzehit-2d13aa5f69cf4534d7501f1b358146b8{\nbackground-color:#6834bd;\nbackground-image:unset;\n}\n<\/style>\n<div id='av_section_5'  class='avia-section av-2lzehit-2d13aa5f69cf4534d7501f1b358146b8 main_color avia-section-default avia-no-border-styling  avia-builder-el-25  el_after_av_google_map  el_before_av_section  avia-bg-style-scroll container_wrap fullsize'  ><div class='container av-section-cont-open' ><div class='template-page content  av-content-full alpha units'><div class='post-entry post-entry-type-page post-entry-30498'><div class='entry-content-wrapper clearfix'>\n\n<style type=\"text\/css\" data-created_by=\"avia_inline_auto\" id=\"style-css-av-27oitkl-a7b367aa025a16204fc1af624176e44c\">\n#top .av-special-heading.av-27oitkl-a7b367aa025a16204fc1af624176e44c{\npadding-bottom:10px;\ncolor:#ffffff;\nfont-size:30px;\n}\nbody .av-special-heading.av-27oitkl-a7b367aa025a16204fc1af624176e44c .av-special-heading-tag .heading-char{\nfont-size:25px;\n}\n#top #wrap_all .av-special-heading.av-27oitkl-a7b367aa025a16204fc1af624176e44c .av-special-heading-tag{\nfont-size:30px;\n}\n.av-special-heading.av-27oitkl-a7b367aa025a16204fc1af624176e44c .special-heading-inner-border{\nborder-color:#ffffff;\n}\n.av-special-heading.av-27oitkl-a7b367aa025a16204fc1af624176e44c .av-subheading{\nfont-size:15px;\n}\n\n@media only screen and (min-width: 480px) and (max-width: 767px){ \n#top #wrap_all .av-special-heading.av-27oitkl-a7b367aa025a16204fc1af624176e44c .av-special-heading-tag{\nfont-size:0.8em;\n}\n}\n\n@media only screen and (max-width: 479px){ \n#top #wrap_all .av-special-heading.av-27oitkl-a7b367aa025a16204fc1af624176e44c .av-special-heading-tag{\nfont-size:0.8em;\n}\n}\n<\/style>\n<div  class='av-special-heading av-27oitkl-a7b367aa025a16204fc1af624176e44c av-special-heading-h3 custom-color-heading blockquote modern-quote modern-centered  avia-builder-el-26  el_before_av_button  avia-builder-el-first  av-inherit-size'><h3 class='av-special-heading-tag '  >Profitez de l\u2019exp\u00e9rience de conduite ultime avec une voiture livr\u00e9e directement chez vous !<\/h3><div class=\"special-heading-border\"><div class=\"special-heading-inner-border\"><\/div><\/div><\/div>\n<div  class='avia-button-wrap av-1sro9ed-91cad0cfd00c4d609412350a4faa1bd0-wrap avia-button-center  avia-builder-el-27  el_after_av_heading  avia-builder-el-last '><a href=\"https:\/\/car4rent.fr\/fr\/contact\/\" class=\"avia-button av-1sro9ed-91cad0cfd00c4d609412350a4faa1bd0 av-link-btn avia-icon_select-yes-left-icon avia-size-large avia-position-center avia-color-grey\" aria-label=\"Contactez l\u2019un de nos experts !\"><span class='avia_button_icon avia_button_icon_left avia-iconfont avia-font-entypo-fontello' data-av_icon='\ue85d' data-av_iconfont='entypo-fontello' ><\/span><span class='avia_iconbox_title' >Contactez l\u2019un de nos experts !<\/span><\/a><\/div>\n\n<\/div><\/div><\/div><!-- close content main div --><\/div><\/div><div id='av_section_6'  class='avia-section av-18ynjbp-c0ee3bdd5434bb3acc25167f9d22d108 main_color avia-section-default avia-no-border-styling  avia-builder-el-28  el_after_av_section  avia-builder-el-last  avia-bg-style-scroll container_wrap fullsize'  ><div class='container av-section-cont-open' ><div class='template-page content  av-content-full alpha units'><div class='post-entry post-entry-type-page post-entry-30498'><div class='entry-content-wrapper clearfix'>\n<div  class='avia-builder-widget-area clearfix  avia-builder-el-29  avia-builder-el-no-sibling '><div id=\"text-9\" class=\"widget clearfix widget_text\">\t\t\t<div class=\"textwidget\"><p style=\"text-align: center;\">    <div class=\"car4rent-share-block car4rent-fr\">\n        <a href=\"https:\/\/www.facebook.com\/sharer\/sharer.php?u=\" target=\"_blank\" rel=\"noopener\"><i class=\"fa-brands fa-facebook\"><\/i> Partager<\/a>\n        <a href=\"https:\/\/x.com\/intent\/tweet?url=&amp;text=\" target=\"_blank\" rel=\"noopener\"><i class=\"fa-brands fa-x-twitter\"><\/i> X<\/a>\n        <a href=\"https:\/\/wa.me\/?text=%20\" target=\"_blank\" rel=\"noopener\"><i class=\"fa-brands fa-whatsapp\"><\/i> WhatsApp<\/a>\n        <a href=\"https:\/\/www.instagram.com\/car4rent_cannes\/\" target=\"_blank\" rel=\"noopener\"><i class=\"fa-brands fa-instagram\"><\/i> Instagram<\/a>\n        <a href=\"https:\/\/www.linkedin.com\/company\/car4rent\/about\/\" target=\"_blank\" rel=\"noopener\"><i class=\"fa-brands fa-linkedin\"><\/i> LinkedIn<\/a>\n        <a href=\"https:\/\/www.youtube.com\/@car4rentcannes839\" target=\"_blank\" rel=\"noopener\"><i class=\"fa-brands fa-youtube\"><\/i> YouTube<\/a>\n    <\/div>\n    <\/p>\n<\/div>\n\t\t<\/div><\/div>\n\n","protected":false},"excerpt":{"rendered":"","protected":false},"author":3,"featured_media":29809,"parent":0,"menu_order":2410,"comment_status":"closed","ping_status":"closed","template":"","meta":{"_acf_changed":false,"footnotes":""},"class_list":["post-30498","page","type-page","status-publish","has-post-thumbnail","hentry"],"acf":[],"_links":{"self":[{"href":"https:\/\/car4rent.fr\/fr\/wp-json\/wp\/v2\/pages\/30498","targetHints":{"allow":["GET"]}}],"collection":[{"href":"https:\/\/car4rent.fr\/fr\/wp-json\/wp\/v2\/pages"}],"about":[{"href":"https:\/\/car4rent.fr\/fr\/wp-json\/wp\/v2\/types\/page"}],"author":[{"embeddable":true,"href":"https:\/\/car4rent.fr\/fr\/wp-json\/wp\/v2\/users\/3"}],"replies":[{"embeddable":true,"href":"https:\/\/car4rent.fr\/fr\/wp-json\/wp\/v2\/comments?post=30498"}],"version-history":[{"count":0,"href":"https:\/\/car4rent.fr\/fr\/wp-json\/wp\/v2\/pages\/30498\/revisions"}],"wp:featuredmedia":[{"embeddable":true,"href":"https:\/\/car4rent.fr\/fr\/wp-json\/wp\/v2\/media\/29809"}],"wp:attachment":[{"href":"https:\/\/car4rent.fr\/fr\/wp-json\/wp\/v2\/media?parent=30498"}],"curies":[{"name":"wp","href":"https:\/\/api.w.org\/{rel}","templated":true}]}}