{"id":30495,"date":"2023-11-10T16:56:12","date_gmt":"2023-11-10T15:56:12","guid":{"rendered":"https:\/\/car4rent.fr\/louer-une-voiture-de-sport-a-marseille\/"},"modified":"2024-04-24T23:18:31","modified_gmt":"2024-04-24T21:18:31","slug":"location-de-voiture-de-sport-a-marseille","status":"publish","type":"page","link":"https:\/\/car4rent.fr\/fr\/location-de-voiture-de-sport-a-marseille\/","title":{"rendered":"Location de voiture de sport \u00e0 Marseille"},"content":{"rendered":"\n<style type=\"text\/css\" data-created_by=\"avia_inline_auto\" id=\"style-css-av-k9iq87co-8cd58738b7a4b162800d8cbf1e36fe28\">\n.avia-section.av-k9iq87co-8cd58738b7a4b162800d8cbf1e36fe28{\nbackground-repeat:no-repeat;\nbackground-image:url(https:\/\/car4rent.fr\/wp-content\/uploads\/about-Car4rent-2-1-scaled.jpg);\nbackground-position:50% 50%;\nbackground-attachment:scroll;\n}\n<\/style>\n<div id='header-section'  class='avia-section av-k9iq87co-8cd58738b7a4b162800d8cbf1e36fe28 main_color avia-section-huge avia-no-border-styling  avia-builder-el-0  el_before_av_one_full  avia-builder-el-first  avia-full-stretch avia-bg-style-scroll av-minimum-height av-minimum-height-custom av-height-custom  container_wrap fullsize'  data-section-bg-repeat='stretch' data-av_minimum_height_px='450'><div class='container av-section-cont-open' style='height:450px'><main  class='template-page content  av-content-full alpha units'><div class='post-entry post-entry-type-page post-entry-30495'><div class='entry-content-wrapper clearfix'>\n<div  class='flex_column av-lwcf7x-07e4359bf3e12c9787e2dce3cc74f8d4 av_one_full  avia-builder-el-1  avia-builder-el-no-sibling  first flex_column_div  '     ><style type=\"text\/css\" data-created_by=\"avia_inline_auto\" id=\"style-css-av-lg40iodr-a72edd838f61d65554aff7713788ef88\">\n#top .av-special-heading.av-lg40iodr-a72edd838f61d65554aff7713788ef88{\npadding-bottom:10px;\n}\nbody .av-special-heading.av-lg40iodr-a72edd838f61d65554aff7713788ef88 .av-special-heading-tag .heading-char{\nfont-size:25px;\n}\n.av-special-heading.av-lg40iodr-a72edd838f61d65554aff7713788ef88 .av-subheading{\nfont-size:15px;\n}\n<\/style>\n<div  class='av-special-heading av-lg40iodr-a72edd838f61d65554aff7713788ef88 av-special-heading-h3  avia-builder-el-2  avia-builder-el-no-sibling '><h3 class='av-special-heading-tag '  >Location de voiture de sport \u00e0 Marseille<\/h3><div class=\"special-heading-border\"><div class=\"special-heading-inner-border\"><\/div><\/div><\/div><\/div>\n<\/div><\/div><\/main><!-- close content main element --><\/div><\/div><div id='after_section_1'  class='main_color av_default_container_wrap container_wrap fullsize'  ><div class='container av-section-cont-open' ><div class='template-page content  av-content-full alpha units'><div class='post-entry post-entry-type-page post-entry-30495'><div class='entry-content-wrapper clearfix'>\n\n<style type=\"text\/css\" data-created_by=\"avia_inline_auto\" id=\"style-css-av-k9of881m-8b75821c00ec2c33f438de9a772a6e49\">\n.flex_column.av-k9of881m-8b75821c00ec2c33f438de9a772a6e49{\nborder-radius:0px 0px 0px 0px;\npadding:0px 0px 0px 0px;\nbackground-color:#ffffff;\n}\n<\/style>\n<div  class='flex_column av-k9of881m-8b75821c00ec2c33f438de9a772a6e49 av_one_full  avia-builder-el-3  el_after_av_section  el_before_av_hr  avia-builder-el-first  first flex_column_div av-zero-column-padding  '     ><section  class='av_textblock_section av-k9iq5tou-fd78dca57654a395cb569156408b77a5 '  ><div class='avia_textblock' ><h2><strong>Location de<\/strong> voiture<strong> de sport \u00e0 Marseille<\/strong><\/h2>\n<p>La location devoiture de sport <a href=\"https:\/\/www.getyourguide.fr\/-l292\/-tc1\/?cmp=ga&amp;cq_src=google_ads&amp;cq_cmp=6755826615&amp;cq_con=76932173662&amp;cq_term=visite%20guide%20marseille&amp;cq_med=&amp;cq_plac=&amp;cq_net=g&amp;cq_pos=&amp;cq_plt=gp&amp;campaign_id=6755826615&amp;adgroup_id=76932173662&amp;target_id=aud-607387271753%3Akwd-440250217167&amp;loc_physical_ms=9054955&amp;match_type=b&amp;ad_id=389805090474&amp;keyword=visite%20guide%20marseille&amp;ad_position=&amp;feed_item_id=&amp;placement=&amp;device=c&amp;partner_id=CD951&amp;gclid=CjwKCAjwyeujBhA5EiwA5WD7_QEo9LT_vS-2vcB8c1jYEkQKQun2rWWeSiMOleVGbjpdEo8tSarK_xoCT_AQAvD_BwE\" target=\"_blank\" rel=\"noopener\"><span style=\"color: #0000ff\"><strong>Marseille<\/strong><\/span><\/a> est votre porte d&rsquo;entr\u00e9e id\u00e9ale pour d\u00e9couvrir la <a href=\"https:\/\/generationvoyage.fr\/visiter-cote-azur-faire-voir\/\" target=\"_blank\" rel=\"noopener\"><span style=\"color: #0000ff\"><strong>C\u00f4te d&rsquo;Azur<\/strong><\/span><\/a>. Faites l&rsquo;exp\u00e9rience de la conduite d&rsquo;une voiture de sport et partez \u00e0 l&rsquo;exploration d&rsquo;une des villes les plus exotiques de France.<\/p>\n<p>La qualit\u00e9 de l&rsquo;ing\u00e9nierie, les dispositifs de s\u00e9curit\u00e9 avanc\u00e9s et la finition luxueuse rendent une voiture de sport tellement impressionnante. Motoris\u00e9e d&rsquo;un moteur haute performance, la location d&rsquo;une supercar vous permettra de vivre un voyage inoubliable.<\/p>\n<h4>Location de voiture \u00e0 Marseille Porsche, \u00e0 Marseille Mercedes<\/h4>\n<p>Beaucoup d&rsquo;entre nous connaissent la ville de Marseille, qui est si souvent d\u00e9cri\u00e9e. La premi\u00e8re chose qui vient \u00e0 l&rsquo;esprit est le roman mondialement connu sous le nom de \u00ab\u00a0Le Comte de Monte-Cristo\u00a0\u00bb, \u00e9crit par Alexandre Dumas, qui s&rsquo;inspire du cadre carc\u00e9ral <span style=\"color: #0000ff\"><strong>Ch\u00e2teau d&rsquo;If.<br \/>\n<\/strong><\/span><\/p>\n<p>Cette forteresse du XVIe si\u00e8cle, command\u00e9e par le roi Fran\u00e7ois Ier, est situ\u00e9e sur la plus petite \u00eele de la Mer M\u00e9diterran\u00e9ee. Le <span style=\"color: #0000ff\"><strong>Frioul <\/strong><\/span>est \u00e0 moins d&rsquo;un kilom\u00e8tre de Marseille.<\/p>\n<h3>La location de voiture de sport \u00e0 Marseille<\/h3>\n<p>Au volant de votre voiture voiture pr\u00e9f\u00e9r\u00e9e, vous avez de nombreux sites \u00e0 visiter \u00a0\u00e0 Marseille. Explorez les routes c\u00f4ti\u00e8res sinueuses de la r\u00e9gion. Vous y verrez des panoramas \u00e0 couper le souffle. Rendez-vous \u00e0 Cassis, un charmant petit port de p\u00eache situ\u00e9 \u00e0 proximit\u00e9. Sur le chemin du retour, vous pourrez vous rendre \u00e0 La Ciotat et \u00e0 <span style=\"color: #0000ff\"><strong>Sanary-Sur-Mer <\/strong><\/span>en gravissant la c\u00e9l\u00e8bre route des Cr\u00eates. Ses panoramas pittoresques vous laisseront sans voix. Faites un stop pour admirez le payasage unique au bord des falaises surplombant la M\u00e9diterrann\u00e9e. Il ya de nombreux endroits ou vous pourrez vous arr\u00eater et profiter d&rsquo;un coucher de soleil avec une vue \u00e0 copuer le souffle.<\/p>\n<p>Vous pourrez r\u00e9cup\u00e9rer, si vous en \u00e9mettez le souhait, votre location de voiture de sport \u00e0 Marseille d\u00e8s votre arriv\u00e9e \u00e0 l&rsquo;a\u00e9roport international de Marseille-Provence. Quelques heures plus tard, vous vous retrouverez au c\u0153ur du faste et du glamour de <span style=\"color: #0000ff\"><strong>Monaco <\/strong><\/span>ou de <span style=\"color: #0000ff\"><strong>Cannes<\/strong><\/span>. Quelle que soit votre destination, profitez de la qualit\u00e9, du style et du confort luxueux de votre location de voiture de sport \u00e0 Marseille.<\/p>\n<p>Avec Car4rent, vous avez acc\u00e8s \u00e0 des mod\u00e8les rares, vous offrant une occasion unique de conduire les derniers mod\u00e8les des v\u00e9hicules les plus sportifs et les plus luxueux des marques les plus prestigieuses, Ferrari, Lamborghini, Porsche, Land Rover, Mercedes AMG, Bentley, Rolls-Royce et autres <a class=\"wpil_keyword_link\" href=\"https:\/\/car4rent.fr\/fr\/categorie-produit\/marques-de-voitures\/audi\/\" title=\"Locations de voitures de luxe Audi\" data-wpil-keyword-link=\"linked\" data-wpil-monitor-id=\"122831\">Audi<\/a> et BMW.<\/p>\n<p>Vous \u00eates \u00e0 la recherche d&rsquo;une location de voiture luxe \u00e0 Marseille, n&rsquo;h\u00e9sitez pas \u00e0 prendre <span style=\"color: #0000ff\"><strong><a style=\"color: #0000ff\" href=\"https:\/\/car4rent.fr\/fr\/contact\/\" target=\"_blank\" rel=\"noopener\">contact<\/a> <\/strong><\/span>avec notre \u00e9quipe pour toute information ou demande particuli\u00e8re.<\/p>\n<\/div><\/section><\/div><div  class='hr av-r408yh-5fc29ed8e5abe90cc5953910efd3a584 hr-default  avia-builder-el-5  el_after_av_one_full  el_before_av_one_fourth '><span class='hr-inner '><span class=\"hr-inner-style\"><\/span><\/span><\/div><\/p>\n\n<style type=\"text\/css\" data-created_by=\"avia_inline_auto\" id=\"style-css-av-9j4h5a1-6e828a1197b9444f95d3c7ec7fb82938\">\n.flex_column.av-9j4h5a1-6e828a1197b9444f95d3c7ec7fb82938{\nborder-radius:0px 0px 0px 0px;\npadding:0px 0px 0px 0px;\n}\n<\/style>\n<div  class='flex_column av-9j4h5a1-6e828a1197b9444f95d3c7ec7fb82938 av_one_fourth  avia-builder-el-6  el_after_av_hr  el_before_av_one_fourth  first flex_column_div av-zero-column-padding  '     ><section  class='av_textblock_section av-8wzml89-2b80783706aabf533d7977da87f21ef0 '  ><div class='avia_textblock' ><h5>Location de voiture sport \u00e0 Marseille<\/h5>\n<hr \/>\n<p>Nous proposons \u00e0 la location des voitures de luxe et de sport, mais \u00e9galement une large gamme de SUV et de cabriolets. D\u00e9couvrez nos voitures de r\u00eave.<\/p>\n<p>Prix \u00e0 partir de 260\u20ac \/ jour.<\/p>\n<\/div><\/section><\/div>\n\n<style type=\"text\/css\" data-created_by=\"avia_inline_auto\" id=\"style-css-av-8cxm7x5-0dfd1be948133d5958731c1141e89316\">\n.flex_column.av-8cxm7x5-0dfd1be948133d5958731c1141e89316{\nborder-radius:0px 0px 0px 0px;\npadding:0px 0px 0px 0px;\n}\n<\/style>\n<div  class='flex_column av-8cxm7x5-0dfd1be948133d5958731c1141e89316 av_one_fourth  avia-builder-el-8  el_after_av_one_fourth  el_before_av_one_fourth  flex_column_div av-zero-column-padding  '     ><section  class='av_textblock_section av-sl1yyh-58401a45bbfca01485bb12f5ae7e0e5f '  ><div class='avia_textblock' ><h5>Agences \u00e0 l\u2019a\u00e9roport de Nice, Cannes, Monaco et Saint-Tropez<\/h5>\n<hr \/>\n<p>Nous livrons votre voiture o\u00f9 vous le souhaitez, \u00e0 votre arriv\u00e9e \u00e0 l&rsquo;a\u00e9roport de Nice, votre h\u00f4tel, votre lieu de vill\u00e9giature ou sur demande n&rsquo;importe o\u00f9 en France.<\/p>\n<\/div><\/section><\/div>\n\n<style type=\"text\/css\" data-created_by=\"avia_inline_auto\" id=\"style-css-av-7t2xhcp-04a64ffc63980df57546af05384a54fd\">\n.flex_column.av-7t2xhcp-04a64ffc63980df57546af05384a54fd{\nborder-radius:0px 0px 0px 0px;\npadding:0px 0px 0px 0px;\n}\n<\/style>\n<div  class='flex_column av-7t2xhcp-04a64ffc63980df57546af05384a54fd av_one_fourth  avia-builder-el-10  el_after_av_one_fourth  el_before_av_one_fourth  flex_column_div av-zero-column-padding  '     ><section  class='av_textblock_section av-77ozpuh-8dd1b37f5ec2cac52732881fc5014607 '  ><div class='avia_textblock' ><h5>Test Drive &#8211; Faites de votre r\u00eave une r\u00e9alit\u00e9<\/h5>\n<hr \/>\n<p>Offrez-vous une exp\u00e9rience de conduite unique au volant d&rsquo;une supercar. Prenez le volant d&rsquo;une Lamborghini, d&rsquo;une Ferrari ou d&rsquo;une Porsche sans vous ruiner. Pour des raisons de s\u00e9curit\u00e9, vous roulerez accompagn\u00e9. \u00c0 partir de 195\u20ac pp.<\/p>\n<h2><i>\u00a0<\/i><\/h2>\n<\/div><\/section><\/div>\n\n<style type=\"text\/css\" data-created_by=\"avia_inline_auto\" id=\"style-css-av-6mik0k9-58ba2370392ede1c671764d02dbf6948\">\n.flex_column.av-6mik0k9-58ba2370392ede1c671764d02dbf6948{\nborder-radius:0px 0px 0px 0px;\npadding:0px 0px 0px 0px;\n}\n<\/style>\n<div  class='flex_column av-6mik0k9-58ba2370392ede1c671764d02dbf6948 av_one_fourth  avia-builder-el-12  el_after_av_one_fourth  el_before_av_section  avia-builder-el-last  flex_column_div av-zero-column-padding  '     ><section  class='av_textblock_section av-64i2ogp-66548aea0352cdde9b58db15362b0175 '  ><div class='avia_textblock' ><h5>Un service sur mesure<\/h5>\n<hr \/>\n<p>Une \u00e9quipe d\u00e9vou\u00e9e et attentive se tient \u00e0 votre disposition pour vous fournir toute information ou r\u00e9pondre \u00e0 vos demandes.<\/p>\n<\/div><\/section><\/div>\n<\/div><\/div><\/div><!-- close content main div --><\/div><\/div>\n<style type=\"text\/css\" data-created_by=\"avia_inline_auto\" id=\"style-css-av-43kcsd5-d3ef79113910887a7bfd29c8c2ab4614\">\n.avia-section.av-43kcsd5-d3ef79113910887a7bfd29c8c2ab4614{\nbackground-color:#f3f3f3;\nbackground-image:unset;\n}\n<\/style>\n<div id='sectioncustom'  class='avia-section av-43kcsd5-d3ef79113910887a7bfd29c8c2ab4614 main_color avia-section-default avia-no-border-styling  avia-builder-el-14  el_after_av_one_fourth  el_before_av_google_map  avia-bg-style-scroll container_wrap fullsize'  ><div class='container av-section-cont-open' ><div class='template-page content  av-content-full alpha units'><div class='post-entry post-entry-type-page post-entry-30495'><div class='entry-content-wrapper clearfix'>\n\n<style type=\"text\/css\" data-created_by=\"avia_inline_auto\" id=\"style-css-av-3jspczd-5d360b365e31b4df3a3163b46df38c39\">\n#top .av-special-heading.av-3jspczd-5d360b365e31b4df3a3163b46df38c39{\npadding-bottom:0;\n}\nbody .av-special-heading.av-3jspczd-5d360b365e31b4df3a3163b46df38c39 .av-special-heading-tag .heading-char{\nfont-size:25px;\n}\n.av-special-heading.av-3jspczd-5d360b365e31b4df3a3163b46df38c39 .av-subheading{\nfont-size:15px;\n}\n<\/style>\n<div  class='av-special-heading av-3jspczd-5d360b365e31b4df3a3163b46df38c39 av-special-heading-h3 blockquote modern-quote modern-centered  avia-builder-el-15  avia-builder-el-no-sibling '><h3 class='av-special-heading-tag '  >Notre agence de location de voitures <\/h3><div class=\"special-heading-border\"><div class=\"special-heading-inner-border\"><\/div><\/div><\/div>\n\n<div  class='av_gmaps_sc_main_wrap av_gmaps_main_wrap '><div id='av_gmap_0' class='avia-google-map-container avia-google-map-sc av_gmaps_show_unconditionally av-no-fallback-img ' data-mapid='av_gmap_0'  style='height: 400px;'><a class=\"av_gmaps_browser_disabled av_text_confirm_link av_text_confirm_link_visible\" href=\"https:\/\/www.google.com\/maps\/search\/?api=1&#038;query=Quai%20Max%20Laubeuf%2006400%20%20%20Cannes%20%20France\" target=\"_blank\" rel=\"noopener\">Les cartes ont \u00e9t\u00e9 d\u00e9sactiv\u00e9es par le visiteur sur ce site. Cliquer pour ouvrir la carte dans une nouvelle fen\u00eatre.<\/a><\/div><\/div>\n\n<style type=\"text\/css\" data-created_by=\"avia_inline_auto\" id=\"style-css-av-2ddmnh5-bbd5dd00de2854828f851bcdfc153f73\">\n.avia-section.av-2ddmnh5-bbd5dd00de2854828f851bcdfc153f73{\nbackground-color:#6834bd;\nbackground-image:unset;\n}\n<\/style>\n<div id='av_section_3'  class='avia-section av-2ddmnh5-bbd5dd00de2854828f851bcdfc153f73 main_color avia-section-default avia-no-border-styling  avia-builder-el-17  el_after_av_google_map  el_before_av_section  avia-bg-style-scroll container_wrap fullsize'  ><div class='container av-section-cont-open' ><div class='template-page content  av-content-full alpha units'><div class='post-entry post-entry-type-page post-entry-30495'><div class='entry-content-wrapper clearfix'>\n\n<style type=\"text\/css\" data-created_by=\"avia_inline_auto\" id=\"style-css-av-28aqaft-ed63f8016db210abfed656ace2c39698\">\n#top .av-special-heading.av-28aqaft-ed63f8016db210abfed656ace2c39698{\npadding-bottom:10px;\ncolor:#ffffff;\nfont-size:30px;\n}\nbody .av-special-heading.av-28aqaft-ed63f8016db210abfed656ace2c39698 .av-special-heading-tag .heading-char{\nfont-size:25px;\n}\n#top #wrap_all .av-special-heading.av-28aqaft-ed63f8016db210abfed656ace2c39698 .av-special-heading-tag{\nfont-size:30px;\n}\n.av-special-heading.av-28aqaft-ed63f8016db210abfed656ace2c39698 .special-heading-inner-border{\nborder-color:#ffffff;\n}\n.av-special-heading.av-28aqaft-ed63f8016db210abfed656ace2c39698 .av-subheading{\nfont-size:15px;\n}\n\n@media only screen and (min-width: 480px) and (max-width: 767px){ \n#top #wrap_all .av-special-heading.av-28aqaft-ed63f8016db210abfed656ace2c39698 .av-special-heading-tag{\nfont-size:0.8em;\n}\n}\n\n@media only screen and (max-width: 479px){ \n#top #wrap_all .av-special-heading.av-28aqaft-ed63f8016db210abfed656ace2c39698 .av-special-heading-tag{\nfont-size:0.8em;\n}\n}\n<\/style>\n<div  class='av-special-heading av-28aqaft-ed63f8016db210abfed656ace2c39698 av-special-heading-h5 custom-color-heading blockquote modern-quote modern-centered  avia-builder-el-18  el_before_av_button  avia-builder-el-first  av-inherit-size'><h5 class='av-special-heading-tag '  >Profitez de l\u2019exp\u00e9rience de conduite ultime d\u2019une voiture de luxe \u00e0 Marseille<\/h5><div class=\"special-heading-border\"><div class=\"special-heading-inner-border\"><\/div><\/div><\/div>\n<div  class='avia-button-wrap av-1hycwxl-8817ba7b2960b6b95c98b72b12707988-wrap avia-button-center  avia-builder-el-19  el_after_av_heading  avia-builder-el-last '><a href=\"https:\/\/car4rent.fr\/fr\/contact\/\" class=\"avia-button av-1hycwxl-8817ba7b2960b6b95c98b72b12707988 av-link-btn avia-icon_select-yes-left-icon avia-size-large avia-position-center avia-color-grey\" aria-label=\"Contactez l\u2019un de nos experts !\"><span class='avia_button_icon avia_button_icon_left avia-iconfont avia-font-entypo-fontello' data-av_icon='\ue85d' data-av_iconfont='entypo-fontello' ><\/span><span class='avia_iconbox_title' >Contactez l\u2019un de nos experts !<\/span><\/a><\/div>\n\n<\/div><\/div><\/div><!-- close content main div --><\/div><\/div><div id='av_section_4'  class='avia-section av-15nxpfx-c56dce3a39326ca035088bfaf13858b1 main_color avia-section-default avia-no-border-styling  avia-builder-el-20  el_after_av_section  avia-builder-el-last  avia-bg-style-scroll container_wrap fullsize'  ><div class='container av-section-cont-open' ><div class='template-page content  av-content-full alpha units'><div class='post-entry post-entry-type-page post-entry-30495'><div class='entry-content-wrapper clearfix'>\n<div  class='avia-builder-widget-area clearfix  avia-builder-el-21  avia-builder-el-no-sibling '><div id=\"text-9\" class=\"widget clearfix widget_text\">\t\t\t<div class=\"textwidget\"><p style=\"text-align: center;\">    <div class=\"car4rent-share-block car4rent-fr\">\n        <a href=\"https:\/\/www.facebook.com\/sharer\/sharer.php?u=\" target=\"_blank\" rel=\"noopener\"><i class=\"fa-brands fa-facebook\"><\/i> Partager<\/a>\n        <a href=\"https:\/\/x.com\/intent\/tweet?url=&amp;text=\" target=\"_blank\" rel=\"noopener\"><i class=\"fa-brands fa-x-twitter\"><\/i> X<\/a>\n        <a href=\"https:\/\/wa.me\/?text=%20\" target=\"_blank\" rel=\"noopener\"><i class=\"fa-brands fa-whatsapp\"><\/i> WhatsApp<\/a>\n        <a href=\"https:\/\/www.instagram.com\/car4rent_cannes\/\" target=\"_blank\" rel=\"noopener\"><i class=\"fa-brands fa-instagram\"><\/i> Instagram<\/a>\n        <a href=\"https:\/\/www.linkedin.com\/company\/car4rent\/about\/\" target=\"_blank\" rel=\"noopener\"><i class=\"fa-brands fa-linkedin\"><\/i> LinkedIn<\/a>\n        <a href=\"https:\/\/www.youtube.com\/@car4rentcannes839\" target=\"_blank\" rel=\"noopener\"><i class=\"fa-brands fa-youtube\"><\/i> YouTube<\/a>\n    <\/div>\n    <\/p>\n<\/div>\n\t\t<\/div><\/div>\n\n","protected":false},"excerpt":{"rendered":"","protected":false},"author":3,"featured_media":30030,"parent":0,"menu_order":1870,"comment_status":"closed","ping_status":"closed","template":"","meta":{"_acf_changed":false,"footnotes":""},"class_list":["post-30495","page","type-page","status-publish","has-post-thumbnail","hentry"],"acf":[],"_links":{"self":[{"href":"https:\/\/car4rent.fr\/fr\/wp-json\/wp\/v2\/pages\/30495","targetHints":{"allow":["GET"]}}],"collection":[{"href":"https:\/\/car4rent.fr\/fr\/wp-json\/wp\/v2\/pages"}],"about":[{"href":"https:\/\/car4rent.fr\/fr\/wp-json\/wp\/v2\/types\/page"}],"author":[{"embeddable":true,"href":"https:\/\/car4rent.fr\/fr\/wp-json\/wp\/v2\/users\/3"}],"replies":[{"embeddable":true,"href":"https:\/\/car4rent.fr\/fr\/wp-json\/wp\/v2\/comments?post=30495"}],"version-history":[{"count":0,"href":"https:\/\/car4rent.fr\/fr\/wp-json\/wp\/v2\/pages\/30495\/revisions"}],"wp:featuredmedia":[{"embeddable":true,"href":"https:\/\/car4rent.fr\/fr\/wp-json\/wp\/v2\/media\/30030"}],"wp:attachment":[{"href":"https:\/\/car4rent.fr\/fr\/wp-json\/wp\/v2\/media?parent=30495"}],"curies":[{"name":"wp","href":"https:\/\/api.w.org\/{rel}","templated":true}]}}