{"id":30493,"date":"2023-11-10T16:56:12","date_gmt":"2023-11-10T15:56:12","guid":{"rendered":"https:\/\/car4rent.fr\/location-de-voiture-de-luxe-aix-en-provence\/"},"modified":"2025-05-28T21:43:07","modified_gmt":"2025-05-28T19:43:07","slug":"location-de-voiture-de-luxe-a-aix-en-provence","status":"publish","type":"page","link":"https:\/\/car4rent.fr\/fr\/location-de-voiture-de-luxe-a-aix-en-provence\/","title":{"rendered":"Location de voiture de luxe \u00e0 Aix-en-Provence"},"content":{"rendered":"\n<style type=\"text\/css\" data-created_by=\"avia_inline_auto\" id=\"style-css-av-k9iq87co-4e17d9e412993aa36de7532168a6b61a\">\n.avia-section.av-k9iq87co-4e17d9e412993aa36de7532168a6b61a{\nbackground-repeat:no-repeat;\nbackground-image:url(https:\/\/car4rent.fr\/wp-content\/uploads\/luxury-car-rental-Aix-en-Provence-Car4rent.jpg);\nbackground-position:50% 0%;\nbackground-attachment:scroll;\n}\n<\/style>\n<div id='header-section'  class='avia-section av-k9iq87co-4e17d9e412993aa36de7532168a6b61a main_color avia-section-huge avia-no-border-styling  avia-builder-el-0  el_before_av_one_full  avia-builder-el-first  avia-full-stretch avia-bg-style-scroll av-minimum-height av-minimum-height-custom av-height-custom  container_wrap fullsize'  data-section-bg-repeat='stretch' data-av_minimum_height_px='700'><div class='container av-section-cont-open' style='height:700px'><main  class='template-page content  av-content-full alpha units'><div class='post-entry post-entry-type-page post-entry-30493'><div class='entry-content-wrapper clearfix'>\n<div  class='flex_column av-tv97p9-311453514916c509062d869fed2e7d86 av_one_full  avia-builder-el-1  avia-builder-el-no-sibling  first flex_column_div  '     ><style type=\"text\/css\" data-created_by=\"avia_inline_auto\" id=\"style-css-av-lfkwckzg-a778b69aa5240a00febbc16b71621ca2\">\n#top .av-special-heading.av-lfkwckzg-a778b69aa5240a00febbc16b71621ca2{\npadding-bottom:10px;\n}\nbody .av-special-heading.av-lfkwckzg-a778b69aa5240a00febbc16b71621ca2 .av-special-heading-tag .heading-char{\nfont-size:25px;\n}\n.av-special-heading.av-lfkwckzg-a778b69aa5240a00febbc16b71621ca2 .av-subheading{\nfont-size:15px;\n}\n<\/style>\n<div  class='av-special-heading av-lfkwckzg-a778b69aa5240a00febbc16b71621ca2 av-special-heading-h3  avia-builder-el-2  avia-builder-el-no-sibling '><h3 class='av-special-heading-tag '  >Location de voiture de luxe \u00e0 Aix-en-Provence<\/h3><div class=\"special-heading-border\"><div class=\"special-heading-inner-border\"><\/div><\/div><\/div><\/div>\n<\/div><\/div><\/main><!-- close content main element --><\/div><\/div><div id='after_section_1'  class='main_color av_default_container_wrap container_wrap fullsize'  ><div class='container av-section-cont-open' ><div class='template-page content  av-content-full alpha units'><div class='post-entry post-entry-type-page post-entry-30493'><div class='entry-content-wrapper clearfix'>\n\n<style type=\"text\/css\" data-created_by=\"avia_inline_auto\" id=\"style-css-av-k9of881m-8b75821c00ec2c33f438de9a772a6e49\">\n.flex_column.av-k9of881m-8b75821c00ec2c33f438de9a772a6e49{\nborder-radius:0px 0px 0px 0px;\npadding:0px 0px 0px 0px;\nbackground-color:#ffffff;\n}\n<\/style>\n<div  class='flex_column av-k9of881m-8b75821c00ec2c33f438de9a772a6e49 av_one_full  avia-builder-el-3  el_after_av_section  el_before_av_hr  avia-builder-el-first  first flex_column_div av-zero-column-padding  '     ><section  class='av_textblock_section av-k9iq5tou-fd78dca57654a395cb569156408b77a5 '  ><div class='avia_textblock' ><h2><strong>LOCATION DE VOITURE DE LUXE A AIX-EN-PROVENCE<\/strong><\/h2>\n<p>La location de voiture de luxe \u00e0 <a href=\"https:\/\/www.aixenprovencetourism.com\/aix-en-provence\/choses-a-faire-a-aix-en-provence\/\" target=\"_blank\" rel=\"noopener\">Aix-en-Provence<\/a> avec Car4rent est la derni\u00e8re \u00e9tape dans l\u2019organisation de votre prochain s\u00e9jour au c\u0153ur de la Provence. La ville o\u00f9 est n\u00e9 C\u00e9zanne est entour\u00e9e des plus beaux champs de lavandes et de tournesols, oliveraies et bien s\u00fbr vignobles.<\/p>\n<p>Rien n\u2019est plus agr\u00e9able que la libert\u00e9 de visiter la r\u00e9gion tout en profitant de cette exp\u00e9rience de conduite unique lors d\u2019une location de voiture de luxe \u00e0 <strong>Aix-en-Provence<\/strong>. Vous remarquerez les paysages magnifiques d Aix \u2013 comme disent les locaux &#8211; et de sa r\u00e9gion qui font de la ville une des destinations les plus pris\u00e9es de France, que ce soit pour un voyage en famille ou un week-end romantique en amoureux. C\u2019est ici aussi que vous trouverez un climat agr\u00e9able, avec plus de 300 jours d\u2019ensoleillement par an.<\/p>\n<h2><strong>LOCATION DE VOITURE DE LUXE A AIX-EN-PROVENCE<\/strong><\/h2>\n<p>La location d\u2019une voiture de luxe \u00e0 Aix-en-Provence vous permet de partir \u00e0 la d\u00e9couverte de cette belle ville qui cumule en effet les qualit\u00e9s pour \u00eatre d\u00e9couverte au volant d\u2019une voiture d&rsquo;esception. Vous aimerez ses petites rues escarp\u00e9es menant aux nombreuses fontaines, dont celle du fameux Cours Mirabeau. Vous y trouverez de nombreux bars et restaurants, \u00e0 l\u2019ombre des platanes en admiratif de la beaut\u00e9 du lieu. L\u2019ancienne ville romaine et ses faubourgs vous offre un choix \u00e9norme de sites historiques et culturels que vous pourrez d\u00e9couvrir en parcourant les routes sinueuses de la r\u00e9gion.<\/p>\n<p>Tant la location d\u2019une voiture de luxe ou la location de voiture de sport \u00e0 Aix-en-Provence vous permettra de parcourir une des plus parties du sud de la France. Vous appr\u00e9cierez une visite \u00e0 Montpellier, Arles, ou S\u00e8te. Mais s\u2019il y a un village \u00e0 ne pas rater, c\u2019est celui des Saintes-Marie-de-la-Mer. Prenez le temps de vous y arr\u00eater. Connue par son embl\u00e9matique Flamand Rose, la Camargue est surtout reconnue pour ses chevaux blancs, vivant dans les marais salants du delta du Rh\u00f4ne. Issus de l\u2019\u00e9levage local, la race y est sp\u00e9cifique et est probablement la plus vieille connue au monde \u00e0 ce jour.<\/p>\n<h3><strong>LOCATION DE VOITURE DE LUXE A AIX-EN-PROVENCE<\/strong><\/h3>\n<p>C\u2019est le moment de r\u00e9server ! Faites votre choix parmi les mod\u00e8les les plus prestigieux Ferrari, Lamborghini, Porsche, Land Rover, Mercedes AMG, Bentley, Rolls-Royce et autres <a class=\"wpil_keyword_link\" href=\"https:\/\/car4rent.fr\/fr\/categorie-produit\/marques-de-voitures\/audi\/\" title=\"Locations de voitures de luxe Audi\" data-wpil-keyword-link=\"linked\" data-wpil-monitor-id=\"123096\">Audi<\/a> et BMW propos\u00e9s \u00e0 la location.<\/p>\n<p>Nous vous proposons les meilleurs prix du march\u00e9.<\/p>\n<p>N\u2019h\u00e9sitez pas \u00e0 prendre <a href=\"https:\/\/car4rent.fr\/fr\/contact\/\"><strong>contact<\/strong><\/a> avec nous pour toute information.<\/p>\n<\/div><\/section><\/div><div  class='hr av-r408yh-5fc29ed8e5abe90cc5953910efd3a584 hr-default  avia-builder-el-5  el_after_av_one_full  el_before_av_one_fourth '><span class='hr-inner '><span class=\"hr-inner-style\"><\/span><\/span><\/div><\/p>\n\n<style type=\"text\/css\" data-created_by=\"avia_inline_auto\" id=\"style-css-av-9j4h5a1-6e828a1197b9444f95d3c7ec7fb82938\">\n.flex_column.av-9j4h5a1-6e828a1197b9444f95d3c7ec7fb82938{\nborder-radius:0px 0px 0px 0px;\npadding:0px 0px 0px 0px;\n}\n<\/style>\n<div  class='flex_column av-9j4h5a1-6e828a1197b9444f95d3c7ec7fb82938 av_one_fourth  avia-builder-el-6  el_after_av_hr  el_before_av_one_fourth  first flex_column_div av-zero-column-padding  '     ><section  class='av_textblock_section av-8wzml89-2b80783706aabf533d7977da87f21ef0 '  ><div class='avia_textblock' ><h4>Aix en Provence combien co\u00fbte une location de voiture<\/h4>\n<hr \/>\n<p>Nous proposons \u00e0 la location des voitures de luxe et de sport, mais \u00e9galement une large gamme de SUV et de cabriolets. D\u00e9couvrez nos voitures de r\u00eave.<\/p>\n<p>Prix \u00e0 partir de 260\u20ac \/ jour.<\/p>\n<\/div><\/section><\/div>\n\n<style type=\"text\/css\" data-created_by=\"avia_inline_auto\" id=\"style-css-av-8cxm7x5-0dfd1be948133d5958731c1141e89316\">\n.flex_column.av-8cxm7x5-0dfd1be948133d5958731c1141e89316{\nborder-radius:0px 0px 0px 0px;\npadding:0px 0px 0px 0px;\n}\n<\/style>\n<div  class='flex_column av-8cxm7x5-0dfd1be948133d5958731c1141e89316 av_one_fourth  avia-builder-el-8  el_after_av_one_fourth  el_before_av_one_fourth  flex_column_div av-zero-column-padding  '     ><section  class='av_textblock_section av-sl1yyh-58401a45bbfca01485bb12f5ae7e0e5f '  ><div class='avia_textblock' ><h4>Agences \u00e0 l\u2019a\u00e9roport de Nice, Cannes, Monaco et Saint-Tropez<\/h4>\n<hr \/>\n<p>Nous proposons \u00e0 la location des voitures de sport et de luxe, mais \u00e9galement une large gamme de SUV et de cabriolets. D\u00e9couvrez nos voitures de r\u00eave.<\/p>\n<\/div><\/section><\/div>\n\n<style type=\"text\/css\" data-created_by=\"avia_inline_auto\" id=\"style-css-av-7t2xhcp-04a64ffc63980df57546af05384a54fd\">\n.flex_column.av-7t2xhcp-04a64ffc63980df57546af05384a54fd{\nborder-radius:0px 0px 0px 0px;\npadding:0px 0px 0px 0px;\n}\n<\/style>\n<div  class='flex_column av-7t2xhcp-04a64ffc63980df57546af05384a54fd av_one_fourth  avia-builder-el-10  el_after_av_one_fourth  el_before_av_one_fourth  flex_column_div av-zero-column-padding  '     ><section  class='av_textblock_section av-77ozpuh-8dd1b37f5ec2cac52732881fc5014607 '  ><div class='avia_textblock' ><h3>Test Drive &#8211; Faites de votre r\u00eave une r\u00e9alit\u00e9<\/h3>\n<hr \/>\n<p>Offrez-vous une exp\u00e9rience de conduite unique au volant d&rsquo;une supercar. Prenez le volant d&rsquo;une Lamborghini, d&rsquo;une Ferrari ou d&rsquo;une Porsche sans vous ruiner. Pour des raisons de s\u00e9curit\u00e9, vous roulerez accompagn\u00e9. \u00c0 partir de 195\u20ac pp.<\/p>\n<h2><i>\u00a0<\/i><\/h2>\n<\/div><\/section><\/div>\n<style type=\"text\/css\" data-created_by=\"avia_inline_auto\" id=\"style-css-av-6mik0k9-58ba2370392ede1c671764d02dbf6948\">\n.flex_column.av-6mik0k9-58ba2370392ede1c671764d02dbf6948{\nborder-radius:0px 0px 0px 0px;\npadding:0px 0px 0px 0px;\n}\n<\/style>\n<div  class='flex_column av-6mik0k9-58ba2370392ede1c671764d02dbf6948 av_one_fourth  avia-builder-el-12  el_after_av_one_fourth  el_before_av_section  avia-builder-el-last  flex_column_div av-zero-column-padding  '     ><section  class='av_textblock_section av-64i2ogp-66548aea0352cdde9b58db15362b0175 '  ><div class='avia_textblock' ><h4>Un service sur mesure<\/h4>\n<hr \/>\n<p>Une \u00e9quipe d\u00e9vou\u00e9e et attentive se tient \u00e0 votre disposition pour vous fournir toute information ou r\u00e9pondre \u00e0 vos demandes. Votre voiture peut \u00eatre livr\u00e9e sur demande direment \u00e0 votre arriv\u00e9e \u00e0 l&rsquo;a\u00e9roport de Nice, sur votre lieu de vill\u00e9giature, \u00e0 votre hotel ou n&rsquo;importe o\u00f9 en France \u00e0 la destination de votre choix.<\/p>\n<\/div><\/section><\/div><\/p>\n<\/div><\/div><\/div><!-- close content main div --><\/div><\/div>\n<style type=\"text\/css\" data-created_by=\"avia_inline_auto\" id=\"style-css-av-2ddmnh5-bbd5dd00de2854828f851bcdfc153f73\">\n.avia-section.av-2ddmnh5-bbd5dd00de2854828f851bcdfc153f73{\nbackground-color:#6834bd;\nbackground-image:unset;\n}\n<\/style>\n<div id='av_section_2'  class='avia-section av-2ddmnh5-bbd5dd00de2854828f851bcdfc153f73 main_color avia-section-default avia-no-border-styling  avia-builder-el-14  el_after_av_one_fourth  el_before_av_section  avia-bg-style-scroll container_wrap fullsize'  ><div class='container av-section-cont-open' ><div class='template-page content  av-content-full alpha units'><div class='post-entry post-entry-type-page post-entry-30493'><div class='entry-content-wrapper clearfix'>\n\n<style type=\"text\/css\" data-created_by=\"avia_inline_auto\" id=\"style-css-av-28aqaft-a9174163282936c92d4bad9a05196322\">\n#top .av-special-heading.av-28aqaft-a9174163282936c92d4bad9a05196322{\npadding-bottom:10px;\ncolor:#ffffff;\nfont-size:30px;\n}\nbody .av-special-heading.av-28aqaft-a9174163282936c92d4bad9a05196322 .av-special-heading-tag .heading-char{\nfont-size:25px;\n}\n#top #wrap_all .av-special-heading.av-28aqaft-a9174163282936c92d4bad9a05196322 .av-special-heading-tag{\nfont-size:30px;\n}\n.av-special-heading.av-28aqaft-a9174163282936c92d4bad9a05196322 .special-heading-inner-border{\nborder-color:#ffffff;\n}\n.av-special-heading.av-28aqaft-a9174163282936c92d4bad9a05196322 .av-subheading{\nfont-size:15px;\n}\n\n@media only screen and (min-width: 480px) and (max-width: 767px){ \n#top #wrap_all .av-special-heading.av-28aqaft-a9174163282936c92d4bad9a05196322 .av-special-heading-tag{\nfont-size:0.8em;\n}\n}\n\n@media only screen and (max-width: 479px){ \n#top #wrap_all .av-special-heading.av-28aqaft-a9174163282936c92d4bad9a05196322 .av-special-heading-tag{\nfont-size:0.8em;\n}\n}\n<\/style>\n<div  class='av-special-heading av-28aqaft-a9174163282936c92d4bad9a05196322 av-special-heading-h3 custom-color-heading blockquote modern-quote modern-centered  avia-builder-el-15  avia-builder-el-no-sibling  av-inherit-size'><h3 class='av-special-heading-tag '  >Offrez-vous l\u2019exp\u00e9rience ultime de location de voiture de luxe \u00e0 Aix en Provence !<\/h3><div class=\"special-heading-border\"><div class=\"special-heading-inner-border\"><\/div><\/div><\/div>\n\n<\/div><\/div><\/div><!-- close content main div --><\/div><\/div><div id='av_section_3'  class='avia-section av-104fcot-e4e60bfa4cf923d751438ccdac3f0e06 main_color avia-section-default avia-no-border-styling  avia-builder-el-16  el_after_av_section  avia-builder-el-last  avia-bg-style-scroll container_wrap fullsize'  ><div class='container av-section-cont-open' ><div class='template-page content  av-content-full alpha units'><div class='post-entry post-entry-type-page post-entry-30493'><div class='entry-content-wrapper clearfix'>\n<div  class='avia-builder-widget-area clearfix  avia-builder-el-17  avia-builder-el-no-sibling '><div id=\"text-9\" class=\"widget clearfix widget_text\">\t\t\t<div class=\"textwidget\"><p style=\"text-align: center;\">    <div class=\"car4rent-share-block car4rent-fr\">\n        <a href=\"https:\/\/www.facebook.com\/sharer\/sharer.php?u=\" target=\"_blank\" rel=\"noopener\"><i class=\"fa-brands fa-facebook\"><\/i> Partager<\/a>\n        <a href=\"https:\/\/x.com\/intent\/tweet?url=&amp;text=\" target=\"_blank\" rel=\"noopener\"><i class=\"fa-brands fa-x-twitter\"><\/i> X<\/a>\n        <a href=\"https:\/\/wa.me\/?text=%20\" target=\"_blank\" rel=\"noopener\"><i class=\"fa-brands fa-whatsapp\"><\/i> WhatsApp<\/a>\n        <a href=\"https:\/\/www.instagram.com\/car4rent_cannes\/\" target=\"_blank\" rel=\"noopener\"><i class=\"fa-brands fa-instagram\"><\/i> Instagram<\/a>\n        <a href=\"https:\/\/www.linkedin.com\/company\/car4rent\/about\/\" target=\"_blank\" rel=\"noopener\"><i class=\"fa-brands fa-linkedin\"><\/i> LinkedIn<\/a>\n        <a href=\"https:\/\/www.youtube.com\/@car4rentcannes839\" target=\"_blank\" rel=\"noopener\"><i class=\"fa-brands fa-youtube\"><\/i> YouTube<\/a>\n    <\/div>\n    <\/p>\n<\/div>\n\t\t<\/div><\/div>\n\n","protected":false},"excerpt":{"rendered":"","protected":false},"author":3,"featured_media":29819,"parent":0,"menu_order":1805,"comment_status":"closed","ping_status":"closed","template":"","meta":{"_acf_changed":false,"footnotes":""},"class_list":["post-30493","page","type-page","status-publish","has-post-thumbnail","hentry"],"acf":[],"_links":{"self":[{"href":"https:\/\/car4rent.fr\/fr\/wp-json\/wp\/v2\/pages\/30493","targetHints":{"allow":["GET"]}}],"collection":[{"href":"https:\/\/car4rent.fr\/fr\/wp-json\/wp\/v2\/pages"}],"about":[{"href":"https:\/\/car4rent.fr\/fr\/wp-json\/wp\/v2\/types\/page"}],"author":[{"embeddable":true,"href":"https:\/\/car4rent.fr\/fr\/wp-json\/wp\/v2\/users\/3"}],"replies":[{"embeddable":true,"href":"https:\/\/car4rent.fr\/fr\/wp-json\/wp\/v2\/comments?post=30493"}],"version-history":[{"count":0,"href":"https:\/\/car4rent.fr\/fr\/wp-json\/wp\/v2\/pages\/30493\/revisions"}],"wp:featuredmedia":[{"embeddable":true,"href":"https:\/\/car4rent.fr\/fr\/wp-json\/wp\/v2\/media\/29819"}],"wp:attachment":[{"href":"https:\/\/car4rent.fr\/fr\/wp-json\/wp\/v2\/media?parent=30493"}],"curies":[{"name":"wp","href":"https:\/\/api.w.org\/{rel}","templated":true}]}}