{"id":30461,"date":"2023-11-10T16:56:12","date_gmt":"2023-11-10T15:56:12","guid":{"rendered":"https:\/\/car4rent.fr\/location-de-voiture-de-luxe-a-cap-dail\/"},"modified":"2024-06-01T17:03:57","modified_gmt":"2024-06-01T15:03:57","slug":"location-de-voiture-de-luxe-a-cap-dail","status":"publish","type":"page","link":"https:\/\/car4rent.fr\/fr\/location-de-voiture-de-luxe-a-cap-dail\/","title":{"rendered":"Location de voiture de luxe \u00e0 Cap-d&rsquo;Ail"},"content":{"rendered":"<div id='av_section_1'  class='avia-section av-lltptgws-e5452110cb26ea8cc813aae42f816f2d main_color avia-section-default avia-no-border-styling  avia-builder-el-0  el_before_av_hr  avia-builder-el-first  avia-bg-style-scroll av-minimum-height av-minimum-height-custom av-height-custom  container_wrap fullsize'   data-av_minimum_height_px='450'><div class='container av-section-cont-open' style='height:450px'><main  class='template-page content  av-content-full alpha units'><div class='post-entry post-entry-type-page post-entry-30461'><div class='entry-content-wrapper clearfix'>\n\n<style type=\"text\/css\" data-created_by=\"avia_inline_auto\" id=\"style-css-av-703por6-7fd814c5352cfd4aeaef0efb9e948d6a\">\n.flex_column.av-703por6-7fd814c5352cfd4aeaef0efb9e948d6a{\nborder-radius:0px 0px 0px 0px;\npadding:0px 0px 0px 0px;\n}\n<\/style>\n<div  class='flex_column av-703por6-7fd814c5352cfd4aeaef0efb9e948d6a av_three_fifth  avia-builder-el-1  el_before_av_two_fifth  avia-builder-el-first  first flex_column_div av-zero-column-padding  '     ><section  class='av_textblock_section av-js5tay2s-df2a5f1ea0d8328874e586c52c511781 '  ><div class='avia_textblock' ><div class=\"csc-header csc-header-n1\">\n<h1><strong>Location de voiture de luxe \u00e0 Cap-d\u2019Ail<\/strong><\/h1>\n<p>Pensez \u00e0 Car4rent pour la location de voiture de luxe \u00e0 <a href=\"https:\/\/www.fr.francethisway.com\/a\/cap-d-ail-alpes-maritimes.php\" target=\"_blank\" rel=\"noopener\">Cap-d\u2019Ail<\/a> lors de votre prochain s\u00e9jour sur la <strong>C\u00f4te d\u2019Azur<\/strong> et partez au volant d&rsquo;une voiture d&rsquo;exception.<\/p>\n<p>Car4rent vous offre une large vari\u00e9t\u00e9 de voitures de prestige des marques Ferrari, Lamborghini, Porsche, Land Rover, Mercedes AMG, Bentley, Rolls-Royce, et autres Audi et BMW. Elles vous sont propos\u00e9es \u00e0 la location au prix le plus bas du march\u00e9.<\/p>\n<p>Le Cap d\u2019Ail est un petit cap du littoral de la C\u00f4te d\u2019Azur. Il s\u2019\u00e9tend le long de la c\u00f4te m\u00e9diterran\u00e9enne, \u00e0 l\u2019ouest, de l\u2019autre c\u00f4t\u00e9 du Rocher, et est beaucoup plus calme que sa voisine Mon\u00e9gasque, la <strong>Principaut\u00e9 de Monaco<\/strong>. En y arrivant, vous aurez une vue plongeante sur le bord de mer jusqu\u2019\u00e0 la T\u00eate de chien. Du Belv\u00e9d\u00e8re, vous aurez une vue spectaculaire sur la <strong>Riviera italienne<\/strong> d\u2019un c\u00f4t\u00e9, et sur la C\u00f4te d\u2019Azur de l\u2019autre. Un spectacle \u00e0 couper le souffle. location d\u2019une voiture de luxe \u00e0 Cap-d\u2019Ail vous fera profiter des panoramas enchanteurs de la R\u00e9gion suffit d\u00e9j\u00e0 \u00e0 r\u00e9ussir en partie vos vacances.<\/p>\n<h2><strong>Location de voiture de luxe \u00e0 Cap-d&rsquo;Ail : d\u00e9couvrez ses plages escarp\u00e9es<\/strong><\/h2>\n<p>Station thermale depuis 1921, <strong>Cap d\u2019Ail<\/strong> vous invite \u00e0 la d\u00e9tente sur l\u2019une de ses plages, qui ont obtenu le label \u00ab\u00a0Drapeau Bleu\u00a0\u00bb pour la qualit\u00e9 de leur eau de mer.<\/p>\n<p>La <strong>Plage Marquet<\/strong> est probablement celle qui conviendra le mieux aux familles. Elle descend en pente douce vers la mer et est facile d\u2019acc\u00e8s. Elle dispose d\u2019un yacht Club et de deux restaurants.<\/p>\n<p>Pour un d\u00e9jeuner plus ex\u00e9cutif, vous choisirez la prestigieuse <strong>Plage de la Mala<\/strong> qui vous invite dans son environnement v\u00e9g\u00e9tal. Vous pourrez l\u2019atteindre par un petit sentier. Elle accueillera \u00e9galement vos enfants.<\/p>\n<p>Pissarelles vous offre une plage plus orient\u00e9e sport. Elle est entour\u00e9e de rochers et peut \u00eatre atteinte par un chemin assez difficile d\u2019acc\u00e8s pour les petits enfants.<\/p>\n<p>Le Port de Cap-d\u2019Ail accueille 253 places. Pendant la saison estivale, vous pourrez assister aux r\u00e9gates et Festival de la Mer.<\/p>\n<h3><strong>Location de voiture de luxe \u00e0 Cap-d&rsquo;Ail et explorez le Sentier du Littoral<\/strong><\/h3>\n<p>Louer un v\u00e9hicule de luxe \u00e0 Cap-d&rsquo;Ail, un bon plan pour partir \u00e0 la d\u00e9couverte de la r\u00e9gion. Promenez-vous le long du sentier du Littoral qui long la mer. Ce lieu bucolique est pr\u00e9serv\u00e9. Lond d\u2019environ quatre kilom\u00e8tres, il vous m\u00e8nera de la plage Marquet \u00e0 la Plage de la Mala en passant dans une for\u00eat de Pins qui domine la mer. Profitez-en pour faire un plongeon dans les eaux turquoises de la M\u00e9diterran\u00e9e pour vous rafra\u00eechir.<\/p>\n<p>Partez \u00e0 la d\u00e9couverte du Parc Sacha Guitry. Vous serez charm\u00e9 par le front de mer autant que de nombreuses personnalit\u00e9s . La liste est longue ! Imaginez, le Prince de Galles, le Tsar\u00e9vitch \u2013 Alexandrovitch de Russie \u2013 les fr\u00e8res Lumi\u00e8re, le po\u00e8te Guillaume Apollinaire, Greta Garbo, Jean Cocteau et d\u2019autres ont foul\u00e9 de leurs pas cet endroit.<\/p>\n<p><strong>Louer un v\u00e9hicule de luxe \u00e0 Cap-d&rsquo;Ail : Pour un service sur mesure <\/strong><\/p>\n<p>Prenez le temps de planifier votre prochain s\u00e9jour \u00e0 Cap-d\u2019Ail et sur la C\u00f4te d\u2019Azur. R\u00e9servez d\u00e8s maintenant votre location de voiture de luxe \u00e0 Cap-d\u2019Ail.<\/p>\n<h5>Location de voiture \u00e0 Capdail Rolls Royce<\/h5>\n<h5>Location de voiture \u00e0 Capdail Ferrari<\/h5>\n<h5>Location de voiture \u00e0 Capdail Lamborghini<\/h5>\n<h5>Location de voiture \u00e0 Capdail Maserati<\/h5>\n<h5>Location de voiture \u00e0 Capdail Range Rover Sport<\/h5>\n<p>Nous pouvons effectuer la livraison de votre v\u00e9hicule d\u00e8s votre arriv\u00e9e \u00e0 l\u2019a\u00e9roport de Nice d\u00e8s votre arriv\u00e9e. Ou mieux encore au lieu de votre choix partout en France. N\u2019h\u00e9sitez pas \u00e0 prendre contact avec nous.<\/p>\n<\/div>\n<\/div><\/section><\/div><div  class='flex_column av-av_two_fifth-40977bc09da27d5fd81d8979a05c6d09 av_two_fifth  avia-builder-el-3  el_after_av_three_fifth  avia-builder-el-last  flex_column_div  '     ><style type=\"text\/css\" data-created_by=\"avia_inline_auto\" id=\"style-css-av-lltpsves-76cbe467abaafcaca891b4fb5c2c69a7\">\n.avia-image-container.av-lltpsves-76cbe467abaafcaca891b4fb5c2c69a7 img.avia_image{\nbox-shadow:none;\n}\n.avia-image-container.av-lltpsves-76cbe467abaafcaca891b4fb5c2c69a7 .av-image-caption-overlay-center{\ncolor:#ffffff;\n}\n<\/style>\n<div  class='avia-image-container av-lltpsves-76cbe467abaafcaca891b4fb5c2c69a7 av-styling- avia-align-center  avia-builder-el-4  avia-builder-el-no-sibling '  ><div class=\"avia-image-container-inner\"><div class=\"avia-image-overlay-wrap\"><img decoding=\"async\" fetchpriority=\"high\" class='wp-image-41189 avia-img-lazy-loading-not-41189 avia_image ' src=\"https:\/\/car4rent.fr\/wp-content\/uploads\/luxury-car-rental-capdail-car4rent.jpg\" alt='Turquoise bay with boats, cliffs, and red-roofed buildings under blue sky.' title='Luxury-Car-rental-CapdAil-Car4rent'  height=\"600\" width=\"600\" srcset=\"https:\/\/car4rent.fr\/wp-content\/uploads\/luxury-car-rental-capdail-car4rent.jpg 600w, https:\/\/car4rent.fr\/wp-content\/uploads\/luxury-car-rental-capdail-car4rent-300x300.jpg 300w, https:\/\/car4rent.fr\/wp-content\/uploads\/luxury-car-rental-capdail-car4rent-80x80.jpg 80w, https:\/\/car4rent.fr\/wp-content\/uploads\/luxury-car-rental-capdail-car4rent-36x36.jpg 36w, https:\/\/car4rent.fr\/wp-content\/uploads\/luxury-car-rental-capdail-car4rent-180x180.jpg 180w, https:\/\/car4rent.fr\/wp-content\/uploads\/luxury-car-rental-capdail-car4rent-120x120.jpg 120w, https:\/\/car4rent.fr\/wp-content\/uploads\/luxury-car-rental-capdail-car4rent-450x450.jpg 450w, https:\/\/car4rent.fr\/wp-content\/uploads\/luxury-car-rental-capdail-car4rent-100x100.jpg 100w\" sizes=\"(max-width: 600px) 100vw, 600px\" \/><\/div><\/div><\/div><\/div><\/div><\/div><\/main><!-- close content main element --><\/div><\/div><div id='after_section_1'  class='main_color av_default_container_wrap container_wrap fullsize'  ><div class='container av-section-cont-open' ><div class='template-page content  av-content-full alpha units'><div class='post-entry post-entry-type-page post-entry-30461'><div class='entry-content-wrapper clearfix'><div  class='hr av-td9x23-504c4e4ffb3a1e2d77672743e05d06ca hr-default  avia-builder-el-5  el_after_av_section  el_before_av_section  avia-builder-el-no-sibling '><span class='hr-inner '><span class=\"hr-inner-style\"><\/span><\/span><\/div><\/p>\n<\/div><\/div><\/div><!-- close content main div --><\/div><\/div><div id='av_section_2'  class='avia-section av-6mq6aoi-220d2331d8a8e09257ee23f14fd9c975 main_color avia-section-default avia-no-border-styling  avia-builder-el-6  el_after_av_hr  el_before_av_section  avia-bg-style-scroll container_wrap fullsize'  ><div class='container av-section-cont-open' ><div class='template-page content  av-content-full alpha units'><div class='post-entry post-entry-type-page post-entry-30461'><div class='entry-content-wrapper clearfix'>\n\n<style type=\"text\/css\" data-created_by=\"avia_inline_auto\" id=\"style-css-av-6du7y6q-59c18bf5428f997f5a63dc0afece8078\">\n.flex_column.av-6du7y6q-59c18bf5428f997f5a63dc0afece8078{\nborder-radius:0px 0px 0px 0px;\npadding:0px 0px 0px 0px;\n}\n<\/style>\n<div  class='flex_column av-6du7y6q-59c18bf5428f997f5a63dc0afece8078 av_one_full  avia-builder-el-7  el_before_av_hr  avia-builder-el-first  first flex_column_div av-zero-column-padding  '     ><style type=\"text\/css\" data-created_by=\"avia_inline_auto\" id=\"style-css-av-k9a7wb-be5e602fe2f4f27ff632d1c2f3a2cea5\">\n#top .av-special-heading.av-k9a7wb-be5e602fe2f4f27ff632d1c2f3a2cea5{\npadding-bottom:10px;\n}\nbody .av-special-heading.av-k9a7wb-be5e602fe2f4f27ff632d1c2f3a2cea5 .av-special-heading-tag .heading-char{\nfont-size:25px;\n}\n.av-special-heading.av-k9a7wb-be5e602fe2f4f27ff632d1c2f3a2cea5 .av-subheading{\nfont-size:15px;\n}\n<\/style>\n<div  class='av-special-heading av-k9a7wb-be5e602fe2f4f27ff632d1c2f3a2cea5 av-special-heading-h2 blockquote modern-quote modern-centered  avia-builder-el-8  avia-builder-el-no-sibling '><h2 class='av-special-heading-tag '  >Les voitures Car4Rent sont \u00e9galement disponibles \u00e0 Monaco, Cannes, Saint-Tropez et \u00e0 l\u2019a\u00e9roport de Nice.<\/h2><div class=\"special-heading-border\"><div class=\"special-heading-inner-border\"><\/div><\/div><\/div><\/div>\n<style type=\"text\/css\" data-created_by=\"avia_inline_auto\" id=\"style-css-av-3vm1d4i-f3083e317d436492b0f19882b1143acf\">\n#top .hr.hr-invisible.av-3vm1d4i-f3083e317d436492b0f19882b1143acf{\nheight:25px;\n}\n<\/style>\n<div  class='hr av-3vm1d4i-f3083e317d436492b0f19882b1143acf hr-invisible  avia-builder-el-9  el_after_av_one_full  el_before_av_heading '><span class='hr-inner '><span class=\"hr-inner-style\"><\/span><\/span><\/div>\n\n<style type=\"text\/css\" data-created_by=\"avia_inline_auto\" id=\"style-css-av-kaeffoqk-03f997143de4cdb41b6003660683d44d\">\n#top .av-special-heading.av-kaeffoqk-03f997143de4cdb41b6003660683d44d{\npadding-bottom:10px;\n}\nbody .av-special-heading.av-kaeffoqk-03f997143de4cdb41b6003660683d44d .av-special-heading-tag .heading-char{\nfont-size:25px;\n}\n.av-special-heading.av-kaeffoqk-03f997143de4cdb41b6003660683d44d .av-subheading{\nfont-size:15px;\n}\n<\/style>\n<div  class='av-special-heading av-kaeffoqk-03f997143de4cdb41b6003660683d44d av-special-heading-h5 blockquote modern-quote modern-centered  avia-builder-el-10  el_after_av_hr  el_before_av_textblock  av-linked-heading'><h5 class='av-special-heading-tag '  >A la recherche d\u2019une location de voitures de luxe \u00e0 Cap-d\u2019Ail ?<\/h5><div class=\"special-heading-border\"><div class=\"special-heading-inner-border\"><\/div><\/div><\/div>\n<section  class='av_textblock_section av-35qmucy-e7eea719684c2bd9feccf9548ffaf785 '  ><div class='avia_textblock' ><p style=\"text-align: center;\">Car4rent est le sp\u00e9cialiste de la location de voiture de luxe \u00e0 Cap-d&rsquo;Ail mais \u00e9galement \u00e0 Monaco. Notre \u00e9quipe de sp\u00e9cialistes vous conseille pour faire le meilleur choix. Uniquement des voitures de sport et de luxe, des cabriolets et des SUV pour votre enti\u00e8re satisfaction. Faites l&rsquo;exp\u00e9rience des plus hauts niveaux de service et de confort.<\/p>\n<\/div><\/section>\n\n<\/div><\/div><\/div><!-- close content main div --><\/div><\/div>\n<style type=\"text\/css\" data-created_by=\"avia_inline_auto\" id=\"style-css-av-27qlrrm-0da01d1b45d171244764f48420a7c9a1\">\n.avia-section.av-27qlrrm-0da01d1b45d171244764f48420a7c9a1{\nbackground-color:#6834bd;\nbackground-image:unset;\n}\n<\/style>\n<div id='av_section_3'  class='avia-section av-27qlrrm-0da01d1b45d171244764f48420a7c9a1 main_color avia-section-default avia-no-border-styling  avia-builder-el-12  el_after_av_section  el_before_av_section  avia-bg-style-scroll container_wrap fullsize'  ><div class='container av-section-cont-open' ><div class='template-page content  av-content-full alpha units'><div class='post-entry post-entry-type-page post-entry-30461'><div class='entry-content-wrapper clearfix'>\n\n<style type=\"text\/css\" data-created_by=\"avia_inline_auto\" id=\"style-css-av-1s5iv9u-fc486e4f13a5b27ba137df4707281be0\">\n#top .av-special-heading.av-1s5iv9u-fc486e4f13a5b27ba137df4707281be0{\npadding-bottom:10px;\ncolor:#ffffff;\nfont-size:30px;\n}\nbody .av-special-heading.av-1s5iv9u-fc486e4f13a5b27ba137df4707281be0 .av-special-heading-tag .heading-char{\nfont-size:25px;\n}\n#top #wrap_all .av-special-heading.av-1s5iv9u-fc486e4f13a5b27ba137df4707281be0 .av-special-heading-tag{\nfont-size:30px;\n}\n.av-special-heading.av-1s5iv9u-fc486e4f13a5b27ba137df4707281be0 .special-heading-inner-border{\nborder-color:#ffffff;\n}\n.av-special-heading.av-1s5iv9u-fc486e4f13a5b27ba137df4707281be0 .av-subheading{\nfont-size:15px;\n}\n\n@media only screen and (min-width: 480px) and (max-width: 767px){ \n#top #wrap_all .av-special-heading.av-1s5iv9u-fc486e4f13a5b27ba137df4707281be0 .av-special-heading-tag{\nfont-size:0.8em;\n}\n}\n\n@media only screen and (max-width: 479px){ \n#top #wrap_all .av-special-heading.av-1s5iv9u-fc486e4f13a5b27ba137df4707281be0 .av-special-heading-tag{\nfont-size:0.8em;\n}\n}\n<\/style>\n<div  class='av-special-heading av-1s5iv9u-fc486e4f13a5b27ba137df4707281be0 av-special-heading-h4 custom-color-heading blockquote modern-quote modern-centered  avia-builder-el-13  avia-builder-el-no-sibling  av-inherit-size'><h4 class='av-special-heading-tag '  >La plus grand choix de voitures de r\u00eave vous attend chez Car4rent.<\/h4><div class=\"special-heading-border\"><div class=\"special-heading-inner-border\"><\/div><\/div><\/div>\n\n<\/div><\/div><\/div><!-- close content main div --><\/div><\/div><div id='av_section_4'  class='avia-section av-1agcu4b-377121f23feb32dd120f49853a78c9d2 main_color avia-section-default avia-no-border-styling  avia-builder-el-14  el_after_av_section  avia-builder-el-last  avia-bg-style-scroll container_wrap fullsize'  ><div class='container av-section-cont-open' ><div class='template-page content  av-content-full alpha units'><div class='post-entry post-entry-type-page post-entry-30461'><div class='entry-content-wrapper clearfix'>\n<div  class='avia-builder-widget-area clearfix  avia-builder-el-15  avia-builder-el-no-sibling '><div id=\"text-9\" class=\"widget clearfix widget_text\">\t\t\t<div class=\"textwidget\"><p style=\"text-align: center;\">    <div class=\"car4rent-share-block car4rent-fr\">\n        <a href=\"https:\/\/www.facebook.com\/sharer\/sharer.php?u=\" target=\"_blank\" rel=\"noopener\"><i class=\"fa-brands fa-facebook\"><\/i> Partager<\/a>\n        <a href=\"https:\/\/x.com\/intent\/tweet?url=&amp;text=\" target=\"_blank\" rel=\"noopener\"><i class=\"fa-brands fa-x-twitter\"><\/i> X<\/a>\n        <a href=\"https:\/\/wa.me\/?text=%20\" target=\"_blank\" rel=\"noopener\"><i class=\"fa-brands fa-whatsapp\"><\/i> WhatsApp<\/a>\n        <a href=\"https:\/\/www.instagram.com\/car4rent_cannes\/\" target=\"_blank\" rel=\"noopener\"><i class=\"fa-brands fa-instagram\"><\/i> Instagram<\/a>\n        <a href=\"https:\/\/www.linkedin.com\/company\/car4rent\/about\/\" target=\"_blank\" rel=\"noopener\"><i class=\"fa-brands fa-linkedin\"><\/i> LinkedIn<\/a>\n        <a href=\"https:\/\/www.youtube.com\/@car4rentcannes839\" target=\"_blank\" rel=\"noopener\"><i class=\"fa-brands fa-youtube\"><\/i> YouTube<\/a>\n    <\/div>\n    <\/p>\n<\/div>\n\t\t<\/div><\/div>\n\n","protected":false},"excerpt":{"rendered":"","protected":false},"author":3,"featured_media":37086,"parent":0,"menu_order":1825,"comment_status":"closed","ping_status":"closed","template":"","meta":{"_acf_changed":false,"footnotes":""},"class_list":["post-30461","page","type-page","status-publish","has-post-thumbnail","hentry"],"acf":[],"_links":{"self":[{"href":"https:\/\/car4rent.fr\/fr\/wp-json\/wp\/v2\/pages\/30461","targetHints":{"allow":["GET"]}}],"collection":[{"href":"https:\/\/car4rent.fr\/fr\/wp-json\/wp\/v2\/pages"}],"about":[{"href":"https:\/\/car4rent.fr\/fr\/wp-json\/wp\/v2\/types\/page"}],"author":[{"embeddable":true,"href":"https:\/\/car4rent.fr\/fr\/wp-json\/wp\/v2\/users\/3"}],"replies":[{"embeddable":true,"href":"https:\/\/car4rent.fr\/fr\/wp-json\/wp\/v2\/comments?post=30461"}],"version-history":[{"count":0,"href":"https:\/\/car4rent.fr\/fr\/wp-json\/wp\/v2\/pages\/30461\/revisions"}],"wp:featuredmedia":[{"embeddable":true,"href":"https:\/\/car4rent.fr\/fr\/wp-json\/wp\/v2\/media\/37086"}],"wp:attachment":[{"href":"https:\/\/car4rent.fr\/fr\/wp-json\/wp\/v2\/media?parent=30461"}],"curies":[{"name":"wp","href":"https:\/\/api.w.org\/{rel}","templated":true}]}}