{"id":30458,"date":"2023-11-10T16:56:12","date_gmt":"2023-11-10T15:56:12","guid":{"rendered":"https:\/\/car4rent.fr\/louer-une-voiture-de-luxe\/"},"modified":"2024-03-20T09:31:02","modified_gmt":"2024-03-20T08:31:02","slug":"louer-une-voiture-de-luxe-sur-la-cote-dazur","status":"publish","type":"page","link":"https:\/\/car4rent.fr\/fr\/louer-une-voiture-de-luxe-sur-la-cote-dazur\/","title":{"rendered":"Louer une voiture de luxe sur la C\u00f4te d&rsquo;Azur"},"content":{"rendered":"\n<style type=\"text\/css\" data-created_by=\"avia_inline_auto\" id=\"style-css-av-k9iq87co-7ce24ccca8539517f624056ebc34dced\">\n.avia-section.av-k9iq87co-7ce24ccca8539517f624056ebc34dced{\nbackground-repeat:no-repeat;\nbackground-image:url(https:\/\/car4rent.fr\/wp-content\/uploads\/luxury-car-rental-Car4rent.jpg);\nbackground-position:50% 100%;\nbackground-attachment:scroll;\n}\n<\/style>\n<div id='header-section'  class='avia-section av-k9iq87co-7ce24ccca8539517f624056ebc34dced main_color avia-section-huge avia-no-border-styling  avia-builder-el-0  el_before_av_one_full  avia-builder-el-first  avia-full-stretch avia-bg-style-scroll av-minimum-height av-minimum-height-custom av-height-custom  container_wrap fullsize'  data-section-bg-repeat='stretch' data-av_minimum_height_px='700'><div class='container av-section-cont-open' style='height:700px'><main  class='template-page content  av-content-full alpha units'><div class='post-entry post-entry-type-page post-entry-30458'><div class='entry-content-wrapper clearfix'>\n<div  class='flex_column av-av_one_full-048119fdb636ea3d70edc0b975509c6c av_one_full  avia-builder-el-1  avia-builder-el-no-sibling  first flex_column_div  '     ><style type=\"text\/css\" data-created_by=\"avia_inline_auto\" id=\"style-css-av-licq41pb-5fe8bc9e86d65e9d9e4393a5c3036c49\">\n#top .av-special-heading.av-licq41pb-5fe8bc9e86d65e9d9e4393a5c3036c49{\npadding-bottom:10px;\n}\nbody .av-special-heading.av-licq41pb-5fe8bc9e86d65e9d9e4393a5c3036c49 .av-special-heading-tag .heading-char{\nfont-size:25px;\n}\n.av-special-heading.av-licq41pb-5fe8bc9e86d65e9d9e4393a5c3036c49 .av-subheading{\nfont-size:15px;\n}\n<\/style>\n<div  class='av-special-heading av-licq41pb-5fe8bc9e86d65e9d9e4393a5c3036c49 av-special-heading-h4  avia-builder-el-2  avia-builder-el-no-sibling '><h4 class='av-special-heading-tag '  >Louer une voiture de luxe sur la C\u00f4te d\u2019Azur<\/h4><div class=\"special-heading-border\"><div class=\"special-heading-inner-border\"><\/div><\/div><\/div><\/div>\n<\/div><\/div><\/main><!-- close content main element --><\/div><\/div><div id='after_section_1'  class='main_color av_default_container_wrap container_wrap fullsize'  ><div class='container av-section-cont-open' ><div class='template-page content  av-content-full alpha units'><div class='post-entry post-entry-type-page post-entry-30458'><div class='entry-content-wrapper clearfix'>\n\n<style type=\"text\/css\" data-created_by=\"avia_inline_auto\" id=\"style-css-av-k9of881m-8b75821c00ec2c33f438de9a772a6e49\">\n.flex_column.av-k9of881m-8b75821c00ec2c33f438de9a772a6e49{\nborder-radius:0px 0px 0px 0px;\npadding:0px 0px 0px 0px;\nbackground-color:#ffffff;\n}\n<\/style>\n<div  class='flex_column av-k9of881m-8b75821c00ec2c33f438de9a772a6e49 av_one_full  avia-builder-el-3  el_after_av_section  el_before_av_hr  avia-builder-el-first  first flex_column_div av-zero-column-padding  '     ><section  class='av_textblock_section av-k9iq5tou-a3a1282c082146c43128296256d532aa '  ><div class='avia_textblock' ><h1>Louer une voiture de luxe sur la C\u00f4te d&rsquo;Azur<\/h1>\n<p>Louer une voiture de luxe sur la C\u00f4te d&rsquo;Azur, quoi de plus simple! Car4rent est votre meilleur atout pour la location de voiture de luxe sur la C\u00f4te d&rsquo;Azur au meilleur prix. Nous vous proposons une vaste s\u00e9lection de v\u00e9hicules de luxe de marques les plus prestigieuses <a href=\"https:\/\/car4rent.fr\/fr\/louer-une-ferrari\/\"><strong>Ferrari<\/strong><\/a>,\n            <a href=\"https:\/\/car4rent.fr\/fr\/louer-une-lamborghini\/\"><strong>Lamborghini<\/strong><\/a>,\n            <a href=\"https:\/\/car4rent.fr\/fr\/louer-une-porsche\/\"><strong>Porsche<\/strong><\/a>,\n            <a href=\"https:\/\/car4rent.fr\/fr\/louer-un-land-rover\/\"><strong>Land Rover<\/strong><\/a>,\n            <a href=\"https:\/\/car4rent.fr\/fr\/louer-une-mercedes\/\"><strong>Mercedes AMG<\/strong><\/a>,\n            <a href=\"https:\/\/car4rent.fr\/fr\/louer-une-bentley\/\"><strong>Bentley<\/strong><\/a>,\n            <a href=\"https:\/\/car4rent.fr\/fr\/louer-une-rolls-royce\/\"><strong>Rolls-Royce<\/strong><\/a>, et\n            <a href=\"https:\/\/car4rent.fr\/fr\/louer-une-audi\/\"><strong>Audi<\/strong><\/a>.<strong>. <\/strong><\/p>\n<p>Nous pouvons organiser la livraison \u00e0 votre domicile, \u00e0 votre h\u00f4tel, sur votre lieu de vill\u00e9giature, ou directement d\u00e8s votre arriv\u00e9e \u00e0 l&rsquo;a\u00e9roport de Nice.<\/p>\n<p>Nous serons heureux de pouvoir vous aider en vous recommandant les meilleurs itin\u00e9raires, les restaurants et h\u00f4tels les mieux not\u00e9s de la r\u00e9gion. Profitez d&rsquo;une exp\u00e9rience sans faille lors d&rsquo;un circuit en voiture de luxe, pour aller au-del\u00e0 d&rsquo;une simple location.<\/p>\n<p><img loading=\"lazy\" decoding=\"async\" class=\"alignnone wp-image-37215\" src=\"https:\/\/car4rent.fr\/wp-content\/uploads\/nsmail.jpg\" alt=\"Louer june voiture de luxe sur la C\u00f4te d&#039;Azur, Location voiture de luxe PACA\" width=\"188\" height=\"208\" title=\"Car4Rent Cannes\" srcset=\"https:\/\/car4rent.fr\/wp-content\/uploads\/nsmail.jpg 463w, https:\/\/car4rent.fr\/wp-content\/uploads\/nsmail-271x300.jpg 271w, https:\/\/car4rent.fr\/wp-content\/uploads\/nsmail-450x498.jpg 450w\" sizes=\"auto, (max-width: 188px) 100vw, 188px\" \/><img loading=\"lazy\" decoding=\"async\" class=\"alignnone wp-image-36825 \" src=\"https:\/\/car4rent.fr\/wp-content\/uploads\/IMG_2015-scaled-1.jpg\" alt=\"Louer une voiture de luxe sur la C\u00f4te d&#039;Azur\" width=\"277\" height=\"208\" title=\"Car4Rent Cannes\" srcset=\"https:\/\/car4rent.fr\/wp-content\/uploads\/IMG_2015-scaled-1.jpg 2560w, https:\/\/car4rent.fr\/wp-content\/uploads\/IMG_2015-scaled-1-300x225.jpg 300w, https:\/\/car4rent.fr\/wp-content\/uploads\/IMG_2015-scaled-1-1030x773.jpg 1030w, https:\/\/car4rent.fr\/wp-content\/uploads\/IMG_2015-scaled-1-768x576.jpg 768w, https:\/\/car4rent.fr\/wp-content\/uploads\/IMG_2015-scaled-1-1536x1152.jpg 1536w, https:\/\/car4rent.fr\/wp-content\/uploads\/IMG_2015-scaled-1-2048x1536.jpg 2048w, https:\/\/car4rent.fr\/wp-content\/uploads\/IMG_2015-scaled-1-1500x1125.jpg 1500w, https:\/\/car4rent.fr\/wp-content\/uploads\/IMG_2015-scaled-1-705x529.jpg 705w, https:\/\/car4rent.fr\/wp-content\/uploads\/IMG_2015-scaled-1-450x338.jpg 450w\" sizes=\"auto, (max-width: 277px) 100vw, 277px\" \/><img loading=\"lazy\" decoding=\"async\" class=\"alignnone wp-image-37064 \" src=\"https:\/\/car4rent.fr\/wp-content\/uploads\/about-Car4rent-2-1-scaled-2.jpg\" alt=\"Louer une voiture de luxe sur la C\u00f4te d&#039;Azur,location de voitures de luxe Monaco, Location d&#039;une voiture de sport sur la cote d&#039;azur, Location de voiture de luxe \u00e0 Monaco, Location de voiture de luxe, Location de voiture de luxe pas cher\" width=\"277\" height=\"208\" title=\"Car4Rent Cannes\" srcset=\"https:\/\/car4rent.fr\/wp-content\/uploads\/\/about-Car4rent-2-1-scaled-2.jpg 2304w, https:\/\/car4rent.fr\/wp-content\/uploads\/\/about-Car4rent-2-1-scaled-2-300x225.jpg 300w, https:\/\/car4rent.fr\/wp-content\/uploads\/\/about-Car4rent-2-1-scaled-2-1030x773.jpg 1030w, https:\/\/car4rent.fr\/wp-content\/uploads\/\/about-Car4rent-2-1-scaled-2-768x576.jpg 768w, https:\/\/car4rent.fr\/wp-content\/uploads\/\/about-Car4rent-2-1-scaled-2-1536x1152.jpg 1536w, https:\/\/car4rent.fr\/wp-content\/uploads\/\/about-Car4rent-2-1-scaled-2-2048x1536.jpg 2048w, https:\/\/car4rent.fr\/wp-content\/uploads\/\/about-Car4rent-2-1-scaled-2-1500x1125.jpg 1500w, https:\/\/car4rent.fr\/wp-content\/uploads\/\/about-Car4rent-2-1-scaled-2-705x529.jpg 705w, https:\/\/car4rent.fr\/wp-content\/uploads\/\/about-Car4rent-2-1-scaled-2-450x338.jpg 450w\" sizes=\"auto, (max-width: 277px) 100vw, 277px\" \/><\/p>\n<h2>Louer une voiture de luxe sur la C\u00f4te d&rsquo;Azur<\/h2>\n<p>Faites de votre voyage un moment inoubliable. Nous recommandons les fantastiques routes de la <strong>C\u00f4te d&rsquo;Azur<\/strong>. D\u00e9couvrez le bord de mer et ses villages en roulant les cheveux au vent. L&rsquo;art, les boutiques et l&rsquo;excellence culinaire en font l&rsquo;une des destinations les plus exclusives d&rsquo;Europe.<\/p>\n<h2>La Location de voiture luxe, voiture de prestige \u00e0 Nice, pour une exp\u00e9rience de conduite passionnante<\/h2>\n<p>Ne manquez pas une excursion dans l&rsquo;arri\u00e8re-pays offrant des paysages naturels merveilleux. Parcourez les vignobles de Provence et grimpez les sentiers qui m\u00e8nent \u00e0 la montagne \u00e0 travers des paysages rocheux \u00e0 couper le souffle. Louer une voiture de luxe suer la C\u00f4te d&rsquo;Azur est votre meilleur choix pour parcourir la c\u00e9l\u00e8bre <strong>Corniche de l&rsquo;Est\u00e9rel<\/strong>. Laissez-vous emporter par les vues \u00e9poustouflantes sur la M\u00e9diterran\u00e9e qui s&rsquo;offrent \u00e0 vous depuis le ciel. Louer une voiture de luxe sur la C\u00f4te d&rsquo;Azur pour d\u00e9couvrir de petites criques et plonger dans l&rsquo;eau bleue claire pour vous rafra\u00eechir.<\/p>\n<h3>Louer une voiture de luxe \u00e0 Cannes sur la C\u00f4te d&rsquo;Azur<\/h3>\n<p>Louer une voiture de luxe sur la C\u00f4te d&rsquo;Azur pour vous rendre \u00e0 Monaco notamment connue pour son\u00a0 Grand Prix de Formule 1 \u00e0 la fin du mois de mai. Le centre historique est spectaculaire, gr\u00e2ce \u00e0 sa situation face \u00e0 la mer, et vous laissera sans voix.<\/p>\n<p>Patrie des \u00ab\u00a0riches et des c\u00e9l\u00e8bres\u00a0\u00bb, la Principaut\u00e9 est la destination id\u00e9ale pour plonger dans le luxe. Situ\u00e9e \u00e0 la fronti\u00e8re italienne, \u00e0 30 minutes en voiture de la Riviera ligure c&rsquo;est l&rsquo;occasion de visiter la petite ville de Bordighera et de d\u00e9jeuner sur une terrasse ombrag\u00e9e dans une ambiance dolce vita, en \u00e9coutant de la musique italienne.<\/p>\n<p>D\u00e9couvrir Marseille et le Parc National des Calanques o\u00f9 le littoral cr\u00e9e de petites criques naturelles, telles que Morgliou, Port Piu, Sormiou, et En-Vau, offrant toutes une beaut\u00e9 \u00e0 couper le souffle. Peints par des artistes tels que Renoir et Matisse, qui se sont inspir\u00e9s de la nature luxuriante et des couleurs vives, prenez le temps de vous reposer \u00e0 Saint-R\u00e9my de Provence, Eygali\u00e8res ou Les Baux de Provence.<\/p>\n<p>Avec un vaste choix de voitures de sport et de luxe, Car4rent est l&rsquo;un des louers de voitures de luxe des mieux not\u00e9s de la r\u00e9gion.<\/p>\n<p>Nous nous soucions de votre bien-\u00eatre et c&rsquo;est avec plaisir que nous r\u00e9pondrons \u00e0 vos demandes sp\u00e9ciales. N&rsquo;h\u00e9sitez pas \u00e0 prendre contact avec l&rsquo;un des membres de notre \u00e9quipe pour tout renseignement que vous soiuhaiteriez obtenir.<\/p>\n<\/div><\/section><\/div><div  class='hr av-r408yh-5fc29ed8e5abe90cc5953910efd3a584 hr-default  avia-builder-el-5  el_after_av_one_full  el_before_av_one_fourth '><span class='hr-inner '><span class=\"hr-inner-style\"><\/span><\/span><\/div><\/p>\n\n<style type=\"text\/css\" data-created_by=\"avia_inline_auto\" id=\"style-css-av-9j4h5a1-6e828a1197b9444f95d3c7ec7fb82938\">\n.flex_column.av-9j4h5a1-6e828a1197b9444f95d3c7ec7fb82938{\nborder-radius:0px 0px 0px 0px;\npadding:0px 0px 0px 0px;\n}\n<\/style>\n<div  class='flex_column av-9j4h5a1-6e828a1197b9444f95d3c7ec7fb82938 av_one_fourth  avia-builder-el-6  el_after_av_hr  el_before_av_one_fourth  first flex_column_div av-zero-column-padding  '     ><section  class='av_textblock_section av-8wzml89-2b80783706aabf533d7977da87f21ef0 '  ><div class='avia_textblock' ><p>Location de voiture prestige sur la C\u00f4te d&rsquo;Azur<\/p>\n<hr \/>\n<p>Nous proposons \u00e0 la location des voitures de luxe et de sport, mais \u00e9galement une large gamme de SUV et de cabriolets. D\u00e9couvrez nos voitures de r\u00eave.<\/p>\n<p>Prix \u00e0 partir de 260\u20ac \/ jour.<\/p>\n<\/div><\/section><\/div>\n<style type=\"text\/css\" data-created_by=\"avia_inline_auto\" id=\"style-css-av-8cxm7x5-0dfd1be948133d5958731c1141e89316\">\n.flex_column.av-8cxm7x5-0dfd1be948133d5958731c1141e89316{\nborder-radius:0px 0px 0px 0px;\npadding:0px 0px 0px 0px;\n}\n<\/style>\n<div  class='flex_column av-8cxm7x5-0dfd1be948133d5958731c1141e89316 av_one_fourth  avia-builder-el-8  el_after_av_one_fourth  el_before_av_one_fourth  flex_column_div av-zero-column-padding  '     ><section  class='av_textblock_section av-sl1yyh-58401a45bbfca01485bb12f5ae7e0e5f '  ><div class='avia_textblock' ><p>Agences \u00e0 l\u2019a\u00e9roport de Nice, Cannes, Monaco et Saint-Tropez<\/p>\n<hr \/>\n<p>Nous livrons votre voiture o\u00f9 vous le souhaitez, \u00e0 votre arriv\u00e9e \u00e0 l&rsquo;a\u00e9roport de Nice, votre h\u00f4tel, votre lieu de vill\u00e9giature ou sur demande n&rsquo;importe o\u00f9 en France.<\/p>\n<\/div><\/section><\/div><\/p>\n\n<style type=\"text\/css\" data-created_by=\"avia_inline_auto\" id=\"style-css-av-7t2xhcp-04a64ffc63980df57546af05384a54fd\">\n.flex_column.av-7t2xhcp-04a64ffc63980df57546af05384a54fd{\nborder-radius:0px 0px 0px 0px;\npadding:0px 0px 0px 0px;\n}\n<\/style>\n<div  class='flex_column av-7t2xhcp-04a64ffc63980df57546af05384a54fd av_one_fourth  avia-builder-el-10  el_after_av_one_fourth  el_before_av_one_fourth  flex_column_div av-zero-column-padding  '     ><section  class='av_textblock_section av-77ozpuh-8dd1b37f5ec2cac52732881fc5014607 '  ><div class='avia_textblock' ><p>Test Drive &#8211; Faites de votre r\u00eave une r\u00e9alit\u00e9<\/p>\n<hr \/>\n<p>Offrez-vous une exp\u00e9rience de conduite unique au volant d&rsquo;une supercar. Prenez le volant d&rsquo;une Lamborghini, d&rsquo;une Ferrari ou d&rsquo;une Porsche sans vous ruiner. Pour des raisons de s\u00e9curit\u00e9, vous roulerez accompagn\u00e9. \u00c0 partir de 195\u20ac pp.<\/p>\n<h2><i>\u00a0<\/i><\/h2>\n<\/div><\/section><\/div>\n\n<style type=\"text\/css\" data-created_by=\"avia_inline_auto\" id=\"style-css-av-6mik0k9-58ba2370392ede1c671764d02dbf6948\">\n.flex_column.av-6mik0k9-58ba2370392ede1c671764d02dbf6948{\nborder-radius:0px 0px 0px 0px;\npadding:0px 0px 0px 0px;\n}\n<\/style>\n<div  class='flex_column av-6mik0k9-58ba2370392ede1c671764d02dbf6948 av_one_fourth  avia-builder-el-12  el_after_av_one_fourth  el_before_av_section  avia-builder-el-last  flex_column_div av-zero-column-padding  '     ><section  class='av_textblock_section av-64i2ogp-66548aea0352cdde9b58db15362b0175 '  ><div class='avia_textblock' ><p>Un service sur mesure<\/p>\n<hr \/>\n<p>Une \u00e9quipe d\u00e9vou\u00e9e et attentive se tient \u00e0 votre disposition pour vous fournir toute information ou r\u00e9pondre \u00e0 vos demandes.<\/p>\n<\/div><\/section><\/div>\n<\/div><\/div><\/div><!-- close content main div --><\/div><\/div>\n<style type=\"text\/css\" data-created_by=\"avia_inline_auto\" id=\"style-css-av-43kcsd5-d3ef79113910887a7bfd29c8c2ab4614\">\n.avia-section.av-43kcsd5-d3ef79113910887a7bfd29c8c2ab4614{\nbackground-color:#f3f3f3;\nbackground-image:unset;\n}\n<\/style>\n<div id='sectioncustom'  class='avia-section av-43kcsd5-d3ef79113910887a7bfd29c8c2ab4614 main_color avia-section-default avia-no-border-styling  avia-builder-el-14  el_after_av_one_fourth  el_before_av_google_map  avia-bg-style-scroll container_wrap fullsize'  ><div class='container av-section-cont-open' ><div class='template-page content  av-content-full alpha units'><div class='post-entry post-entry-type-page post-entry-30458'><div class='entry-content-wrapper clearfix'>\n\n<style type=\"text\/css\" data-created_by=\"avia_inline_auto\" id=\"style-css-av-3jspczd-381a934ac4b7d0afddc25a7aaa6107e5\">\n#top .av-special-heading.av-3jspczd-381a934ac4b7d0afddc25a7aaa6107e5{\npadding-bottom:0;\n}\nbody .av-special-heading.av-3jspczd-381a934ac4b7d0afddc25a7aaa6107e5 .av-special-heading-tag .heading-char{\nfont-size:25px;\n}\n.av-special-heading.av-3jspczd-381a934ac4b7d0afddc25a7aaa6107e5 .av-subheading{\nfont-size:15px;\n}\n<\/style>\n<div  class='av-special-heading av-3jspczd-381a934ac4b7d0afddc25a7aaa6107e5 av-special-heading-h2 blockquote modern-quote modern-centered  avia-builder-el-15  avia-builder-el-no-sibling '><h2 class='av-special-heading-tag '  >Notre agence de location de voitures <\/h2><div class=\"special-heading-border\"><div class=\"special-heading-inner-border\"><\/div><\/div><\/div>\n\n<div  class='av_gmaps_sc_main_wrap av_gmaps_main_wrap '><div id='av_gmap_0' class='avia-google-map-container avia-google-map-sc av_gmaps_show_unconditionally av-no-fallback-img ' data-mapid='av_gmap_0'  style='height: 400px;'><a class=\"av_gmaps_browser_disabled av_text_confirm_link av_text_confirm_link_visible\" href=\"https:\/\/www.google.com\/maps\/search\/?api=1&#038;query=Quai%20Max%20Laubeuf%2006400%20%20%20Cannes%20%20France\" target=\"_blank\" rel=\"noopener\">Les cartes ont \u00e9t\u00e9 d\u00e9sactiv\u00e9es par le visiteur sur ce site. Cliquer pour ouvrir la carte dans une nouvelle fen\u00eatre.<\/a><\/div><\/div>\n\n<style type=\"text\/css\" data-created_by=\"avia_inline_auto\" id=\"style-css-av-2ddmnh5-bbd5dd00de2854828f851bcdfc153f73\">\n.avia-section.av-2ddmnh5-bbd5dd00de2854828f851bcdfc153f73{\nbackground-color:#6834bd;\nbackground-image:unset;\n}\n<\/style>\n<div id='av_section_3'  class='avia-section av-2ddmnh5-bbd5dd00de2854828f851bcdfc153f73 main_color avia-section-default avia-no-border-styling  avia-builder-el-17  el_after_av_google_map  el_before_av_section  avia-bg-style-scroll container_wrap fullsize'  ><div class='container av-section-cont-open' ><div class='template-page content  av-content-full alpha units'><div class='post-entry post-entry-type-page post-entry-30458'><div class='entry-content-wrapper clearfix'>\n\n<style type=\"text\/css\" data-created_by=\"avia_inline_auto\" id=\"style-css-av-28aqaft-9e3cbf84b38e0b214d54c61e5dfa7382\">\n#top .av-special-heading.av-28aqaft-9e3cbf84b38e0b214d54c61e5dfa7382{\npadding-bottom:10px;\ncolor:#ffffff;\nfont-size:30px;\n}\nbody .av-special-heading.av-28aqaft-9e3cbf84b38e0b214d54c61e5dfa7382 .av-special-heading-tag .heading-char{\nfont-size:25px;\n}\n#top #wrap_all .av-special-heading.av-28aqaft-9e3cbf84b38e0b214d54c61e5dfa7382 .av-special-heading-tag{\nfont-size:30px;\n}\n.av-special-heading.av-28aqaft-9e3cbf84b38e0b214d54c61e5dfa7382 .special-heading-inner-border{\nborder-color:#ffffff;\n}\n.av-special-heading.av-28aqaft-9e3cbf84b38e0b214d54c61e5dfa7382 .av-subheading{\nfont-size:15px;\n}\n\n@media only screen and (min-width: 480px) and (max-width: 767px){ \n#top #wrap_all .av-special-heading.av-28aqaft-9e3cbf84b38e0b214d54c61e5dfa7382 .av-special-heading-tag{\nfont-size:0.8em;\n}\n}\n\n@media only screen and (max-width: 479px){ \n#top #wrap_all .av-special-heading.av-28aqaft-9e3cbf84b38e0b214d54c61e5dfa7382 .av-special-heading-tag{\nfont-size:0.8em;\n}\n}\n<\/style>\n<div  class='av-special-heading av-28aqaft-9e3cbf84b38e0b214d54c61e5dfa7382 av-special-heading-h4 custom-color-heading blockquote modern-quote modern-centered  avia-builder-el-18  el_before_av_button  avia-builder-el-first  av-inherit-size'><h4 class='av-special-heading-tag '  >Louer une voiture de luxe sur la C\u00f4te d\u2019Azur, de quoi profiter de l\u2019exp\u00e9rience de conduite ultime avec une voiture livr\u00e9e directement chez vous !<\/h4><div class=\"special-heading-border\"><div class=\"special-heading-inner-border\"><\/div><\/div><\/div>\n<div  class='avia-button-wrap av-1hycwxl-8817ba7b2960b6b95c98b72b12707988-wrap avia-button-center  avia-builder-el-19  el_after_av_heading  avia-builder-el-last '><a href=\"https:\/\/car4rent.fr\/fr\/contact\/\" class=\"avia-button av-1hycwxl-8817ba7b2960b6b95c98b72b12707988 av-link-btn avia-icon_select-yes-left-icon avia-size-large avia-position-center avia-color-grey\" aria-label=\"Contactez l\u2019un de nos experts !\"><span class='avia_button_icon avia_button_icon_left avia-iconfont avia-font-entypo-fontello' data-av_icon='\ue85d' data-av_iconfont='entypo-fontello' ><\/span><span class='avia_iconbox_title' >Contactez l\u2019un de nos experts !<\/span><\/a><\/div>\n\n<\/div><\/div><\/div><!-- close content main div --><\/div><\/div><div id='av_section_4'  class='avia-section av-13k7dab-213605dfe8b24f4a7b06c653dca0a061 main_color avia-section-default avia-no-border-styling  avia-builder-el-20  el_after_av_section  avia-builder-el-last  avia-bg-style-scroll container_wrap fullsize'  ><div class='container av-section-cont-open' ><div class='template-page content  av-content-full alpha units'><div class='post-entry post-entry-type-page post-entry-30458'><div class='entry-content-wrapper clearfix'>\n<div  class='avia-builder-widget-area clearfix  avia-builder-el-21  avia-builder-el-no-sibling '><div id=\"text-9\" class=\"widget clearfix widget_text\">\t\t\t<div class=\"textwidget\"><p style=\"text-align: center;\">    <div class=\"car4rent-share-block car4rent-fr\">\n        <a href=\"https:\/\/www.facebook.com\/sharer\/sharer.php?u=\" target=\"_blank\" rel=\"noopener\"><i class=\"fa-brands fa-facebook\"><\/i> Partager<\/a>\n        <a href=\"https:\/\/x.com\/intent\/tweet?url=&amp;text=\" target=\"_blank\" rel=\"noopener\"><i class=\"fa-brands fa-x-twitter\"><\/i> X<\/a>\n        <a href=\"https:\/\/wa.me\/?text=%20\" target=\"_blank\" rel=\"noopener\"><i class=\"fa-brands fa-whatsapp\"><\/i> WhatsApp<\/a>\n        <a href=\"https:\/\/www.instagram.com\/car4rent_cannes\/\" target=\"_blank\" rel=\"noopener\"><i class=\"fa-brands fa-instagram\"><\/i> Instagram<\/a>\n        <a href=\"https:\/\/www.linkedin.com\/company\/car4rent\/about\/\" target=\"_blank\" rel=\"noopener\"><i class=\"fa-brands fa-linkedin\"><\/i> LinkedIn<\/a>\n        <a href=\"https:\/\/www.youtube.com\/@car4rentcannes839\" target=\"_blank\" rel=\"noopener\"><i class=\"fa-brands fa-youtube\"><\/i> YouTube<\/a>\n    <\/div>\n    <\/p>\n<\/div>\n\t\t<\/div><\/div>\n\n","protected":false},"excerpt":{"rendered":"","protected":false},"author":3,"featured_media":29778,"parent":0,"menu_order":725,"comment_status":"closed","ping_status":"closed","template":"","meta":{"_acf_changed":false,"footnotes":""},"class_list":["post-30458","page","type-page","status-publish","has-post-thumbnail","hentry"],"acf":[],"_links":{"self":[{"href":"https:\/\/car4rent.fr\/fr\/wp-json\/wp\/v2\/pages\/30458","targetHints":{"allow":["GET"]}}],"collection":[{"href":"https:\/\/car4rent.fr\/fr\/wp-json\/wp\/v2\/pages"}],"about":[{"href":"https:\/\/car4rent.fr\/fr\/wp-json\/wp\/v2\/types\/page"}],"author":[{"embeddable":true,"href":"https:\/\/car4rent.fr\/fr\/wp-json\/wp\/v2\/users\/3"}],"replies":[{"embeddable":true,"href":"https:\/\/car4rent.fr\/fr\/wp-json\/wp\/v2\/comments?post=30458"}],"version-history":[{"count":0,"href":"https:\/\/car4rent.fr\/fr\/wp-json\/wp\/v2\/pages\/30458\/revisions"}],"wp:featuredmedia":[{"embeddable":true,"href":"https:\/\/car4rent.fr\/fr\/wp-json\/wp\/v2\/media\/29778"}],"wp:attachment":[{"href":"https:\/\/car4rent.fr\/fr\/wp-json\/wp\/v2\/media?parent=30458"}],"curies":[{"name":"wp","href":"https:\/\/api.w.org\/{rel}","templated":true}]}}