{"id":30433,"date":"2023-11-10T16:56:12","date_gmt":"2023-11-10T15:56:12","guid":{"rendered":"https:\/\/car4rent.fr\/location-de-voitures-de-sport-eze\/"},"modified":"2024-03-23T22:48:59","modified_gmt":"2024-03-23T21:48:59","slug":"location-de-voiture-de-sport-a-eze","status":"publish","type":"page","link":"https:\/\/car4rent.fr\/fr\/location-de-voiture-de-sport-a-eze\/","title":{"rendered":"Location de voiture de sport \u00e0 Eze"},"content":{"rendered":"\n<style type=\"text\/css\" data-created_by=\"avia_inline_auto\" id=\"style-css-av-k9iq87co-93daaf4d090aeb3175acf5f164cbcbac\">\n.avia-section.av-k9iq87co-93daaf4d090aeb3175acf5f164cbcbac{\nbackground-repeat:no-repeat;\nbackground-image:url(https:\/\/car4rent.fr\/wp-content\/uploads\/location-voiture-de-sport-a-eze-1.jpg);\nbackground-position:50% 50%;\nbackground-attachment:scroll;\n}\n<\/style>\n<div id='header-section'  class='avia-section av-k9iq87co-93daaf4d090aeb3175acf5f164cbcbac main_color avia-section-huge avia-no-border-styling  avia-builder-el-0  el_before_av_one_full  avia-builder-el-first  avia-full-stretch avia-bg-style-scroll av-minimum-height av-minimum-height-custom av-height-custom  container_wrap fullsize'  data-section-bg-repeat='stretch' data-av_minimum_height_px='450'><div class='container av-section-cont-open' style='height:450px'><main  class='template-page content  av-content-full alpha units'><div class='post-entry post-entry-type-page post-entry-30433'><div class='entry-content-wrapper clearfix'>\n\n<style type=\"text\/css\" data-created_by=\"avia_inline_auto\" id=\"style-css-av-bwpnn18-9e94fed4fa0cfbf23ae0ef126c0fbfb3\">\n.flex_column.av-bwpnn18-9e94fed4fa0cfbf23ae0ef126c0fbfb3{\nborder-radius:0px 0px 0px 0px;\npadding:0px 0px 0px 0px;\n}\n<\/style>\n<div  class='flex_column av-bwpnn18-9e94fed4fa0cfbf23ae0ef126c0fbfb3 av_two_third  avia-builder-el-1  avia-builder-el-no-sibling  first flex_column_div av-zero-column-padding  '     ><style type=\"text\/css\" data-created_by=\"avia_inline_auto\" id=\"style-css-av-levckty7-1bc86bee5d6452599db65d5d226fe55a\">\n#top .av-special-heading.av-levckty7-1bc86bee5d6452599db65d5d226fe55a{\npadding-bottom:10px;\n}\nbody .av-special-heading.av-levckty7-1bc86bee5d6452599db65d5d226fe55a .av-special-heading-tag .heading-char{\nfont-size:25px;\n}\n.av-special-heading.av-levckty7-1bc86bee5d6452599db65d5d226fe55a .av-subheading{\nfont-size:15px;\n}\n<\/style>\n<div  class='av-special-heading av-levckty7-1bc86bee5d6452599db65d5d226fe55a av-special-heading-h5  avia-builder-el-2  avia-builder-el-no-sibling '><h5 class='av-special-heading-tag '  >Location de voiture de sport \u00e0 Eze<\/h5><div class=\"special-heading-border\"><div class=\"special-heading-inner-border\"><\/div><\/div><\/div><\/div><\/div><\/div><\/main><!-- close content main element --><\/div><\/div><div id='after_section_1'  class='main_color av_default_container_wrap container_wrap fullsize'  ><div class='container av-section-cont-open' ><div class='template-page content  av-content-full alpha units'><div class='post-entry post-entry-type-page post-entry-30433'><div class='entry-content-wrapper clearfix'>\n<style type=\"text\/css\" data-created_by=\"avia_inline_auto\" id=\"style-css-av-9s6mecc-2ab9e2df807f2b59b5653cc609d8064f\">\n.flex_column.av-9s6mecc-2ab9e2df807f2b59b5653cc609d8064f{\nborder-radius:0px 0px 0px 0px;\npadding:0px 0px 0px 0px;\n}\n<\/style>\n<div  class='flex_column av-9s6mecc-2ab9e2df807f2b59b5653cc609d8064f av_one_full  avia-builder-el-3  el_after_av_section  el_before_av_hr  avia-builder-el-first  first flex_column_div av-zero-column-padding  '     ><section  class='av_textblock_section av-k9iq5tou-fd78dca57654a395cb569156408b77a5 '  ><div class='avia_textblock' ><h1><strong>Location de voiture de sport \u00e0 Eze : de quoi explorer la C\u00f4te d&rsquo;Azur avec style<\/strong><\/h1>\n<p>Si vous pr\u00e9voyez de visiter la C\u00f4te d&rsquo;Azur, la meilleure fa\u00e7on d&rsquo;explorer la r\u00e9gion est de conduire une voiture de sport.<\/p>\n<p>La location de voiture de sport \u00e0 <a href=\"https:\/\/www.leblogcashpistache.fr\/que-faire-a-eze-village-perche-provence\/\" target=\"_blank\" rel=\"noopener\"><strong>Eze<\/strong><\/a> avec Car4rent vous m\u00e8nera dans un petit village plein de charme et de romantisme. Situ\u00e9 sur les collines azur\u00e9ennes entre Monaco et Nice, vous y arriverez par la moyenne corniche. Louer une voiture de sport \u00e0 Eze vous fera go\u00fbter au plaisir de conduite sur les routes sinueuses vous offrant une vue spectaculaire sur la mer.<\/p>\n<p>La location de voiture prestige et de sport \u00e0 Eze vous permettra de d\u00e9couvrir la r\u00e9gion qui reste un haut-lieu du luxe et de l\u2019\u00e9l\u00e9gance.<\/p>\n<p>Nous pouvons vous proposer les plus belles voitures, les plus performantes des marques de prestige que sont Ferrari, Lamborghini, Porsche, Land Rover, Mercedes AMG, Bentley, Rolls-Royce et autres <a class=\"wpil_keyword_link\" href=\"https:\/\/car4rent.fr\/fr\/categorie-produit\/marques-de-voitures\/audi\/\" title=\"Locations de voitures de luxe Audi\" data-wpil-keyword-link=\"linked\" data-wpil-monitor-id=\"122712\">Audi<\/a> et BMW.<\/p>\n<p><img loading=\"lazy\" decoding=\"async\" class=\"alignnone size-full wp-image-37064\" src=\"https:\/\/car4rent.fr\/wp-content\/uploads\/about-Car4rent-2-1-scaled-2.jpg\" alt=\"location de voiture de sport a eze, Location de voiture exotique, location de voitures de luxe \u00e0 cannes, location de voitures de sport nice a\u00e9roport, Location de voiture de sport Nice A\u00e9roport, Louer une voiture de sport \u00e0 cannes, location de voiture de prestige \u00e0 Monaco, Location de voiture de luxe \u00e0 Cannes, Louer une voiture de luxe sur la C\u00f4te d&#039;Azur,location de voitures de luxe Monaco, Location d&#039;une voiture de sport sur la cote d&#039;azur, Location de voiture de luxe \u00e0 Monaco, Location de voiture de luxe, Location de voiture de luxe pas cher\" width=\"2304\" height=\"1728\" title=\"Car4Rent Cannes\" srcset=\"https:\/\/car4rent.fr\/wp-content\/uploads\/\/about-Car4rent-2-1-scaled-2.jpg 2304w, https:\/\/car4rent.fr\/wp-content\/uploads\/\/about-Car4rent-2-1-scaled-2-300x225.jpg 300w, https:\/\/car4rent.fr\/wp-content\/uploads\/\/about-Car4rent-2-1-scaled-2-1030x773.jpg 1030w, https:\/\/car4rent.fr\/wp-content\/uploads\/\/about-Car4rent-2-1-scaled-2-768x576.jpg 768w, https:\/\/car4rent.fr\/wp-content\/uploads\/\/about-Car4rent-2-1-scaled-2-1536x1152.jpg 1536w, https:\/\/car4rent.fr\/wp-content\/uploads\/\/about-Car4rent-2-1-scaled-2-2048x1536.jpg 2048w, https:\/\/car4rent.fr\/wp-content\/uploads\/\/about-Car4rent-2-1-scaled-2-1500x1125.jpg 1500w, https:\/\/car4rent.fr\/wp-content\/uploads\/\/about-Car4rent-2-1-scaled-2-705x529.jpg 705w, https:\/\/car4rent.fr\/wp-content\/uploads\/\/about-Car4rent-2-1-scaled-2-450x338.jpg 450w\" sizes=\"auto, (max-width: 2304px) 100vw, 2304px\" \/><\/p>\n<h2><strong>Louer une voiture de sport \u00e0 Eze<\/strong><\/h2>\n<p>Que ce soit pour un d\u00e9placement familial ou professionnel, Car4rent est \u00e0 votre service pour que vous profitiez pleinement de la location de voiture de sport \u00e0 Eze, et ce au tarif le plus comp\u00e9titif.<\/p>\n<p>En fonction de vos d\u00e9sirs, vous choisirez puissant SUV, le Lamborghini Urus par exemple, si vous vous d\u00e9placez en famille. Votre voiture vous attendra directement sur votre lieu de vill\u00e9giature ou directement \u00e0 votre arriv\u00e9e \u00e0 l\u2019a\u00e9roport de Nice, le cas \u00e9ch\u00e9ant. Il suffit de demander.<\/p>\n<h3><strong><u>La location de voiture de sport \u00e0 Eze, un refuge de conte de f\u00e9es <\/u><\/strong><\/h3>\n<p>Vous tomberez sous le charme de la <a href=\"https:\/\/generationvoyage.fr\/visiter-cote-azur-faire-voir\/\" target=\"_blank\" rel=\"noopener\"><strong>C\u00f4te d&rsquo;Azur<\/strong><\/a>, avec son riche patrimoine historique et culturel, mais surtout ses sites naturels paradisiaques. Eze semble \u00eatre une escale \u00e0 ne pas manquer. Son atmosph\u00e8re est unique et refl\u00e8te le charme du pass\u00e9.<\/p>\n<p>En effet, le charmant village m\u00e9di\u00e9val \u00e0 flanc de colline, domine la Riviera fran\u00e7aise. Il est depuis des ann\u00e9es une destination romantique de r\u00e9f\u00e9rence. R\u00e9servez une chambre dans l\u2019un des plus beaux h\u00f4tels de charme de la r\u00e9gion, au \u201cCh\u00e2teau Eza\u201d ou \u00e0 \u201cLa Ch\u00e8vre d\u2019Or\u201d. Pr\u00e9parez-vous \u00e0 vivre une exp\u00e9rience de conte de f\u00e9e qui restera grav\u00e9e \u00e0 jamais dans votre m\u00e9moire.<\/p>\n<p>Le panorama \u00e0 360\u00b0 est impressionnant de beaut\u00e9. A l\u2019ouest, vous apercevrez \u00e0 l\u2019horizon Saint-Tropez, au nord les Alpes du sud, \u00e0 l\u2019est la Principaut\u00e9 de Monaco et au sud, par temps clair, la Corse. A vos pieds, l\u2019endroit le plus pris\u00e9 et le plus cher du pays, Saint-Jean-Cap-Ferrat.<\/p>\n<p>Vu sur une carte, Eze semble \u00eatre une presqu\u2019\u00eele, mais vous surplombez en fait la mer M\u00e9diterran\u00e9e.<\/p>\n<h5><strong><u>Un petit village, mais une forte personnalit\u00e9<\/u><\/strong><\/h5>\n<p>Riche de son histoire pass\u00e9e, vous pourrez visiter sa magnifique \u00e9glise et son ch\u0153ur baroque, Notre-Dame de l&rsquo;Assomption.<\/p>\n<p>L\u2019\u00e9dification d\u2019un castellaras (place forte) remonte \u00e0 220 avant J\u00e9sus-Christ. Au X\u00e8me si\u00e8cle, le village est envahi par les Sarrazins, pirates mauresques. La couronne de Savoie reprend le pouvoir en 1388 et dirige la communaut\u00e9 jusqu\u2019en 1706. Le ch\u00e2teau est d\u00e9truit sous Louis XIV. La commune est d\u00e9finitivement rattach\u00e9e \u00e0 la France en 1860.<\/p>\n<h5>A Eze McLaren location, \u00e0 Eze Mercedes AMG GT location, \u00e0 Eze Range Rover Sport location, \u00e0 Eze Rolls Royce location<\/h5>\n<p>Car4rent propose \u00e0 la location diff\u00e9rents mod\u00e8les de voitures de luxe, exotiques les unes, ou spacieuses les autres. GT, Sportives, cabriolets et SUV vous attendent.<\/p>\n<h4><u>La location de voitures luxe avec un service sur mesure<\/u><\/h4>\n<p>La location de voitures de luxe \u00e0 Eze vous int\u00e9resse? Elle peut vous \u00eatre livr\u00e9e \u00e0 Eze ou partout ailleurs en France.<\/p>\n<p><a href=\"https:\/\/car4rent.fr\/fr\/contact\/\"><strong>Contactez-nous<\/strong><\/a> et nous organiserons votre prise en charge totale par une \u00e9quipe d\u00e9vou\u00e9e, discr\u00e8te mais attentive.<\/p>\n<p>Nous partageons la m\u00eame passion.<\/p>\n<\/div><\/section><\/div><div  class='hr av-wszsf0-ede4e34081ed15208f7e96589c42f612 hr-default  avia-builder-el-5  el_after_av_one_full  el_before_av_one_fourth '><span class='hr-inner '><span class=\"hr-inner-style\"><\/span><\/span><\/div><\/p>\n\n<style type=\"text\/css\" data-created_by=\"avia_inline_auto\" id=\"style-css-av-9az2q8s-0675f8a533558c48c3f1eda5248f27d9\">\n.flex_column.av-9az2q8s-0675f8a533558c48c3f1eda5248f27d9{\nborder-radius:0px 0px 0px 0px;\npadding:0px 0px 0px 0px;\n}\n<\/style>\n<div  class='flex_column av-9az2q8s-0675f8a533558c48c3f1eda5248f27d9 av_one_fourth  avia-builder-el-6  el_after_av_hr  el_before_av_one_fourth  first flex_column_div av-zero-column-padding  '     ><section  class='av_textblock_section av-915u918-85af403bfc9e105aa22f4ceabad3a2f8 '  ><div class='avia_textblock' ><h5>Agences \u00e0 l\u2019a\u00e9roport de Nice, Cannes, Monaco et Saint-Tropez<\/h5>\n<hr \/>\n<p>Nous proposons \u00e0 la location des voitures de sport et de luxe, mais \u00e9galement une large gamme de SUV et de cabriolets. D\u00e9couvrez nos voitures de r\u00eave.<\/p>\n<\/div><\/section><\/div>\n<style type=\"text\/css\" data-created_by=\"avia_inline_auto\" id=\"style-css-av-8j43wkc-cac9baf081441730e86d5aa59314a304\">\n.flex_column.av-8j43wkc-cac9baf081441730e86d5aa59314a304{\nborder-radius:0px 0px 0px 0px;\npadding:0px 0px 0px 0px;\n}\n<\/style>\n<div  class='flex_column av-8j43wkc-cac9baf081441730e86d5aa59314a304 av_one_fourth  avia-builder-el-8  el_after_av_one_fourth  el_before_av_one_fourth  flex_column_div av-zero-column-padding  '     ><section  class='av_textblock_section av-87kf1zw-5fa22dce9415d9a1c76c0f15a22689b9 '  ><div class='avia_textblock' ><h5>Un service sur mesure<\/h5>\n<hr \/>\n<p>Une \u00e9quipe d\u00e9vou\u00e9e et attentive se tient \u00e0 votre disposition pour vous fournir toute information ou r\u00e9pondre \u00e0 vos demandes. Votre voiture peut \u00eatre livr\u00e9e sur demande direment \u00e0 votre arriv\u00e9e \u00e0 l&rsquo;a\u00e9roport de Nice, sur votre lieu de vill\u00e9giature, \u00e0 votre hotel ou n&rsquo;importe o\u00f9 en France \u00e0 la destination de votre choix.<\/p>\n<\/div><\/section><\/div>\n<style type=\"text\/css\" data-created_by=\"avia_inline_auto\" id=\"style-css-av-7m58a4c-43be94c40f24f6ab7b2977c53eea8dc2\">\n.flex_column.av-7m58a4c-43be94c40f24f6ab7b2977c53eea8dc2{\nborder-radius:0px 0px 0px 0px;\npadding:0px 0px 0px 0px;\n}\n<\/style>\n<div  class='flex_column av-7m58a4c-43be94c40f24f6ab7b2977c53eea8dc2 av_one_fourth  avia-builder-el-10  el_after_av_one_fourth  el_before_av_one_fourth  flex_column_div av-zero-column-padding  '     ><section  class='av_textblock_section av-72bwu8s-efc39e48f81878b4e67514684fcfda97 '  ><div class='avia_textblock' ><h5>Location de voiture de prestige \u00e0 Eze.<\/h5>\n<hr \/>\n<p>Nous proposons \u00e0 la location des voitures de luxe et de sport, mais \u00e9galement une large gamme de SUV et de cabriolets. D\u00e9couvrez nos voitures de r\u00eave.<\/p>\n<p>Prix \u00e0 partir de 260\u20ac \/ jour.<i><\/i><\/p>\n<\/div><\/section><\/div>\n<style type=\"text\/css\" data-created_by=\"avia_inline_auto\" id=\"style-css-av-6qd3kws-298e24f313bed213d7b82f3097d11155\">\n.flex_column.av-6qd3kws-298e24f313bed213d7b82f3097d11155{\nborder-radius:0px 0px 0px 0px;\npadding:0px 0px 0px 0px;\n}\n<\/style>\n<div  class='flex_column av-6qd3kws-298e24f313bed213d7b82f3097d11155 av_one_fourth  avia-builder-el-12  el_after_av_one_fourth  el_before_av_section  avia-builder-el-last  flex_column_div av-zero-column-padding  '     ><section  class='av_textblock_section av-62kj8vw-26d2ac766ac5439b8515b5da3067fd80 '  ><div class='avia_textblock' ><h5>Test Drive &#8211; Faites de votre r\u00eave une r\u00e9alit\u00e9<\/h5>\n<hr \/>\n<p>Offrez-vous une exp\u00e9rience de conduite unique au volant d&rsquo;une supercar. Prenez le volant d&rsquo;une Lamborghini, d&rsquo;une Ferrari ou d&rsquo;une Porsche sans vous ruiner. Pour des raisons de s\u00e9curit\u00e9, vous roulerez accompagn\u00e9. \u00c0 partir de 195\u20ac pp.<\/p>\n<\/div><\/section><\/div><\/div><\/div><\/div><!-- close content main div --><\/div><\/div>\n<style type=\"text\/css\" data-created_by=\"avia_inline_auto\" id=\"style-css-av-kir09o-3f295aab787241dc01e7750513b545b7\">\n.avia-section.av-kir09o-3f295aab787241dc01e7750513b545b7{\nbackground-color:#27202d;\nbackground-image:unset;\n}\n<\/style>\n<div id='av_section_2'  class='avia-section av-kir09o-3f295aab787241dc01e7750513b545b7 main_color avia-section-default avia-no-shadow  avia-builder-el-14  el_after_av_one_fourth  el_before_av_section  avia-bg-style-scroll container_wrap fullsize'  ><div class='container av-section-cont-open' ><div class='template-page content  av-content-full alpha units'><div class='post-entry post-entry-type-page post-entry-30433'><div class='entry-content-wrapper clearfix'>\n\n<style type=\"text\/css\" data-created_by=\"avia_inline_auto\" id=\"style-css-av-5bbjbfg-01d75873d10ca05fea231be7e1b1dfa1\">\n#top .av-special-heading.av-5bbjbfg-01d75873d10ca05fea231be7e1b1dfa1{\npadding-bottom:10px;\ncolor:#ffffff;\n}\nbody .av-special-heading.av-5bbjbfg-01d75873d10ca05fea231be7e1b1dfa1 .av-special-heading-tag .heading-char{\nfont-size:25px;\n}\n.av-special-heading.av-5bbjbfg-01d75873d10ca05fea231be7e1b1dfa1 .special-heading-inner-border{\nborder-color:#ffffff;\n}\n.av-special-heading.av-5bbjbfg-01d75873d10ca05fea231be7e1b1dfa1 .av-subheading{\nfont-size:15px;\n}\n<\/style>\n<div  class='av-special-heading av-5bbjbfg-01d75873d10ca05fea231be7e1b1dfa1 av-special-heading-h5 custom-color-heading blockquote modern-quote modern-centered  avia-builder-el-15  avia-builder-el-no-sibling '><h5 class='av-special-heading-tag '  >Nos voitures de luxe disponibles \u00e0 la location tri\u00e9es par cat\u00e9gorie<\/h5><div class=\"special-heading-border\"><div class=\"special-heading-inner-border\"><\/div><\/div><\/div>\n<\/div><\/div><\/div><!-- close content main div --><\/div><\/div>\n<style type=\"text\/css\" data-created_by=\"avia_inline_auto\" id=\"style-css-av-3s8pacc-6990eccc39d2357762181ec0f3c04d07\">\n.avia-section.av-3s8pacc-6990eccc39d2357762181ec0f3c04d07{\nbackground-color:#f3f3f3;\nbackground-image:unset;\n}\n<\/style>\n<div id='sectioncustom'  class='avia-section av-3s8pacc-6990eccc39d2357762181ec0f3c04d07 main_color avia-section-default avia-no-border-styling  avia-builder-el-16  el_after_av_section  el_before_av_google_map  avia-bg-style-scroll container_wrap fullsize'  ><div class='container av-section-cont-open' ><div class='template-page content  av-content-full alpha units'><div class='post-entry post-entry-type-page post-entry-30433'><div class='entry-content-wrapper clearfix'>\n\n<style type=\"text\/css\" data-created_by=\"avia_inline_auto\" id=\"style-css-av-3a7zdlo-7f090fc4fc0dcf402d003028a06f9b08\">\n#top .av-special-heading.av-3a7zdlo-7f090fc4fc0dcf402d003028a06f9b08{\npadding-bottom:0;\n}\nbody .av-special-heading.av-3a7zdlo-7f090fc4fc0dcf402d003028a06f9b08 .av-special-heading-tag .heading-char{\nfont-size:25px;\n}\n.av-special-heading.av-3a7zdlo-7f090fc4fc0dcf402d003028a06f9b08 .av-subheading{\nfont-size:15px;\n}\n<\/style>\n<div  class='av-special-heading av-3a7zdlo-7f090fc4fc0dcf402d003028a06f9b08 av-special-heading-h5 blockquote modern-quote modern-centered  avia-builder-el-17  avia-builder-el-no-sibling '><h5 class='av-special-heading-tag '  >Notre agence de location de voitures <\/h5><div class=\"special-heading-border\"><div class=\"special-heading-inner-border\"><\/div><\/div><\/div>\n<div  class='av_gmaps_sc_main_wrap av_gmaps_main_wrap '><div id='av_gmap_0' class='avia-google-map-container avia-google-map-sc av_gmaps_show_unconditionally av-no-fallback-img ' data-mapid='av_gmap_0'  style='height: 400px;'><a class=\"av_gmaps_browser_disabled av_text_confirm_link av_text_confirm_link_visible\" href=\"https:\/\/www.google.com\/maps\/search\/?api=1&#038;query=Quai%20Max%20Laubeuf%2006400%20%20%20Cannes%20%20France\" target=\"_blank\" rel=\"noopener\">Les cartes ont \u00e9t\u00e9 d\u00e9sactiv\u00e9es par le visiteur sur ce site. Cliquer pour ouvrir la carte dans une nouvelle fen\u00eatre.<\/a><\/div><\/div><\/p>\n\n<style type=\"text\/css\" data-created_by=\"avia_inline_auto\" id=\"style-css-av-2ncxqxo-f5b06c47f65d2a422f2f774ac8baffe9\">\n.avia-section.av-2ncxqxo-f5b06c47f65d2a422f2f774ac8baffe9{\nbackground-color:#6834bd;\nbackground-image:unset;\n}\n<\/style>\n<div id='av_section_4'  class='avia-section av-2ncxqxo-f5b06c47f65d2a422f2f774ac8baffe9 main_color avia-section-default avia-no-border-styling  avia-builder-el-19  el_after_av_google_map  el_before_av_section  avia-bg-style-scroll container_wrap fullsize'  ><div class='container av-section-cont-open' ><div class='template-page content  av-content-full alpha units'><div class='post-entry post-entry-type-page post-entry-30433'><div class='entry-content-wrapper clearfix'>\n\n<style type=\"text\/css\" data-created_by=\"avia_inline_auto\" id=\"style-css-av-25b7egs-28e52bbc268a72f0b69eb3b2cd58a9b3\">\n#top .av-special-heading.av-25b7egs-28e52bbc268a72f0b69eb3b2cd58a9b3{\npadding-bottom:10px;\ncolor:#ffffff;\nfont-size:30px;\n}\nbody .av-special-heading.av-25b7egs-28e52bbc268a72f0b69eb3b2cd58a9b3 .av-special-heading-tag .heading-char{\nfont-size:25px;\n}\n#top #wrap_all .av-special-heading.av-25b7egs-28e52bbc268a72f0b69eb3b2cd58a9b3 .av-special-heading-tag{\nfont-size:30px;\n}\n.av-special-heading.av-25b7egs-28e52bbc268a72f0b69eb3b2cd58a9b3 .special-heading-inner-border{\nborder-color:#ffffff;\n}\n.av-special-heading.av-25b7egs-28e52bbc268a72f0b69eb3b2cd58a9b3 .av-subheading{\nfont-size:15px;\n}\n\n@media only screen and (min-width: 480px) and (max-width: 767px){ \n#top #wrap_all .av-special-heading.av-25b7egs-28e52bbc268a72f0b69eb3b2cd58a9b3 .av-special-heading-tag{\nfont-size:0.8em;\n}\n}\n\n@media only screen and (max-width: 479px){ \n#top #wrap_all .av-special-heading.av-25b7egs-28e52bbc268a72f0b69eb3b2cd58a9b3 .av-special-heading-tag{\nfont-size:0.8em;\n}\n}\n<\/style>\n<div  class='av-special-heading av-25b7egs-28e52bbc268a72f0b69eb3b2cd58a9b3 av-special-heading-h5 custom-color-heading blockquote modern-quote modern-centered  avia-builder-el-20  el_before_av_button  avia-builder-el-first  av-inherit-size'><h5 class='av-special-heading-tag '  >La location de voiture de sport \u00e0 Eze avec Car4rent &#8211; Rien n\u2019est plus facile<\/h5><div class=\"special-heading-border\"><div class=\"special-heading-inner-border\"><\/div><\/div><\/div>\n<div  class='avia-button-wrap av-1ipkf5o-1c4677f0221471e35b71215b9f61e6cd-wrap avia-button-center  avia-builder-el-21  el_after_av_heading  avia-builder-el-last '><a href=\"https:\/\/car4rent.fr\/fr\/contact\/\" class=\"avia-button av-1ipkf5o-1c4677f0221471e35b71215b9f61e6cd av-link-btn avia-icon_select-yes-left-icon avia-size-large avia-position-center avia-color-grey\" aria-label=\"Contactez l\u2019un de nos experts !\"><span class='avia_button_icon avia_button_icon_left avia-iconfont avia-font-entypo-fontello' data-av_icon='\ue85d' data-av_iconfont='entypo-fontello' ><\/span><span class='avia_iconbox_title' >Contactez l\u2019un de nos experts !<\/span><\/a><\/div>\n<\/div><\/div><\/div><!-- close content main div --><\/div><\/div><div id='av_section_5'  class='avia-section av-15ocpb0-b3bdae54a0a3f2596834e2437bd11638 main_color avia-section-default avia-no-border-styling  avia-builder-el-22  el_after_av_section  avia-builder-el-last  avia-bg-style-scroll container_wrap fullsize'  ><div class='container av-section-cont-open' ><div class='template-page content  av-content-full alpha units'><div class='post-entry post-entry-type-page post-entry-30433'><div class='entry-content-wrapper clearfix'>\n<div  class='avia-builder-widget-area clearfix  avia-builder-el-23  avia-builder-el-no-sibling '><div id=\"text-9\" class=\"widget clearfix widget_text\">\t\t\t<div class=\"textwidget\"><p style=\"text-align: center;\">    <div class=\"car4rent-share-block car4rent-fr\">\n        <a href=\"https:\/\/www.facebook.com\/sharer\/sharer.php?u=\" target=\"_blank\" rel=\"noopener\"><i class=\"fa-brands fa-facebook\"><\/i> Partager<\/a>\n        <a href=\"https:\/\/x.com\/intent\/tweet?url=&amp;text=\" target=\"_blank\" rel=\"noopener\"><i class=\"fa-brands fa-x-twitter\"><\/i> X<\/a>\n        <a href=\"https:\/\/wa.me\/?text=%20\" target=\"_blank\" rel=\"noopener\"><i class=\"fa-brands fa-whatsapp\"><\/i> WhatsApp<\/a>\n        <a href=\"https:\/\/www.instagram.com\/car4rent_cannes\/\" target=\"_blank\" rel=\"noopener\"><i class=\"fa-brands fa-instagram\"><\/i> Instagram<\/a>\n        <a href=\"https:\/\/www.linkedin.com\/company\/car4rent\/about\/\" target=\"_blank\" rel=\"noopener\"><i class=\"fa-brands fa-linkedin\"><\/i> LinkedIn<\/a>\n        <a href=\"https:\/\/www.youtube.com\/@car4rentcannes839\" target=\"_blank\" rel=\"noopener\"><i class=\"fa-brands fa-youtube\"><\/i> YouTube<\/a>\n    <\/div>\n    <\/p>\n<\/div>\n\t\t<\/div><\/div>\n<\/p>\n","protected":false},"excerpt":{"rendered":"","protected":false},"author":3,"featured_media":31783,"parent":0,"menu_order":1835,"comment_status":"closed","ping_status":"closed","template":"","meta":{"_acf_changed":false,"footnotes":""},"class_list":["post-30433","page","type-page","status-publish","has-post-thumbnail","hentry"],"acf":[],"_links":{"self":[{"href":"https:\/\/car4rent.fr\/fr\/wp-json\/wp\/v2\/pages\/30433","targetHints":{"allow":["GET"]}}],"collection":[{"href":"https:\/\/car4rent.fr\/fr\/wp-json\/wp\/v2\/pages"}],"about":[{"href":"https:\/\/car4rent.fr\/fr\/wp-json\/wp\/v2\/types\/page"}],"author":[{"embeddable":true,"href":"https:\/\/car4rent.fr\/fr\/wp-json\/wp\/v2\/users\/3"}],"replies":[{"embeddable":true,"href":"https:\/\/car4rent.fr\/fr\/wp-json\/wp\/v2\/comments?post=30433"}],"version-history":[{"count":0,"href":"https:\/\/car4rent.fr\/fr\/wp-json\/wp\/v2\/pages\/30433\/revisions"}],"wp:featuredmedia":[{"embeddable":true,"href":"https:\/\/car4rent.fr\/fr\/wp-json\/wp\/v2\/media\/31783"}],"wp:attachment":[{"href":"https:\/\/car4rent.fr\/fr\/wp-json\/wp\/v2\/media?parent=30433"}],"curies":[{"name":"wp","href":"https:\/\/api.w.org\/{rel}","templated":true}]}}