{"id":30430,"date":"2023-11-10T16:56:12","date_gmt":"2023-11-10T15:56:12","guid":{"rendered":"https:\/\/car4rent.fr\/louer-une-voiture-de-sport\/"},"modified":"2024-11-05T11:30:41","modified_gmt":"2024-11-05T10:30:41","slug":"louer-une-voiture-de-sport","status":"publish","type":"page","link":"https:\/\/car4rent.fr\/fr\/louer-une-voiture-de-sport\/","title":{"rendered":"Louer une voiture de sport"},"content":{"rendered":"\n<style type=\"text\/css\" data-created_by=\"avia_inline_auto\" id=\"style-css-av-k9iq87co-124b8a375562b7ba8f62553752a3a1ea\">\n.avia-section.av-k9iq87co-124b8a375562b7ba8f62553752a3a1ea{\nbackground-repeat:no-repeat;\nbackground-image:url(https:\/\/car4rent.fr\/wp-content\/uploads\/488-verdon.jpg);\nbackground-position:50% 0%;\nbackground-attachment:scroll;\n}\n<\/style>\n<div id='header-section'  class='avia-section av-k9iq87co-124b8a375562b7ba8f62553752a3a1ea main_color avia-section-huge avia-no-border-styling  avia-builder-el-0  el_before_av_one_full  avia-builder-el-first  avia-full-stretch avia-bg-style-scroll av-minimum-height av-minimum-height-custom av-height-custom  container_wrap fullsize'  data-section-bg-repeat='stretch' data-av_minimum_height_px='700'><div class='container av-section-cont-open' style='height:700px'><main  class='template-page content  av-content-full alpha units'><div class='post-entry post-entry-type-page post-entry-30430'><div class='entry-content-wrapper clearfix'>\n<div  class='flex_column av-s3yu5e-6bcf67fef3e1f365e125d82c40bd75c4 av_one_full  avia-builder-el-1  avia-builder-el-no-sibling  first flex_column_div  '     ><style type=\"text\/css\" data-created_by=\"avia_inline_auto\" id=\"style-css-av-lfftqfyl-f820e2a31ffe59789f058660aca7ebdb\">\n#top .av-special-heading.av-lfftqfyl-f820e2a31ffe59789f058660aca7ebdb{\npadding-bottom:10px;\n}\nbody .av-special-heading.av-lfftqfyl-f820e2a31ffe59789f058660aca7ebdb .av-special-heading-tag .heading-char{\nfont-size:25px;\n}\n.av-special-heading.av-lfftqfyl-f820e2a31ffe59789f058660aca7ebdb .av-subheading{\nfont-size:15px;\n}\n<\/style>\n<div  class='av-special-heading av-lfftqfyl-f820e2a31ffe59789f058660aca7ebdb av-special-heading-h1  avia-builder-el-2  avia-builder-el-no-sibling '><h1 class='av-special-heading-tag '  >Louer une voiture de sport<\/h1><div class=\"special-heading-border\"><div class=\"special-heading-inner-border\"><\/div><\/div><\/div><\/div>\n<\/div><\/div><\/main><!-- close content main element --><\/div><\/div><div id='after_section_1'  class='main_color av_default_container_wrap container_wrap fullsize'  ><div class='container av-section-cont-open' ><div class='template-page content  av-content-full alpha units'><div class='post-entry post-entry-type-page post-entry-30430'><div class='entry-content-wrapper clearfix'>\n\n<style type=\"text\/css\" data-created_by=\"avia_inline_auto\" id=\"style-css-av-k9of881m-8b75821c00ec2c33f438de9a772a6e49\">\n.flex_column.av-k9of881m-8b75821c00ec2c33f438de9a772a6e49{\nborder-radius:0px 0px 0px 0px;\npadding:0px 0px 0px 0px;\nbackground-color:#ffffff;\n}\n<\/style>\n<div  class='flex_column av-k9of881m-8b75821c00ec2c33f438de9a772a6e49 av_one_full  avia-builder-el-3  el_after_av_section  el_before_av_hr  avia-builder-el-first  first flex_column_div av-zero-column-padding  '     ><section  class='av_textblock_section av-k9iq5tou-a3a1282c082146c43128296256d532aa '  ><div class='avia_textblock' ><h1><strong>Louer une voiture de sport<\/strong><\/h1>\n<p>Louer une voiture de sport avec Car4rent, c\u2019est la garantie de conduire la voiture de vos r\u00eaves au meilleur prix lors de votre prochain s\u00e9jour en France. Faites votre choix et partez au volant d\u2019une Ferrari, Lamborghini, Porsche, Land Rover, Mercedes AMG, Bentley, Rolls-Royce, et autres Audi et BMW.<\/p>\n<p>Nous sommes les sp\u00e9cialistes de la location de voitures de sport et la location de voitures de luxe, mais pouvons \u00e9galement vous proposer de magnifiques cabriolets et luxueux SUV. Nous pouvons \u00e9galement organiser vos d\u00e9placements en France, mais \u00e9galement vos week-ends en amoureux ou en famille.<\/p>\n<p><span style=\"font-size: 14pt;\">Louer une voiture de sport<\/span><\/p>\n<p>Puissance, Performances et Qualit\u00e9s routi\u00e8res hors du commun, c\u2019est ce qui qualifie le mieux ces m\u00e9caniques de pr\u00e9cision que sont les voitures de sport. Exp\u00e9rimentez la conduite d\u2019une voiture d\u2019exception et voyagez avec style avec le mod\u00e8le de votre choix. Car4rent est l\u2019un des principaux prestataires pour la location de voitures de sport et la location de voitures de luxe en France, et peut vous offrir une large s\u00e9lection de voitures de location de prestige.<\/p>\n<p>Cela signifie que si vous \u00eates \u00e0 la recherche d\u2019un v\u00e9hicule, que ce soit pour un d\u00e9placement professionnel, familial ou seulement pour vous faire Plaisir, vous trouverez chez nous le v\u00e9hicule qui correspond \u00e0 vos d\u00e9sirs.<\/p>\n<h3>Louer une voiture de sport pas cher<\/h3>\n<p>Bien que nous soyons implant\u00e9s sur la <a href=\"https:\/\/generationvoyage.fr\/visiter-cote-azur-faire-voir\/\" target=\"_blank\" rel=\"noopener\"><strong>C\u00f4te d\u2019Azur<\/strong><\/a>, louer une voiture de sport avec Car4rent reste votre meilleure option. Vous trouverez les meilleurs prix de la r\u00e9gion. Votre v\u00e9hicule peut vous \u00eatre livr\u00e9 partout en France, directement \u00e0 votre descente de l\u2019avion \u00e0 l\u2019a\u00e9roport, ou \u00e0 n\u2019importe quelle adresse de votre choix. Nous pouvons vous offrir une flexibilit\u00e9 totale, que vous choisissiez de louer votre voiture de sport pour un jour, un week-end, une semaine ou plus.<\/p>\n<p>Nous sommes tr\u00e8s fiers de pouvoir vous offrir un service \u00e0 la carte gr\u00e2ce une \u00e9quipe d\u00e9vou\u00e9e et attentive, qui peut \u00e9galement se faire discr\u00e8te, de quoi vous assurer de profiter au maximum de votre voiture de sport de location.<\/p>\n<p>La location voiture de luxe avec Car4rent, c\u2019est passer du r\u00eave \u00e0 la r\u00e9alit\u00e9 en conduisant la voiture de vos r\u00eaves.<\/p>\n<p>La location voiture de sport avec Car4rent, c\u2019est trouver les plus belles voitures de location, les plus performantes et les derniers mod\u00e8les de vos voitures pr\u00e9f\u00e9r\u00e9es.<\/p>\n<p>La location de voiture sport avec Car4rent, c\u2019est louer au meilleur prix.<\/p>\n<p>Prenez <a href=\"https:\/\/car4rent.fr\/fr\/contact\/\"><strong>contact<\/strong><\/a> avec nous sans plus tarder pour obtenir tout renseignement et r\u00e9server votre voiture de sport de location.<\/p>\n<\/div><\/section><\/div><div  class='hr av-r408yh-5fc29ed8e5abe90cc5953910efd3a584 hr-default  avia-builder-el-5  el_after_av_one_full  el_before_av_one_fourth '><span class='hr-inner '><span class=\"hr-inner-style\"><\/span><\/span><\/div><\/p>\n\n<style type=\"text\/css\" data-created_by=\"avia_inline_auto\" id=\"style-css-av-9j4h5a1-6e828a1197b9444f95d3c7ec7fb82938\">\n.flex_column.av-9j4h5a1-6e828a1197b9444f95d3c7ec7fb82938{\nborder-radius:0px 0px 0px 0px;\npadding:0px 0px 0px 0px;\n}\n<\/style>\n<div  class='flex_column av-9j4h5a1-6e828a1197b9444f95d3c7ec7fb82938 av_one_fourth  avia-builder-el-6  el_after_av_hr  el_before_av_one_fourth  first flex_column_div av-zero-column-padding  '     ><section  class='av_textblock_section av-8wzml89-2b80783706aabf533d7977da87f21ef0 '  ><div class='avia_textblock' ><h2>Agences \u00e0 Cannes, Saint-Tropez, Monaco et \u00e0 l&rsquo;a\u00e9roport de Nice.<\/h2>\n<\/div><\/section><\/div>\n\n<style type=\"text\/css\" data-created_by=\"avia_inline_auto\" id=\"style-css-av-8cxm7x5-0dfd1be948133d5958731c1141e89316\">\n.flex_column.av-8cxm7x5-0dfd1be948133d5958731c1141e89316{\nborder-radius:0px 0px 0px 0px;\npadding:0px 0px 0px 0px;\n}\n<\/style>\n<div  class='flex_column av-8cxm7x5-0dfd1be948133d5958731c1141e89316 av_one_fourth  avia-builder-el-8  el_after_av_one_fourth  el_before_av_one_fourth  flex_column_div av-zero-column-padding  '     ><section  class='av_textblock_section av-sl1yyh-58401a45bbfca01485bb12f5ae7e0e5f '  ><div class='avia_textblock' ><h2>Livraison o\u00f9 vous le souhaitez au pas de votre porte, \u00e0 l&rsquo;hotel, sur votre lieu de vill\u00e9giature ou directement \u00e0 votre arriv\u00e9e \u00e0 l&rsquo;a\u00e9roport.<\/h2>\n<\/div><\/section><\/div>\n\n<style type=\"text\/css\" data-created_by=\"avia_inline_auto\" id=\"style-css-av-7t2xhcp-04a64ffc63980df57546af05384a54fd\">\n.flex_column.av-7t2xhcp-04a64ffc63980df57546af05384a54fd{\nborder-radius:0px 0px 0px 0px;\npadding:0px 0px 0px 0px;\n}\n<\/style>\n<div  class='flex_column av-7t2xhcp-04a64ffc63980df57546af05384a54fd av_one_fourth  avia-builder-el-10  el_after_av_one_fourth  el_before_av_one_fourth  flex_column_div av-zero-column-padding  '     ><section  class='av_textblock_section av-77ozpuh-eb49851daa2836140759ef0d81c7dfdd '  ><div class='avia_textblock' ><h2>Location de voitures sport, grand choix de v\u00e9hicules de luxe, sport, d\u00e9capotables et SUV.<i><br \/>\n<\/i><\/h2>\n<\/div><\/section><\/div>\n<style type=\"text\/css\" data-created_by=\"avia_inline_auto\" id=\"style-css-av-6mik0k9-58ba2370392ede1c671764d02dbf6948\">\n.flex_column.av-6mik0k9-58ba2370392ede1c671764d02dbf6948{\nborder-radius:0px 0px 0px 0px;\npadding:0px 0px 0px 0px;\n}\n<\/style>\n<div  class='flex_column av-6mik0k9-58ba2370392ede1c671764d02dbf6948 av_one_fourth  avia-builder-el-12  el_after_av_one_fourth  el_before_av_section  avia-builder-el-last  flex_column_div av-zero-column-padding  '     ><section  class='av_textblock_section av-64i2ogp-66548aea0352cdde9b58db15362b0175 '  ><div class='avia_textblock' ><h2>Une \u00e9quipe d\u00e9vou\u00e9e et attentive \u00e0 votre service.<\/h2>\n<\/div><\/section><\/div><\/p>\n<\/div><\/div><\/div><!-- close content main div --><\/div><\/div>\n<style type=\"text\/css\" data-created_by=\"avia_inline_auto\" id=\"style-css-av-43kcsd5-d3ef79113910887a7bfd29c8c2ab4614\">\n.avia-section.av-43kcsd5-d3ef79113910887a7bfd29c8c2ab4614{\nbackground-color:#f3f3f3;\nbackground-image:unset;\n}\n<\/style>\n<div id='sectioncustom'  class='avia-section av-43kcsd5-d3ef79113910887a7bfd29c8c2ab4614 main_color avia-section-default avia-no-border-styling  avia-builder-el-14  el_after_av_one_fourth  el_before_av_google_map  avia-bg-style-scroll container_wrap fullsize'  ><div class='container av-section-cont-open' ><div class='template-page content  av-content-full alpha units'><div class='post-entry post-entry-type-page post-entry-30430'><div class='entry-content-wrapper clearfix'>\n\n<style type=\"text\/css\" data-created_by=\"avia_inline_auto\" id=\"style-css-av-3jspczd-381a934ac4b7d0afddc25a7aaa6107e5\">\n#top .av-special-heading.av-3jspczd-381a934ac4b7d0afddc25a7aaa6107e5{\npadding-bottom:0;\n}\nbody .av-special-heading.av-3jspczd-381a934ac4b7d0afddc25a7aaa6107e5 .av-special-heading-tag .heading-char{\nfont-size:25px;\n}\n.av-special-heading.av-3jspczd-381a934ac4b7d0afddc25a7aaa6107e5 .av-subheading{\nfont-size:15px;\n}\n<\/style>\n<div  class='av-special-heading av-3jspczd-381a934ac4b7d0afddc25a7aaa6107e5 av-special-heading-h2 blockquote modern-quote modern-centered  avia-builder-el-15  avia-builder-el-no-sibling '><h2 class='av-special-heading-tag '  >Notre agence de location de voitures <\/h2><div class=\"special-heading-border\"><div class=\"special-heading-inner-border\"><\/div><\/div><\/div>\n\n<div  class='av_gmaps_sc_main_wrap av_gmaps_main_wrap '><div id='av_gmap_0' class='avia-google-map-container avia-google-map-sc av_gmaps_show_unconditionally av-no-fallback-img ' data-mapid='av_gmap_0'  style='height: 400px;'><a class=\"av_gmaps_browser_disabled av_text_confirm_link av_text_confirm_link_visible\" href=\"https:\/\/www.google.com\/maps\/search\/?api=1&#038;query=Quai%20Max%20Laubeuf%2006400%20%20%20Cannes%20%20France\" target=\"_blank\" rel=\"noopener\">Les cartes ont \u00e9t\u00e9 d\u00e9sactiv\u00e9es par le visiteur sur ce site. Cliquer pour ouvrir la carte dans une nouvelle fen\u00eatre.<\/a><\/div><\/div>\n\n<style type=\"text\/css\" data-created_by=\"avia_inline_auto\" id=\"style-css-av-2ddmnh5-bbd5dd00de2854828f851bcdfc153f73\">\n.avia-section.av-2ddmnh5-bbd5dd00de2854828f851bcdfc153f73{\nbackground-color:#6834bd;\nbackground-image:unset;\n}\n<\/style>\n<div id='av_section_3'  class='avia-section av-2ddmnh5-bbd5dd00de2854828f851bcdfc153f73 main_color avia-section-default avia-no-border-styling  avia-builder-el-17  el_after_av_google_map  el_before_av_section  avia-bg-style-scroll container_wrap fullsize'  ><div class='container av-section-cont-open' ><div class='template-page content  av-content-full alpha units'><div class='post-entry post-entry-type-page post-entry-30430'><div class='entry-content-wrapper clearfix'>\n\n<style type=\"text\/css\" data-created_by=\"avia_inline_auto\" id=\"style-css-av-28aqaft-bcf8d24f090868615706456898b90306\">\n#top .av-special-heading.av-28aqaft-bcf8d24f090868615706456898b90306{\npadding-bottom:10px;\ncolor:#ffffff;\nfont-size:30px;\n}\nbody .av-special-heading.av-28aqaft-bcf8d24f090868615706456898b90306 .av-special-heading-tag .heading-char{\nfont-size:25px;\n}\n#top #wrap_all .av-special-heading.av-28aqaft-bcf8d24f090868615706456898b90306 .av-special-heading-tag{\nfont-size:30px;\n}\n.av-special-heading.av-28aqaft-bcf8d24f090868615706456898b90306 .special-heading-inner-border{\nborder-color:#ffffff;\n}\n.av-special-heading.av-28aqaft-bcf8d24f090868615706456898b90306 .av-subheading{\nfont-size:15px;\n}\n\n@media only screen and (min-width: 480px) and (max-width: 767px){ \n#top #wrap_all .av-special-heading.av-28aqaft-bcf8d24f090868615706456898b90306 .av-special-heading-tag{\nfont-size:0.8em;\n}\n}\n\n@media only screen and (max-width: 479px){ \n#top #wrap_all .av-special-heading.av-28aqaft-bcf8d24f090868615706456898b90306 .av-special-heading-tag{\nfont-size:0.8em;\n}\n}\n<\/style>\n<div  class='av-special-heading av-28aqaft-bcf8d24f090868615706456898b90306 av-special-heading-h4 custom-color-heading blockquote modern-quote modern-centered  avia-builder-el-18  el_before_av_button  avia-builder-el-first  av-inherit-size'><h4 class='av-special-heading-tag '  >Votre voiture de sport peut vous \u00eatre livr\u00e9e o\u00f9 vous le souhaitez<\/h4><div class=\"special-heading-border\"><div class=\"special-heading-inner-border\"><\/div><\/div><\/div>\n<div  class='avia-button-wrap av-1hycwxl-8817ba7b2960b6b95c98b72b12707988-wrap avia-button-center  avia-builder-el-19  el_after_av_heading  avia-builder-el-last '><a href=\"https:\/\/car4rent.fr\/fr\/contact\/\" class=\"avia-button av-1hycwxl-8817ba7b2960b6b95c98b72b12707988 av-link-btn avia-icon_select-yes-left-icon avia-size-large avia-position-center avia-color-grey\" aria-label=\"Contactez l\u2019un de nos experts !\"><span class='avia_button_icon avia_button_icon_left avia-iconfont avia-font-entypo-fontello' data-av_icon='\ue85d' data-av_iconfont='entypo-fontello' ><\/span><span class='avia_iconbox_title' >Contactez l\u2019un de nos experts !<\/span><\/a><\/div>\n\n<\/div><\/div><\/div><!-- close content main div --><\/div><\/div><div id='av_section_4'  class='avia-section av-4039mq-dfa75b3bb18b531d5c5764d9e2844009 main_color avia-section-default avia-no-border-styling  avia-builder-el-20  el_after_av_section  avia-builder-el-last  avia-bg-style-scroll container_wrap fullsize'  ><div class='container av-section-cont-open' ><div class='template-page content  av-content-full alpha units'><div class='post-entry post-entry-type-page post-entry-30430'><div class='entry-content-wrapper clearfix'>\n<div  class='avia-builder-widget-area clearfix  avia-builder-el-21  avia-builder-el-no-sibling '><div id=\"text-9\" class=\"widget clearfix widget_text\">\t\t\t<div class=\"textwidget\"><p style=\"text-align: center;\">    <div class=\"car4rent-share-block car4rent-fr\">\n        <a href=\"https:\/\/www.facebook.com\/sharer\/sharer.php?u=\" target=\"_blank\" rel=\"noopener\"><i class=\"fa-brands fa-facebook\"><\/i> Partager<\/a>\n        <a href=\"https:\/\/x.com\/intent\/tweet?url=&amp;text=\" target=\"_blank\" rel=\"noopener\"><i class=\"fa-brands fa-x-twitter\"><\/i> X<\/a>\n        <a href=\"https:\/\/wa.me\/?text=%20\" target=\"_blank\" rel=\"noopener\"><i class=\"fa-brands fa-whatsapp\"><\/i> WhatsApp<\/a>\n        <a href=\"https:\/\/www.instagram.com\/car4rent_cannes\/\" target=\"_blank\" rel=\"noopener\"><i class=\"fa-brands fa-instagram\"><\/i> Instagram<\/a>\n        <a href=\"https:\/\/www.linkedin.com\/company\/car4rent\/about\/\" target=\"_blank\" rel=\"noopener\"><i class=\"fa-brands fa-linkedin\"><\/i> LinkedIn<\/a>\n        <a href=\"https:\/\/www.youtube.com\/@car4rentcannes839\" target=\"_blank\" rel=\"noopener\"><i class=\"fa-brands fa-youtube\"><\/i> YouTube<\/a>\n    <\/div>\n    <\/p>\n<\/div>\n\t\t<\/div><\/div>\n\n","protected":false},"excerpt":{"rendered":"","protected":false},"author":3,"featured_media":29805,"parent":0,"menu_order":630,"comment_status":"closed","ping_status":"closed","template":"","meta":{"_acf_changed":false,"footnotes":""},"class_list":["post-30430","page","type-page","status-publish","has-post-thumbnail","hentry"],"acf":[],"_links":{"self":[{"href":"https:\/\/car4rent.fr\/fr\/wp-json\/wp\/v2\/pages\/30430","targetHints":{"allow":["GET"]}}],"collection":[{"href":"https:\/\/car4rent.fr\/fr\/wp-json\/wp\/v2\/pages"}],"about":[{"href":"https:\/\/car4rent.fr\/fr\/wp-json\/wp\/v2\/types\/page"}],"author":[{"embeddable":true,"href":"https:\/\/car4rent.fr\/fr\/wp-json\/wp\/v2\/users\/3"}],"replies":[{"embeddable":true,"href":"https:\/\/car4rent.fr\/fr\/wp-json\/wp\/v2\/comments?post=30430"}],"version-history":[{"count":0,"href":"https:\/\/car4rent.fr\/fr\/wp-json\/wp\/v2\/pages\/30430\/revisions"}],"wp:featuredmedia":[{"embeddable":true,"href":"https:\/\/car4rent.fr\/fr\/wp-json\/wp\/v2\/media\/29805"}],"wp:attachment":[{"href":"https:\/\/car4rent.fr\/fr\/wp-json\/wp\/v2\/media?parent=30430"}],"curies":[{"name":"wp","href":"https:\/\/api.w.org\/{rel}","templated":true}]}}