{"id":30429,"date":"2023-11-10T16:56:12","date_gmt":"2023-11-10T15:56:12","guid":{"rendered":"https:\/\/car4rent.fr\/louer-une-aston-martin\/"},"modified":"2025-05-30T18:35:51","modified_gmt":"2025-05-30T16:35:51","slug":"louer-une-aston-martin","status":"publish","type":"page","link":"https:\/\/car4rent.fr\/fr\/louer-une-aston-martin\/","title":{"rendered":"Louer une Aston Martin"},"content":{"rendered":"\n<style type=\"text\/css\" data-created_by=\"avia_inline_auto\" id=\"style-css-av-14wrjk8-1aa448c5054acc1a042b555eb23df49f\">\n.avia-section.av-14wrjk8-1aa448c5054acc1a042b555eb23df49f .av-parallax .av-parallax-inner{\nbackground-repeat:no-repeat;\nbackground-image:url(https:\/\/car4rent.fr\/wp-content\/uploads\/rent-aston-martin.jpg);\nbackground-position:50% 50%;\nbackground-attachment:scroll;\n}\n<\/style>\n<div id='av_section_1'  class='avia-section av-14wrjk8-1aa448c5054acc1a042b555eb23df49f main_color avia-section-huge avia-no-border-styling  avia-builder-el-0  el_before_av_section  avia-builder-el-first  avia-full-stretch av-parallax-section avia-bg-style-parallax av-minimum-height av-minimum-height-50 av-height-50  container_wrap fullsize'  data-section-bg-repeat='stretch' data-av_minimum_height_pc='50' data-av_min_height_opt='50'><div class='av-parallax' data-avia-parallax-ratio='0.3' ><div class='av-parallax-inner main_color avia-full-stretch'><\/div><\/div><div class=\"av-section-color-overlay-wrap\"><a href='#next-section' title='' class='scroll-down-link  avia-svg-icon avia-font-svg_entypo-fontello' data-av_svg_icon='down-open-mini' data-av_iconset='svg_entypo-fontello'><svg version=\"1.1\" xmlns=\"http:\/\/www.w3.org\/2000\/svg\" width=\"15\" height=\"32\" viewBox=\"0 0 15 32\" preserveAspectRatio=\"xMidYMid meet\" aria-labelledby='av-svg-title-1' aria-describedby='av-svg-desc-1' role=\"graphics-symbol\" aria-hidden=\"true\">\n<title id='av-svg-title-1'>Scroller vers la prochaine section<\/title>\n<desc id='av-svg-desc-1'>Scroller vers la prochaine section<\/desc>\n<path d=\"M12.96 12.16q0.704-0.832 1.536 0 0.832 0.704 0 1.536l-6.272 6.144q-0.704 0.704-1.536 0l-6.272-6.144q-0.832-0.832 0-1.536 0.768-0.768 1.6 0l5.44 4.992z\"><\/path>\n<\/svg><\/a><div class='container av-section-cont-open' ><main  class='template-page content  av-content-full alpha units'><div class='post-entry post-entry-type-page post-entry-30429'><div class='entry-content-wrapper clearfix'>\n\n<style type=\"text\/css\" data-created_by=\"avia_inline_auto\" id=\"style-css-av-luzxyovh-facc703170fc107db3f935d3cf15eef6\">\n#top .av_textblock_section.av-luzxyovh-facc703170fc107db3f935d3cf15eef6 .avia_textblock{\ncolor:#ffffff;\n}\n<\/style>\n<section  class='av_textblock_section av-luzxyovh-facc703170fc107db3f935d3cf15eef6 '  ><div class='avia_textblock av_inherit_color' ><p><span style=\"font-size: 14pt;\">Louer une Aston Martin pour une exp\u00e9rience de conduite d\u2019une voiture de luxe<\/span><\/p>\n<\/div><\/section>\n<\/div><\/div><\/main><!-- close content main element --><\/div><\/div><\/div><div id='av_section_2'  class='avia-section av-10dr24o-91f0129e5f41b15197662adbd4316fac main_color avia-section-default avia-no-shadow  avia-builder-el-2  el_after_av_section  el_before_av_section  avia-bg-style-scroll container_wrap fullsize'  ><div class='container av-section-cont-open' ><div class='template-page content  av-content-full alpha units'><div class='post-entry post-entry-type-page post-entry-30429'><div class='entry-content-wrapper clearfix'>\n\n<style type=\"text\/css\" data-created_by=\"avia_inline_auto\" id=\"style-css-av-2z6ch2-483e3ea0497b91193c21b1bea2cf9fd7\">\n#top .av-special-heading.av-2z6ch2-483e3ea0497b91193c21b1bea2cf9fd7{\npadding-bottom:10px;\nfont-size:35px;\n}\nbody .av-special-heading.av-2z6ch2-483e3ea0497b91193c21b1bea2cf9fd7 .av-special-heading-tag .heading-char{\nfont-size:25px;\n}\n#top #wrap_all .av-special-heading.av-2z6ch2-483e3ea0497b91193c21b1bea2cf9fd7 .av-special-heading-tag{\nfont-size:35px;\n}\n.av-special-heading.av-2z6ch2-483e3ea0497b91193c21b1bea2cf9fd7 .av-subheading{\nfont-size:15px;\n}\n\n@media only screen and (min-width: 480px) and (max-width: 767px){ \n#top #wrap_all .av-special-heading.av-2z6ch2-483e3ea0497b91193c21b1bea2cf9fd7 .av-special-heading-tag{\nfont-size:0.8em;\n}\n}\n\n@media only screen and (max-width: 479px){ \n#top #wrap_all .av-special-heading.av-2z6ch2-483e3ea0497b91193c21b1bea2cf9fd7 .av-special-heading-tag{\nfont-size:0.8em;\n}\n}\n<\/style>\n<div  class='av-special-heading av-2z6ch2-483e3ea0497b91193c21b1bea2cf9fd7 av-special-heading-h2 blockquote modern-quote modern-centered  avia-builder-el-3  el_before_av_hr  avia-builder-el-first  av-inherit-size av-linked-heading'><h2 class='av-special-heading-tag '  >Louer une Aston Martin, pour votre seul plaisir !<\/h2><div class=\"special-heading-border\"><div class=\"special-heading-inner-border\"><\/div><\/div><\/div>\n<div  class='hr av-wilmmg-add8b2055870f4edc7ee39241da2eb1d hr-default  avia-builder-el-4  el_after_av_heading  el_before_av_textblock '><span class='hr-inner '><span class=\"hr-inner-style\"><\/span><\/span><\/div>\n<section  class='av_textblock_section av-uwxsoo-01387b738cdda767f6ee7232e0c3aa71 '  ><div class='avia_textblock' ><section id=\"block0\" class=\"stripe row-content block0 fullwidth\">\n<div class=\"column small-five small-push-one reset last\">\n<div class=\"boxcontent\">\n<h3>Louer une Aston Martin<\/h3>\n<p>Profitez d&rsquo;une exp\u00e9rience de conduite luxueuse au volant de la voiture embl\u00e9matique de James Bond, et laissez-vous inspirer par un v\u00e9hicule de location de luxe sur la <a href=\"https:\/\/generationvoyage.fr\/visiter-cote-azur-faire-voir\/\" target=\"_blank\" rel=\"noopener\">C\u00f4te d&rsquo;Azur<\/a>.<\/p>\n<p><span style=\"font-size: 14pt;\">James Bond et Aston Martin<\/span><\/p>\n<p>En 1964, Goldfinger marque le d\u00e9but de la relation entre James Bond et Aston Martin. La d\u00e9cision a \u00e9t\u00e9 prise d&rsquo;utiliser les voitures les plus r\u00e9centes de l&rsquo;entreprise pour am\u00e9liorer le profil de l&rsquo;entreprise.<\/p>\n<div class=\"Cell-s1jgw6rh-0 joHvsK\">\n<section class=\"travel-guide-profile-base__Section-sj7cpz-2 fFNSDw\" data-vwo-hook=\"main-content\">\n<div class=\"travel-guide-attraction-profile__IntroductionSection-s7mksk2-6 hseMb Box-s85n6m5-0 jqoQoo\">\n<div class=\"s14xcvr1-0-Raw-dZnnZd iLflNB\">\n<p>L&rsquo;attraction qui illustre le mieux la Principaut\u00e9 de Monte-Carlo est peut-\u00eatre son casino. Si ce complexe vous semble familier, c&rsquo;est que vous l&rsquo;avez peut-\u00eatre d\u00e9j\u00e0 vu dans les films de James Bond, \u00ab\u00a0Jamais plus jamais\u00a0\u00bb et \u00ab\u00a0Goldeneye\u00a0\u00bb. Il a \u00e9galement servi d&rsquo;inspiration pour le casino du premier livre de Ian Fleming sur Bond, \u00ab\u00a0Casino Royale\u00a0\u00bb. Ce film de 2006 a \u00e9galement \u00e9t\u00e9 l&rsquo;occasion de pr\u00e9senter une nouvelle Aston Martin, la DBS.<\/p>\n<p><span style=\"font-size: 14pt;\">Casino de Monte Carlo<\/span><\/p>\n<p>Les visiteurs ont d\u00e9clar\u00e9 que le casino est un lieu incontournable lors d&rsquo;un s\u00e9jour \u00e0 Monaco, citant son d\u00e9cor grandiose, la vari\u00e9t\u00e9 des options de jeu et l&rsquo;abondance de l&rsquo;observation des gens comme les principales raisons pour lesquelles vous appr\u00e9cierez votre visite. Le style Beaux-Arts du b\u00e2timent a \u00e9t\u00e9 con\u00e7u par Charles Garnier, architecte de l&rsquo;Op\u00e9ra de Paris. Ce grand casino abrite \u00e9galement l&rsquo;op\u00e9ra et le ballet de la ville.<\/p>\n<\/div>\n<\/div>\n<\/section>\n<\/div>\n<\/div>\n<div class=\"boxcontent\">\n<p>Vous ne trouvez pas l&rsquo;Aston Martin \u00e0 votre go\u00fbt. Nous pouvons vous proposer d&rsquo;autres bolides dans nos autres marques, aussi prestigieuses les unes que les autres, parmi Lamborghini, Porsche, Land Rover, Mercedes AMG, Bentley, Rolls-Royce et autres Audi et BMW, toutes ces marques synonymes de tradition, de perfection et d&rsquo;exception, en un mot d&rsquo;Excellence.<\/p>\n<p>Que vous voyagiez pour affaires, que vous preniez des vacances en famille ou que vous souhaitiez agr\u00e9menter votre voyage, Car4rent est un nom auquel vous pouvez faire confiance pour organiser votre location de voiture de luxe en France et sur la C\u00f4te d&rsquo;Azur.<\/p>\n<p>Louez une Aston Martin chez Car4rent, l&rsquo;une des soci\u00e9t\u00e9s de loaction de voitures de sport et de luxe des meiux implatnt\u00e9es sur la C\u00f4te d&rsquo;Azur.<\/p>\n<p>Prenez <a href=\"https:\/\/car4rent.fr\/fr\/contact\/\" target=\"_blank\" rel=\"noopener\">contact<\/a> avec l&rsquo;un des membres de notre \u00e9quipe pour une <strong>location de voiture de luxe<\/strong> \u00e0 Monaco, <a href=\"https:\/\/generationvoyage.fr\/visiter-cannes-faire-voir\/\" target=\"_blank\" rel=\"noopener\">Cannes<\/a>, Nice et St Tropez.<\/p>\n<p><span style=\"font-size: 14pt;\">Louer une Aston Martin avec une livraison \u00e0 l&rsquo;endroit de votre choix<\/span><\/p>\n<p>Vous pouvez \u00e9galement vous faire livrer votre voiture de sport de luxe \u00e0 votre h\u00f4tel en ville ou dans n&rsquo;importe quel endroit en France.<\/p>\n<p><span style=\"font-size: 14pt;\">Louer une Aston Martin avec un service client de premier ordre<\/span><\/p>\n<p>R\u00e9server une location de voiture \u00e0 <a href=\"https:\/\/generationvoyage.fr\/endroits-visiter-monaco\/\" target=\"_blank\" rel=\"noopener\">Monaco<\/a> avec notre \u00e9quipe de service \u00e0 la client\u00e8le est tr\u00e8s facile. Notre personnel attentif se met en quatre pour faire de votre exp\u00e9rience de conduite une exp\u00e9rience sensationnelle.<\/p>\n<p>Prenez <a href=\"https:\/\/car4rent.fr\/fr\/contact\/\" target=\"_blank\" rel=\"noopener noreferrer\">contact <\/a>d\u00e8s \u00e0 pr\u00e9sent notre \u00e9quipe pour toute information compl\u00e9mentaire<\/p>\n<\/div>\n<\/div>\n<\/section>\n<section id=\"block1\" class=\"stripe row-content block1 fullwidth\">\n<\/section>\n<\/div><\/section>\n\n<style type=\"text\/css\" data-created_by=\"avia_inline_auto\" id=\"style-css-av-tr5dqg-3136297af906aa0ae617eec75bad93ca\">\n.flex_column.av-tr5dqg-3136297af906aa0ae617eec75bad93ca{\nborder-radius:0px 0px 0px 0px;\npadding:0px 0px 0px 0px;\n}\n<\/style>\n<div  class='flex_column av-tr5dqg-3136297af906aa0ae617eec75bad93ca av_one_third  avia-builder-el-6  el_after_av_textblock  el_before_av_one_third  first flex_column_div av-zero-column-padding  column-top-margin'     ><style type=\"text\/css\" data-created_by=\"avia_inline_auto\" id=\"style-css-av-rwoc1k-83bb1ae8172bcbc60ea8720ee5656bb0\">\n.iconbox.av-rwoc1k-83bb1ae8172bcbc60ea8720ee5656bb0 .iconbox_icon{\nbackground-color:#6834bd;\n}\n<\/style>\n<article  class='iconbox iconbox_top av-rwoc1k-83bb1ae8172bcbc60ea8720ee5656bb0  avia-builder-el-7  avia-builder-el-no-sibling  main_color' ><div class=\"iconbox_content\"><header class=\"entry-content-header\" aria-label=\"Ic\u00f4ne : \"><div class='iconbox_icon heading-color avia-iconfont avia-font-entypo-fontello' data-av_icon='\ue82a' data-av_iconfont='entypo-fontello'  ><\/div><\/header><div class='iconbox_content_container ' ><p><span style=\"font-size: 14pt;\">Location de voiture de luxe C\u00f4te d&rsquo;Azur<\/span><\/p>\n<hr \/>\n<p>Nous proposons une large gamme de SUV, cabriolets, voitures de sport et de luxe \u00e0 louer.<\/p>\n<p>R\u00e9cup\u00e8re et d\u00e9pose \u00e0 l&rsquo;a\u00e9roport de Nice ou \u00e0 tout autre endroit hors de l&rsquo;a\u00e9roport.<\/p>\n<p>Une \u00e9quipe d\u00e9vou\u00e9e \u00e0 ton service. Tu appr\u00e9cieras notre approche sur mesure.<\/p>\n<hr \/>\n<p>Prix abordables \u00e0 partir de 450\u20ac\/jour.<\/p>\n<\/div><\/div><footer class=\"entry-footer\"><\/footer><\/article><\/div>\n<style type=\"text\/css\" data-created_by=\"avia_inline_auto\" id=\"style-css-av-p92jq0-8cd36a66a89a1e807f6f94d1466d2ebc\">\n.flex_column.av-p92jq0-8cd36a66a89a1e807f6f94d1466d2ebc{\nborder-radius:0px 0px 0px 0px;\npadding:0px 0px 0px 0px;\n}\n<\/style>\n<div  class='flex_column av-p92jq0-8cd36a66a89a1e807f6f94d1466d2ebc av_one_third  avia-builder-el-8  el_after_av_one_third  el_before_av_one_third  flex_column_div av-zero-column-padding  column-top-margin'     ><style type=\"text\/css\" data-created_by=\"avia_inline_auto\" id=\"style-css-av-no0ktk-3b045f791984241e8230a9b65d454b24\">\n.iconbox.av-no0ktk-3b045f791984241e8230a9b65d454b24 .iconbox_icon{\nbackground-color:#6834bd;\n}\n<\/style>\n<article  class='iconbox iconbox_top av-no0ktk-3b045f791984241e8230a9b65d454b24  avia-builder-el-9  avia-builder-el-no-sibling  main_color' ><div class=\"iconbox_content\"><header class=\"entry-content-header\" aria-label=\"Ic\u00f4ne : \"><div class='iconbox_icon heading-color avia-iconfont avia-font-entypo-fontello' data-av_icon='\ue842' data-av_iconfont='entypo-fontello'  ><\/div><\/header><div class='iconbox_content_container ' ><p><span style=\"font-size: 14pt;\">Agences \u00e0 l\u2019a\u00e9roport de Nice, Cannes, Monaco et Saint-Tropez\u00a0<\/span><\/p>\n<hr \/>\n<p>Nous proposons \u00e0 la location des voitures de sport et de luxe, mais \u00e9galement une large gamme de SUV et de cabriolets. D\u00e9couvrez nos voitures de r\u00eave.<\/p>\n<\/div><\/div><footer class=\"entry-footer\"><\/footer><\/article><\/div>\n<style type=\"text\/css\" data-created_by=\"avia_inline_auto\" id=\"style-css-av-lpouug-149bdcc299b5a7de9ea29865a228b35c\">\n.flex_column.av-lpouug-149bdcc299b5a7de9ea29865a228b35c{\nborder-radius:0px 0px 0px 0px;\npadding:0px 0px 0px 0px;\n}\n<\/style>\n<div  class='flex_column av-lpouug-149bdcc299b5a7de9ea29865a228b35c av_one_third  avia-builder-el-10  el_after_av_one_third  avia-builder-el-last  flex_column_div av-zero-column-padding  column-top-margin'     ><style type=\"text\/css\" data-created_by=\"avia_inline_auto\" id=\"style-css-av-kfqmdk-39a65390d364b7e5a0ad596c0b56120e\">\n.iconbox.av-kfqmdk-39a65390d364b7e5a0ad596c0b56120e .iconbox_icon{\nbackground-color:#6834bd;\n}\n<\/style>\n<article  class='iconbox iconbox_top av-kfqmdk-39a65390d364b7e5a0ad596c0b56120e  avia-builder-el-11  avia-builder-el-no-sibling  main_color' ><div class=\"iconbox_content\"><header class=\"entry-content-header\" aria-label=\"Ic\u00f4ne : \"><div class='iconbox_icon heading-color avia-iconfont avia-font-entypo-fontello' data-av_icon='\ue80b' data-av_iconfont='entypo-fontello'  ><\/div><\/header><div class='iconbox_content_container ' ><p><span style=\"font-size: 14pt;\">Un service sur mesure<\/span><\/p>\n<hr \/>\n<p>Une \u00e9quipe d\u00e9vou\u00e9e et attentive se tient \u00e0 votre disposition pour vous fournir toute information ou r\u00e9pondre \u00e0 vos demandes. Votre voiture peut \u00eatre livr\u00e9e sur demande directement \u00e0 votre arriv\u00e9e \u00e0 l&rsquo;a\u00e9roport de Nice, sur votre lieu de vill\u00e9giature, \u00e0 votre h\u00f4tel ou n&rsquo;importe o\u00f9 en France \u00e0 la destination de votre choix.<\/p>\n<\/div><\/div><footer class=\"entry-footer\"><\/footer><\/article><\/div>\n<\/p>\n<\/div><\/div><\/div><!-- close content main div --><\/div><\/div><div id='contactez-nous'  class='avia-section av-1w34lk-ebfaaa35e5c65a6195aca485adcd05fe main_color avia-section-default avia-no-border-styling  avia-builder-el-12  el_after_av_section  el_before_av_section  avia-bg-style-scroll container_wrap fullsize'  ><div class='container av-section-cont-open' ><div class='template-page content  av-content-full alpha units'><div class='post-entry post-entry-type-page post-entry-30429'><div class='entry-content-wrapper clearfix'>\n<div  class='hr av-h6pfzs-725c0e13998887357f19f0b9ae5cb407 hr-default  avia-builder-el-13  el_before_av_textblock  avia-builder-el-first '><span class='hr-inner '><span class=\"hr-inner-style\"><\/span><\/span><\/div>\n<section  class='av_textblock_section av-luzyx8vj-1a602924f9c0a4b16d3b301c7533b1c8 '  ><div class='avia_textblock' ><p style=\"text-align: center;\"><span style=\"font-size: 14pt;\">Vous souhaitez louer une Aston Martin ? Besoin d\u2019un conseil ?<\/span><\/p>\n<\/div><\/section>\n\n<style type=\"text\/css\" data-created_by=\"avia_inline_auto\" id=\"style-css-av-enih9k-9c21c32e86a3f748c3a940fcc8bf5321\">\n#top .hr.hr-invisible.av-enih9k-9c21c32e86a3f748c3a940fcc8bf5321{\nheight:25px;\n}\n<\/style>\n<div  class='hr av-enih9k-9c21c32e86a3f748c3a940fcc8bf5321 hr-invisible  avia-builder-el-15  el_after_av_textblock  el_before_av_two_third '><span class='hr-inner '><span class=\"hr-inner-style\"><\/span><\/span><\/div>\n\n<style type=\"text\/css\" data-created_by=\"avia_inline_auto\" id=\"style-css-av-bsbmp4-222b4a394b8517c4ffe0a762a096018a\">\n.flex_column.av-bsbmp4-222b4a394b8517c4ffe0a762a096018a{\nborder-radius:0px 0px 0px 0px;\npadding:0px 0px 0px 0px;\n}\n<\/style>\n<div  class='flex_column av-bsbmp4-222b4a394b8517c4ffe0a762a096018a av_two_third  avia-builder-el-16  el_after_av_hr  el_before_av_one_third  first flex_column_div av-zero-column-padding  '     ><p><section  class='av_textblock_section av-4f43a0-312b0bd962c03dc3780d049326149ca1 '  ><div class='avia_textblock' ><p><span style=\"font-size: 14pt;\">Contactez-nous \u00e0 l\u2019aide du formulaire ci-dessous<\/span><\/p>\n<\/div><\/section><br \/>\n<section  class='av_textblock_section av-95hx6g-b56535dd8674f0fc86afe825c1dd3351 '  ><div class='avia_textblock' ><div class=\"wpforms-container wpforms-container-full\" id=\"wpforms-27233\"><form id=\"wpforms-form-27233\" class=\"wpforms-validate wpforms-form\" data-formid=\"27233\" method=\"post\" enctype=\"multipart\/form-data\" action=\"\/fr\/wp-json\/wp\/v2\/pages\/30429\" data-token=\"4956c4069c64749b1df536230bf32717\" data-token-time=\"1776863668\"><noscript class=\"wpforms-error-noscript\">Veuillez activer JavaScript dans votre navigateur pour remplir ce formulaire.<\/noscript><div class=\"wpforms-field-container\"><div id=\"wpforms-27233-field_5-container\" class=\"wpforms-field wpforms-field-name\" data-field-id=\"5\"><label class=\"wpforms-field-label\">Nom <span class=\"wpforms-required-label\">*<\/span><\/label><div class=\"wpforms-field-row wpforms-field-medium\"><div class=\"wpforms-field-row-block wpforms-first wpforms-one-half\"><input type=\"text\" id=\"wpforms-27233-field_5\" class=\"wpforms-field-name-first wpforms-field-required\" name=\"wpforms[fields][5][first]\" required><label for=\"wpforms-27233-field_5\" class=\"wpforms-field-sublabel after\">First<\/label><\/div><div class=\"wpforms-field-row-block wpforms-one-half\"><input type=\"text\" id=\"wpforms-27233-field_5-last\" class=\"wpforms-field-name-last wpforms-field-required\" name=\"wpforms[fields][5][last]\" required><label for=\"wpforms-27233-field_5-last\" class=\"wpforms-field-sublabel after\">Last<\/label><\/div><\/div><\/div><div id=\"wpforms-27233-field_9-container\" class=\"wpforms-field wpforms-field-layout\" data-field-id=\"9\"><div class=\"wpforms-field-layout-rows wpforms-field-large\"><div class=\"wpforms-layout-row\"><div class=\"wpforms-layout-column wpforms-layout-column-50\"><div id=\"wpforms-27233-field_7-container\" class=\"wpforms-field wpforms-field-email\" data-field-id=\"7\"><label class=\"wpforms-field-label\" for=\"wpforms-27233-field_7\">Courriel <span class=\"wpforms-required-label\">*<\/span><\/label><input type=\"email\" id=\"wpforms-27233-field_7\" class=\"wpforms-field-medium wpforms-field-required\" name=\"wpforms[fields][7]\" spellcheck=\"false\" required><\/div><\/div><div class=\"wpforms-layout-column wpforms-layout-column-50\"><div id=\"wpforms-27233-field_8-container\" class=\"wpforms-field wpforms-field-phone\" data-field-id=\"8\"><label class=\"wpforms-field-label\" for=\"wpforms-27233-field_8\">T\u00e9l\u00e9phone <span class=\"wpforms-required-label\">*<\/span><\/label><input type=\"tel\" id=\"wpforms-27233-field_8\" class=\"wpforms-field-medium wpforms-field-required\" data-rule-int-phone-field=\"true\" name=\"wpforms[fields][8]\" aria-label=\"T\u00e9l\u00e9phone\" required><\/div><\/div><\/div><\/div><\/div><div id=\"wpforms-27233-field_4-container\" class=\"wpforms-field wpforms-field-textarea\" data-field-id=\"4\"><label class=\"wpforms-field-label\" for=\"wpforms-27233-field_4\">Message<\/label><textarea id=\"wpforms-27233-field_4\" class=\"wpforms-field-medium\" name=\"wpforms[fields][4]\" ><\/textarea><\/div><\/div><!-- .wpforms-field-container --><div class=\"wpforms-recaptcha-container wpforms-is-recaptcha wpforms-is-recaptcha-type-v3\" ><input type=\"hidden\" name=\"wpforms[recaptcha]\" value=\"\"><\/div><div class=\"wpforms-submit-container\" ><input type=\"hidden\" name=\"wpforms[id]\" value=\"27233\"><input type=\"hidden\" name=\"page_title\" value=\"\"><input type=\"hidden\" name=\"page_url\" value=\"https:\/\/car4rent.fr\/fr\/wp-json\/wp\/v2\/pages\/30429\"><input type=\"hidden\" name=\"url_referer\" value=\"\"><button type=\"submit\" name=\"wpforms[submit]\" id=\"wpforms-submit-27233\" class=\"wpforms-submit\" data-alt-text=\"Envoi\" data-submit-text=\"Soumettre\" aria-live=\"assertive\" value=\"wpforms-submit\">Soumettre<\/button><\/div><\/form><\/div>  <!-- .wpforms-container -->\n<\/div><\/section><\/p><\/div>\n<style type=\"text\/css\" data-created_by=\"avia_inline_auto\" id=\"style-css-av-78shyw-c6dfaf4a53c04d3e4532ec448d202e41\">\n.flex_column.av-78shyw-c6dfaf4a53c04d3e4532ec448d202e41{\nborder-radius:0px 0px 0px 0px;\npadding:0px 0px 0px 0px;\n}\n<\/style>\n<div  class='flex_column av-78shyw-c6dfaf4a53c04d3e4532ec448d202e41 av_one_third  avia-builder-el-19  el_after_av_two_third  avia-builder-el-last  flex_column_div av-zero-column-padding  '     ><p><section  class='av_textblock_section av-av_textblock-8eba2417de9ea263f0cb5a774f45768a '  ><div class='avia_textblock' ><p><span style=\"font-size: 14pt;\">Nous contacter par t\u00e9l\u00e9phone<\/span><\/p>\n<\/div><\/section><br \/>\n<section  class='av_textblock_section av-av_textblock-8eba2417de9ea263f0cb5a774f45768a '  ><div class='avia_textblock' ><p>Agence de Cannes (09H-12H00 et 15H00-19H00)<br \/>\n10 rue Hibert, 06400 Cannes<br \/>\nT\u00e9l\u00e9phone : <a href=\"tel:0033788278586\">+33(0)7 88 27 85 86<\/a><br \/>\nMail : <a href=\"mailto:info@car4rent.fr\">info@car4rent.fr<\/a><\/p>\n<\/div><\/section><\/p><\/div>\n\n<\/div><\/div><\/div><!-- close content main div --><\/div><\/div><div id='av_section_4'  class='avia-section av-158r3za-90b0fcd21ffccfa0df8f5934387bbd78 main_color avia-section-default avia-no-border-styling  avia-builder-el-22  el_after_av_section  avia-builder-el-last  avia-bg-style-scroll container_wrap fullsize'  ><div class='container av-section-cont-open' ><div class='template-page content  av-content-full alpha units'><div class='post-entry post-entry-type-page post-entry-30429'><div class='entry-content-wrapper clearfix'>\n<div  class='avia-builder-widget-area clearfix  avia-builder-el-23  avia-builder-el-no-sibling '><div id=\"text-9\" class=\"widget clearfix widget_text\">\t\t\t<div class=\"textwidget\"><p style=\"text-align: center;\">    <div class=\"car4rent-share-block car4rent-fr\">\n        <a href=\"https:\/\/www.facebook.com\/sharer\/sharer.php?u=\" target=\"_blank\" rel=\"noopener\"><i class=\"fa-brands fa-facebook\"><\/i> Partager<\/a>\n        <a href=\"https:\/\/x.com\/intent\/tweet?url=&amp;text=\" target=\"_blank\" rel=\"noopener\"><i class=\"fa-brands fa-x-twitter\"><\/i> X<\/a>\n        <a href=\"https:\/\/wa.me\/?text=%20\" target=\"_blank\" rel=\"noopener\"><i class=\"fa-brands fa-whatsapp\"><\/i> WhatsApp<\/a>\n        <a href=\"https:\/\/www.instagram.com\/car4rent_cannes\/\" target=\"_blank\" rel=\"noopener\"><i class=\"fa-brands fa-instagram\"><\/i> Instagram<\/a>\n        <a href=\"https:\/\/www.linkedin.com\/company\/car4rent\/about\/\" target=\"_blank\" rel=\"noopener\"><i class=\"fa-brands fa-linkedin\"><\/i> LinkedIn<\/a>\n        <a href=\"https:\/\/www.youtube.com\/@car4rentcannes839\" target=\"_blank\" rel=\"noopener\"><i class=\"fa-brands fa-youtube\"><\/i> YouTube<\/a>\n    <\/div>\n    <\/p>\n<\/div>\n\t\t<\/div><\/div>\n\n","protected":false},"excerpt":{"rendered":"","protected":false},"author":3,"featured_media":40281,"parent":0,"menu_order":2720,"comment_status":"closed","ping_status":"closed","template":"","meta":{"_acf_changed":false,"footnotes":""},"class_list":["post-30429","page","type-page","status-publish","has-post-thumbnail","hentry"],"acf":[],"_links":{"self":[{"href":"https:\/\/car4rent.fr\/fr\/wp-json\/wp\/v2\/pages\/30429","targetHints":{"allow":["GET"]}}],"collection":[{"href":"https:\/\/car4rent.fr\/fr\/wp-json\/wp\/v2\/pages"}],"about":[{"href":"https:\/\/car4rent.fr\/fr\/wp-json\/wp\/v2\/types\/page"}],"author":[{"embeddable":true,"href":"https:\/\/car4rent.fr\/fr\/wp-json\/wp\/v2\/users\/3"}],"replies":[{"embeddable":true,"href":"https:\/\/car4rent.fr\/fr\/wp-json\/wp\/v2\/comments?post=30429"}],"version-history":[{"count":0,"href":"https:\/\/car4rent.fr\/fr\/wp-json\/wp\/v2\/pages\/30429\/revisions"}],"wp:featuredmedia":[{"embeddable":true,"href":"https:\/\/car4rent.fr\/fr\/wp-json\/wp\/v2\/media\/40281"}],"wp:attachment":[{"href":"https:\/\/car4rent.fr\/fr\/wp-json\/wp\/v2\/media?parent=30429"}],"curies":[{"name":"wp","href":"https:\/\/api.w.org\/{rel}","templated":true}]}}