{"id":30424,"date":"2023-11-10T16:56:12","date_gmt":"2023-11-10T15:56:12","guid":{"rendered":"https:\/\/car4rent.fr\/location-de-voitures-de-luxe-a-bordeaux\/"},"modified":"2024-04-24T18:34:43","modified_gmt":"2024-04-24T16:34:43","slug":"location-de-voiture-de-luxe-a-bordeaux","status":"publish","type":"page","link":"https:\/\/car4rent.fr\/fr\/location-de-voiture-de-luxe-a-bordeaux\/","title":{"rendered":"Location de voiture de luxe \u00e0 Bordeaux"},"content":{"rendered":"\n<style type=\"text\/css\" data-created_by=\"avia_inline_auto\" id=\"style-css-av-k9iq87co-1a816a687b9147c8bbef1dd89f8c009a\">\n.avia-section.av-k9iq87co-1a816a687b9147c8bbef1dd89f8c009a{\nbackground-repeat:no-repeat;\nbackground-image:url(https:\/\/car4rent.fr\/wp-content\/uploads\/luxury-car-rental-bordeaux-1.jpg);\nbackground-position:50% 100%;\nbackground-attachment:scroll;\n}\n<\/style>\n<div id='header-section'  class='avia-section av-k9iq87co-1a816a687b9147c8bbef1dd89f8c009a main_color avia-section-huge avia-no-border-styling  avia-builder-el-0  el_before_av_one_full  avia-builder-el-first  avia-full-stretch avia-bg-style-scroll av-minimum-height av-minimum-height-custom av-height-custom  container_wrap fullsize'  data-section-bg-repeat='stretch' data-av_minimum_height_px='450'><div class='container av-section-cont-open' style='height:450px'><main  class='template-page content  av-content-full alpha units'><div class='post-entry post-entry-type-page post-entry-30424'><div class='entry-content-wrapper clearfix'>\n\n<style type=\"text\/css\" data-created_by=\"avia_inline_auto\" id=\"style-css-av-bdyqnsp-60cc8f7ead1411f61d6250e0df2f764c\">\n.flex_column.av-bdyqnsp-60cc8f7ead1411f61d6250e0df2f764c{\nborder-radius:0px 0px 0px 0px;\npadding:0px 0px 0px 0px;\n}\n<\/style>\n<div  class='flex_column av-bdyqnsp-60cc8f7ead1411f61d6250e0df2f764c av_two_third  avia-builder-el-1  avia-builder-el-no-sibling  first flex_column_div av-zero-column-padding  '     ><style type=\"text\/css\" data-created_by=\"avia_inline_auto\" id=\"style-css-av-lhz7fm2l-b90956b2aaaee9dfe4236b66d825cce5\">\n#top .av-special-heading.av-lhz7fm2l-b90956b2aaaee9dfe4236b66d825cce5{\npadding-bottom:10px;\n}\nbody .av-special-heading.av-lhz7fm2l-b90956b2aaaee9dfe4236b66d825cce5 .av-special-heading-tag .heading-char{\nfont-size:25px;\n}\n.av-special-heading.av-lhz7fm2l-b90956b2aaaee9dfe4236b66d825cce5 .av-subheading{\nfont-size:15px;\n}\n<\/style>\n<div  class='av-special-heading av-lhz7fm2l-b90956b2aaaee9dfe4236b66d825cce5 av-special-heading-h4  avia-builder-el-2  avia-builder-el-no-sibling '><h4 class='av-special-heading-tag '  >Location de voiture de luxe \u00e0 Bordeaux<\/h4><div class=\"special-heading-border\"><div class=\"special-heading-inner-border\"><\/div><\/div><\/div><\/div><\/div><\/div><\/main><!-- close content main element --><\/div><\/div><div id='after_section_1'  class='main_color av_default_container_wrap container_wrap fullsize'  ><div class='container av-section-cont-open' ><div class='template-page content  av-content-full alpha units'><div class='post-entry post-entry-type-page post-entry-30424'><div class='entry-content-wrapper clearfix'>\n<style type=\"text\/css\" data-created_by=\"avia_inline_auto\" id=\"style-css-av-k9of881m-8b75821c00ec2c33f438de9a772a6e49\">\n.flex_column.av-k9of881m-8b75821c00ec2c33f438de9a772a6e49{\nborder-radius:0px 0px 0px 0px;\npadding:0px 0px 0px 0px;\nbackground-color:#ffffff;\n}\n<\/style>\n<div  class='flex_column av-k9of881m-8b75821c00ec2c33f438de9a772a6e49 av_one_full  avia-builder-el-3  el_after_av_section  el_before_av_hr  avia-builder-el-first  first flex_column_div av-zero-column-padding  '     ><section  class='av_textblock_section av-k9iq5tou-fd78dca57654a395cb569156408b77a5 '  ><div class='avia_textblock' ><h2><strong>LOCATION DE VOITURE DE LUXE A BORDEAUX<\/strong><\/h2>\n<p>La location de voiture de luxe \u00e0 <a href=\"https:\/\/www.bordeaux-tourisme.com\/Decouvrir-Bordeaux\/Incontournables\" target=\"_blank\" rel=\"noopener\"><strong>Bordeaux<\/strong><\/a> avec Car4rent est votre meilleure option pour passer des vacances agr\u00e9ables dans cette magnifique ville, capitale mondiale du vin. Bordeaux est en effet une ville surprenante et les incontournables ne manquent pas !<\/p>\n<p>Car4rent vous offre une large s\u00e9lection des plus belles voitures de location de luxe et de sport au meilleur prix. Faites votre choix et partez au volant d\u2019une Ferrari, Lamborghini, Porsche, Land Rover, Mercedes AMG, Bentley, Rolls-Royce de location.<\/p>\n<p>Louer une voiture de luxe \u00e0 Bordeaux, c\u2019est l\u2019occasion de partir \u00e0 la d\u00e9couverte des vignobles historiques dont sont issus les plus grands crus des ch\u00e2teaux les plus prestigieux..<\/p>\n<p>Car4rent est le sp\u00e9cialiste de la location de voiture de luxe \u00e0 Bordeaux mais aussi\u00a0 la location de voitures de sport en France et sur la c\u00f4te d\u2019Azur.<\/p>\n<p>Location de voiture de luxe \u00e0 Bordeaux : rien n\u2019est mieux que de partir en vacances en France au volant d\u2019une voiture d\u2019exception. Bordeaux est un excellent point de d\u00e9part pour explorer le pays. En effet, vous parcourrez des routes \u00e0 couper le souffle avec des paysages ahurissants de beaut\u00e9.<\/p>\n<h5>Louer une voiture de luxe \u00e0 Bordeaux<\/h5>\n<p>Vous pourrez vous arr\u00eater dans les nombreux petits villages isol\u00e9s au charme incontest\u00e9 pour profiter d\u2019un moment de bonheur, que ce soit lors d\u2019un d\u00e9placement professionnel ou pour des vacances en famille. De quoi rendre ce s\u00e9jour inoubliable gr\u00e2ce notamment \u00e0 la location d\u2019une voiture de luxe \u00e0 Bordeaux.<\/p>\n<h3><strong>Location de voiture de luxe \u00e0 Bordeaux pour b\u00e9n\u00e9ficier d&rsquo;un service sur mesure<\/strong><\/h3>\n<p>Prenez un instant pour r\u00e9server la location de voiture de luxe \u00e0 Bordeaux d\u00e8s maintenant. Une \u00e9quipe dynamique et attentive est \u00e0 votre \u00e9coute pour vous conseiller et vous communiquer toute information que vous souhaiteriez obtenir.<\/p>\n<p>N\u2019h\u00e9sitez pas \u00e0 prendre <a href=\"https:\/\/car4rent.fr\/fr\/contact\/\"><strong>contact<\/strong><\/a> d\u00e8s maintenant.<\/p>\n<\/div><\/section><\/div><div  class='hr av-r408yh-5fc29ed8e5abe90cc5953910efd3a584 hr-default  avia-builder-el-5  el_after_av_one_full  el_before_av_one_fourth '><span class='hr-inner '><span class=\"hr-inner-style\"><\/span><\/span><\/div><\/p>\n\n<style type=\"text\/css\" data-created_by=\"avia_inline_auto\" id=\"style-css-av-9j4h5a1-6e828a1197b9444f95d3c7ec7fb82938\">\n.flex_column.av-9j4h5a1-6e828a1197b9444f95d3c7ec7fb82938{\nborder-radius:0px 0px 0px 0px;\npadding:0px 0px 0px 0px;\n}\n<\/style>\n<div  class='flex_column av-9j4h5a1-6e828a1197b9444f95d3c7ec7fb82938 av_one_fourth  avia-builder-el-6  el_after_av_hr  el_before_av_one_fourth  first flex_column_div av-zero-column-padding  '     ><section  class='av_textblock_section av-8wzml89-2b80783706aabf533d7977da87f21ef0 '  ><div class='avia_textblock' ><h5>Location dune voiture de luxe \u00e0 Bordeaux.<\/h5>\n<hr \/>\n<p>Nous proposons \u00e0 la location des voitures de luxe et de sport, mais \u00e9galement une large gamme de SUV et de cabriolets. D\u00e9couvrez nos voitures de r\u00eave.<\/p>\n<p>Prix \u00e0 partir de 260\u20ac \/ jour.<\/p>\n<\/div><\/section><\/div>\n<style type=\"text\/css\" data-created_by=\"avia_inline_auto\" id=\"style-css-av-8cxm7x5-0dfd1be948133d5958731c1141e89316\">\n.flex_column.av-8cxm7x5-0dfd1be948133d5958731c1141e89316{\nborder-radius:0px 0px 0px 0px;\npadding:0px 0px 0px 0px;\n}\n<\/style>\n<div  class='flex_column av-8cxm7x5-0dfd1be948133d5958731c1141e89316 av_one_fourth  avia-builder-el-8  el_after_av_one_fourth  el_before_av_one_fourth  flex_column_div av-zero-column-padding  '     ><section  class='av_textblock_section av-sl1yyh-58401a45bbfca01485bb12f5ae7e0e5f '  ><div class='avia_textblock' ><h5>Agences \u00e0 l\u2019a\u00e9roport de Nice, Cannes, Monaco et Saint-Tropez<\/h5>\n<hr \/>\n<p>Nous proposons \u00e0 la location des voitures de sport et de luxe, mais \u00e9galement une large gamme de SUV et de cabriolets. D\u00e9couvrez nos voitures de r\u00eave.<\/p>\n<\/div><\/section><\/div><\/p>\n\n<style type=\"text\/css\" data-created_by=\"avia_inline_auto\" id=\"style-css-av-7t2xhcp-04a64ffc63980df57546af05384a54fd\">\n.flex_column.av-7t2xhcp-04a64ffc63980df57546af05384a54fd{\nborder-radius:0px 0px 0px 0px;\npadding:0px 0px 0px 0px;\n}\n<\/style>\n<div  class='flex_column av-7t2xhcp-04a64ffc63980df57546af05384a54fd av_one_fourth  avia-builder-el-10  el_after_av_one_fourth  el_before_av_one_fourth  flex_column_div av-zero-column-padding  '     ><section  class='av_textblock_section av-lve0ln8e-0462d8956264b0c315cd17934389c71c '  ><div class='avia_textblock' ><h5>Test Drive &#8211; Faites de votre r\u00eave une r\u00e9alit\u00e9<\/h5>\n<hr \/>\n<p>Offrez-vous une exp\u00e9rience de conduite unique au volant d&rsquo;une supercar. Prenez le volant d&rsquo;une Lamborghini, d&rsquo;une Ferrari ou d&rsquo;une Porsche sans vous ruiner. Pour des raisons de s\u00e9curit\u00e9, vous roulerez accompagn\u00e9. \u00c0 partir de 195\u20ac pp.<\/p>\n<\/div><\/section><\/div>\n\n<style type=\"text\/css\" data-created_by=\"avia_inline_auto\" id=\"style-css-av-6mik0k9-58ba2370392ede1c671764d02dbf6948\">\n.flex_column.av-6mik0k9-58ba2370392ede1c671764d02dbf6948{\nborder-radius:0px 0px 0px 0px;\npadding:0px 0px 0px 0px;\n}\n<\/style>\n<div  class='flex_column av-6mik0k9-58ba2370392ede1c671764d02dbf6948 av_one_fourth  avia-builder-el-12  el_after_av_one_fourth  el_before_av_section  avia-builder-el-last  flex_column_div av-zero-column-padding  '     ><section  class='av_textblock_section av-64i2ogp-66548aea0352cdde9b58db15362b0175 '  ><div class='avia_textblock' ><h5>Un service sur mesure<\/h5>\n<hr \/>\n<p>Une \u00e9quipe d\u00e9vou\u00e9e et attentive se tient \u00e0 votre disposition pour vous fournir toute information ou r\u00e9pondre \u00e0 vos demandes. Votre voiture peut \u00eatre livr\u00e9e sur demande directement \u00e0 votre arriv\u00e9e \u00e0 l&rsquo;a\u00e9roport de Nice, sur votre lieu de vill\u00e9giature, \u00e0 votre h\u00f4tel ou n&rsquo;importe o\u00f9 en France \u00e0 la destination de votre choix.<\/p>\n<\/div><\/section><\/div>\n<\/div><\/div><\/div><!-- close content main div --><\/div><\/div>\n<style type=\"text\/css\" data-created_by=\"avia_inline_auto\" id=\"style-css-av-2ddmnh5-bbd5dd00de2854828f851bcdfc153f73\">\n.avia-section.av-2ddmnh5-bbd5dd00de2854828f851bcdfc153f73{\nbackground-color:#6834bd;\nbackground-image:unset;\n}\n<\/style>\n<div id='av_section_2'  class='avia-section av-2ddmnh5-bbd5dd00de2854828f851bcdfc153f73 main_color avia-section-default avia-no-border-styling  avia-builder-el-14  el_after_av_one_fourth  el_before_av_section  avia-bg-style-scroll container_wrap fullsize'  ><div class='container av-section-cont-open' ><div class='template-page content  av-content-full alpha units'><div class='post-entry post-entry-type-page post-entry-30424'><div class='entry-content-wrapper clearfix'>\n\n<style type=\"text\/css\" data-created_by=\"avia_inline_auto\" id=\"style-css-av-28aqaft-0e163a00d2c9e78b0515b467ce35447b\">\n#top .av-special-heading.av-28aqaft-0e163a00d2c9e78b0515b467ce35447b{\npadding-bottom:10px;\ncolor:#ffffff;\nfont-size:30px;\n}\nbody .av-special-heading.av-28aqaft-0e163a00d2c9e78b0515b467ce35447b .av-special-heading-tag .heading-char{\nfont-size:25px;\n}\n#top #wrap_all .av-special-heading.av-28aqaft-0e163a00d2c9e78b0515b467ce35447b .av-special-heading-tag{\nfont-size:30px;\n}\n.av-special-heading.av-28aqaft-0e163a00d2c9e78b0515b467ce35447b .special-heading-inner-border{\nborder-color:#ffffff;\n}\n.av-special-heading.av-28aqaft-0e163a00d2c9e78b0515b467ce35447b .av-subheading{\nfont-size:15px;\n}\n\n@media only screen and (min-width: 480px) and (max-width: 767px){ \n#top #wrap_all .av-special-heading.av-28aqaft-0e163a00d2c9e78b0515b467ce35447b .av-special-heading-tag{\nfont-size:0.8em;\n}\n}\n\n@media only screen and (max-width: 479px){ \n#top #wrap_all .av-special-heading.av-28aqaft-0e163a00d2c9e78b0515b467ce35447b .av-special-heading-tag{\nfont-size:0.8em;\n}\n}\n<\/style>\n<div  class='av-special-heading av-28aqaft-0e163a00d2c9e78b0515b467ce35447b av-special-heading-h4 custom-color-heading blockquote modern-quote modern-centered  avia-builder-el-15  el_before_av_button  avia-builder-el-first  av-inherit-size'><h4 class='av-special-heading-tag '  >Offrez-vous une location de voiture luxe \u00e0 Bordeaux juste pour votre plaisir !<\/h4><div class=\"special-heading-border\"><div class=\"special-heading-inner-border\"><\/div><\/div><\/div>\n<div  class='avia-button-wrap av-1hycwxl-8817ba7b2960b6b95c98b72b12707988-wrap avia-button-center  avia-builder-el-16  el_after_av_heading  avia-builder-el-last '><a href=\"https:\/\/car4rent.fr\/fr\/contact\/\" class=\"avia-button av-1hycwxl-8817ba7b2960b6b95c98b72b12707988 av-link-btn avia-icon_select-yes-left-icon avia-size-large avia-position-center avia-color-grey\" aria-label=\"Contactez l\u2019un de nos experts !\"><span class='avia_button_icon avia_button_icon_left avia-iconfont avia-font-entypo-fontello' data-av_icon='\ue85d' data-av_iconfont='entypo-fontello' ><\/span><span class='avia_iconbox_title' >Contactez l\u2019un de nos experts !<\/span><\/a><\/div>\n<\/div><\/div><\/div><!-- close content main div --><\/div><\/div><div id='av_section_3'  class='avia-section av-1b1m0k9-2a98e30b7f860bb22584cb11d5c28f65 main_color avia-section-default avia-no-border-styling  avia-builder-el-17  el_after_av_section  avia-builder-el-last  avia-bg-style-scroll container_wrap fullsize'  ><div class='container av-section-cont-open' ><div class='template-page content  av-content-full alpha units'><div class='post-entry post-entry-type-page post-entry-30424'><div class='entry-content-wrapper clearfix'>\n<div  class='avia-builder-widget-area clearfix  avia-builder-el-18  avia-builder-el-no-sibling '><div id=\"text-9\" class=\"widget clearfix widget_text\">\t\t\t<div class=\"textwidget\"><p style=\"text-align: center;\">    <div class=\"car4rent-share-block car4rent-fr\">\n        <a href=\"https:\/\/www.facebook.com\/sharer\/sharer.php?u=\" target=\"_blank\" rel=\"noopener\"><i class=\"fa-brands fa-facebook\"><\/i> Partager<\/a>\n        <a href=\"https:\/\/x.com\/intent\/tweet?url=&amp;text=\" target=\"_blank\" rel=\"noopener\"><i class=\"fa-brands fa-x-twitter\"><\/i> X<\/a>\n        <a href=\"https:\/\/wa.me\/?text=%20\" target=\"_blank\" rel=\"noopener\"><i class=\"fa-brands fa-whatsapp\"><\/i> WhatsApp<\/a>\n        <a href=\"https:\/\/www.instagram.com\/car4rent_cannes\/\" target=\"_blank\" rel=\"noopener\"><i class=\"fa-brands fa-instagram\"><\/i> Instagram<\/a>\n        <a href=\"https:\/\/www.linkedin.com\/company\/car4rent\/about\/\" target=\"_blank\" rel=\"noopener\"><i class=\"fa-brands fa-linkedin\"><\/i> LinkedIn<\/a>\n        <a href=\"https:\/\/www.youtube.com\/@car4rentcannes839\" target=\"_blank\" rel=\"noopener\"><i class=\"fa-brands fa-youtube\"><\/i> YouTube<\/a>\n    <\/div>\n    <\/p>\n<\/div>\n\t\t<\/div><\/div>\n<\/p>\n","protected":false},"excerpt":{"rendered":"","protected":false},"author":3,"featured_media":29831,"parent":0,"menu_order":1820,"comment_status":"closed","ping_status":"closed","template":"","meta":{"_acf_changed":false,"footnotes":""},"class_list":["post-30424","page","type-page","status-publish","has-post-thumbnail","hentry"],"acf":[],"_links":{"self":[{"href":"https:\/\/car4rent.fr\/fr\/wp-json\/wp\/v2\/pages\/30424","targetHints":{"allow":["GET"]}}],"collection":[{"href":"https:\/\/car4rent.fr\/fr\/wp-json\/wp\/v2\/pages"}],"about":[{"href":"https:\/\/car4rent.fr\/fr\/wp-json\/wp\/v2\/types\/page"}],"author":[{"embeddable":true,"href":"https:\/\/car4rent.fr\/fr\/wp-json\/wp\/v2\/users\/3"}],"replies":[{"embeddable":true,"href":"https:\/\/car4rent.fr\/fr\/wp-json\/wp\/v2\/comments?post=30424"}],"version-history":[{"count":0,"href":"https:\/\/car4rent.fr\/fr\/wp-json\/wp\/v2\/pages\/30424\/revisions"}],"wp:featuredmedia":[{"embeddable":true,"href":"https:\/\/car4rent.fr\/fr\/wp-json\/wp\/v2\/media\/29831"}],"wp:attachment":[{"href":"https:\/\/car4rent.fr\/fr\/wp-json\/wp\/v2\/media?parent=30424"}],"curies":[{"name":"wp","href":"https:\/\/api.w.org\/{rel}","templated":true}]}}