{"id":30353,"date":"2023-11-10T16:56:12","date_gmt":"2023-11-10T15:56:12","guid":{"rendered":"https:\/\/car4rent.fr\/location-de-voitures-de-luxe-en-provence-vacances-en-voiture-en-france\/"},"modified":"2024-06-21T22:12:11","modified_gmt":"2024-06-21T20:12:11","slug":"location-de-voiture-de-luxe-en-provence","status":"publish","type":"page","link":"https:\/\/car4rent.fr\/fr\/location-de-voiture-de-luxe-en-provence\/","title":{"rendered":"Location de voiture de luxe en Provence"},"content":{"rendered":"\n<style type=\"text\/css\" data-created_by=\"avia_inline_auto\" id=\"style-css-av-3xfmsyf-0fa6154025317f6a825dd25fdfeef7ba\">\n.avia-section.av-3xfmsyf-0fa6154025317f6a825dd25fdfeef7ba .av-parallax .av-parallax-inner{\nbackground-repeat:no-repeat;\nbackground-image:url(https:\/\/car4rent.fr\/wp-content\/uploads\/luxury-car-hire-provence.jpg);\nbackground-position:50% 100%;\nbackground-attachment:scroll;\n}\n<\/style>\n<div id='av_section_1'  class='avia-section av-3xfmsyf-0fa6154025317f6a825dd25fdfeef7ba main_color avia-section-huge avia-no-border-styling  avia-builder-el-0  el_before_av_section  avia-builder-el-first  avia-full-stretch av-parallax-section avia-bg-style-parallax av-minimum-height av-minimum-height-custom av-height-custom  container_wrap fullsize'  data-section-bg-repeat='stretch' data-av_minimum_height_px='450'><div class='av-parallax' data-avia-parallax-ratio='0.3' ><div class='av-parallax-inner main_color avia-full-stretch'><\/div><\/div><div class=\"av-section-color-overlay-wrap\"><a href='#next-section' title='' class='scroll-down-link  avia-svg-icon avia-font-svg_entypo-fontello' data-av_svg_icon='down-open-mini' data-av_iconset='svg_entypo-fontello'><svg version=\"1.1\" xmlns=\"http:\/\/www.w3.org\/2000\/svg\" width=\"15\" height=\"32\" viewBox=\"0 0 15 32\" preserveAspectRatio=\"xMidYMid meet\" aria-labelledby='av-svg-title-1' aria-describedby='av-svg-desc-1' role=\"graphics-symbol\" aria-hidden=\"true\">\n<title id='av-svg-title-1'>Scroller vers la prochaine section<\/title>\n<desc id='av-svg-desc-1'>Scroller vers la prochaine section<\/desc>\n<path d=\"M12.96 12.16q0.704-0.832 1.536 0 0.832 0.704 0 1.536l-6.272 6.144q-0.704 0.704-1.536 0l-6.272-6.144q-0.832-0.832 0-1.536 0.768-0.768 1.6 0l5.44 4.992z\"><\/path>\n<\/svg><\/a><div class='container av-section-cont-open' style='height:450px'><main  class='template-page content  av-content-full alpha units'><div class='post-entry post-entry-type-page post-entry-30353'><div class='entry-content-wrapper clearfix'>\n<div  class='flex_column av-av_one_full-db3c685d37a83d385059f6f31cd9c4a7 av_one_full  avia-builder-el-1  avia-builder-el-no-sibling  first flex_column_div  '     ><section  class='av_textblock_section av-lq1bscj0-f7756febb36388fb1cf86f080cfd8946 '  ><div class='avia_textblock' ><p>Location de voiture de luxe en Provence<\/p>\n<\/div><\/section><\/div>\n\n<\/div><\/div><\/main><!-- close content main element --><\/div><\/div><\/div><div id='av_section_2'  class='avia-section av-3s57qjr-5de2b811fb34858dfad0f54d79873f53 main_color avia-section-default avia-no-shadow  avia-builder-el-3  el_after_av_section  el_before_av_section  avia-bg-style-scroll container_wrap fullsize'  ><div class='container av-section-cont-open' ><div class='template-page content  av-content-full alpha units'><div class='post-entry post-entry-type-page post-entry-30353'><div class='entry-content-wrapper clearfix'>\n\n<style type=\"text\/css\" data-created_by=\"avia_inline_auto\" id=\"style-css-av-ne3sp7-ffaca937e25e85f770ba1eef6f9180a6\">\n#top .av-special-heading.av-ne3sp7-ffaca937e25e85f770ba1eef6f9180a6{\npadding-bottom:10px;\n}\nbody .av-special-heading.av-ne3sp7-ffaca937e25e85f770ba1eef6f9180a6 .av-special-heading-tag .heading-char{\nfont-size:25px;\n}\n.av-special-heading.av-ne3sp7-ffaca937e25e85f770ba1eef6f9180a6 .av-subheading{\nfont-size:15px;\n}\n<\/style>\n<div  class='av-special-heading av-ne3sp7-ffaca937e25e85f770ba1eef6f9180a6 av-special-heading-h1 blockquote modern-quote modern-centered  avia-builder-el-4  el_before_av_hr  avia-builder-el-first  av-linked-heading'><h1 class='av-special-heading-tag '  >LOCATION DE VOITURE DE LUXE EN PROVENCE <\/h1><div class=\"special-heading-border\"><div class=\"special-heading-inner-border\"><\/div><\/div><\/div>\n<div  class='hr av-jt9lc6-f0a2c1fbc78a699a000f674fe0ac2597 hr-default  avia-builder-el-5  el_after_av_heading  el_before_av_textblock '><span class='hr-inner '><span class=\"hr-inner-style\"><\/span><\/span><\/div>\n<section  class='av_textblock_section av-3p91itz-18ef4d41c96676aa9ac63cfb2142d28b '  ><div class='avia_textblock' ><h2>LOCATION DE VOITURE DE PRESTIGE EN PROVENCE &#8211; VACANCES EN VOITURE EN FRANCE<\/h2>\n<p>Vous avez d\u00e9cid\u00e9 de prendre des vancances et de partir \u00e0 la d\u00e9couverte de la Provence en voiture. Louer une voiture de luxe en Provence est d\u00e8s lors votre meilleure option.<\/p>\n<p>Faites une pause en Provence. Il fait beau dehors, mais vous \u00eates coinc\u00e9 dans une salle de r\u00e9union, et m\u00eame si vous parvenez \u00e0 d\u00e9verrouiller la porte, ce n&rsquo;est pas fini pour autant. Mais bon ! Prenez l&rsquo;avion pour Marseille et r\u00e9cup\u00e9rez votre voiture \u00e0 l&rsquo;a\u00e9roport de Marseille Provence.<\/p>\n<p>Marseille vaut la peine d&rsquo;\u00eatre visit\u00e9e. Apr\u00e8s tout, c&rsquo;est la deuxi\u00e8me ville de France (apr\u00e8s Paris) et la capitale de la Provence. Son pass\u00e9 est riche d&rsquo;histoire \u00e0 d\u00e9couvrir. Par exemple, elle a de nombreux liens avec la Gr\u00e8ce, mais son histoire comporte aussi des zones d&rsquo;ombre plus r\u00e9centes. Cependant, lorsque vous visitez la ville, restez dans le centre-ville et ne vous aventurer dans les quartiers nord.<\/p>\n<p><img loading=\"lazy\" decoding=\"async\" class=\"alignnone wp-image-37215\" src=\"https:\/\/car4rent.fr\/wp-content\/uploads\/nsmail.jpg\" alt=\"location de voiture de prestige \u00e0 Monaco, Louer une voiture de luxe sur la C\u00f4te d&#039;Azur, Location voiture de luxe PACA\" width=\"203\" height=\"225\" title=\"Car4Rent Cannes\" srcset=\"https:\/\/car4rent.fr\/wp-content\/uploads\/nsmail.jpg 463w, https:\/\/car4rent.fr\/wp-content\/uploads\/nsmail-271x300.jpg 271w, https:\/\/car4rent.fr\/wp-content\/uploads\/nsmail-450x498.jpg 450w\" sizes=\"auto, (max-width: 203px) 100vw, 203px\" \/><img loading=\"lazy\" decoding=\"async\" class=\"alignnone wp-image-36795\" src=\"https:\/\/car4rent.fr\/wp-content\/uploads\/Rent-Range-Rover-Cannes-scaled-1-300x225.jpg\" alt=\"land rover rental\" width=\"300\" height=\"225\" title=\"Car4Rent Cannes\" srcset=\"https:\/\/car4rent.fr\/wp-content\/uploads\/Rent-Range-Rover-Cannes-scaled-1-300x225.jpg 300w, https:\/\/car4rent.fr\/wp-content\/uploads\/Rent-Range-Rover-Cannes-scaled-1-1030x773.jpg 1030w, https:\/\/car4rent.fr\/wp-content\/uploads\/Rent-Range-Rover-Cannes-scaled-1-768x576.jpg 768w, https:\/\/car4rent.fr\/wp-content\/uploads\/Rent-Range-Rover-Cannes-scaled-1-1536x1152.jpg 1536w, https:\/\/car4rent.fr\/wp-content\/uploads\/Rent-Range-Rover-Cannes-scaled-1-2048x1536.jpg 2048w, https:\/\/car4rent.fr\/wp-content\/uploads\/Rent-Range-Rover-Cannes-scaled-1-1500x1125.jpg 1500w, https:\/\/car4rent.fr\/wp-content\/uploads\/Rent-Range-Rover-Cannes-scaled-1-705x529.jpg 705w, https:\/\/car4rent.fr\/wp-content\/uploads\/Rent-Range-Rover-Cannes-scaled-1-450x338.jpg 450w\" sizes=\"auto, (max-width: 300px) 100vw, 300px\" \/><\/p>\n<h3>Location de voiture de luxe en Provence<\/h3>\n<p>D\u00e9couvrez les fabuleux paysages de la Provence et offrez-vous des vacances touristiques proven\u00e7ales au volant d&rsquo;une voiture de luxe ou d&rsquo;un SUV. D\u00e9couvrez notre large gamme de v\u00e9hicules de luxe \u00e0 louer : <a href=\"https:\/\/car4rent.fr\/fr\/louer-une-ferrari\/\"><strong>Ferrari<\/strong><\/a>,\n            <a href=\"https:\/\/car4rent.fr\/fr\/louer-une-lamborghini\/\"><strong>Lamborghini<\/strong><\/a>,\n            <a href=\"https:\/\/car4rent.fr\/fr\/louer-une-porsche\/\"><strong>Porsche<\/strong><\/a>,\n            <a href=\"https:\/\/car4rent.fr\/fr\/louer-un-land-rover\/\"><strong>Land Rover<\/strong><\/a>,\n            <a href=\"https:\/\/car4rent.fr\/fr\/louer-une-mercedes\/\"><strong>Mercedes AMG<\/strong><\/a>,\n            <a href=\"https:\/\/car4rent.fr\/fr\/louer-une-bentley\/\"><strong>Bentley<\/strong><\/a>,\n            <a href=\"https:\/\/car4rent.fr\/fr\/louer-une-rolls-royce\/\"><strong>Rolls-Royce<\/strong><\/a>, et\n            <a href=\"https:\/\/car4rent.fr\/fr\/louer-une-audi\/\"><strong>Audi<\/strong><\/a>.<\/p>\n<h4><span style=\"font-size: 12pt;\">Louer une BMW pour sentir l&rsquo;humeur du Luberon<\/span><\/h4>\n<p>Votre voyage commence dans le Luberon, une terre accueillante avec ses villages perch\u00e9s, de treilles d&rsquo;oliviers, de fermes en pierre, de champs de lavande et de vignobles. Laissez-vous inspirer par les paysages de Van Gogh et de C\u00e9zanne et appr\u00e9ciez les champs jaunes de tournesols, les merveilleux paysages d&rsquo;oliviers et de cypr\u00e8s, et les champs de lavande odorante. Explorez les monuments et sites romains antiques avant de vous rendre dans les villes cosmopolites du sud de la France.<\/p>\n<hr \/>\n<h4>Location dune voiture de luxe \u00e0 Avignon<\/h4>\n<p>Depuis Avignon, une myriade de villes et de villages incontournables \u00a0sont facilement accessibles. Avignon est c\u00e9l\u00e8bre pour son impressionnant \u00ab\u00a0Palais des Papes\u00a0\u00bb. D\u00e9couvrez Orange et N\u00eemes, villes romaines, ou la belle ville d&rsquo;artistes d&rsquo;Arles, porte d&rsquo;entr\u00e9e de la Camargue et des chevaux blancs.<\/p>\n<hr \/>\n<h5><span style=\"font-size: 14pt;\">Louer une voiture de luxe \u00e0 Salondeprovence et partir \u00e0 la d\u00e9couverte des Alpilles<\/span><\/h5>\n<p>Entrez dans les villes des Alpilles, Saint-R\u00e9my de Provence et Les Baux-de-Provence, et explorez les \u00ab\u00a0Carri\u00e8res des Lumi\u00e8res\u00a0\u00bb sur votre E-bike. Au mus\u00e9e, admirez la fantastique exposition de Van Gogh projet\u00e9e sur les murs de 14 m\u00e8tres de haut de la carri\u00e8re de pierre. Laissez-vous emporter par le son de la musique et le specvtacle s&rsquo;offrant \u00e0 vous en d\u00e9couvrant \u00ab\u00a0La nuit \u00e9toil\u00e9e\u00a0\u00bb.<\/p>\n<p>La Provence, patrie du romancier Emile Zola et de l&rsquo;artiste Paul C\u00e9zanne, offre de superbes paysages \u00e0 contempler depuis votre voiture.<\/p>\n<hr \/>\n<p>Louer une Range Rover pour aller au bord de la Mer<\/p>\n<p>Plus au sud et pr\u00e8s de la c\u00f4te m\u00e9diterran\u00e9enne, Aix-en-Provence est une ville cosmopolite et dynamique de caract\u00e8re. La ville poss\u00e8de des atouts culturels exceptionnels qui ajoutent \u00e0 l&rsquo;int\u00e9r\u00eat urbain de ce voyage touristique.<\/p>\n<p>La location de voiture de luxe en Provence vous ingt\u00e9resse, pensez \u00e0 <a href=\"https:\/\/car4rent.fr\/fr\/contact\/\" target=\"_blank\" rel=\"noopener\">r\u00e9server<\/a>\u00a0d\u00e8s maintenant.<\/p>\n<\/div><\/section>\n\n<style type=\"text\/css\" data-created_by=\"avia_inline_auto\" id=\"style-css-av-3nl6dyf-3280bf680b88f98f99c7e3168f78eacb\">\n.flex_column.av-3nl6dyf-3280bf680b88f98f99c7e3168f78eacb{\nborder-radius:0px 0px 0px 0px;\npadding:0px 0px 0px 0px;\n}\n<\/style>\n<div  class='flex_column av-3nl6dyf-3280bf680b88f98f99c7e3168f78eacb av_one_third  avia-builder-el-7  el_after_av_textblock  el_before_av_one_third  first flex_column_div av-zero-column-padding  column-top-margin'     ><style type=\"text\/css\" data-created_by=\"avia_inline_auto\" id=\"style-css-av-3m029w7-474ba2942539490fec329da033af5e6a\">\n.iconbox.av-3m029w7-474ba2942539490fec329da033af5e6a .iconbox_icon{\nbackground-color:#6834bd;\n}\n<\/style>\n<article  class='iconbox iconbox_top av-3m029w7-474ba2942539490fec329da033af5e6a  avia-builder-el-8  avia-builder-el-no-sibling  main_color' ><div class=\"iconbox_content\"><header class=\"entry-content-header\" aria-label=\"Ic\u00f4ne : \"><div class='iconbox_icon heading-color avia-iconfont avia-font-entypo-fontello' data-av_icon='\ue8b6' data-av_iconfont='entypo-fontello'  ><\/div><\/header><div class='iconbox_content_container ' ><p>Location de voiture luxe en Provence<\/p>\n<hr \/>\n<p>Nous proposons \u00e0 la location des voitures haut de gamme et de sport, mais \u00e9galement une large gamme de SUV et de cabriolets. D\u00e9couvrez nos voitures de r\u00eave.<\/p>\n<p>Prix \u00e0 partir de 260\u20ac \/ jour.<\/p>\n<\/div><\/div><footer class=\"entry-footer\"><\/footer><\/article><\/div>\n<style type=\"text\/css\" data-created_by=\"avia_inline_auto\" id=\"style-css-av-3kvu0jr-743c58a873dbe83363f39037e659efef\">\n.flex_column.av-3kvu0jr-743c58a873dbe83363f39037e659efef{\nborder-radius:0px 0px 0px 0px;\npadding:0px 0px 0px 0px;\n}\n<\/style>\n<div  class='flex_column av-3kvu0jr-743c58a873dbe83363f39037e659efef av_one_third  avia-builder-el-9  el_after_av_one_third  el_before_av_one_third  flex_column_div av-zero-column-padding  column-top-margin'     ><style type=\"text\/css\" data-created_by=\"avia_inline_auto\" id=\"style-css-av-3iqe5w7-5564316047dcc35f523cff73475c240b\">\n.iconbox.av-3iqe5w7-5564316047dcc35f523cff73475c240b .iconbox_icon{\nbackground-color:#6834bd;\n}\n<\/style>\n<article  class='iconbox iconbox_top av-3iqe5w7-5564316047dcc35f523cff73475c240b  avia-builder-el-10  avia-builder-el-no-sibling  main_color' ><div class=\"iconbox_content\"><header class=\"entry-content-header\" aria-label=\"Ic\u00f4ne : \"><div class='iconbox_icon heading-color avia-iconfont avia-font-entypo-fontello' data-av_icon='\ue842' data-av_iconfont='entypo-fontello'  ><\/div><\/header><div class='iconbox_content_container ' ><p>Agences \u00e0 l\u2019a\u00e9roport de Nice, Cannes, Monaco et Saint-Tropez<\/p>\n<hr \/>\n<p>Nous livrons votre voiture o\u00f9 vous le souhaitez, \u00e0 votre arriv\u00e9e \u00e0 l&rsquo;a\u00e9roport de Nice, votre h\u00f4tel, votre lieu de vill\u00e9giature ou sur demande n&rsquo;importe o\u00f9 en France.<\/p>\n<\/div><\/div><footer class=\"entry-footer\"><\/footer><\/article><\/div>\n<style type=\"text\/css\" data-created_by=\"avia_inline_auto\" id=\"style-css-av-3gkm3fb-05de5b1e9f483c8cca0e27a973a5bb7e\">\n.flex_column.av-3gkm3fb-05de5b1e9f483c8cca0e27a973a5bb7e{\nborder-radius:0px 0px 0px 0px;\npadding:0px 0px 0px 0px;\n}\n<\/style>\n<div  class='flex_column av-3gkm3fb-05de5b1e9f483c8cca0e27a973a5bb7e av_one_third  avia-builder-el-11  el_after_av_one_third  avia-builder-el-last  flex_column_div av-zero-column-padding  column-top-margin'     ><style type=\"text\/css\" data-created_by=\"avia_inline_auto\" id=\"style-css-av-3f6cojb-4f05dbe467030c00fd78c5df98e2a525\">\n.iconbox.av-3f6cojb-4f05dbe467030c00fd78c5df98e2a525 .iconbox_icon{\nbackground-color:#6834bd;\n}\n<\/style>\n<article  class='iconbox iconbox_top av-3f6cojb-4f05dbe467030c00fd78c5df98e2a525  avia-builder-el-12  avia-builder-el-no-sibling  main_color' ><div class=\"iconbox_content\"><header class=\"entry-content-header\" aria-label=\"Ic\u00f4ne : \"><div class='iconbox_icon heading-color avia-iconfont avia-font-entypo-fontello' data-av_icon='\ue80b' data-av_iconfont='entypo-fontello'  ><\/div><\/header><div class='iconbox_content_container ' ><p>Un service sur mesure<\/p>\n<hr \/>\n<p>Une \u00e9quipe d\u00e9vou\u00e9e et attentive se tient \u00e0 votre disposition pour vous fournir toute information ou r\u00e9pondre \u00e0 vos demandes.<\/p>\n<\/div><\/div><footer class=\"entry-footer\"><\/footer><\/article><\/div><\/div><\/div><\/div><!-- close content main div --><\/div><\/div><div id='contactez-nous'  class='avia-section av-ixjxzr-b5a4be80d3a4a0ea4b593ffe62cfac15 main_color avia-section-default avia-no-border-styling  avia-builder-el-13  el_after_av_section  el_before_av_section  avia-bg-style-scroll container_wrap fullsize'  ><div class='container av-section-cont-open' ><div class='template-page content  av-content-full alpha units'><div class='post-entry post-entry-type-page post-entry-30353'><div class='entry-content-wrapper clearfix'>\n<div  class='hr av-gq3v13-2f35a39fc97255273e02e82a0c886ac5 hr-default  avia-builder-el-14  el_before_av_textblock  avia-builder-el-first '><span class='hr-inner '><span class=\"hr-inner-style\"><\/span><\/span><\/div>\n<section  class='av_textblock_section av-grz2f-3e3f9893495b1e81908f7b0e3a4cb046 '  ><div class='avia_textblock' ><p style=\"text-align: center;\"><span style=\"font-size: 14pt;\">Nous contacter par t\u00e9l\u00e9phoneVous souhaitez louer une de nos voitures de luxe dans le sud de la France ? Besoin d\u2019un conseil ?<\/span><\/p>\n<\/div><\/section>\n\n<style type=\"text\/css\" data-created_by=\"avia_inline_auto\" id=\"style-css-av-epbelz-ad7f9779947afc273ef2211b0b6fd3f7\">\n#top .hr.hr-invisible.av-epbelz-ad7f9779947afc273ef2211b0b6fd3f7{\nheight:25px;\n}\n<\/style>\n<div  class='hr av-epbelz-ad7f9779947afc273ef2211b0b6fd3f7 hr-invisible  avia-builder-el-16  el_after_av_textblock  el_before_av_two_third '><span class='hr-inner '><span class=\"hr-inner-style\"><\/span><\/span><\/div>\n\n<style type=\"text\/css\" data-created_by=\"avia_inline_auto\" id=\"style-css-av-byiqhj-3169b9f7172f1d2e43b38354e80e8c2a\">\n.flex_column.av-byiqhj-3169b9f7172f1d2e43b38354e80e8c2a{\nborder-radius:0px 0px 0px 0px;\npadding:0px 0px 0px 0px;\n}\n<\/style>\n<div  class='flex_column av-byiqhj-3169b9f7172f1d2e43b38354e80e8c2a av_two_third  avia-builder-el-17  el_after_av_hr  el_before_av_one_third  first flex_column_div av-zero-column-padding  '     ><section  class='av_textblock_section av-lq1bct44-3af907cdcf7b9cf8a3986bf70b3838f5 '  ><div class='avia_textblock' ><p style=\"text-align: center;\"><span style=\"font-size: 14pt;\">Contactez-nous \u00e0 l\u2019aide du formulaire ci-dessous<\/span><\/p>\n<\/div><\/section><br \/>\n<section  class='av_textblock_section av-8iki1z-dd2357b377dabafe024d59e79c9f2154 '  ><div class='avia_textblock' ><div class=\"wpforms-container wpforms-container-full\" id=\"wpforms-27233\"><form id=\"wpforms-form-27233\" class=\"wpforms-validate wpforms-form\" data-formid=\"27233\" method=\"post\" enctype=\"multipart\/form-data\" action=\"\/fr\/wp-json\/wp\/v2\/pages\/30353\" data-token=\"4956c4069c64749b1df536230bf32717\" data-token-time=\"1776863594\"><noscript class=\"wpforms-error-noscript\">Veuillez activer JavaScript dans votre navigateur pour remplir ce formulaire.<\/noscript><div class=\"wpforms-field-container\"><div id=\"wpforms-27233-field_5-container\" class=\"wpforms-field wpforms-field-name\" data-field-id=\"5\"><label class=\"wpforms-field-label\">Nom <span class=\"wpforms-required-label\">*<\/span><\/label><div class=\"wpforms-field-row wpforms-field-medium\"><div class=\"wpforms-field-row-block wpforms-first wpforms-one-half\"><input type=\"text\" id=\"wpforms-27233-field_5\" class=\"wpforms-field-name-first wpforms-field-required\" name=\"wpforms[fields][5][first]\" required><label for=\"wpforms-27233-field_5\" class=\"wpforms-field-sublabel after\">First<\/label><\/div><div class=\"wpforms-field-row-block wpforms-one-half\"><input type=\"text\" id=\"wpforms-27233-field_5-last\" class=\"wpforms-field-name-last wpforms-field-required\" name=\"wpforms[fields][5][last]\" required><label for=\"wpforms-27233-field_5-last\" class=\"wpforms-field-sublabel after\">Last<\/label><\/div><\/div><\/div><div id=\"wpforms-27233-field_9-container\" class=\"wpforms-field wpforms-field-layout\" data-field-id=\"9\"><div class=\"wpforms-field-layout-rows wpforms-field-large\"><div class=\"wpforms-layout-row\"><div class=\"wpforms-layout-column wpforms-layout-column-50\"><div id=\"wpforms-27233-field_7-container\" class=\"wpforms-field wpforms-field-email\" data-field-id=\"7\"><label class=\"wpforms-field-label\" for=\"wpforms-27233-field_7\">Courriel <span class=\"wpforms-required-label\">*<\/span><\/label><input type=\"email\" id=\"wpforms-27233-field_7\" class=\"wpforms-field-medium wpforms-field-required\" name=\"wpforms[fields][7]\" spellcheck=\"false\" required><\/div><\/div><div class=\"wpforms-layout-column wpforms-layout-column-50\"><div id=\"wpforms-27233-field_8-container\" class=\"wpforms-field wpforms-field-phone\" data-field-id=\"8\"><label class=\"wpforms-field-label\" for=\"wpforms-27233-field_8\">T\u00e9l\u00e9phone <span class=\"wpforms-required-label\">*<\/span><\/label><input type=\"tel\" id=\"wpforms-27233-field_8\" class=\"wpforms-field-medium wpforms-field-required\" data-rule-int-phone-field=\"true\" name=\"wpforms[fields][8]\" aria-label=\"T\u00e9l\u00e9phone\" required><\/div><\/div><\/div><\/div><\/div><div id=\"wpforms-27233-field_4-container\" class=\"wpforms-field wpforms-field-textarea\" data-field-id=\"4\"><label class=\"wpforms-field-label\" for=\"wpforms-27233-field_4\">Message<\/label><textarea id=\"wpforms-27233-field_4\" class=\"wpforms-field-medium\" name=\"wpforms[fields][4]\" ><\/textarea><\/div><\/div><!-- .wpforms-field-container --><div class=\"wpforms-recaptcha-container wpforms-is-recaptcha wpforms-is-recaptcha-type-v3\" ><input type=\"hidden\" name=\"wpforms[recaptcha]\" value=\"\"><\/div><div class=\"wpforms-submit-container\" ><input type=\"hidden\" name=\"wpforms[id]\" value=\"27233\"><input type=\"hidden\" name=\"page_title\" value=\"\"><input type=\"hidden\" name=\"page_url\" value=\"https:\/\/car4rent.fr\/fr\/wp-json\/wp\/v2\/pages\/30353\"><input type=\"hidden\" name=\"url_referer\" value=\"\"><button type=\"submit\" name=\"wpforms[submit]\" id=\"wpforms-submit-27233\" class=\"wpforms-submit\" data-alt-text=\"Envoi\" data-submit-text=\"Soumettre\" aria-live=\"assertive\" value=\"wpforms-submit\">Soumettre<\/button><\/div><\/form><\/div>  <!-- .wpforms-container -->\n<\/div><\/section><\/p><\/div>\n<style type=\"text\/css\" data-created_by=\"avia_inline_auto\" id=\"style-css-av-rvphz-836849ba669b2755957dfcece34d4167\">\n.flex_column.av-rvphz-836849ba669b2755957dfcece34d4167{\nborder-radius:0px 0px 0px 0px;\npadding:0px 0px 0px 0px;\n}\n<\/style>\n<div  class='flex_column av-rvphz-836849ba669b2755957dfcece34d4167 av_one_third  avia-builder-el-20  el_after_av_two_third  avia-builder-el-last  flex_column_div av-zero-column-padding  '     ><section  class='av_textblock_section av-lq1bbcyz-aad217adf3e2acdafed76feea9bc4afb '  ><div class='avia_textblock' ><p style=\"text-align: center;\"><span style=\"font-size: 14pt;\">Nous contacter par t\u00e9l\u00e9phone<\/span><\/p>\n<\/div><\/section><br \/>\n<section  class='av_textblock_section av-av_textblock-564067357eb74c20cdd60b282c9b50bd '  ><div class='avia_textblock' ><p>Agence de Cannes (09H-12H00 et 15H00-19H00)<br \/>\n10, rue Hibert &#8211; 06400 Cannes<br \/>\nT\u00e9l\u00e9phone : +<a href=\"tel:0033788278586\">33(0)7 88 27 85 86<\/a><br \/>\nMail : <a href=\"mailto:info@car4rent.fr\">info@car4rent.fr<\/a><\/p>\n<\/div><\/section><\/p><\/div>\n<\/p>\n<\/div><\/div><\/div><!-- close content main div --><\/div><\/div><div id='av_section_4'  class='avia-section av-1bqoanf-67aa9a19b7d203f392e0f34ee43d3041 main_color avia-section-default avia-no-border-styling  avia-builder-el-23  el_after_av_section  avia-builder-el-last  avia-bg-style-scroll container_wrap fullsize'  ><div class='container av-section-cont-open' ><div class='template-page content  av-content-full alpha units'><div class='post-entry post-entry-type-page post-entry-30353'><div class='entry-content-wrapper clearfix'>\n<div  class='avia-builder-widget-area clearfix  avia-builder-el-24  avia-builder-el-no-sibling '><div id=\"text-9\" class=\"widget clearfix widget_text\">\t\t\t<div class=\"textwidget\"><p style=\"text-align: center;\">    <div class=\"car4rent-share-block car4rent-fr\">\n        <a href=\"https:\/\/www.facebook.com\/sharer\/sharer.php?u=\" target=\"_blank\" rel=\"noopener\"><i class=\"fa-brands fa-facebook\"><\/i> Partager<\/a>\n        <a href=\"https:\/\/x.com\/intent\/tweet?url=&amp;text=\" target=\"_blank\" rel=\"noopener\"><i class=\"fa-brands fa-x-twitter\"><\/i> X<\/a>\n        <a href=\"https:\/\/wa.me\/?text=%20\" target=\"_blank\" rel=\"noopener\"><i class=\"fa-brands fa-whatsapp\"><\/i> WhatsApp<\/a>\n        <a href=\"https:\/\/www.instagram.com\/car4rent_cannes\/\" target=\"_blank\" rel=\"noopener\"><i class=\"fa-brands fa-instagram\"><\/i> Instagram<\/a>\n        <a href=\"https:\/\/www.linkedin.com\/company\/car4rent\/about\/\" target=\"_blank\" rel=\"noopener\"><i class=\"fa-brands fa-linkedin\"><\/i> LinkedIn<\/a>\n        <a href=\"https:\/\/www.youtube.com\/@car4rentcannes839\" target=\"_blank\" rel=\"noopener\"><i class=\"fa-brands fa-youtube\"><\/i> YouTube<\/a>\n    <\/div>\n    <\/p>\n<\/div>\n\t\t<\/div><\/div>\n\n","protected":false},"excerpt":{"rendered":"","protected":false},"author":3,"featured_media":32570,"parent":0,"menu_order":1895,"comment_status":"closed","ping_status":"closed","template":"","meta":{"_acf_changed":false,"footnotes":""},"class_list":["post-30353","page","type-page","status-publish","has-post-thumbnail","hentry"],"acf":[],"_links":{"self":[{"href":"https:\/\/car4rent.fr\/fr\/wp-json\/wp\/v2\/pages\/30353","targetHints":{"allow":["GET"]}}],"collection":[{"href":"https:\/\/car4rent.fr\/fr\/wp-json\/wp\/v2\/pages"}],"about":[{"href":"https:\/\/car4rent.fr\/fr\/wp-json\/wp\/v2\/types\/page"}],"author":[{"embeddable":true,"href":"https:\/\/car4rent.fr\/fr\/wp-json\/wp\/v2\/users\/3"}],"replies":[{"embeddable":true,"href":"https:\/\/car4rent.fr\/fr\/wp-json\/wp\/v2\/comments?post=30353"}],"version-history":[{"count":0,"href":"https:\/\/car4rent.fr\/fr\/wp-json\/wp\/v2\/pages\/30353\/revisions"}],"wp:featuredmedia":[{"embeddable":true,"href":"https:\/\/car4rent.fr\/fr\/wp-json\/wp\/v2\/media\/32570"}],"wp:attachment":[{"href":"https:\/\/car4rent.fr\/fr\/wp-json\/wp\/v2\/media?parent=30353"}],"curies":[{"name":"wp","href":"https:\/\/api.w.org\/{rel}","templated":true}]}}