{"id":30338,"date":"2023-11-10T16:56:12","date_gmt":"2023-11-10T15:56:12","guid":{"rendered":"https:\/\/car4rent.fr\/location-de-voiture-de-luxe-toulon\/"},"modified":"2024-01-17T16:42:48","modified_gmt":"2024-01-17T15:42:48","slug":"location-de-voiture-de-luxe-a-toulon","status":"publish","type":"page","link":"https:\/\/car4rent.fr\/fr\/location-de-voiture-de-luxe-a-toulon\/","title":{"rendered":"Location de voiture de luxe \u00e0 Toulon"},"content":{"rendered":"\n<style type=\"text\/css\" data-created_by=\"avia_inline_auto\" id=\"style-css-av-js5twac7-f87f28c6b86d3b9b9cc9689c429cd118\">\n.avia-section.av-js5twac7-f87f28c6b86d3b9b9cc9689c429cd118{\nbackground-repeat:no-repeat;\nbackground-image:url(https:\/\/car4rent.fr\/wp-content\/uploads\/LUXURY-CAR-HIRE-TOULON-1030x515.jpg);\nbackground-position:50% 100%;\nbackground-attachment:scroll;\n}\n<\/style>\n<div id='header-section'  class='avia-section av-js5twac7-f87f28c6b86d3b9b9cc9689c429cd118 main_color avia-section-huge avia-no-border-styling  avia-builder-el-0  el_before_av_one_full  avia-builder-el-first  avia-full-stretch avia-bg-style-scroll av-minimum-height av-minimum-height-custom av-height-custom  container_wrap fullsize'  data-section-bg-repeat='stretch' data-av_minimum_height_px='450'><div class='container av-section-cont-open' style='height:450px'><main  class='template-page content  av-content-full alpha units'><div class='post-entry post-entry-type-page post-entry-30338'><div class='entry-content-wrapper clearfix'>\n\n<style type=\"text\/css\" data-created_by=\"avia_inline_auto\" id=\"style-css-av-leh2u67v-297af9c3e01cb4a5bb015436847cb213\">\n#top .av-special-heading.av-leh2u67v-297af9c3e01cb4a5bb015436847cb213{\npadding-bottom:10px;\n}\nbody .av-special-heading.av-leh2u67v-297af9c3e01cb4a5bb015436847cb213 .av-special-heading-tag .heading-char{\nfont-size:25px;\n}\n.av-special-heading.av-leh2u67v-297af9c3e01cb4a5bb015436847cb213 .av-subheading{\nfont-size:15px;\n}\n<\/style>\n<div  class='av-special-heading av-leh2u67v-297af9c3e01cb4a5bb015436847cb213 av-special-heading-h2  avia-builder-el-1  avia-builder-el-no-sibling '><h2 class='av-special-heading-tag '  >OFFREZ-VOUS UNE LOCATION DE VOITURE \u00c0 TOULON<\/h2><div class=\"special-heading-border\"><div class=\"special-heading-inner-border\"><\/div><\/div><\/div>\n<\/div><\/div><\/main><!-- close content main element --><\/div><\/div><div id='after_section_1'  class='main_color av_default_container_wrap container_wrap fullsize'  ><div class='container av-section-cont-open' ><div class='template-page content  av-content-full alpha units'><div class='post-entry post-entry-type-page post-entry-30338'><div class='entry-content-wrapper clearfix'>\n<style type=\"text\/css\" data-created_by=\"avia_inline_auto\" id=\"style-css-av-703por6-7fd814c5352cfd4aeaef0efb9e948d6a\">\n.flex_column.av-703por6-7fd814c5352cfd4aeaef0efb9e948d6a{\nborder-radius:0px 0px 0px 0px;\npadding:0px 0px 0px 0px;\n}\n<\/style>\n<div  class='flex_column av-703por6-7fd814c5352cfd4aeaef0efb9e948d6a av_one_full  avia-builder-el-2  el_after_av_section  el_before_av_section  avia-builder-el-no-sibling  first flex_column_div av-zero-column-padding  '     ><p>\n<style type=\"text\/css\" data-created_by=\"avia_inline_auto\" id=\"style-css-av-jt1sbdop-defcd533181ec847faa69883dd1bbbe4\">\n#top .av-special-heading.av-jt1sbdop-defcd533181ec847faa69883dd1bbbe4{\npadding-bottom:10px;\n}\nbody .av-special-heading.av-jt1sbdop-defcd533181ec847faa69883dd1bbbe4 .av-special-heading-tag .heading-char{\nfont-size:25px;\n}\n.av-special-heading.av-jt1sbdop-defcd533181ec847faa69883dd1bbbe4 .av-subheading{\nfont-size:15px;\n}\n<\/style>\n<div  class='av-special-heading av-jt1sbdop-defcd533181ec847faa69883dd1bbbe4 av-special-heading-h1 blockquote modern-quote modern-centered  avia-builder-el-3  el_before_av_hr  avia-builder-el-first  av-linked-heading'><h1 class='av-special-heading-tag '  >LOCATION DE VOITURE DE LUXE \u00c0 TOULON<\/h1><div class=\"special-heading-border\"><div class=\"special-heading-inner-border\"><\/div><\/div><\/div><br \/>\n<div  class='hr av-s8ddd6-1db0f44f0d2be470f4b4a856b4db9ed8 hr-default  avia-builder-el-4  el_after_av_heading  el_before_av_textblock '><span class='hr-inner '><span class=\"hr-inner-style\"><\/span><\/span><\/div><br \/>\n<section  class='av_textblock_section av-js5tay2s-df2a5f1ea0d8328874e586c52c511781 '  ><div class='avia_textblock' ><div class=\"csc-header csc-header-n1\">\n<h2><strong>R\u00c9SERVEZ VOTRE LOCATION DE VOITURE DE LUXE \u00c0 TOULON AVEC CAR4RENT<\/strong><\/h2>\n<p>Commencez votre tour de France par une location de voiture de luxe \u00e0 <a href=\"https:\/\/toulontourisme.com\/fr\/que-faire-toulon\/toulon-cote-ville\/les-incontournables-du-coeur-de-ville\/\" target=\"_blank\" rel=\"noopener\">Toulon<\/a>, si\u00e8ge de la flotte m\u00e9diterran\u00e9enne. Et le c\u00e9l\u00e8bre \u00ab\u00a0Charles de Gaulle\u00a0\u00bb, navire embl\u00e9matique de la flotte militaire fran\u00e7aise. Imaginez une ville forteresse o\u00f9 des centaines de marins errent dans les rues.<\/p>\n<p>Vous pouvez aussi vous promener dans le magnifique port, entour\u00e9 de collines luxuriantes, couronn\u00e9es de forts pittoresques. Sur la route de Saint-Tropez et de Cannes \u00e0 l&rsquo;est, ou sur la route de l&rsquo;ouest, vers Marseille.\u00a0 La location de voiture de luxe \u00e0 Toulon vous fera profiter \u00e0 fond de votre s\u00e9jour.<\/p>\n<h3>A la d\u00e9couverte de Toulon<\/h3>\n<p>Partez \u00e0 la d\u00e9couverte de cette ville au coeur du Var. Tout au long de votre parcours, le patrimoine et les mus\u00e9es t\u00e9moignent de l\u2019histoire de Toulon, et r\u00e9v\u00e8lent des collections des plus classiques aux plus contemporaines, et notamment le Stade Mayol, temple du rugby toulonnais.<\/p>\n<\/div>\n<div class=\"csc-header csc-header-n1\">Bien que la ville ait souffert des ravages de la Seconde Guerre Mondiale, son patrimoine n\u2019en refl\u00e8te pas moins son \u00e9volution architecturale et les courants artistiques qu&rsquo;elle a travers\u00e9s \u00e0 travers les si\u00e8cles. La Provence, la religion et la pr\u00e9sence historique de la marine sont les trois inspirations principales des monuments que vous pourrez y d\u00e9couvrir.<\/div>\n<h5>Le quartier des Arts<\/h5>\n<div>La culture \u00e0 Toulon a pris un tour majeur en 2017 dans le centre historique de la ville : la rue Pierre S\u00e9mard, la place de l\u2019Equerre, mais \u00e9galement les rues avoisinantes deviennent \u00ab\u00a0rues des Arts\u00a0\u00bb . La premi\u00e8re en est l\u2019\u00e9picentre et a \u00e9t\u00e9 repens\u00e9e pour porter l\u2019art et la culture. Cr\u00e9ateurs, espaces de co-working, caf\u00e9s, bars, mais \u00e9galement galeries, boutiques et concept stores investissent ces espaces et insufflent une ambiance jeune et dynamique dans ce centre ancien.<\/div>\n<div class=\"csc-header csc-header-n1\">\n<p>Caract\u00e9ristiques de Toulon, l&rsquo;entr\u00e9e de sa rade et son port c\u00f4toient le centre-ville. Rien de plus facile que de prendre un verre avec vue sur mer en revenat du march\u00e9 ou avant d\u2019aller au cin\u00e9ma. Pour d\u00e9couvrir Toulon la maritime, ne manquez pas une visite de la rade en bateau.Le Mus\u00e9e National de la Marine vous permettra de revivre l\u2019histoire maritime du port militaire de Toulon, principale base navale fran\u00e7aise,<\/p>\n<p>Entour\u00e9e de collines surplombent la rade, Toulon offre un environnement naturel exceptionnel. Toulon est la seule rade \u00e0 allier la d\u00e9fense maritime et la terrestre. Ce patrimoine militaire forteresses, forts et autres tours, combin\u00e9 \u00e0 la pr\u00e9sence historique de l\u2019Arsenal, d\u00e9sormais appel\u00e9 base navale, donne aujourd\u2019hui \u00e0 raconter de grands r\u00e9cits de batailles, de strat\u00e9gies, et de R\u00e9volution.<\/p>\n<p><span style=\"font-size: 28px;font-weight: 600\">LOUER UNE VOITURE DE LUXE A TOULON &#8211; UNE LARGE S\u00c9LECTION DE VOITURES DE LUXE <\/span><\/p>\n<p>Car4rent propose si vous le souhaitez une prise en charge de votre v\u00e9hicule \u00e0 l&rsquo;a\u00e9roport de Toulon-Hy\u00e8res et dispose d&rsquo;une large flotte de v\u00e9hicules de location, parmi les marques les plus prestigieuses comme Ferrari, Lamborghini, Porsche, Land Rover, Mercedes AMG, Bentley, Rolls-Royce et autres <a class=\"wpil_keyword_link\" href=\"https:\/\/car4rent.fr\/fr\/categorie-produit\/marques-de-voitures\/audi\/\" title=\"Locations de voitures de luxe Audi\" data-wpil-keyword-link=\"linked\" data-wpil-monitor-id=\"122603\">Audi<\/a> etBMW. Il est donc facile de louer une voiture de luxe \u00e0 Toulon avec Car4rent.<\/p>\n<p>Passez \u00e0 l&rsquo;\u00e9tape suivante de la planification de votre voyage et r\u00e9servez une voiture de location de luxe \u00e0 Toulon d\u00e8s aujourd&rsquo;hui avec Car4rent. Car4rent vous offre les prix les plus bas du secteur. Pr\u00e9parez votre voyage en France et d\u00e9couvrez la r\u00e9gion avec style au volant d&rsquo;une voiture de sport ou de luxe. Organisez votre voyage avec Car4rent sans tarder et d\u00e9pensez moins pour votre voyage en France.<\/p>\n<p>Vous souhaitez louer une supercar, une voiture de sport ou une voiture d\u00e9capotable. Les marques de voitures les plus prestigieuses disponibles \u00e0 la location \u00e0 Toulon.<\/p>\n<p>Pour louer une voiture \u00e0 Toulon, n&rsquo;h\u00e9sitez pas \u00e0 nous <strong><a href=\"https:\/\/car4rent.fr\/fr\/contact\/\">contacter<\/a><\/strong>\u00a0pour toute information compl\u00e9mentaire, demande ou pour obtenir un devis gratuit.<\/p>\n<\/div>\n<\/div><\/section><\/p><\/div><\/div><\/div><\/div><!-- close content main div --><\/div><\/div><div id='av_section_2'  class='avia-section av-6mq6aoi-220d2331d8a8e09257ee23f14fd9c975 main_color avia-section-default avia-no-border-styling  avia-builder-el-6  el_after_av_one_full  el_before_av_section  avia-bg-style-scroll container_wrap fullsize'  ><div class='container av-section-cont-open' ><div class='template-page content  av-content-full alpha units'><div class='post-entry post-entry-type-page post-entry-30338'><div class='entry-content-wrapper clearfix'>\n\n<style type=\"text\/css\" data-created_by=\"avia_inline_auto\" id=\"style-css-av-6du7y6q-59c18bf5428f997f5a63dc0afece8078\">\n.flex_column.av-6du7y6q-59c18bf5428f997f5a63dc0afece8078{\nborder-radius:0px 0px 0px 0px;\npadding:0px 0px 0px 0px;\n}\n<\/style>\n<div  class='flex_column av-6du7y6q-59c18bf5428f997f5a63dc0afece8078 av_one_full  avia-builder-el-7  el_before_av_hr  avia-builder-el-first  first flex_column_div av-zero-column-padding  '     ><style type=\"text\/css\" data-created_by=\"avia_inline_auto\" id=\"style-css-av-zc56yj-aef627e462a03cd68440faaeed922d75\">\n#top .av-special-heading.av-zc56yj-aef627e462a03cd68440faaeed922d75{\npadding-bottom:10px;\n}\nbody .av-special-heading.av-zc56yj-aef627e462a03cd68440faaeed922d75 .av-special-heading-tag .heading-char{\nfont-size:25px;\n}\n.av-special-heading.av-zc56yj-aef627e462a03cd68440faaeed922d75 .av-subheading{\nfont-size:15px;\n}\n<\/style>\n<div  class='av-special-heading av-zc56yj-aef627e462a03cd68440faaeed922d75 av-special-heading-h4 blockquote modern-quote modern-centered  avia-builder-el-8  avia-builder-el-no-sibling '><h4 class='av-special-heading-tag '  >Car4Rent est pr\u00e9sent \u00e0 Cannes, Saint-Tropez, Monaco et \u00e0 l\u2019a\u00e9roport de Nice.<\/h4><div class=\"special-heading-border\"><div class=\"special-heading-inner-border\"><\/div><\/div><\/div><\/div>\n<style type=\"text\/css\" data-created_by=\"avia_inline_auto\" id=\"style-css-av-3vm1d4i-f3083e317d436492b0f19882b1143acf\">\n#top .hr.hr-invisible.av-3vm1d4i-f3083e317d436492b0f19882b1143acf{\nheight:25px;\n}\n<\/style>\n<div  class='hr av-3vm1d4i-f3083e317d436492b0f19882b1143acf hr-invisible  avia-builder-el-9  el_after_av_one_full  el_before_av_heading '><span class='hr-inner '><span class=\"hr-inner-style\"><\/span><\/span><\/div>\n\n<style type=\"text\/css\" data-created_by=\"avia_inline_auto\" id=\"style-css-av-uk2x4r-e391b594a984b466ee112f0bfec90a1c\">\n#top .av-special-heading.av-uk2x4r-e391b594a984b466ee112f0bfec90a1c{\npadding-bottom:10px;\n}\nbody .av-special-heading.av-uk2x4r-e391b594a984b466ee112f0bfec90a1c .av-special-heading-tag .heading-char{\nfont-size:25px;\n}\n.av-special-heading.av-uk2x4r-e391b594a984b466ee112f0bfec90a1c .av-subheading{\nfont-size:15px;\n}\n<\/style>\n<div  class='av-special-heading av-uk2x4r-e391b594a984b466ee112f0bfec90a1c av-special-heading-h2 blockquote modern-quote modern-centered  avia-builder-el-10  el_after_av_hr  el_before_av_textblock '><h2 class='av-special-heading-tag '  >Vous souhaitez louer une voiture de luxe en France ?<\/h2><div class=\"special-heading-border\"><div class=\"special-heading-inner-border\"><\/div><\/div><\/div>\n<section  class='av_textblock_section av-35qmucy-e7eea719684c2bd9feccf9548ffaf785 '  ><div class='avia_textblock' ><p style=\"text-align: center\">Car4rent est un des loueurs de voitures de luxe le mieux r\u00e9f\u00e9renc\u00e9 sur la C\u00f4te d&rsquo;Azur. Notre \u00e9quipe est l\u00e0 pour vous conseiller et vous trouver le v\u00e9hicule id\u00e9al. Que des voitures de sport de luxe, des cabriolets et des SUV pour votre enti\u00e8re satisfaction.<\/p>\n<\/div><\/section>\n<\/p>\n<\/div><\/div><\/div><!-- close content main div --><\/div><\/div>\n<style type=\"text\/css\" data-created_by=\"avia_inline_auto\" id=\"style-css-av-27qlrrm-0da01d1b45d171244764f48420a7c9a1\">\n.avia-section.av-27qlrrm-0da01d1b45d171244764f48420a7c9a1{\nbackground-color:#6834bd;\nbackground-image:unset;\n}\n<\/style>\n<div id='av_section_3'  class='avia-section av-27qlrrm-0da01d1b45d171244764f48420a7c9a1 main_color avia-section-default avia-no-border-styling  avia-builder-el-12  el_after_av_section  el_before_av_section  avia-bg-style-scroll container_wrap fullsize'  ><div class='container av-section-cont-open' ><div class='template-page content  av-content-full alpha units'><div class='post-entry post-entry-type-page post-entry-30338'><div class='entry-content-wrapper clearfix'>\n\n<style type=\"text\/css\" data-created_by=\"avia_inline_auto\" id=\"style-css-av-1s5iv9u-8ac989dedb16f3be0a440a9735065d3b\">\n#top .av-special-heading.av-1s5iv9u-8ac989dedb16f3be0a440a9735065d3b{\npadding-bottom:10px;\ncolor:#ffffff;\nfont-size:30px;\n}\nbody .av-special-heading.av-1s5iv9u-8ac989dedb16f3be0a440a9735065d3b .av-special-heading-tag .heading-char{\nfont-size:25px;\n}\n#top #wrap_all .av-special-heading.av-1s5iv9u-8ac989dedb16f3be0a440a9735065d3b .av-special-heading-tag{\nfont-size:30px;\n}\n.av-special-heading.av-1s5iv9u-8ac989dedb16f3be0a440a9735065d3b .special-heading-inner-border{\nborder-color:#ffffff;\n}\n.av-special-heading.av-1s5iv9u-8ac989dedb16f3be0a440a9735065d3b .av-subheading{\nfont-size:15px;\n}\n\n@media only screen and (min-width: 480px) and (max-width: 767px){ \n#top #wrap_all .av-special-heading.av-1s5iv9u-8ac989dedb16f3be0a440a9735065d3b .av-special-heading-tag{\nfont-size:0.8em;\n}\n}\n\n@media only screen and (max-width: 479px){ \n#top #wrap_all .av-special-heading.av-1s5iv9u-8ac989dedb16f3be0a440a9735065d3b .av-special-heading-tag{\nfont-size:0.8em;\n}\n}\n<\/style>\n<div  class='av-special-heading av-1s5iv9u-8ac989dedb16f3be0a440a9735065d3b av-special-heading-h5 custom-color-heading blockquote modern-quote modern-centered  avia-builder-el-13  el_before_av_button  avia-builder-el-first  av-inherit-size'><h5 class='av-special-heading-tag '  >Location de voitures luxe &#8211; Grand choix de v\u00e9hicules de r\u00eave au meilleur prix<\/h5><div class=\"special-heading-border\"><div class=\"special-heading-inner-border\"><\/div><\/div><\/div>\n<div  class='avia-button-wrap av-3lk7si-750c35f5c01c7fd897a03a24d1551193-wrap avia-button-center  avia-builder-el-14  el_after_av_heading  avia-builder-el-last '><a href=\"https:\/\/car4rent.fr\/fr\/contact\/\" class=\"avia-button av-3lk7si-750c35f5c01c7fd897a03a24d1551193 av-link-btn avia-icon_select-yes-right-icon avia-size-large avia-position-center av-icon-on-hover avia-color-grey\" aria-label=\"Contactez notre \u00e9quipe d\u00e9di\u00e9e\"><span class='avia_iconbox_title' >Contactez notre \u00e9quipe d\u00e9di\u00e9e<\/span><span class='avia_button_icon avia_button_icon_right avia-iconfont avia-font-entypo-fontello' data-av_icon='\ue881' data-av_iconfont='entypo-fontello' ><\/span><\/a><\/div>\n<\/div><\/div><\/div><!-- close content main div --><\/div><\/div><div id='av_section_4'  class='avia-section av-17m2i2j-eb85d083605d4eaccf41edfb2601ce3b main_color avia-section-default avia-no-border-styling  avia-builder-el-15  el_after_av_section  avia-builder-el-last  avia-bg-style-scroll container_wrap fullsize'  ><div class='container av-section-cont-open' ><div class='template-page content  av-content-full alpha units'><div class='post-entry post-entry-type-page post-entry-30338'><div class='entry-content-wrapper clearfix'>\n<div  class='avia-builder-widget-area clearfix  avia-builder-el-16  avia-builder-el-no-sibling '><div id=\"text-9\" class=\"widget clearfix widget_text\">\t\t\t<div class=\"textwidget\"><p style=\"text-align: center;\">    <div class=\"car4rent-share-block car4rent-fr\">\n        <a href=\"https:\/\/www.facebook.com\/sharer\/sharer.php?u=\" target=\"_blank\" rel=\"noopener\"><i class=\"fa-brands fa-facebook\"><\/i> Partager<\/a>\n        <a href=\"https:\/\/x.com\/intent\/tweet?url=&amp;text=\" target=\"_blank\" rel=\"noopener\"><i class=\"fa-brands fa-x-twitter\"><\/i> X<\/a>\n        <a href=\"https:\/\/wa.me\/?text=%20\" target=\"_blank\" rel=\"noopener\"><i class=\"fa-brands fa-whatsapp\"><\/i> WhatsApp<\/a>\n        <a href=\"https:\/\/www.instagram.com\/car4rent_cannes\/\" target=\"_blank\" rel=\"noopener\"><i class=\"fa-brands fa-instagram\"><\/i> Instagram<\/a>\n        <a href=\"https:\/\/www.linkedin.com\/company\/car4rent\/about\/\" target=\"_blank\" rel=\"noopener\"><i class=\"fa-brands fa-linkedin\"><\/i> LinkedIn<\/a>\n        <a href=\"https:\/\/www.youtube.com\/@car4rentcannes839\" target=\"_blank\" rel=\"noopener\"><i class=\"fa-brands fa-youtube\"><\/i> YouTube<\/a>\n    <\/div>\n    <\/p>\n<\/div>\n\t\t<\/div><\/div>\n<\/p>\n","protected":false},"excerpt":{"rendered":"","protected":false},"author":3,"featured_media":29709,"parent":0,"menu_order":1935,"comment_status":"closed","ping_status":"closed","template":"","meta":{"_acf_changed":false,"footnotes":""},"class_list":["post-30338","page","type-page","status-publish","has-post-thumbnail","hentry"],"acf":[],"_links":{"self":[{"href":"https:\/\/car4rent.fr\/fr\/wp-json\/wp\/v2\/pages\/30338","targetHints":{"allow":["GET"]}}],"collection":[{"href":"https:\/\/car4rent.fr\/fr\/wp-json\/wp\/v2\/pages"}],"about":[{"href":"https:\/\/car4rent.fr\/fr\/wp-json\/wp\/v2\/types\/page"}],"author":[{"embeddable":true,"href":"https:\/\/car4rent.fr\/fr\/wp-json\/wp\/v2\/users\/3"}],"replies":[{"embeddable":true,"href":"https:\/\/car4rent.fr\/fr\/wp-json\/wp\/v2\/comments?post=30338"}],"version-history":[{"count":0,"href":"https:\/\/car4rent.fr\/fr\/wp-json\/wp\/v2\/pages\/30338\/revisions"}],"wp:featuredmedia":[{"embeddable":true,"href":"https:\/\/car4rent.fr\/fr\/wp-json\/wp\/v2\/media\/29709"}],"wp:attachment":[{"href":"https:\/\/car4rent.fr\/fr\/wp-json\/wp\/v2\/media?parent=30338"}],"curies":[{"name":"wp","href":"https:\/\/api.w.org\/{rel}","templated":true}]}}