{"id":30332,"date":"2023-11-10T16:56:12","date_gmt":"2023-11-10T15:56:12","guid":{"rendered":"https:\/\/car4rent.fr\/location-de-voitures-elite\/"},"modified":"2024-03-08T22:56:53","modified_gmt":"2024-03-08T21:56:53","slug":"location-de-voiture-elite","status":"publish","type":"page","link":"https:\/\/car4rent.fr\/fr\/location-de-voiture-elite\/","title":{"rendered":"Location de voiture Elite"},"content":{"rendered":"\n<style type=\"text\/css\" data-created_by=\"avia_inline_auto\" id=\"style-css-av-14wrjk8-c3405421a53ebcc2f3a02aeea348fd77\">\n.avia-section.av-14wrjk8-c3405421a53ebcc2f3a02aeea348fd77 .av-parallax .av-parallax-inner{\nbackground-repeat:no-repeat;\nbackground-image:url(https:\/\/car4rent.fr\/wp-content\/uploads\/elite-car-rental-1.jpg);\nbackground-position:50% 50%;\nbackground-attachment:scroll;\n}\n<\/style>\n<div id='av_section_1'  class='avia-section av-14wrjk8-c3405421a53ebcc2f3a02aeea348fd77 main_color avia-section-huge avia-no-border-styling  avia-builder-el-0  el_before_av_section  avia-builder-el-first  avia-full-stretch av-parallax-section avia-bg-style-parallax av-minimum-height av-minimum-height-custom av-height-custom  container_wrap fullsize'  data-section-bg-repeat='stretch' data-av_minimum_height_px='450'><div class='av-parallax' data-avia-parallax-ratio='0.3' ><div class='av-parallax-inner main_color avia-full-stretch'><\/div><\/div><div class=\"av-section-color-overlay-wrap\"><a href='#next-section' title='' class='scroll-down-link  avia-svg-icon avia-font-svg_entypo-fontello' data-av_svg_icon='down-open-mini' data-av_iconset='svg_entypo-fontello'><svg version=\"1.1\" xmlns=\"http:\/\/www.w3.org\/2000\/svg\" width=\"15\" height=\"32\" viewBox=\"0 0 15 32\" preserveAspectRatio=\"xMidYMid meet\" aria-labelledby='av-svg-title-1' aria-describedby='av-svg-desc-1' role=\"graphics-symbol\" aria-hidden=\"true\">\n<title id='av-svg-title-1'>Scroller vers la prochaine section<\/title>\n<desc id='av-svg-desc-1'>Scroller vers la prochaine section<\/desc>\n<path d=\"M12.96 12.16q0.704-0.832 1.536 0 0.832 0.704 0 1.536l-6.272 6.144q-0.704 0.704-1.536 0l-6.272-6.144q-0.832-0.832 0-1.536 0.768-0.768 1.6 0l5.44 4.992z\"><\/path>\n<\/svg><\/a><div class='container av-section-cont-open' style='height:450px'><main  class='template-page content  av-content-full alpha units'><div class='post-entry post-entry-type-page post-entry-30332'><div class='entry-content-wrapper clearfix'>\n\n<style type=\"text\/css\" data-created_by=\"avia_inline_auto\" id=\"style-css-av-jul7w2go-fc8e47520bfa1b8336419a78f5a77488\">\n#top .av-special-heading.av-jul7w2go-fc8e47520bfa1b8336419a78f5a77488{\npadding-bottom:10px;\ncolor:#ffffff;\nfont-size:35px;\n}\nbody .av-special-heading.av-jul7w2go-fc8e47520bfa1b8336419a78f5a77488 .av-special-heading-tag .heading-char{\nfont-size:25px;\n}\n#top #wrap_all .av-special-heading.av-jul7w2go-fc8e47520bfa1b8336419a78f5a77488 .av-special-heading-tag{\nfont-size:35px;\n}\n.av-special-heading.av-jul7w2go-fc8e47520bfa1b8336419a78f5a77488 .special-heading-inner-border{\nborder-color:#ffffff;\n}\n.av-special-heading.av-jul7w2go-fc8e47520bfa1b8336419a78f5a77488 .av-subheading{\nfont-size:15px;\n}\n\n@media only screen and (min-width: 480px) and (max-width: 767px){ \n#top #wrap_all .av-special-heading.av-jul7w2go-fc8e47520bfa1b8336419a78f5a77488 .av-special-heading-tag{\nfont-size:0.8em;\n}\n}\n\n@media only screen and (max-width: 479px){ \n#top #wrap_all .av-special-heading.av-jul7w2go-fc8e47520bfa1b8336419a78f5a77488 .av-special-heading-tag{\nfont-size:0.8em;\n}\n}\n<\/style>\n<div  class='av-special-heading av-jul7w2go-fc8e47520bfa1b8336419a78f5a77488 av-special-heading-h3 custom-color-heading blockquote modern-quote modern-centered  avia-builder-el-1  avia-builder-el-no-sibling  av-inherit-size av-linked-heading'><h3 class='av-special-heading-tag '  >Laissez-vous guider par votre passion<\/h3><div class=\"special-heading-border\"><div class=\"special-heading-inner-border\"><\/div><\/div><\/div>\n\n<\/div><\/div><\/main><!-- close content main element --><\/div><\/div><\/div><div id='av_section_2'  class='avia-section av-10dr24o-91f0129e5f41b15197662adbd4316fac main_color avia-section-default avia-no-shadow  avia-builder-el-2  el_after_av_section  el_before_av_section  avia-bg-style-scroll container_wrap fullsize'  ><div class='container av-section-cont-open' ><div class='template-page content  av-content-full alpha units'><div class='post-entry post-entry-type-page post-entry-30332'><div class='entry-content-wrapper clearfix'>\n<section  class='av_textblock_section av-uwxsoo-01387b738cdda767f6ee7232e0c3aa71 '  ><div class='avia_textblock' ><section id=\"block0\" class=\"stripe row-content block0 fullwidth\">\n<div class=\"column small-five small-push-one reset last\">\n<div class=\"boxcontent\">\n<h2>Location de voiture Elite<\/h2>\n<p>R\u00e9servez une location de voiture \u00e9lite aupr\u00e8s de Car4rent et laissez une impression unique. Conduisez avec style et profitez d&rsquo;un service de premier ordre. Laissez Car4rent pr\u00e9parer et coordonner toute la logistique de votre prochain voyage. Choisissez votre v\u00e9hicule parmi les marques les plus prestigieuses telles que <a href=\"https:\/\/car4rent.fr\/fr\/rent-ferrari\/\"><strong>Ferrari<\/strong><\/a>,\n            <a href=\"https:\/\/car4rent.fr\/fr\/rent-lamborghini\/\"><strong>Lamborghini<\/strong><\/a>,\n            <a href=\"https:\/\/car4rent.fr\/fr\/rent-porsche\/\"><strong>Porsche<\/strong><\/a>,\n            <a href=\"https:\/\/car4rent.fr\/fr\/range-rover-rental\/\"><strong>Range Rover<\/strong><\/a>,\n            <a href=\"https:\/\/car4rent.fr\/fr\/bentley-hire\/\"><strong>Bentley<\/strong><\/a>,\n            <a href=\"https:\/\/car4rent.fr\/fr\/rent-rolls-royce\/\"><strong>Rolls Royce<\/strong><\/a>, and\n            <a href=\"https:\/\/car4rent.fr\/fr\/mercedes-rental\/\"><strong>Mercedes AMG<\/strong><\/a>..<\/p>\n<h2>Location de voiture Elite &#8211; Prise en charge \u00e0 la destination de votre choix.<\/h2>\n<p>Nous vous livrons votre v\u00e9hicule d\u00e8s votre arriv\u00e9e en France, \u00e0 l&rsquo;a\u00e9roprot de Nice ou sur votre lieu de vill\u00e9giature sur la <a href=\"https:\/\/cotedazurfrance.fr\/decouvrir\/les-spots-incontournables\/top-12-des-lieux-incontournables-a-visiter-sur-la-cote-dazur\/\" target=\"_blank\" rel=\"noopener\">C\u00f4te d&rsquo;Azur<\/a>. Nos locations de voitures de luxe sont disponibles pour une journ\u00e9e, un week-end, ainsi que pour des locations \u00e0 moyen et plus long terme, d&rsquo;une semaine, de quinze jours ou m\u00eame d&rsquo;un mois.<\/p>\n<div class=\"first column\">\n<div class=\"first column\">\n<p>En fonction de la marque que vous avez en t\u00eate, qui comprend des 4&#215;4 haut de gamme, des SUV, des cabriolets de luxe et des voitures de sport puissantes, Car4rent a le v\u00e9hicule parfait \u00e0 louer pour votre voyage porochain d\u00e9placement, que cesoit pour un voyage d&rsquo;affaires, une escapade romantique en ville, ou des vacances en famille partout en France.<\/p>\n<h4>Location de voiture Elite &#8211; Fais de votre r\u00eave une r\u00e9alit\u00e9<\/h4>\n<p>Car4rent propose une large s\u00e9lection de voitures de sport et de luxe \u00e0 la location. Par exemple, louer une Porsche 911 Carrera S d\u00e9capotable pour un co\u00fbt d&rsquo;environ 900 euros par jour. Si vous voulez quelque chose de plus spacieux, faites l&rsquo;exp\u00e9rience de la Range Rover Autobiography, un SUV luxueux pour un co\u00fbt d&rsquo;environ 880 euros par jour.<\/p>\n<p>Besoin d&rsquo;une voiture pour une conf\u00e9rence ou un s\u00e9minaire ? Conduisez l&rsquo;\u00e9l\u00e9gante et raffin\u00e9e Mercedes Classe E d\u00e9capotable, \u00e0 un prix tr\u00e8s abordable de 450 euros par jour. Nous recommandons \u00e9galement la Rolls-Royce Dawn \u00e0 environ 3.200 euros par jour. Elle offre un confort exceptionnel associ\u00e9 \u00e0 une image exquise.<\/p>\n<p>Vous avez besoin de performances ? Rien de moins qu&rsquo;une Lamborghini pour impressionner. Parcourez les routes de la C\u00f4te d&rsquo;Azur \u00e0 bord d&rsquo;une \u00e9tonnante Lamborghini Huracan Evo Spyder pour un co\u00fbt d&rsquo;environ 1.900 euros par jour. Si vous avez besoin d&rsquo;une voiture pour un deplacement en famille, louez une Lamborghini Urus de 5 places \u00e0 un co\u00fbt journalier d&rsquo;environ 2.300 euros par jour.<\/p>\n<p><span style=\"font-size: 14pt;\">Voyages d&rsquo;affaires<\/span><\/p>\n<p>R\u00e9cup\u00e9rez votre voiture exotique d\u00e8s votre arriv\u00e9e, profitez d&rsquo;un transfert s\u00fbr et confortable de Lyon vers les stations de ski alpines d&rsquo;Avoriaz, de Courchevel ou de Meg\u00e8ve dans un 4&#215;4 de luxe spacieux, ou louez un SUV compact pour vos voyages d&rsquo;affaires.<\/p>\n<p><span style=\"font-size: 14pt;\">Escapade romantique en ville<\/span><\/p>\n<p>Profitez d&rsquo;un week-end romantique en Provence \u00e0 bord d&rsquo;une luxueuse Bentley Continental GTC ou parcourez le littoral de la C\u00f4te d&rsquo;Azur cheveux au vent. Conduisez de Nice aux villes historiques de Marseille et d&rsquo;Avignon, \u00e0 bord d&rsquo;une Mercedes AMG GT Roadster d&rsquo;exception. Pour les s\u00e9jours en ville, louez un SUV plus petit, comme la version Porsche Macan S, et profitez de sa maniabilit\u00e9 et de sa s\u00e9curit\u00e9 dans les rues anim\u00e9es.<\/p>\n<\/div>\n<\/div>\n<p><span style=\"font-size: 14pt;\">Vacances en famille en France<\/span><\/p>\n<p>Les vacanciers louent des SUV pour voyager en famille. Avec des moteurs puissants, un ch\u00e2ssis dynamique, quatre roues motrices et une multitude d&rsquo;\u00e9quipements de s\u00e9curit\u00e9, vous pouvez les louer quel que soit les conditions m\u00e9t\u00e9o. Quel que soit le SUV de luxe que vous sohaitez louer, vos enfants ne seront pas d\u00e9\u00e7us.<\/p>\n<p><span style=\"font-size: 14pt;\">R\u00e9cup\u00e9rez votre voiture de location de luxe partout en France<\/span><\/p>\n<p>Votre voiture de luxe vous accueillera \u00e0 votre arriv\u00e9e dans les principaux a\u00e9roports fran\u00e7ais, mais \u00e9galement \u00e0 votre h\u00f4tel en ville ou dans n&rsquo;importe quel endroit en France.<\/p>\n<h5><strong>Super exp\u00e9rience de location de voiture et service \u00e0 la client\u00e8le de premier ordre<\/strong><\/h5>\n<p>Notre \u00e9quipe fait tout ce qu&rsquo;il faut pour que votre exp\u00e9rience de conduite soit inoubliable. R\u00e9server une location de voiture en France avec Car4rent d\u00e8s maintenant pour b\u00e9n\u00e9ficier de tarifs pr\u00e9f\u00e9rentiels. Envie d&rsquo;un aller simple ? Ou demander un service, tout est possible, et ce n&rsquo;est qu&rsquo;une partie de notre offre.<\/p>\n<p><a href=\"https:\/\/car4rent.fr\/fr\/contact\/\" target=\"_blank\" rel=\"noopener\">Contactez<\/a> maintenant notre \u00e9quipe pour la location de voiture Elite en France.<\/p>\n<\/div>\n<\/div>\n<\/section>\n<section id=\"block1\" class=\"stripe row-content block1 fullwidth\">\n<\/section>\n<\/div><\/section>\n\n<style type=\"text\/css\" data-created_by=\"avia_inline_auto\" id=\"style-css-av-tr5dqg-3136297af906aa0ae617eec75bad93ca\">\n.flex_column.av-tr5dqg-3136297af906aa0ae617eec75bad93ca{\nborder-radius:0px 0px 0px 0px;\npadding:0px 0px 0px 0px;\n}\n<\/style>\n<div  class='flex_column av-tr5dqg-3136297af906aa0ae617eec75bad93ca av_one_third  avia-builder-el-4  el_after_av_textblock  el_before_av_one_third  first flex_column_div av-zero-column-padding  column-top-margin'     ><style type=\"text\/css\" data-created_by=\"avia_inline_auto\" id=\"style-css-av-rwoc1k-83bb1ae8172bcbc60ea8720ee5656bb0\">\n.iconbox.av-rwoc1k-83bb1ae8172bcbc60ea8720ee5656bb0 .iconbox_icon{\nbackground-color:#6834bd;\n}\n<\/style>\n<article  class='iconbox iconbox_top av-rwoc1k-83bb1ae8172bcbc60ea8720ee5656bb0  avia-builder-el-5  avia-builder-el-no-sibling  main_color' ><div class=\"iconbox_content\"><header class=\"entry-content-header\" aria-label=\"Ic\u00f4ne : \"><div class='iconbox_icon heading-color avia-iconfont avia-font-entypo-fontello' data-av_icon='\ue82a' data-av_iconfont='entypo-fontello'  ><\/div><\/header><div class='iconbox_content_container ' ><p><span style=\"font-size: 14pt;\">Location voiture Elite C\u00f4te d&rsquo;Azur<\/span><\/p>\n<hr \/>\n<p>Nous proposons \u00e0 la location des voitures de luxe et de sport, mais \u00e9galement une large gamme de SUV et de cabriolets. D\u00e9couvrez nos voitures de r\u00eave.<\/p>\n<p>Prix \u00e0 partir de 260\u20ac \/ jour.<\/p>\n<\/div><\/div><footer class=\"entry-footer\"><\/footer><\/article><\/div>\n<style type=\"text\/css\" data-created_by=\"avia_inline_auto\" id=\"style-css-av-p92jq0-8cd36a66a89a1e807f6f94d1466d2ebc\">\n.flex_column.av-p92jq0-8cd36a66a89a1e807f6f94d1466d2ebc{\nborder-radius:0px 0px 0px 0px;\npadding:0px 0px 0px 0px;\n}\n<\/style>\n<div  class='flex_column av-p92jq0-8cd36a66a89a1e807f6f94d1466d2ebc av_one_third  avia-builder-el-6  el_after_av_one_third  el_before_av_one_third  flex_column_div av-zero-column-padding  column-top-margin'     ><style type=\"text\/css\" data-created_by=\"avia_inline_auto\" id=\"style-css-av-no0ktk-3b045f791984241e8230a9b65d454b24\">\n.iconbox.av-no0ktk-3b045f791984241e8230a9b65d454b24 .iconbox_icon{\nbackground-color:#6834bd;\n}\n<\/style>\n<article  class='iconbox iconbox_top av-no0ktk-3b045f791984241e8230a9b65d454b24  avia-builder-el-7  avia-builder-el-no-sibling  main_color' ><div class=\"iconbox_content\"><header class=\"entry-content-header\" aria-label=\"Ic\u00f4ne : \"><div class='iconbox_icon heading-color avia-iconfont avia-font-entypo-fontello' data-av_icon='\ue842' data-av_iconfont='entypo-fontello'  ><\/div><\/header><div class='iconbox_content_container ' ><p><span style=\"font-size: 14pt;\">Agences \u00e0 l&rsquo;a\u00e9roport de Nice, Cannes, Saint-Tropez et Monaco<\/span><\/p>\n<hr \/>\n<p>Nous proposons \u00e0 la location des voitures de sport et de luxe, mais \u00e9galement une large gamme de SUV et de cabriolets. D\u00e9couvrez nos voitures de r\u00eave.<\/p>\n<\/div><\/div><footer class=\"entry-footer\"><\/footer><\/article><\/div>\n<style type=\"text\/css\" data-created_by=\"avia_inline_auto\" id=\"style-css-av-lpouug-149bdcc299b5a7de9ea29865a228b35c\">\n.flex_column.av-lpouug-149bdcc299b5a7de9ea29865a228b35c{\nborder-radius:0px 0px 0px 0px;\npadding:0px 0px 0px 0px;\n}\n<\/style>\n<div  class='flex_column av-lpouug-149bdcc299b5a7de9ea29865a228b35c av_one_third  avia-builder-el-8  el_after_av_one_third  avia-builder-el-last  flex_column_div av-zero-column-padding  column-top-margin'     ><style type=\"text\/css\" data-created_by=\"avia_inline_auto\" id=\"style-css-av-kfqmdk-39a65390d364b7e5a0ad596c0b56120e\">\n.iconbox.av-kfqmdk-39a65390d364b7e5a0ad596c0b56120e .iconbox_icon{\nbackground-color:#6834bd;\n}\n<\/style>\n<article  class='iconbox iconbox_top av-kfqmdk-39a65390d364b7e5a0ad596c0b56120e  avia-builder-el-9  avia-builder-el-no-sibling  main_color' ><div class=\"iconbox_content\"><header class=\"entry-content-header\" aria-label=\"Ic\u00f4ne : \"><div class='iconbox_icon heading-color avia-iconfont avia-font-entypo-fontello' data-av_icon='\ue80b' data-av_iconfont='entypo-fontello'  ><\/div><\/header><div class='iconbox_content_container ' ><p><span style=\"font-size: 14pt;\">Un service sur mesure<\/span><\/p>\n<hr \/>\n<p>Une \u00e9quipe d\u00e9vou\u00e9e et attentive se tient \u00e0 votre disposition pour vous fournir toute information ou r\u00e9pondre \u00e0 vos demandes. Votre voiture peut \u00eatre livr\u00e9e sur demande directement \u00e0 votre arriv\u00e9e \u00e0 l&rsquo;a\u00e9roport de Nice, sur votre lieu de vill\u00e9giature, \u00e0 votre h\u00f4tel ou n&rsquo;importe o\u00f9 en France \u00e0 la destination de votre choix.<\/p>\n<\/div><\/div><footer class=\"entry-footer\"><\/footer><\/article><\/div><\/div><\/div><\/div><!-- close content main div --><\/div><\/div><div id='contactez-nous'  class='avia-section av-1w34lk-ebfaaa35e5c65a6195aca485adcd05fe main_color avia-section-default avia-no-border-styling  avia-builder-el-10  el_after_av_section  el_before_av_section  avia-bg-style-scroll container_wrap fullsize'  ><div class='container av-section-cont-open' ><div class='template-page content  av-content-full alpha units'><div class='post-entry post-entry-type-page post-entry-30332'><div class='entry-content-wrapper clearfix'>\n<div  class='hr av-h6pfzs-725c0e13998887357f19f0b9ae5cb407 hr-default  avia-builder-el-11  el_before_av_textblock  avia-builder-el-first '><span class='hr-inner '><span class=\"hr-inner-style\"><\/span><\/span><\/div>\n<section  class='av_textblock_section av-ltj6vc67-089c312afc7f564cf8814f1d1caf31ce '  ><div class='avia_textblock' ><p style=\"text-align: center;\"><span style=\"font-size: 14pt;\">Vous souhaitez louer une voiture de luxe en France ? Besoin d\u2019un conseil ?<\/span><\/p>\n<\/div><\/section>\n\n<style type=\"text\/css\" data-created_by=\"avia_inline_auto\" id=\"style-css-av-enih9k-9c21c32e86a3f748c3a940fcc8bf5321\">\n#top .hr.hr-invisible.av-enih9k-9c21c32e86a3f748c3a940fcc8bf5321{\nheight:25px;\n}\n<\/style>\n<div  class='hr av-enih9k-9c21c32e86a3f748c3a940fcc8bf5321 hr-invisible  avia-builder-el-13  el_after_av_textblock  el_before_av_two_third '><span class='hr-inner '><span class=\"hr-inner-style\"><\/span><\/span><\/div>\n\n<style type=\"text\/css\" data-created_by=\"avia_inline_auto\" id=\"style-css-av-bsbmp4-222b4a394b8517c4ffe0a762a096018a\">\n.flex_column.av-bsbmp4-222b4a394b8517c4ffe0a762a096018a{\nborder-radius:0px 0px 0px 0px;\npadding:0px 0px 0px 0px;\n}\n<\/style>\n<div  class='flex_column av-bsbmp4-222b4a394b8517c4ffe0a762a096018a av_two_third  avia-builder-el-14  el_after_av_hr  el_before_av_one_third  first flex_column_div av-zero-column-padding  '     ><p><section  class='av_textblock_section av-4f43a0-312b0bd962c03dc3780d049326149ca1 '  ><div class='avia_textblock' ><p><span style=\"font-size: 14pt;\">Contactez-nous \u00e0 l\u2019aide du formulaire ci-dessous<\/span><\/p>\n<\/div><\/section><br \/>\n<section  class='av_textblock_section av-95hx6g-b9011f2321507abedeae9183b04f41f9 '  ><div class='avia_textblock' ><div class=\"wpforms-container wpforms-container-full\" id=\"wpforms-27233\"><form id=\"wpforms-form-27233\" class=\"wpforms-validate wpforms-form\" data-formid=\"27233\" method=\"post\" enctype=\"multipart\/form-data\" action=\"\/fr\/wp-json\/wp\/v2\/pages\/30332\" data-token=\"4956c4069c64749b1df536230bf32717\" data-token-time=\"1776863431\"><noscript class=\"wpforms-error-noscript\">Veuillez activer JavaScript dans votre navigateur pour remplir ce formulaire.<\/noscript><div class=\"wpforms-field-container\"><div id=\"wpforms-27233-field_5-container\" class=\"wpforms-field wpforms-field-name\" data-field-id=\"5\"><label class=\"wpforms-field-label\">Nom <span class=\"wpforms-required-label\">*<\/span><\/label><div class=\"wpforms-field-row wpforms-field-medium\"><div class=\"wpforms-field-row-block wpforms-first wpforms-one-half\"><input type=\"text\" id=\"wpforms-27233-field_5\" class=\"wpforms-field-name-first wpforms-field-required\" name=\"wpforms[fields][5][first]\" required><label for=\"wpforms-27233-field_5\" class=\"wpforms-field-sublabel after\">First<\/label><\/div><div class=\"wpforms-field-row-block wpforms-one-half\"><input type=\"text\" id=\"wpforms-27233-field_5-last\" class=\"wpforms-field-name-last wpforms-field-required\" name=\"wpforms[fields][5][last]\" required><label for=\"wpforms-27233-field_5-last\" class=\"wpforms-field-sublabel after\">Last<\/label><\/div><\/div><\/div><div id=\"wpforms-27233-field_9-container\" class=\"wpforms-field wpforms-field-layout\" data-field-id=\"9\"><div class=\"wpforms-field-layout-rows wpforms-field-large\"><div class=\"wpforms-layout-row\"><div class=\"wpforms-layout-column wpforms-layout-column-50\"><div id=\"wpforms-27233-field_7-container\" class=\"wpforms-field wpforms-field-email\" data-field-id=\"7\"><label class=\"wpforms-field-label\" for=\"wpforms-27233-field_7\">Courriel <span class=\"wpforms-required-label\">*<\/span><\/label><input type=\"email\" id=\"wpforms-27233-field_7\" class=\"wpforms-field-medium wpforms-field-required\" name=\"wpforms[fields][7]\" spellcheck=\"false\" required><\/div><\/div><div class=\"wpforms-layout-column wpforms-layout-column-50\"><div id=\"wpforms-27233-field_8-container\" class=\"wpforms-field wpforms-field-phone\" data-field-id=\"8\"><label class=\"wpforms-field-label\" for=\"wpforms-27233-field_8\">T\u00e9l\u00e9phone <span class=\"wpforms-required-label\">*<\/span><\/label><input type=\"tel\" id=\"wpforms-27233-field_8\" class=\"wpforms-field-medium wpforms-field-required\" data-rule-int-phone-field=\"true\" name=\"wpforms[fields][8]\" aria-label=\"T\u00e9l\u00e9phone\" required><\/div><\/div><\/div><\/div><\/div><div id=\"wpforms-27233-field_4-container\" class=\"wpforms-field wpforms-field-textarea\" data-field-id=\"4\"><label class=\"wpforms-field-label\" for=\"wpforms-27233-field_4\">Message<\/label><textarea id=\"wpforms-27233-field_4\" class=\"wpforms-field-medium\" name=\"wpforms[fields][4]\" ><\/textarea><\/div><\/div><!-- .wpforms-field-container --><div class=\"wpforms-recaptcha-container wpforms-is-recaptcha wpforms-is-recaptcha-type-v3\" ><input type=\"hidden\" name=\"wpforms[recaptcha]\" value=\"\"><\/div><div class=\"wpforms-submit-container\" ><input type=\"hidden\" name=\"wpforms[id]\" value=\"27233\"><input type=\"hidden\" name=\"page_title\" value=\"\"><input type=\"hidden\" name=\"page_url\" value=\"https:\/\/car4rent.fr\/fr\/wp-json\/wp\/v2\/pages\/30332\"><input type=\"hidden\" name=\"url_referer\" value=\"\"><button type=\"submit\" name=\"wpforms[submit]\" id=\"wpforms-submit-27233\" class=\"wpforms-submit\" data-alt-text=\"Envoi\" data-submit-text=\"Soumettre\" aria-live=\"assertive\" value=\"wpforms-submit\">Soumettre<\/button><\/div><\/form><\/div>  <!-- .wpforms-container -->\n<\/div><\/section><\/p><\/div>\n<style type=\"text\/css\" data-created_by=\"avia_inline_auto\" id=\"style-css-av-78shyw-c6dfaf4a53c04d3e4532ec448d202e41\">\n.flex_column.av-78shyw-c6dfaf4a53c04d3e4532ec448d202e41{\nborder-radius:0px 0px 0px 0px;\npadding:0px 0px 0px 0px;\n}\n<\/style>\n<div  class='flex_column av-78shyw-c6dfaf4a53c04d3e4532ec448d202e41 av_one_third  avia-builder-el-17  el_after_av_two_third  avia-builder-el-last  flex_column_div av-zero-column-padding  '     ><p><section  class='av_textblock_section av-av_textblock-8eba2417de9ea263f0cb5a774f45768a '  ><div class='avia_textblock' ><p><span style=\"font-size: 14pt;\">Nous contacter par t\u00e9l\u00e9phone<\/span><\/p>\n<\/div><\/section><br \/>\n<section  class='av_textblock_section av-av_textblock-8eba2417de9ea263f0cb5a774f45768a '  ><div class='avia_textblock' ><p>Agence de Cannes (09H-12H00 et 15H00-19H00)<br \/>\n10, rue Hibert &#8211; 06400 Cannes<br \/>\nT\u00e9l\u00e9phone : <a href=\"tel:0033788278586\">+33(0)7 88 27 85 86<\/a><br \/>\nMail : <a href=\"mailto:info@car4rent.fr\">info@car4rent.fr<\/a><\/p>\n<\/div><\/section><\/p><\/div><\/div><\/div><\/div><!-- close content main div --><\/div><\/div><div id='av_section_4'  class='avia-section av-10h5zep-96152b82f31f4b2e57ed1dbdeb67b36a main_color avia-section-default avia-no-border-styling  avia-builder-el-20  el_after_av_section  avia-builder-el-last  avia-bg-style-scroll container_wrap fullsize'  ><div class='container av-section-cont-open' ><div class='template-page content  av-content-full alpha units'><div class='post-entry post-entry-type-page post-entry-30332'><div class='entry-content-wrapper clearfix'>\n<div  class='avia-builder-widget-area clearfix  avia-builder-el-21  avia-builder-el-no-sibling '><div id=\"text-9\" class=\"widget clearfix widget_text\">\t\t\t<div class=\"textwidget\"><p style=\"text-align: center;\">    <div class=\"car4rent-share-block car4rent-fr\">\n        <a href=\"https:\/\/www.facebook.com\/sharer\/sharer.php?u=\" target=\"_blank\" rel=\"noopener\"><i class=\"fa-brands fa-facebook\"><\/i> Partager<\/a>\n        <a href=\"https:\/\/x.com\/intent\/tweet?url=&amp;text=\" target=\"_blank\" rel=\"noopener\"><i class=\"fa-brands fa-x-twitter\"><\/i> X<\/a>\n        <a href=\"https:\/\/wa.me\/?text=%20\" target=\"_blank\" rel=\"noopener\"><i class=\"fa-brands fa-whatsapp\"><\/i> WhatsApp<\/a>\n        <a href=\"https:\/\/www.instagram.com\/car4rent_cannes\/\" target=\"_blank\" rel=\"noopener\"><i class=\"fa-brands fa-instagram\"><\/i> Instagram<\/a>\n        <a href=\"https:\/\/www.linkedin.com\/company\/car4rent\/about\/\" target=\"_blank\" rel=\"noopener\"><i class=\"fa-brands fa-linkedin\"><\/i> LinkedIn<\/a>\n        <a href=\"https:\/\/www.youtube.com\/@car4rentcannes839\" target=\"_blank\" rel=\"noopener\"><i class=\"fa-brands fa-youtube\"><\/i> YouTube<\/a>\n    <\/div>\n    <\/p>\n<\/div>\n\t\t<\/div><\/div>\n<\/p>\n","protected":false},"excerpt":{"rendered":"","protected":false},"author":3,"featured_media":29737,"parent":0,"menu_order":505,"comment_status":"closed","ping_status":"closed","template":"","meta":{"_acf_changed":false,"footnotes":""},"class_list":["post-30332","page","type-page","status-publish","has-post-thumbnail","hentry"],"acf":[],"_links":{"self":[{"href":"https:\/\/car4rent.fr\/fr\/wp-json\/wp\/v2\/pages\/30332","targetHints":{"allow":["GET"]}}],"collection":[{"href":"https:\/\/car4rent.fr\/fr\/wp-json\/wp\/v2\/pages"}],"about":[{"href":"https:\/\/car4rent.fr\/fr\/wp-json\/wp\/v2\/types\/page"}],"author":[{"embeddable":true,"href":"https:\/\/car4rent.fr\/fr\/wp-json\/wp\/v2\/users\/3"}],"replies":[{"embeddable":true,"href":"https:\/\/car4rent.fr\/fr\/wp-json\/wp\/v2\/comments?post=30332"}],"version-history":[{"count":0,"href":"https:\/\/car4rent.fr\/fr\/wp-json\/wp\/v2\/pages\/30332\/revisions"}],"wp:featuredmedia":[{"embeddable":true,"href":"https:\/\/car4rent.fr\/fr\/wp-json\/wp\/v2\/media\/29737"}],"wp:attachment":[{"href":"https:\/\/car4rent.fr\/fr\/wp-json\/wp\/v2\/media?parent=30332"}],"curies":[{"name":"wp","href":"https:\/\/api.w.org\/{rel}","templated":true}]}}