{"id":30317,"date":"2023-11-10T16:56:12","date_gmt":"2023-11-10T15:56:12","guid":{"rendered":"https:\/\/car4rent.fr\/location-de-voitures-de-sport-dans-le-sud-de-la-france\/"},"modified":"2024-01-03T22:59:51","modified_gmt":"2024-01-03T21:59:51","slug":"location-de-voiture-de-sport-sud-de-la-france","status":"publish","type":"page","link":"https:\/\/car4rent.fr\/fr\/location-de-voiture-de-sport-sud-de-la-france\/","title":{"rendered":"Location de voiture de sport Sud de la France"},"content":{"rendered":"\n<style type=\"text\/css\" data-created_by=\"avia_inline_auto\" id=\"style-css-av-js5twac7-684eb46ee25fd2b8f7ae7ab0b88848bd\">\n.avia-section.av-js5twac7-684eb46ee25fd2b8f7ae7ab0b88848bd .av-parallax .av-parallax-inner{\nbackground-repeat:no-repeat;\nbackground-image:url(https:\/\/car4rent.fr\/wp-content\/uploads\/porsche-targa-cap-ferrat.jpg);\nbackground-position:50% 0%;\nbackground-attachment:scroll;\n}\n<\/style>\n<div id='header-section'  class='avia-section av-js5twac7-684eb46ee25fd2b8f7ae7ab0b88848bd main_color avia-section-huge avia-no-border-styling  avia-builder-el-0  el_before_av_one_full  avia-builder-el-first  av-parallax-section avia-bg-style-parallax av-minimum-height av-minimum-height-custom av-height-custom  container_wrap fullsize'  data-section-bg-repeat='no-repeat' data-av_minimum_height_px='450'><div class='av-parallax' data-avia-parallax-ratio='0.3' ><div class='av-parallax-inner main_color avia-full-stretch'><\/div><\/div><div class='container av-section-cont-open' style='height:450px'><main  class='template-page content  av-content-full alpha units'><div class='post-entry post-entry-type-page post-entry-30317'><div class='entry-content-wrapper clearfix'><\/div><\/div><\/main><!-- close content main element --><\/div><\/div><div id='after_section_1'  class='main_color av_default_container_wrap container_wrap fullsize'  ><div class='container av-section-cont-open' ><div class='template-page content  av-content-full alpha units'><div class='post-entry post-entry-type-page post-entry-30317'><div class='entry-content-wrapper clearfix'>\n\n<style type=\"text\/css\" data-created_by=\"avia_inline_auto\" id=\"style-css-av-703por6-7fd814c5352cfd4aeaef0efb9e948d6a\">\n.flex_column.av-703por6-7fd814c5352cfd4aeaef0efb9e948d6a{\nborder-radius:0px 0px 0px 0px;\npadding:0px 0px 0px 0px;\n}\n<\/style>\n<div  class='flex_column av-703por6-7fd814c5352cfd4aeaef0efb9e948d6a av_one_full  avia-builder-el-1  el_after_av_section  el_before_av_hr  avia-builder-el-first  first flex_column_div av-zero-column-padding  '     ><p>\n<style type=\"text\/css\" data-created_by=\"avia_inline_auto\" id=\"style-css-av-jt1vrgym-a91903d56ddc0ca5619994cac2ff326b\">\n#top .av-special-heading.av-jt1vrgym-a91903d56ddc0ca5619994cac2ff326b{\npadding-bottom:10px;\n}\nbody .av-special-heading.av-jt1vrgym-a91903d56ddc0ca5619994cac2ff326b .av-special-heading-tag .heading-char{\nfont-size:25px;\n}\n.av-special-heading.av-jt1vrgym-a91903d56ddc0ca5619994cac2ff326b .av-subheading{\nfont-size:15px;\n}\n<\/style>\n<div  class='av-special-heading av-jt1vrgym-a91903d56ddc0ca5619994cac2ff326b av-special-heading-h1 blockquote modern-quote modern-centered  avia-builder-el-2  el_before_av_hr  avia-builder-el-first  av-linked-heading'><h1 class='av-special-heading-tag '  >Car4rent | Location de voiture de sport sud de la France qui tient \u00e0 votre budget<\/h1><div class=\"special-heading-border\"><div class=\"special-heading-inner-border\"><\/div><\/div><\/div><br \/>\n<div  class='hr av-s8ddd6-1db0f44f0d2be470f4b4a856b4db9ed8 hr-default  avia-builder-el-3  el_after_av_heading  el_before_av_textblock '><span class='hr-inner '><span class=\"hr-inner-style\"><\/span><\/span><\/div><br \/>\n<section  class='av_textblock_section av-js5tay2s-df2a5f1ea0d8328874e586c52c511781 '  ><div class='avia_textblock' ><h2><span style=\"font-size: 28px; font-weight: 600;\">Location de voiture de sport sud de la France au meilleur prix<\/span><\/h2>\n<div class=\"csc-header csc-header-n1\">\n<div class=\"container\">\n<div class=\"row\">\n<p class=\"intro\">Car4rent est l&rsquo;une des soci\u00e9t\u00e9s de location de voiture de sport Sud de la France des mieux r\u00e9f\u00e9renc\u00e9es. Offrez-vous un moment inoubliable au volant d&rsquo;une voiture de sport lors de votre prochain s\u00e9jour sur la <a href=\"https:\/\/generationvoyage.fr\/visiter-cote-azur-faire-voir\/\" target=\"_blank\" rel=\"noopener\">C\u00f4te d&rsquo;Azur<\/a><span style=\"font-size: 16px;\">.<\/span><\/p>\n<div class=\"intro\">\n<h5>Voici une liste de nos voitures de sport \u00e0 louer dans le sud de la France et trouver nos meilleures offres.<\/h5>\n<p><strong>Lamborghini Huracan EVO Spyder, \u00e0 partir de 1.900\u20ac<\/strong><\/p>\n<p><strong><a href=\"https:\/\/car4rent.fr\/fr\/location-de-voitures-de-luxe\/louer-une-mercedes-g63\/\" target=\"_blank\" rel=\"noopener\">Mercedes G63 AMG<\/a>, <\/strong><strong>\u00e0 partir de 1.380\u20ac<\/strong><\/p>\n<p><strong>Rolls Royce Dawn, \u00e0 partir de 3.200 \u20ac.<\/strong><\/p>\n<p><strong>Ferrari F8 Spider, \u00e0 partir de 1 900 \u20ac.<\/strong><\/p>\n<p><strong><span style=\"color: #333399;\">Ferrari Portofino <\/span><\/strong><strong>\u00e0 partir de 1.700\u20ac<\/strong><\/p>\n<p><strong><a href=\"https:\/\/car4rent.fr\/fr\/location-de-voitures-de-luxe\/louer-une-audi-q8\/\" target=\"_blank\" rel=\"noopener\">Audi Q8 Competition<\/a>, \u00e0 partir de 2.300 \u20ac.<\/strong><\/p>\n<p><strong>Bentley Continental GTC, \u00e0 partir de 2.300 \u20ac.<\/strong><\/p>\n<\/div>\n<p><strong>Chevrolet Corvette C8 Z51 Cabriolet, \u00e0 partir de 900 \u20ac.<\/strong><\/p>\n<div class=\"intro\">\n<p><strong><span style=\"color: #333399;\">Mercedes SL AMG <\/span><\/strong><strong>\u00e0 partir de 1.380\u20ac<\/strong><\/p>\n<p><strong><a href=\"https:\/\/car4rent.fr\/fr\/luxury-car-rental\/location-dun-land-rover\/\" target=\"_blank\" rel=\"noopener\">Range Rover Autobiography<\/a>, \u00e0 partir de 980 euros<\/strong><\/p>\n<p><a href=\"https:\/\/car4rent.fr\/fr\/location-de-voitures-de-luxe\/louer-une-porsche-911-cabriolet\/\" target=\"_blank\" rel=\"noopener\"><strong>Porsche 992 Carrera S Cabrio<\/strong><\/a><strong> \u00e0 partir de 900\u20ac<\/strong><\/p>\n<p><strong>Volkswagen Golf GTE, \u00e0 partir de 210\u20ac.<\/strong><\/p>\n<p><strong><a href=\"https:\/\/car4rent.fr\/fr\/location-de-voitures-de-luxe\/louer-une-mercedes-cabriolet\/\" target=\"_blank\" rel=\"noopener\">Mercedes E220d cabriolet<\/a>, \u00e0 partir de 450\u20ac.<\/strong><\/p>\n<p><strong><a href=\"https:\/\/car4rent.fr\/fr\/location-de-voitures-de-luxe\/louer-une-mini-cabriolet\/\" target=\"_blank\" rel=\"noopener\">Mini Cooper Convertible<\/a>, \u00e0 partir de 210\u20ac.<\/strong><\/p>\n<p><strong>Mercedes AMG GT, \u00e0 partir de 900\u20ac<\/strong><\/p>\n<p>La ville-\u00c9tat de Monte-Carlo vous accueille et vous invite \u00e0 d\u00e9couvrir ses nombreux centres d&rsquo;int\u00e9r\u00eat. Avec tant de choses \u00e0 faire, vous aurez besoin d&rsquo;une voiture de sport. Il se trouve que nous en avons beaucoup.\u00a0 Choisissez l&rsquo;une de nos agences la plus proche de chez vous, entre Monaco et Saint-Tropez, le glamour de Cannes et la vieille ville de Nice.<\/p>\n<p><img loading=\"lazy\" decoding=\"async\" class=\"alignnone wp-image-25332\" src=\"https:\/\/car4rent.fr\/wp-content\/uploads\/sports-car-rental-south-of-France-Car4rent-300x225.jpg\" alt=\"Car4Rent\" width=\"277\" height=\"208\" title=\"Car4Rent Cannes\" srcset=\"https:\/\/car4rent.fr\/wp-content\/uploads\/sports-car-rental-south-of-France-Car4rent-300x225.jpg 300w, https:\/\/car4rent.fr\/wp-content\/uploads\/sports-car-rental-south-of-France-Car4rent-450x338.jpg 450w, https:\/\/car4rent.fr\/wp-content\/uploads\/sports-car-rental-south-of-France-Car4rent.jpg 640w\" sizes=\"auto, (max-width: 277px) 100vw, 277px\" \/><img loading=\"lazy\" decoding=\"async\" class=\"alignnone wp-image-25342\" src=\"https:\/\/car4rent.fr\/wp-content\/uploads\/RENT-SPORTS-CAR-SOUTH-OF-FRANCE-300x225.jpg\" alt=\"Car4Rent\" width=\"277\" height=\"208\" title=\"Car4Rent Cannes\" srcset=\"https:\/\/car4rent.fr\/wp-content\/uploads\/RENT-SPORTS-CAR-SOUTH-OF-FRANCE-300x225.jpg 300w, https:\/\/car4rent.fr\/wp-content\/uploads\/RENT-SPORTS-CAR-SOUTH-OF-FRANCE-768x576.jpg 768w, https:\/\/car4rent.fr\/wp-content\/uploads\/RENT-SPORTS-CAR-SOUTH-OF-FRANCE-705x529.jpg 705w, https:\/\/car4rent.fr\/wp-content\/uploads\/RENT-SPORTS-CAR-SOUTH-OF-FRANCE-450x338.jpg 450w, https:\/\/car4rent.fr\/wp-content\/uploads\/RENT-SPORTS-CAR-SOUTH-OF-FRANCE.jpg 1024w\" sizes=\"auto, (max-width: 277px) 100vw, 277px\" \/><img loading=\"lazy\" decoding=\"async\" class=\"alignnone wp-image-37058\" src=\"https:\/\/car4rent.fr\/wp-content\/uploads\/Mercedes-AMG-Rental-Car4rent-1-1030x678-1.jpg\" alt=\"location voiture de luxe Paca\" width=\"316\" height=\"208\" title=\"Car4Rent Cannes\" srcset=\"https:\/\/car4rent.fr\/wp-content\/uploads\/\/Mercedes-AMG-Rental-Car4rent-1-1030x678-1.jpg 927w, https:\/\/car4rent.fr\/wp-content\/uploads\/\/Mercedes-AMG-Rental-Car4rent-1-1030x678-1-300x197.jpg 300w, https:\/\/car4rent.fr\/wp-content\/uploads\/\/Mercedes-AMG-Rental-Car4rent-1-1030x678-1-768x505.jpg 768w, https:\/\/car4rent.fr\/wp-content\/uploads\/\/Mercedes-AMG-Rental-Car4rent-1-1030x678-1-705x464.jpg 705w, https:\/\/car4rent.fr\/wp-content\/uploads\/\/Mercedes-AMG-Rental-Car4rent-1-1030x678-1-450x296.jpg 450w\" sizes=\"auto, (max-width: 316px) 100vw, 316px\" \/><\/p>\n<h2>Louer une voiture de luxe \u00e0 Cannes<\/h2>\n<p>D\u00e9couvrez un univers de luxe \u00e0 Cannes. Vous y trouverez les plus beaux h\u00f4tels, des restaurants \u00e9toil\u00e9s et de plages glamour o\u00f9 il fait bon de faire la f\u00eate.<\/p>\n<h3>Location de voiture de sport \u00e0 Marseille<\/h3>\n<p>Marseille a une r\u00e9putation partag\u00e9e entre ses d\u00e9tracteurs et afficionados. Visitez donc Marseille et faites vous votre propre opinion. D\u00e9ambulez le long du vieux port, visitez la Cath\u00e9drale de la Major, si\u00e8ge de l&rsquo;Archev\u00each\u00e9 de Marseille, fl\u00e2nez dans les rues du panier. Il ya tellement de choses \u00e0 faire dans la ville phoc\u00e9enne.<\/p>\n<h4>Location de voiture Luxe<\/h4>\n<p>Consultez notre offre de voitures de r\u00eave que nous avons trouv\u00e9es pour vous si vous optez pour une location de voiture de sport Sud de la France. Vous pouvez m\u00eame r\u00e9duire le stress de la r\u00e9servation gr\u00e2ce \u00e0 Car4rent. D\u00e9couvrez la C\u00f4te d&rsquo;Azur comme jamais auparavant avec Car4rent, votre partenaire en France pour la location de voitures de luxe et de voitures exotiques.<\/p>\n<\/div>\n<\/div>\n<\/div>\n<p>Notre service de location de voitures de luxe est adapt\u00e9 \u00e0 votre style de vie, que vous soyez \u00e0 la recherche d&rsquo;une supercar, d&rsquo;une voiture de sport<span style=\"font-size: 16px;\"> ou d&rsquo;une voiture d\u00e9capotable<\/span>. Choisissez parmi une une belle s\u00e9lection de voitures issues des marques les plus luxueuses <a href=\"https:\/\/car4rent.fr\/fr\/louer-une-ferrari\/\"><strong>Ferrari<\/strong><\/a>,\n            <a href=\"https:\/\/car4rent.fr\/fr\/louer-une-lamborghini\/\"><strong>Lamborghini<\/strong><\/a>,\n            <a href=\"https:\/\/car4rent.fr\/fr\/louer-une-porsche\/\"><strong>Porsche<\/strong><\/a>,\n            <a href=\"https:\/\/car4rent.fr\/fr\/louer-un-land-rover\/\"><strong>Land Rover<\/strong><\/a>,\n            <a href=\"https:\/\/car4rent.fr\/fr\/louer-une-mercedes\/\"><strong>Mercedes AMG<\/strong><\/a>,\n            <a href=\"https:\/\/car4rent.fr\/fr\/louer-une-bentley\/\"><strong>Bentley<\/strong><\/a>,\n            <a href=\"https:\/\/car4rent.fr\/fr\/louer-une-rolls-royce\/\"><strong>Rolls-Royce<\/strong><\/a>, et\n            <a href=\"https:\/\/car4rent.fr\/fr\/louer-une-audi\/\"><strong>Audi<\/strong><\/a>.<\/p>\n<p>Toutes ces marques sont synonymes de puissance, de performance et d&rsquo;agilit\u00e9 dans les virages, en un mot d&rsquo;excellence.<\/p>\n<p>Bienvenue sur la C\u00f4te d&rsquo;Azur, o\u00f9 un monde de glamour et de plaisir vous attend.<\/p>\n<\/div>\n<div class=\"csc-header csc-header-n1\"><a href=\"https:\/\/car4rent.fr\/fr\/contact\/\" target=\"_blank\" rel=\"noopener noreferrer\">R\u00c9SERVEZ MAINTENANT <\/a><\/div>\n<\/div><\/section><\/p><\/div><div  class='hr av-av_hr-91d7ccd583a503147498e120fee2ff9b hr-default  avia-builder-el-5  el_after_av_one_full  el_before_av_section  avia-builder-el-last '><span class='hr-inner '><span class=\"hr-inner-style\"><\/span><\/span><\/div><\/p>\n<\/div><\/div><\/div><!-- close content main div --><\/div><\/div><div id='av_section_2'  class='avia-section av-6mq6aoi-220d2331d8a8e09257ee23f14fd9c975 main_color avia-section-default avia-no-border-styling  avia-builder-el-6  el_after_av_hr  el_before_av_section  avia-bg-style-scroll container_wrap fullsize'  ><div class='container av-section-cont-open' ><div class='template-page content  av-content-full alpha units'><div class='post-entry post-entry-type-page post-entry-30317'><div class='entry-content-wrapper clearfix'>\n<div  class='flex_column av-av_one_full-db3c685d37a83d385059f6f31cd9c4a7 av_one_full  avia-builder-el-7  el_before_av_hr  avia-builder-el-first  first flex_column_div  '     ><section  class='av_textblock_section av-av_textblock-8eba2417de9ea263f0cb5a774f45768a '  ><div class='avia_textblock' ><p style=\"text-align: center;\"><span style=\"font-size: 14pt;\">Les voitures Car4Rent sont \u00e9galement disponibles \u00e0 Cannes, Monaco, Saint-Tropez et \u00e0 l\u2019a\u00e9roport de Nice.<\/span><\/p>\n<\/div><\/section><\/div>\n<style type=\"text\/css\" data-created_by=\"avia_inline_auto\" id=\"style-css-av-5cgdl82-232a578509f1376fb6e732faea0e2d1a\">\n#top .hr.hr-invisible.av-5cgdl82-232a578509f1376fb6e732faea0e2d1a{\nheight:25px;\n}\n<\/style>\n<div  class='hr av-5cgdl82-232a578509f1376fb6e732faea0e2d1a hr-invisible  avia-builder-el-9  el_after_av_one_full  el_before_av_textblock '><span class='hr-inner '><span class=\"hr-inner-style\"><\/span><\/span><\/div>\n<section  class='av_textblock_section av-lq148rut-1ba27829df20b9b5ab68642b110c7e65 '  ><div class='avia_textblock' ><p style=\"text-align: center;\"><span style=\"font-size: 14pt;\">Car4rent est le sp\u00e9cialiste de la location de voitures sport dans le sud de la France ?<\/span><\/p>\n<\/div><\/section>\n<section  class='av_textblock_section av-35qmucy-e7eea719684c2bd9feccf9548ffaf785 '  ><div class='avia_textblock' ><p style=\"text-align: center;\">Car4rent est le sp\u00e9cialiste de la location de voiture de sport dans le sud de la France. Notre \u00e9quipe vous est d\u00e9vou\u00e9e pour vous conseiller. Nous ne proposons que des voitures de prestige, de luxe, des cabriolets et des SUV pour votre enti\u00e8re satisfaction. Faites l&rsquo;exp\u00e9rience des plus hauts niveaux de service et de confort.<\/p>\n<\/div><\/section>\n<section  class='av_textblock_section av-2jz4e9e-bd0585a4607c43f3f4308cef286025bf '  ><div class='avia_textblock' ><p style=\"text-align: center;\">D\u00e9couvrez le Port Hercule o\u00f9 ont \u00e9t\u00e9 rep\u00e9r\u00e9s les superyachts les plus impressionnants de la C\u00f4te d&rsquo;Azur. N&rsquo;oubliez jamais que Monaco est un terrain de jeu pour milliardaires. Ou assister au Grand Prix de F1 de Monaco ou au salon du bateau. Il reste \u00e0 ce jour le principal \u00e9v\u00e9nement de l&rsquo;industrie des superyachts. Les navires les plus luxueux sont \u00e0 quaipour votre plaisir.<\/p>\n<\/div><\/section>\n<\/div><\/div><\/div><!-- close content main div --><\/div><\/div>\n<style type=\"text\/css\" data-created_by=\"avia_inline_auto\" id=\"style-css-av-27qlrrm-0da01d1b45d171244764f48420a7c9a1\">\n.avia-section.av-27qlrrm-0da01d1b45d171244764f48420a7c9a1{\nbackground-color:#6834bd;\nbackground-image:unset;\n}\n<\/style>\n<div id='av_section_3'  class='avia-section av-27qlrrm-0da01d1b45d171244764f48420a7c9a1 main_color avia-section-default avia-no-border-styling  avia-builder-el-13  el_after_av_section  el_before_av_section  avia-bg-style-scroll container_wrap fullsize'  ><div class='container av-section-cont-open' ><div class='template-page content  av-content-full alpha units'><div class='post-entry post-entry-type-page post-entry-30317'><div class='entry-content-wrapper clearfix'>\n<section  class='av_textblock_section av-lq14h9zv-2ac92bca4a26321c1cbcf1a03ae0cf28 '  ><div class='avia_textblock' ><p style=\"text-align: center;\"><span style=\"font-size: 14pt;\">La plus grande collection de voitures de r\u00eave vous attend, gr\u00e2ce \u00e0 Car4rent.<\/span><\/p>\n<\/div><\/section>\n<div  class='avia-button-wrap av-3lk7si-750c35f5c01c7fd897a03a24d1551193-wrap avia-button-center  avia-builder-el-15  el_after_av_textblock  avia-builder-el-last '><a href=\"https:\/\/car4rent.fr\/fr\/contact\/\" class=\"avia-button av-3lk7si-750c35f5c01c7fd897a03a24d1551193 av-link-btn avia-icon_select-yes-right-icon avia-size-large avia-position-center av-icon-on-hover avia-color-grey\" aria-label=\"Contactez notre \u00e9quipe d\u00e9di\u00e9e\"><span class='avia_iconbox_title' >Contactez notre \u00e9quipe d\u00e9di\u00e9e<\/span><span class='avia_button_icon avia_button_icon_right avia-iconfont avia-font-entypo-fontello' data-av_icon='\ue881' data-av_iconfont='entypo-fontello' ><\/span><\/a><\/div>\n<\/p>\n<\/div><\/div><\/div><!-- close content main div --><\/div><\/div><div id='av_section_4'  class='avia-section av-3irhaz-798f38de044f566242d22ee9225ffe7c main_color avia-section-default avia-no-border-styling  avia-builder-el-16  el_after_av_section  avia-builder-el-last  avia-bg-style-scroll container_wrap fullsize'  ><div class='container av-section-cont-open' ><div class='template-page content  av-content-full alpha units'><div class='post-entry post-entry-type-page post-entry-30317'><div class='entry-content-wrapper clearfix'>\n<div  class='avia-builder-widget-area clearfix  avia-builder-el-17  avia-builder-el-no-sibling '><div id=\"text-9\" class=\"widget clearfix widget_text\">\t\t\t<div class=\"textwidget\"><p style=\"text-align: center;\">    <div class=\"car4rent-share-block car4rent-fr\">\n        <a href=\"https:\/\/www.facebook.com\/sharer\/sharer.php?u=\" target=\"_blank\" rel=\"noopener\"><i class=\"fa-brands fa-facebook\"><\/i> Partager<\/a>\n        <a href=\"https:\/\/x.com\/intent\/tweet?url=&amp;text=\" target=\"_blank\" rel=\"noopener\"><i class=\"fa-brands fa-x-twitter\"><\/i> X<\/a>\n        <a href=\"https:\/\/wa.me\/?text=%20\" target=\"_blank\" rel=\"noopener\"><i class=\"fa-brands fa-whatsapp\"><\/i> WhatsApp<\/a>\n        <a href=\"https:\/\/www.instagram.com\/car4rent_cannes\/\" target=\"_blank\" rel=\"noopener\"><i class=\"fa-brands fa-instagram\"><\/i> Instagram<\/a>\n        <a href=\"https:\/\/www.linkedin.com\/company\/car4rent\/about\/\" target=\"_blank\" rel=\"noopener\"><i class=\"fa-brands fa-linkedin\"><\/i> LinkedIn<\/a>\n        <a href=\"https:\/\/www.youtube.com\/@car4rentcannes839\" target=\"_blank\" rel=\"noopener\"><i class=\"fa-brands fa-youtube\"><\/i> YouTube<\/a>\n    <\/div>\n    <\/p>\n<\/div>\n\t\t<\/div><\/div>\n\n","protected":false},"excerpt":{"rendered":"","protected":false},"author":3,"featured_media":30033,"parent":0,"menu_order":1920,"comment_status":"closed","ping_status":"closed","template":"","meta":{"_acf_changed":false,"footnotes":""},"class_list":["post-30317","page","type-page","status-publish","has-post-thumbnail","hentry"],"acf":[],"_links":{"self":[{"href":"https:\/\/car4rent.fr\/fr\/wp-json\/wp\/v2\/pages\/30317","targetHints":{"allow":["GET"]}}],"collection":[{"href":"https:\/\/car4rent.fr\/fr\/wp-json\/wp\/v2\/pages"}],"about":[{"href":"https:\/\/car4rent.fr\/fr\/wp-json\/wp\/v2\/types\/page"}],"author":[{"embeddable":true,"href":"https:\/\/car4rent.fr\/fr\/wp-json\/wp\/v2\/users\/3"}],"replies":[{"embeddable":true,"href":"https:\/\/car4rent.fr\/fr\/wp-json\/wp\/v2\/comments?post=30317"}],"version-history":[{"count":0,"href":"https:\/\/car4rent.fr\/fr\/wp-json\/wp\/v2\/pages\/30317\/revisions"}],"wp:featuredmedia":[{"embeddable":true,"href":"https:\/\/car4rent.fr\/fr\/wp-json\/wp\/v2\/media\/30033"}],"wp:attachment":[{"href":"https:\/\/car4rent.fr\/fr\/wp-json\/wp\/v2\/media?parent=30317"}],"curies":[{"name":"wp","href":"https:\/\/api.w.org\/{rel}","templated":true}]}}