{"id":30182,"date":"2023-11-10T16:56:12","date_gmt":"2023-11-10T15:56:12","guid":{"rendered":"https:\/\/car4rent.fr\/contact\/"},"modified":"2025-10-15T20:30:24","modified_gmt":"2025-10-15T18:30:24","slug":"contact","status":"publish","type":"page","link":"https:\/\/car4rent.fr\/fr\/contact\/","title":{"rendered":"Contact"},"content":{"rendered":"\n<style type=\"text\/css\" data-created_by=\"avia_inline_auto\" id=\"style-css-av-9b5h9-92ad80d5ee021b88b4c24167e16b52ed\">\n.avia-section.av-9b5h9-92ad80d5ee021b88b4c24167e16b52ed .av-section-color-overlay{\nopacity:0.6;\nbackground-color:#111111;\n}\n<\/style>\n<div id='av_section_1'  class='avia-section av-9b5h9-92ad80d5ee021b88b4c24167e16b52ed main_color avia-section-huge avia-shadow  avia-builder-el-0  el_before_av_two_third  avia-builder-el-first  avia-bg-style-parallax av-section-color-overlay-active av-minimum-height av-minimum-height-custom av-height-custom  container_wrap fullsize'   data-av_minimum_height_px='350'><div class=\"av-section-color-overlay-wrap\"><div class=\"av-section-color-overlay\"><\/div><div class='container av-section-cont-open' style='height:350px'><main  class='template-page content  av-content-full alpha units'><div class='post-entry post-entry-type-page post-entry-30182'><div class='entry-content-wrapper clearfix'>\n\n<style type=\"text\/css\" data-created_by=\"avia_inline_auto\" id=\"style-css-av-lr0l1ucs-c64157f2772a28599b95c4e9a3dc3891\">\n#top .av_textblock_section.av-lr0l1ucs-c64157f2772a28599b95c4e9a3dc3891 .avia_textblock{\ncolor:#ffffff;\ntext-align:center;\n}\n<\/style>\n<section  class='av_textblock_section av-lr0l1ucs-c64157f2772a28599b95c4e9a3dc3891 '  ><div class='avia_textblock av_inherit_color' ><h2 style=\"font-size:24pt\">Contactez Car4Rent<\/h2>\n<\/div><\/section>\n<\/div><\/div><\/main><!-- close content main element --><\/div><\/div><\/div><div id='after_section_1'  class='main_color av_default_container_wrap container_wrap fullsize'  ><div class='container av-section-cont-open' ><div class='template-page content  av-content-full alpha units'><div class='post-entry post-entry-type-page post-entry-30182'><div class='entry-content-wrapper clearfix'>\n<div  class='flex_column av-8arg5-b70cb18423b50183ba3fca219abb9641 av_two_third  avia-builder-el-2  el_after_av_section  el_before_av_one_third  avia-builder-el-first  first flex_column_div  '     ><section  class='av_textblock_section av-6wuud-2ac0414cc690a407e1e3afdbb03396dc '  ><div class='avia_textblock' ><h2>Contactez Car4Rent<\/h2>\n<p>Merci d\u2019avoir choisi <strong>Car4Rent<\/strong> pour votre location de v\u00e9hicule.<br \/>\nNotre \u00e9quipe est \u00e0 votre disposition et ravie de vous assister.  <\/p>\n<h3>Par e-mail ou via notre formulaire<\/h3>\n<p>Vous avez une question ou besoin d\u2019aide ?<br \/>\nEnvoyez-nous un e-mail ou utilisez le formulaire ci-dessous.<br \/>\nNous r\u00e9pondons rapidement et avec plaisir.  <\/p>\n<p><strong>E-mail :<\/strong> <a href=\"mailto:info@car4rent.fr\" target=\"_blank\" rel=\"noopener\">info@car4rent.fr<\/a>  <\/p>\n<div class=\"wpforms-container wpforms-container-full\" id=\"wpforms-27233\"><form id=\"wpforms-form-27233\" class=\"wpforms-validate wpforms-form\" data-formid=\"27233\" method=\"post\" enctype=\"multipart\/form-data\" action=\"\/fr\/wp-json\/wp\/v2\/pages\/30182\" data-token=\"4956c4069c64749b1df536230bf32717\" data-token-time=\"1776862678\"><noscript class=\"wpforms-error-noscript\">Veuillez activer JavaScript dans votre navigateur pour remplir ce formulaire.<\/noscript><div class=\"wpforms-field-container\"><div id=\"wpforms-27233-field_5-container\" class=\"wpforms-field wpforms-field-name\" data-field-id=\"5\"><label class=\"wpforms-field-label\">Nom <span class=\"wpforms-required-label\">*<\/span><\/label><div class=\"wpforms-field-row wpforms-field-medium\"><div class=\"wpforms-field-row-block wpforms-first wpforms-one-half\"><input type=\"text\" id=\"wpforms-27233-field_5\" class=\"wpforms-field-name-first wpforms-field-required\" name=\"wpforms[fields][5][first]\" required><label for=\"wpforms-27233-field_5\" class=\"wpforms-field-sublabel after\">First<\/label><\/div><div class=\"wpforms-field-row-block wpforms-one-half\"><input type=\"text\" id=\"wpforms-27233-field_5-last\" class=\"wpforms-field-name-last wpforms-field-required\" name=\"wpforms[fields][5][last]\" required><label for=\"wpforms-27233-field_5-last\" class=\"wpforms-field-sublabel after\">Last<\/label><\/div><\/div><\/div><div id=\"wpforms-27233-field_9-container\" class=\"wpforms-field wpforms-field-layout\" data-field-id=\"9\"><div class=\"wpforms-field-layout-rows wpforms-field-large\"><div class=\"wpforms-layout-row\"><div class=\"wpforms-layout-column wpforms-layout-column-50\"><div id=\"wpforms-27233-field_7-container\" class=\"wpforms-field wpforms-field-email\" data-field-id=\"7\"><label class=\"wpforms-field-label\" for=\"wpforms-27233-field_7\">Courriel <span class=\"wpforms-required-label\">*<\/span><\/label><input type=\"email\" id=\"wpforms-27233-field_7\" class=\"wpforms-field-medium wpforms-field-required\" name=\"wpforms[fields][7]\" spellcheck=\"false\" required><\/div><\/div><div class=\"wpforms-layout-column wpforms-layout-column-50\"><div id=\"wpforms-27233-field_8-container\" class=\"wpforms-field wpforms-field-phone\" data-field-id=\"8\"><label class=\"wpforms-field-label\" for=\"wpforms-27233-field_8\">T\u00e9l\u00e9phone <span class=\"wpforms-required-label\">*<\/span><\/label><input type=\"tel\" id=\"wpforms-27233-field_8\" class=\"wpforms-field-medium wpforms-field-required\" data-rule-int-phone-field=\"true\" name=\"wpforms[fields][8]\" aria-label=\"T\u00e9l\u00e9phone\" required><\/div><\/div><\/div><\/div><\/div><div id=\"wpforms-27233-field_4-container\" class=\"wpforms-field wpforms-field-textarea\" data-field-id=\"4\"><label class=\"wpforms-field-label\" for=\"wpforms-27233-field_4\">Message<\/label><textarea id=\"wpforms-27233-field_4\" class=\"wpforms-field-medium\" name=\"wpforms[fields][4]\" ><\/textarea><\/div><\/div><!-- .wpforms-field-container --><div class=\"wpforms-recaptcha-container wpforms-is-recaptcha wpforms-is-recaptcha-type-v3\" ><input type=\"hidden\" name=\"wpforms[recaptcha]\" value=\"\"><\/div><div class=\"wpforms-submit-container\" ><input type=\"hidden\" name=\"wpforms[id]\" value=\"27233\"><input type=\"hidden\" name=\"page_title\" value=\"\"><input type=\"hidden\" name=\"page_url\" value=\"https:\/\/car4rent.fr\/fr\/wp-json\/wp\/v2\/pages\/30182\"><input type=\"hidden\" name=\"url_referer\" value=\"\"><button type=\"submit\" name=\"wpforms[submit]\" id=\"wpforms-submit-27233\" class=\"wpforms-submit\" data-alt-text=\"Envoi\" data-submit-text=\"Soumettre\" aria-live=\"assertive\" value=\"wpforms-submit\">Soumettre<\/button><\/div><\/form><\/div>  <!-- .wpforms-container -->\n<h3>Par t\u00e9l\u00e9phone<\/h3>\n<p>Vous pr\u00e9f\u00e9rez \u00e9changer directement ?<br \/>\nAppelez-nous ! Notre service client est disponible pour r\u00e9pondre \u00e0 vos questions ou finaliser votre r\u00e9servation.  <\/p>\n<p><strong>T\u00e9l\u00e9phone :<\/strong> +33 (0) 7 88 27 85 86  <\/p>\n<h3>Par WhatsApp<\/h3>\n<p>Pour une r\u00e9ponse rapide, contactez-nous sur WhatsApp.  <\/p>\n<p><a href=\"https:\/\/wa.me\/33788278586?text=Bonjour%20Car4Rent%2C%20je%20souhaite%20obtenir%20des%20renseignements%20sur%20la%20location%20d%27un%20v\u00e9hicule.\" target=\"_blank\" rel=\"noopener\"><br \/>\n<img decoding=\"async\" src=\"https:\/\/img.icons8.com\/color\/48\/000000\/whatsapp.png\" alt=\"WhatsApp\" title=\"Car4Rent Cannes\"><br \/>\nDiscuter avec nous sur WhatsApp<br \/>\n<\/a><\/p>\n<\/div><\/section><\/div>\n<div  class='flex_column av-6j1md-fb1ce511469f5be62395548623d8dfff av_one_third  avia-builder-el-4  el_after_av_two_third  el_before_av_section  avia-builder-el-last  flex_column_div  '     ><section  class='av_textblock_section av-mbjx4per-d9602b9a9cb3e7ed411b7dbc32b4f9af '  ><div class='avia_textblock' ><h3>Contact<\/h3>\n<div class=\"rank-math-contact-info show-name show-address show-phone show-email\"><div class=\"rank-math-contact-section rank-math-contact-name\">\t\t<h4 class=\"rank-math-name\">\n\t\t\t<a href=\"https:\/\/car4rent.fr\">Car4rent<\/a>\n\t\t<\/h4>\n\t\t<\/div><div class=\"rank-math-contact-section rank-math-contact-address\">\t\t<label>Adresse\u00a0:<\/label>\n\t\t<address><span class=\"contact-address-streetAddress\">10 Rue Hibert<\/span>, <span class=\"contact-address-postalCode\">06400<\/span> <span class=\"contact-address-addressLocality\">Cannes<\/span> <br \/>\r\n<\/address>\n\t\t<\/div><div class=\"rank-math-contact-section rank-math-contact-phone\">\t\t\t<div class=\"rank-math-phone-number type-reservations\">\n\t\t\t\t<label>R\u00e9servations:<\/label>\n\t\t\t\t<span><a href=\"tel:07 88 27 85 86\">07 88 27 85 86<\/a><\/span>\n\t\t\t<\/div>\n\t\t\t\t\t\t<div class=\"rank-math-phone-number type-emergency\">\n\t\t\t\t<label>Urgence:<\/label>\n\t\t\t\t<span><a href=\"tel:07 88 27 85 86\">07 88 27 85 86<\/a><\/span>\n\t\t\t<\/div>\n\t\t\t<\/div><div class=\"rank-math-contact-section rank-math-contact-email\">\t\t<div class=\"rank-math-email\">\n\t\t\t<label>E-mail\u00a0:<\/label>\n\t\t\t<a href=\"mailto:info@car4rent.fr\">info@car4rent.fr<\/a>\n\t\t<\/div>\n\t\t<\/div><\/div><div class=\"clear\"><\/div>\n<h3>Horaires d\u2019ouverture<\/h3>\n<div class=\"rank-math-contact-info show-hours show-hours-only\"><div class=\"rank-math-contact-section rank-math-contact-hours\">\t\t<label>Heures\u00a0:<\/label>\n\t\t<div class=\"rank-math-contact-hours-details\">\n\t\t\t<div class=\"rank-math-opening-hours\"><span class=\"rank-math-opening-days\">lundi, mardi, mercredi, jeudi, vendredi, samedi<\/span><span class=\"rank-math-opening-time\">9:00 am &ndash; 7:00 pm<\/span><\/div>\t\t<\/div>\n\t\t<\/div><\/div><div class=\"clear\"><\/div>\n<\/div><\/section><br \/>\n\n<style type=\"text\/css\" data-created_by=\"avia_inline_auto\" id=\"style-css-av-1hdyl-de78e71ee081cb85f852deb62e3a0c0a\">\n#top .av-special-heading.av-1hdyl-de78e71ee081cb85f852deb62e3a0c0a{\npadding-bottom:5px;\n}\nbody .av-special-heading.av-1hdyl-de78e71ee081cb85f852deb62e3a0c0a .av-special-heading-tag .heading-char{\nfont-size:25px;\n}\n.av-special-heading.av-1hdyl-de78e71ee081cb85f852deb62e3a0c0a .av-subheading{\nfont-size:15px;\n}\n<\/style>\n<div  class='av-special-heading av-1hdyl-de78e71ee081cb85f852deb62e3a0c0a av-special-heading-h4  avia-builder-el-6  el_after_av_textblock  el_before_av_textblock '><h4 class='av-special-heading-tag '  >Demande d\u2019indemnisation<\/h4><div class=\"special-heading-border\"><div class=\"special-heading-inner-border\"><\/div><\/div><\/div><br \/>\n<section  class='av_textblock_section av-3phoh-74cbfb70288453aae17c63cfadc36c9b '  ><div class='avia_textblock' ><p><strong>Agence de Cannes<\/strong><br \/>\n10 rue Hibert, 06400 Cannes<br \/>\nT\u00e9l. : <a href=\"tel:+33788278586\">+33 (0) 7 88 27 85 86<\/a><br \/>\nE-mail : <a href=\"mailto:info@car4rent.fr\">info@car4rent.fr<\/a><\/p>\n<p>Vous pouvez \u00e9galement d\u00e9poser une demande d\u2019indemnisation anticip\u00e9e via le formulaire ci-dessus.<\/p>\n<\/div><\/section><\/p><\/div>\n<\/div><\/div><\/div><!-- close content main div --><\/div><\/div><div id='av_section_2'  class='avia-section av-12v9l7q-226a8ff08196635905615f038267752a main_color avia-section-default avia-shadow avia-bg-style-scroll container_wrap fullsize'  ><div class='container av-section-cont-open' ><div class='template-page content  av-content-full alpha units'><div class='post-entry post-entry-type-page post-entry-30182'><div class='entry-content-wrapper clearfix'>\n<section  class='av_textblock_section av-mbjx78ke-24a01c3fba90c2c9bebbf923231b02ea '  ><div class='avia_textblock' ><h3>Notre localisation<\/h3>\n<div class=\"rank-math-contact-info show-map show-map-only\"><div class=\"rank-math-contact-section rank-math-contact-map\">\t\t<iframe src=\"\/\/maps.google.com\/maps?q=10%20Rue%20Hibert%20Cannes%20Alpes%20Maritimes%2006400%20France&#038;z=15&#038;output=embed&#038;key=AIzaSyDUub4gYAZoe8M0LZ9KfxozeobigPJQWcY\"><\/iframe>\n\t\t<\/div><\/div><div class=\"clear\"><\/div>\n<\/div><\/section>\n<div  class='flex_column av-lb11an9m-cb27e85233c627d3382054776119c975 av_one_full first flex_column_div  '     ><div  class='avia-builder-widget-area clearfix '><div id=\"text-9\" class=\"widget clearfix widget_text\">\t\t\t<div class=\"textwidget\"><p style=\"text-align: center;\">    <div class=\"car4rent-share-block car4rent-fr\">\n        <a href=\"https:\/\/www.facebook.com\/sharer\/sharer.php?u=\" target=\"_blank\" rel=\"noopener\"><i class=\"fa-brands fa-facebook\"><\/i> Partager<\/a>\n        <a href=\"https:\/\/x.com\/intent\/tweet?url=&amp;text=\" target=\"_blank\" rel=\"noopener\"><i class=\"fa-brands fa-x-twitter\"><\/i> X<\/a>\n        <a href=\"https:\/\/wa.me\/?text=%20\" target=\"_blank\" rel=\"noopener\"><i class=\"fa-brands fa-whatsapp\"><\/i> WhatsApp<\/a>\n        <a href=\"https:\/\/www.instagram.com\/car4rent_cannes\/\" target=\"_blank\" rel=\"noopener\"><i class=\"fa-brands fa-instagram\"><\/i> Instagram<\/a>\n        <a href=\"https:\/\/www.linkedin.com\/company\/car4rent\/about\/\" target=\"_blank\" rel=\"noopener\"><i class=\"fa-brands fa-linkedin\"><\/i> LinkedIn<\/a>\n        <a href=\"https:\/\/www.youtube.com\/@car4rentcannes839\" target=\"_blank\" rel=\"noopener\"><i class=\"fa-brands fa-youtube\"><\/i> YouTube<\/a>\n    <\/div>\n    <\/p>\n<\/div>\n\t\t<\/div><\/div><\/div>\n\n<div  class='flex_column av-jfitxi-81fec4e246eabda5c6b90fbfa7802939 av_one_full first flex_column_div  '     ><section  class='av_textblock_section av-lt441mzh-98636ac86f33208208539b4edddeb0ba '  ><div class='avia_textblock' ><p>Chez Car4Rent, nous sommes sp\u00e9cialis\u00e9s dans la location de voitures de sport et de luxe parmi les marques les plus prestigieuses comme <a href=\"https:\/\/car4rent.fr\/fr\/louer-une-ferrari\/\"><strong>Ferrari<\/strong><\/a>,\n            <a href=\"https:\/\/car4rent.fr\/fr\/louer-une-lamborghini\/\"><strong>Lamborghini<\/strong><\/a>,\n            <a href=\"https:\/\/car4rent.fr\/fr\/louer-une-porsche\/\"><strong>Porsche<\/strong><\/a>,\n            <a href=\"https:\/\/car4rent.fr\/fr\/louer-un-land-rover\/\"><strong>Land Rover<\/strong><\/a>,\n            <a href=\"https:\/\/car4rent.fr\/fr\/louer-une-mercedes\/\"><strong>Mercedes AMG<\/strong><\/a>,\n            <a href=\"https:\/\/car4rent.fr\/fr\/louer-une-bentley\/\"><strong>Bentley<\/strong><\/a>,\n            <a href=\"https:\/\/car4rent.fr\/fr\/louer-une-rolls-royce\/\"><strong>Rolls-Royce<\/strong><\/a>, et\n            <a href=\"https:\/\/car4rent.fr\/fr\/louer-une-audi\/\"><strong>Audi<\/strong><\/a>..<br \/>\nToutes ces marques sont synonymes d\u2019agilit\u00e9, de performance et de s\u00e9curit\u00e9 \u2014 en un mot, d\u2019excellence.<\/p>\n<\/div><\/section><\/div>\n","protected":false},"excerpt":{"rendered":"","protected":false},"author":3,"featured_media":29205,"parent":0,"menu_order":6,"comment_status":"closed","ping_status":"closed","template":"","meta":{"_acf_changed":false,"footnotes":""},"class_list":["post-30182","page","type-page","status-publish","has-post-thumbnail","hentry"],"acf":[],"_links":{"self":[{"href":"https:\/\/car4rent.fr\/fr\/wp-json\/wp\/v2\/pages\/30182","targetHints":{"allow":["GET"]}}],"collection":[{"href":"https:\/\/car4rent.fr\/fr\/wp-json\/wp\/v2\/pages"}],"about":[{"href":"https:\/\/car4rent.fr\/fr\/wp-json\/wp\/v2\/types\/page"}],"author":[{"embeddable":true,"href":"https:\/\/car4rent.fr\/fr\/wp-json\/wp\/v2\/users\/3"}],"replies":[{"embeddable":true,"href":"https:\/\/car4rent.fr\/fr\/wp-json\/wp\/v2\/comments?post=30182"}],"version-history":[{"count":0,"href":"https:\/\/car4rent.fr\/fr\/wp-json\/wp\/v2\/pages\/30182\/revisions"}],"wp:featuredmedia":[{"embeddable":true,"href":"https:\/\/car4rent.fr\/fr\/wp-json\/wp\/v2\/media\/29205"}],"wp:attachment":[{"href":"https:\/\/car4rent.fr\/fr\/wp-json\/wp\/v2\/media?parent=30182"}],"curies":[{"name":"wp","href":"https:\/\/api.w.org\/{rel}","templated":true}]}}