{"id":30165,"date":"2023-11-10T16:56:12","date_gmt":"2023-11-10T15:56:12","guid":{"rendered":"https:\/\/car4rent.fr\/evenements\/"},"modified":"2025-10-15T20:28:52","modified_gmt":"2025-10-15T18:28:52","slug":"evenements","status":"publish","type":"page","link":"https:\/\/car4rent.fr\/fr\/evenements\/","title":{"rendered":"\u00c9v\u00e9nements"},"content":{"rendered":"\n<style type=\"text\/css\" data-created_by=\"avia_inline_auto\" id=\"style-css-av-5tljvmd-5b74cecfa97c47039923113c8f7271c7\">\n.avia-section.av-5tljvmd-5b74cecfa97c47039923113c8f7271c7{\nbackground-repeat:no-repeat;\nbackground-image:url(https:\/\/car4rent.fr\/wp-content\/uploads\/lamborghini_low-1024x683-1024x630.jpg);\nbackground-position:50% 0%;\nbackground-attachment:scroll;\n}\n<\/style>\n<div id='av_section_1'  class='avia-section av-5tljvmd-5b74cecfa97c47039923113c8f7271c7 main_color avia-section-no-padding avia-shadow  avia-builder-el-0  el_before_av_one_full  avia-builder-el-first  avia-full-stretch avia-bg-style-scroll av-minimum-height av-minimum-height-custom av-height-custom  container_wrap fullsize'  data-section-bg-repeat='stretch' data-av_minimum_height_px='450'><div class='container av-section-cont-open' style='height:450px'><main  class='template-page content  av-content-full alpha units'><div class='post-entry post-entry-type-page post-entry-30165'><div class='entry-content-wrapper clearfix'>\n<div  class='flex_column av-2d5ms5-c3ccd4b1a6ec14e1b42e271d1930d3fe av_one_full  avia-builder-el-1  avia-builder-el-no-sibling  first no_margin flex_column_div  '     ><div  class='avia-video av-5c8gvlh-4d39600801ba66c33b560725680b2436 avia-video-16-9 av-no-preview-image avia-video-load-always avia-video-html5'  data-original_url='\/wp-content\/uploads\/Car4Rent Cannes - Luxury Car Rental in Cannes, Saint-Tropez, Monaco and Nice - 720p.f136.mp4'><video class='avia_video'  autoplay playsinline  preload=\"auto\" muted  id='player_30165_771160942_1595227144'><source src='\/wp-content\/uploads\/Car4Rent Cannes - Luxury Car Rental in Cannes, Saint-Tropez, Monaco and Nice - 720p.f136.mp4' type='video\/mp4' \/><\/video><\/div><\/div>\n<\/div><\/div><\/main><!-- close content main element --><\/div><\/div><div id='after_section_1'  class='main_color av_default_container_wrap container_wrap fullsize'  ><div class='container av-section-cont-open' ><div class='template-page content  av-content-full alpha units'><div class='post-entry post-entry-type-page post-entry-30165'><div class='entry-content-wrapper clearfix'>\n\n<style type=\"text\/css\" data-created_by=\"avia_inline_auto\" id=\"style-css-av-apkwn-64b8df3809f1893faea34c50f40a1c82\">\n.flex_column.av-apkwn-64b8df3809f1893faea34c50f40a1c82{\npadding:0px 0px 0px 0px;\n}\n<\/style>\n<div  class='flex_column av-apkwn-64b8df3809f1893faea34c50f40a1c82 av_one_full  avia-builder-el-3  el_after_av_section  el_before_av_section  avia-builder-el-no-sibling  first flex_column_div av-zero-column-padding  '     ><p>\n<style type=\"text\/css\" data-created_by=\"avia_inline_auto\" id=\"style-css-av-l7kew7cm-10576170e5e6ee3bb16232f5533cd4b8\">\n#top .av-special-heading.av-l7kew7cm-10576170e5e6ee3bb16232f5533cd4b8{\npadding-bottom:5px;\n}\nbody .av-special-heading.av-l7kew7cm-10576170e5e6ee3bb16232f5533cd4b8 .av-special-heading-tag .heading-char{\nfont-size:25px;\n}\n.av-special-heading.av-l7kew7cm-10576170e5e6ee3bb16232f5533cd4b8 .av-subheading{\nfont-size:15px;\n}\n<\/style>\n<div  class='av-special-heading av-l7kew7cm-10576170e5e6ee3bb16232f5533cd4b8 av-special-heading-h2 blockquote modern-quote modern-centered  avia-builder-el-4  el_before_av_textblock  avia-builder-el-first '><h2 class='av-special-heading-tag '  >Car4Rent organise vos \u00e9v\u00e8nements automobiles | Road Trips exclusifs en supercars<\/h2><div class=\"special-heading-border\"><div class=\"special-heading-inner-border\"><\/div><\/div><\/div><br \/>\n<section  class='av_textblock_section av-92l53-02238b30fcdd8f2c1cf250e95a8a8524 '  ><div class='avia_textblock' ><h2 style=\"text-align:center;font-size:18pt\">D\u00e9couvrez le sud de la France au volant de supercars d\u2019exception<\/h2>\n<p>Imaginez les routes pittoresques de la C\u00f4te d\u2019Azur associ\u00e9es \u00e0 la puissance de supercars d\u2019exception con\u00e7ues avec un savoir-faire unique.<\/p>\n<p>Vous cherchez une activit\u00e9 originale ou souhaitez organiser un \u00e9v\u00e8nement d\u2019entreprise ?<br \/>\nCar4Rent et sa branche CarEvents cr\u00e9ent des exp\u00e9riences sur mesure : motivation d\u2019\u00e9quipe, remerciement de clients, ou s\u00e9minaires exclusifs.<\/p>\n<p>Nos <strong>road trips<\/strong> permettent \u00e0 vos participants de piloter les plus belles voitures \u2013 Ferrari, Lamborghini, Porsche et bien d\u2019autres \u2013 en alternant les conducteurs toutes les 30 minutes pour profiter de chaque mod\u00e8le.<br \/>\nLes routes du sud de la France offrent des panoramas parmi les plus spectaculaires au monde.<\/p>\n<p>Choisissez votre circuit :<br \/>\n&#8211; <strong>Road Trip Cannes \u2013 Monaco<\/strong> : entre mer et \u00e9l\u00e9gance.<br \/>\n&#8211; <strong>Road Trip Cannes \u2013 Isola 2000<\/strong> : de la M\u00e9diterran\u00e9e \u00e0 la montagne en une journ\u00e9e.<br \/>\n&#8211; <strong>Road Trip Cannes \u2013 Saint-Tropez<\/strong> : glamour, performance et plaisir de conduite.<br \/>\n&#8211; <strong>\u00ab Une Vie de Ch\u00e2teau \u00bb<\/strong> : s\u00e9jour exclusif avec deux nuits en h\u00f4tels 5 \u2605 et gastronomie raffin\u00e9e.<\/p>\n<p>Nos formules d\u00e9butent \u00e0 <strong>595 \u20ac \/ personne<\/strong> pour une exp\u00e9rience inoubliable.<br \/>\nNous pouvons aussi organiser vos r\u00e9unions, d\u00e9corer les v\u00e9hicules \u00e0 vos couleurs, ou g\u00e9rer tous les transferts.<br \/>\nD\u00e9placement possible dans toute la France pour un \u00e9v\u00e8nement personnalis\u00e9.<\/p>\n<p><strong><a href=\"https:\/\/car4rent.fr\/fr\/demander-un-devis\/\" target=\"_blank\" rel=\"noopener\">Contactez-nous<\/a><\/strong> pour un devis ou des renseignements compl\u00e9mentaires : notre \u00e9quipe est \u00e0 votre service.<\/p>\n<\/div><\/section><br \/>\n<div  class='avia-button-wrap av-v6kn-f2a4efdbad8ca2656bcc2897906bc2b2-wrap avia-button-center  avia-builder-el-6  el_after_av_textblock  avia-builder-el-last '>\n<style type=\"text\/css\" data-created_by=\"avia_inline_auto\" id=\"style-css-av-v6kn-f2a4efdbad8ca2656bcc2897906bc2b2\">\n#top #wrap_all .avia-button.av-v6kn-f2a4efdbad8ca2656bcc2897906bc2b2{\nbackground-color:#6834bd;\nborder-color:#6834bd;\ncolor:#ffffff;\ntransition:all 0.4s ease-in-out;\n}\n#top #wrap_all .avia-button.av-v6kn-f2a4efdbad8ca2656bcc2897906bc2b2 .avia-svg-icon svg:first-child{\nfill:#ffffff;\nstroke:#ffffff;\n}\n<\/style>\n<a href=\"https:\/\/carevents.fr\/\" class=\"avia-button av-v6kn-f2a4efdbad8ca2656bcc2897906bc2b2 av-link-btn avia-icon_select-yes-right-icon avia-size-medium avia-position-center\" target=\"_blank\" rel=\"noopener noreferrer\" aria-label=\"D\u00e9couvrir CarEvents.fr\"><span class='avia_iconbox_title' >D\u00e9couvrir CarEvents.fr<\/span><span class='avia_button_icon avia_button_icon_right avia-iconfont avia-font-entypo-fontello' data-av_icon='\ue881' data-av_iconfont='entypo-fontello' ><\/span><\/a><\/div><\/p><\/div>\n<\/div><\/div><\/div><!-- close content main div --><\/div><\/div><div id='av_section_2'  class='avia-section av-gr91ed-897c2ef1d7f9262bff9968e007547525 main_color avia-section-default avia-shadow  avia-builder-el-7  el_after_av_one_full  el_before_av_section  avia-bg-style-scroll container_wrap fullsize'  ><div class='container av-section-cont-open' ><div class='template-page content  av-content-full alpha units'><div class='post-entry post-entry-type-page post-entry-30165'><div class='entry-content-wrapper clearfix'>\n\n<style type=\"text\/css\" data-created_by=\"avia_inline_auto\" id=\"style-css-av-3erav91-5f5f709f348dd7b77d7de7e1f7e1be0c\">\n#top .av-special-heading.av-3erav91-5f5f709f348dd7b77d7de7e1f7e1be0c{\npadding-bottom:5px;\n}\nbody .av-special-heading.av-3erav91-5f5f709f348dd7b77d7de7e1f7e1be0c .av-special-heading-tag .heading-char{\nfont-size:25px;\n}\n.av-special-heading.av-3erav91-5f5f709f348dd7b77d7de7e1f7e1be0c .av-subheading{\nfont-size:15px;\n}\n<\/style>\n<div  class='av-special-heading av-3erav91-5f5f709f348dd7b77d7de7e1f7e1be0c av-special-heading-h2 blockquote modern-quote modern-centered'><h2 class='av-special-heading-tag '  >D\u00e9couvrez nos vid\u00e9os<\/h2><div class=\"special-heading-border\"><div class=\"special-heading-inner-border\"><\/div><\/div><\/div>\n<div  class='flex_column av-av_one_third-2a9015ff38129c418a3f2eafba3e9512 av_one_third first flex_column_div  '     ><style type=\"text\/css\" data-created_by=\"avia_inline_auto\" id=\"style-css-av-2oeox3p-310187c4f1963fd77d60a7837612c40e\">\n.avia-video.av-2oeox3p-310187c4f1963fd77d60a7837612c40e{\nbackground-image:url(https:\/\/car4rent.fr\/wp-content\/uploads\/dynamic_avia\/avia_video_thumbnails\/youtube\/N9UlKgqDHBA\/N9UlKgqDHBA-1030x579.jpg);\n}\n<\/style>\n<div  class='avia-video av-2oeox3p-310187c4f1963fd77d60a7837612c40e avia-video-16-9 av-preview-image avia-video-load-always av-lazyload-immediate av-lazyload-video-embed'  data-original_url='https:\/\/www.youtube.com\/watch?v=N9UlKgqDHBA'><script type='text\/html' class='av-video-tmpl'><div class='avia-iframe-wrap'><iframe loading=\"lazy\" title=\"CarEvents - Roadgame - Supercars Driving Experience\" width=\"1500\" height=\"844\" src=\"https:\/\/www.youtube.com\/embed\/N9UlKgqDHBA?feature=oembed&autoplay=0&loop=0&controls=0&mute=0\" frameborder=\"0\" allow=\"accelerometer; autoplay; clipboard-write; encrypted-media; gyroscope; picture-in-picture; web-share\" allowfullscreen><\/iframe><\/div><\/script><div class='av-click-to-play-overlay'><div class=\"avia_playpause_icon\"><\/div><\/div><\/div><\/div>\n<div  class='flex_column av-av_one_third-cae1f7b2f72c6a5cdf3719c4a548253a av_one_third flex_column_div  '     ><style type=\"text\/css\" data-created_by=\"avia_inline_auto\" id=\"style-css-av-1loi5th-23516d96cf7fd3ad114ea4e284d194b6\">\n.avia-video.av-1loi5th-23516d96cf7fd3ad114ea4e284d194b6{\nbackground-image:url(https:\/\/car4rent.fr\/wp-content\/uploads\/dynamic_avia\/avia_video_thumbnails\/youtube\/Zv2iMT1dTNM\/Zv2iMT1dTNM-1280x630.jpg);\n}\n<\/style>\n<div  class='avia-video av-1loi5th-23516d96cf7fd3ad114ea4e284d194b6 avia-video-16-9 av-preview-image avia-video-load-always av-lazyload-immediate av-lazyload-video-embed'  data-original_url='https:\/\/www.youtube.com\/watch?v=Zv2iMT1dTNM'><script type='text\/html' class='av-video-tmpl'><div class='avia-iframe-wrap'><iframe loading=\"lazy\" title=\"CarEvents - La vie de Ch\u00e2teau - Driving Experience in South of France\" width=\"1500\" height=\"844\" src=\"https:\/\/www.youtube.com\/embed\/Zv2iMT1dTNM?feature=oembed&autoplay=0&loop=0&controls=0&mute=0\" frameborder=\"0\" allow=\"accelerometer; autoplay; clipboard-write; encrypted-media; gyroscope; picture-in-picture; web-share\" allowfullscreen><\/iframe><\/div><\/script><div class='av-click-to-play-overlay'><div class=\"avia_playpause_icon\"><\/div><\/div><\/div><\/div>\n<div  class='flex_column av-av_one_third-cae1f7b2f72c6a5cdf3719c4a548253a av_one_third flex_column_div  '     ><style type=\"text\/css\" data-created_by=\"avia_inline_auto\" id=\"style-css-av-p7fed1-79f96847c67ded6b38cb7af1109c1e18\">\n.avia-video.av-p7fed1-79f96847c67ded6b38cb7af1109c1e18{\nbackground-image:url(https:\/\/car4rent.fr\/wp-content\/uploads\/dynamic_avia\/avia_video_thumbnails\/youtube\/YHMHa0Xca7U\/YHMHa0Xca7U.jpg);\n}\n<\/style>\n<div  class='avia-video av-p7fed1-79f96847c67ded6b38cb7af1109c1e18 avia-video-16-9 av-preview-image avia-video-load-always av-lazyload-immediate av-lazyload-video-embed'  data-original_url='https:\/\/www.youtube.com\/watch?v=YHMHa0Xca7U'><script type='text\/html' class='av-video-tmpl'><div class='avia-iframe-wrap'><iframe loading=\"lazy\" title=\"CarEvents - Sea to Sky - Supercars Driving Experience in South of France\" width=\"1500\" height=\"844\" src=\"https:\/\/www.youtube.com\/embed\/YHMHa0Xca7U?feature=oembed&autoplay=0&loop=0&controls=0&mute=0\" frameborder=\"0\" allow=\"accelerometer; autoplay; clipboard-write; encrypted-media; gyroscope; picture-in-picture; web-share\" allowfullscreen><\/iframe><\/div><\/script><div class='av-click-to-play-overlay'><div class=\"avia_playpause_icon\"><\/div><\/div><\/div><\/div>\n\n<\/div><\/div><\/div><!-- close content main div --><\/div><\/div>\n<style type=\"text\/css\" data-created_by=\"avia_inline_auto\" id=\"style-css-av-2oxxn-8cbcf89027a174ed075bbd8d5b5ecb5d\">\n.avia-section.av-2oxxn-8cbcf89027a174ed075bbd8d5b5ecb5d{\nbackground-color:#6834bd;\nbackground-image:unset;\n}\n<\/style>\n<div id='av_section_3'  class='avia-section av-2oxxn-8cbcf89027a174ed075bbd8d5b5ecb5d main_color avia-section-default avia-shadow avia-bg-style-scroll container_wrap fullsize'  ><div class='container av-section-cont-open' ><div class='template-page content  av-content-full alpha units'><div class='post-entry post-entry-type-page post-entry-30165'><div class='entry-content-wrapper clearfix'>\n\n<style type=\"text\/css\" data-created_by=\"avia_inline_auto\" id=\"style-css-av-l7kexj12-6b6fbc1a14475d0f8c995dd07a74b835\">\n#top .av-special-heading.av-l7kexj12-6b6fbc1a14475d0f8c995dd07a74b835{\npadding-bottom:5px;\nfont-size:30px;\n}\nbody .av-special-heading.av-l7kexj12-6b6fbc1a14475d0f8c995dd07a74b835 .av-special-heading-tag .heading-char{\nfont-size:25px;\n}\n#top #wrap_all .av-special-heading.av-l7kexj12-6b6fbc1a14475d0f8c995dd07a74b835 .av-special-heading-tag{\nfont-size:30px;\n}\n.av-special-heading.av-l7kexj12-6b6fbc1a14475d0f8c995dd07a74b835 .av-subheading{\nfont-size:15px;\n}\n\n@media only screen and (min-width: 480px) and (max-width: 767px){ \n#top #wrap_all .av-special-heading.av-l7kexj12-6b6fbc1a14475d0f8c995dd07a74b835 .av-special-heading-tag{\nfont-size:0.8em;\n}\n}\n\n@media only screen and (max-width: 479px){ \n#top #wrap_all .av-special-heading.av-l7kexj12-6b6fbc1a14475d0f8c995dd07a74b835 .av-special-heading-tag{\nfont-size:0.8em;\n}\n}\n<\/style>\n<div  class='av-special-heading av-l7kexj12-6b6fbc1a14475d0f8c995dd07a74b835 av-special-heading-h3 blockquote modern-quote modern-centered av-inherit-size'><h3 class='av-special-heading-tag '  >Vous souhaitez un devis pour l\u2019organisation de vos \u00e9v\u00e8nements ?<\/h3><div class=\"special-heading-border\"><div class=\"special-heading-inner-border\"><\/div><\/div><\/div>\n<div  class='avia-button-wrap av-1nta7-1ba4a99a79b64f76d6bfa1b9c98710c4-wrap avia-button-center '><a href=\"https:\/\/car4rent.fr\/fr\/contact\/\" class=\"avia-button av-1nta7-1ba4a99a79b64f76d6bfa1b9c98710c4 av-link-btn avia-icon_select-yes-left-icon avia-size-large avia-position-center avia-color-grey\" aria-label=\"Contactez l\u2019un de nos experts\"><span class='avia_button_icon avia_button_icon_left avia-iconfont avia-font-entypo-fontello' data-av_icon='\ue85d' data-av_iconfont='entypo-fontello' ><\/span><span class='avia_iconbox_title' >Contactez l\u2019un de nos experts<\/span><\/a><\/div>\n\n<div  class='avia-builder-widget-area clearfix '><div id=\"text-9\" class=\"widget clearfix widget_text\">\t\t\t<div class=\"textwidget\"><p style=\"text-align: center;\">    <div class=\"car4rent-share-block car4rent-fr\">\n        <a href=\"https:\/\/www.facebook.com\/sharer\/sharer.php?u=\" target=\"_blank\" rel=\"noopener\"><i class=\"fa-brands fa-facebook\"><\/i> Partager<\/a>\n        <a href=\"https:\/\/x.com\/intent\/tweet?url=&amp;text=\" target=\"_blank\" rel=\"noopener\"><i class=\"fa-brands fa-x-twitter\"><\/i> X<\/a>\n        <a href=\"https:\/\/wa.me\/?text=%20\" target=\"_blank\" rel=\"noopener\"><i class=\"fa-brands fa-whatsapp\"><\/i> WhatsApp<\/a>\n        <a href=\"https:\/\/www.instagram.com\/car4rent_cannes\/\" target=\"_blank\" rel=\"noopener\"><i class=\"fa-brands fa-instagram\"><\/i> Instagram<\/a>\n        <a href=\"https:\/\/www.linkedin.com\/company\/car4rent\/about\/\" target=\"_blank\" rel=\"noopener\"><i class=\"fa-brands fa-linkedin\"><\/i> LinkedIn<\/a>\n        <a href=\"https:\/\/www.youtube.com\/@car4rentcannes839\" target=\"_blank\" rel=\"noopener\"><i class=\"fa-brands fa-youtube\"><\/i> YouTube<\/a>\n    <\/div>\n    <\/p>\n<\/div>\n\t\t<\/div><\/div>\n","protected":false},"excerpt":{"rendered":"","protected":false},"author":3,"featured_media":30035,"parent":0,"menu_order":4,"comment_status":"closed","ping_status":"closed","template":"","meta":{"_acf_changed":false,"footnotes":""},"class_list":["post-30165","page","type-page","status-publish","has-post-thumbnail","hentry"],"acf":[],"_links":{"self":[{"href":"https:\/\/car4rent.fr\/fr\/wp-json\/wp\/v2\/pages\/30165","targetHints":{"allow":["GET"]}}],"collection":[{"href":"https:\/\/car4rent.fr\/fr\/wp-json\/wp\/v2\/pages"}],"about":[{"href":"https:\/\/car4rent.fr\/fr\/wp-json\/wp\/v2\/types\/page"}],"author":[{"embeddable":true,"href":"https:\/\/car4rent.fr\/fr\/wp-json\/wp\/v2\/users\/3"}],"replies":[{"embeddable":true,"href":"https:\/\/car4rent.fr\/fr\/wp-json\/wp\/v2\/comments?post=30165"}],"version-history":[{"count":0,"href":"https:\/\/car4rent.fr\/fr\/wp-json\/wp\/v2\/pages\/30165\/revisions"}],"wp:featuredmedia":[{"embeddable":true,"href":"https:\/\/car4rent.fr\/fr\/wp-json\/wp\/v2\/media\/30035"}],"wp:attachment":[{"href":"https:\/\/car4rent.fr\/fr\/wp-json\/wp\/v2\/media?parent=30165"}],"curies":[{"name":"wp","href":"https:\/\/api.w.org\/{rel}","templated":true}]}}